{"id":827,"date":"2025-12-08T20:01:17","date_gmt":"2025-12-08T20:01:17","guid":{"rendered":"https:\/\/medv-design.org\/product\/vista-lakweg-totaalreiniger\/"},"modified":"2026-02-07T15:40:42","modified_gmt":"2026-02-07T15:40:42","slug":"vista-lakweg-totaalreiniger","status":"publish","type":"product","link":"https:\/\/medv-design.org\/fr\/produit\/vista-lakweg-totaalreiniger\/","title":{"rendered":"Vista Lakweg Total Cleaner"},"content":{"rendered":"<h3>Pourquoi choisir Vista Lakweg Total Cleaner ?<\/h3>\n<p>Apr\u00e8s avoir enlev\u00e9 la peinture avec un d\u00e9capant tel que le Vista Lakweg ou le Lakweg F1 Turbo, un post-traitement approfondi est indispensable. Le <strong>Vista Lakweg Total Cleaner<\/strong> Neutralise l\u2019action du d\u00e9capant et \u00e9limine les r\u00e9sidus de peinture r\u00e9siduels profond\u00e9ment dans les pores. De plus, ce produit peut aussi \u00eatre utilis\u00e9 comme nettoyant puissant ou d\u00e9graissant pour toutes sortes de surfaces.<\/p>\n<p><strong>Principaux avantages<\/strong><\/p>\n<ul>\n<li> <strong>Neutralise les produits d\u00e9capants<\/strong> comme la Vista Lakweg et la Lakweg F1 Turbo<\/li>\n<li> <strong>Nettoyage profond des pores<\/strong>: enl\u00e8ve la peinture r\u00e9siduelle dans le bois et la pierre<\/li>\n<li> <strong>Polyvalent<\/strong>: adapt\u00e9 aux substrats en bois, m\u00e9tal, plastique, non ferreux et min\u00e9raux<\/li>\n<li> <strong>Aussi comme d\u00e9graissant<\/strong> Peut \u00eatre utilis\u00e9 pour l\u2019huile, la graisse et les contaminants industriels<\/li>\n<li> <strong>Biod\u00e9gradable, sans phosphate<\/strong> et respectueux de l\u2019environnement<\/li>\n<\/ul>\n<p>\ud83d\udc49 Ordre <strong>Vista Lakweg Total Cleaner<\/strong> Maintenant, \u00e0 Paintstore.be et assurez-vous d\u2019avoir une surface propre et neutre, pr\u00eate \u00e0 \u00eatre remplac\u00e9e.<\/p>\n<hr>\n<details>\n<summary><span style=\"font-size: 18px;\">Plus d'informations<\/span><\/summary>\n<section>\n<h3>O\u00f9 utilisez-vous Vista Lakweg Total Cleaner ?<\/h3>\n<ul>\n<li> <strong>Na Vista Lakweg<\/strong>: neutraliser les surfaces et enlever les r\u00e9sidus de peinture<\/li>\n<li> <strong>Bois<\/strong>: conserve la couleur et la structure en bois d\u2019origine<\/li>\n<li> <strong>M\u00e9tal et non ferreux<\/strong>: pour une surface propre et neutre<\/li>\n<li> <strong>Plastique<\/strong>: enl\u00e8ve les r\u00e9sidus de peinture et la salet\u00e9<\/li>\n<li> <strong>Substrats min\u00e9raux<\/strong>: b\u00e9ton, pl\u00e2tre, pierre \u2013 effet de nettoyage en profondeur<\/li>\n<li> <strong>Industrie alimentaire<\/strong>: adapt\u00e9 comme nettoyant hygi\u00e9nique<\/li>\n<\/ul>\n<hr>\n<h3>Comment utilisez-vous Vista Lakweg Total Cleaner ?<\/h3>\n<ol>\n<li> M\u00e9langez dans la bonne proportion : de 1:1 (intensif) \u00e0 1:10 (nettoyage l\u00e9ger), en moyenne 1:5.<\/li>\n<li> Appliquer avec un pinceau, une \u00e9ponge, un pinceau ou du mat\u00e9riel de pulv\u00e9risation.<\/li>\n<li> Laissez allumer pendant 15 \u00e0 30 minutes.<\/li>\n<li> Enlevez les r\u00e9sidus avec un couteau \u00e0 p\u00e2te, une brosse, une \u00e9ponge \u00e0 r\u00e9curer ou un nettoyeur haute pression.<\/li>\n<li> Rincez toujours soigneusement avec beaucoup d\u2019eau propre.<\/li>\n<li> Pour le bois : brosser dans la direction du grain du bois.<\/li>\n<\/ol>\n<p>\ud83d\udca1 <strong>Conseil de pro<\/strong>: l\u2019eau ti\u00e8de augmente le pouvoir de nettoyage et facilite encore l\u2019\u00e9limination des r\u00e9sidus de peinture.<\/p>\n<hr>\n<h3>Informations techniques<\/h3>\n<ul>\n<li> <strong>Emballage<\/strong>: 1 L<\/li>\n<li> <strong>Valeur du pH<\/strong>: 9\u201311 (selon la dilution)<\/li>\n<li> <strong>Densit\u00e9<\/strong>: environ 1,02 g\/cm\u00b3 (20 \u00b0C)<\/li>\n<li> <strong>Composition<\/strong>: tensioactifs anioniens, cationiques et non ioniques + savon<\/li>\n<li> <strong>Caract\u00e9ristiques<\/strong>: biod\u00e9gradable, sans phosphates, sans odeur caract\u00e9ristique<\/li>\n<li> <strong>Stockage<\/strong>: frais, sans givre, herm\u00e9tiquement scell\u00e9<\/li>\n<\/ul>\n<hr>\n<h3>Questions fr\u00e9quemment pos\u00e9es<\/h3>\n<p><strong>Dois-je toujours utiliser Vista Lakweg Total Cleaner apr\u00e8s Vista Lakweg ?<\/strong><br \/> Oui, cela neutralise le d\u00e9capant et garantit que la nouvelle couche de peinture adh\u00e8re bien.<\/p>\n<p><strong>Le produit est-il nocif pour le bois ?<\/strong><br \/> Non, elle conserve la couleur et la structure d\u2019origine du bois.<\/p>\n<p><strong>Puis-je aussi l\u2019utiliser s\u00e9par\u00e9ment comme nettoyant ?<\/strong><br \/> Oui, aussi adapt\u00e9 comme d\u00e9graissant pour le p\u00e9trole, la graisse et d\u2019autres pollutions industrielles.<\/p>\n<hr>\n<h3>Pourquoi acheter chez Paintstore.be ?<\/h3>\n<ul>\n<li> Produits professionnels pour un nettoyage en profondeur<\/li>\n<li> Composition \u00e9cologique et biod\u00e9gradable<\/li>\n<li> Livraison rapide \u00e0 partir du stock<\/li>\n<li> Livraison gratuite \u00e0 partir de 75 \u20ac<\/li>\n<\/ul>\n<p>\ud83d\udc49 Terminez votre projet avec <strong>Vista Lakweg Total Cleaner<\/strong> et commandez directement en ligne chez Paintstore.be.<\/p>\n<\/section>\n<\/details>\n<p><strong><br \/><\/strong><\/p>\n<p><strong>Fiche technique<\/strong><br \/><a href=\"https:\/\/paintstore.be\/wp-content\/uploads\/2025\/09\/Vista-lakweg-Totaalreiniger-technische-fiche.pdf\" target=\"_blank\" rel=\"noopener\"> Cliquez ici pour t\u00e9l\u00e9charger la fiche technique de Vista Lakweg Total Cleaner<\/a><\/p>","protected":false},"excerpt":{"rendered":"<p>Waarom kiezen voor Vista Lakweg Totaalreiniger? Na het verwijderen van verf met een afbijtmiddel zoals Vista Lakweg of Lakweg F1 Turbo, is een grondige nabehandeling essentieel. De Vista Lakweg Totaalreiniger neutraliseert de werking van het afbijtmiddel en verwijdert resterende verfresten diep uit de pori\u00ebn. Bovendien is dit product ook inzetbaar als krachtige reiniger of ontvetter [&hellip;]<\/p>\n","protected":false},"featured_media":1056,"comment_status":"open","ping_status":"closed","template":"","meta":[],"product_brand":[92],"product_cat":[100,19],"product_tag":[],"class_list":{"0":"post-827","1":"product","2":"type-product","3":"status-publish","4":"has-post-thumbnail","6":"product_brand-vista","7":"product_cat-schildersbenodigdheden-reiniging-en-verdunning","8":"product_cat-schildersbenodigdheden","9":"pa_basis-waterbasis","10":"pa_binnen-buiten-binnen","11":"pa_eigenschappen-ontvetter","12":"pa_inhoud-1l","13":"pa_merk-vista","14":"pa_ondergrond-metaal","16":"first","17":"instock","18":"shipping-taxable","19":"purchasable","20":"product-type-variable"},"_links":{"self":[{"href":"https:\/\/medv-design.org\/fr\/wp-json\/wp\/v2\/product\/827","targetHints":{"allow":["GET"]}}],"collection":[{"href":"https:\/\/medv-design.org\/fr\/wp-json\/wp\/v2\/product"}],"about":[{"href":"https:\/\/medv-design.org\/fr\/wp-json\/wp\/v2\/types\/product"}],"replies":[{"embeddable":true,"href":"https:\/\/medv-design.org\/fr\/wp-json\/wp\/v2\/comments?post=827"}],"wp:featuredmedia":[{"embeddable":true,"href":"https:\/\/medv-design.org\/fr\/wp-json\/wp\/v2\/media\/1056"}],"wp:attachment":[{"href":"https:\/\/medv-design.org\/fr\/wp-json\/wp\/v2\/media?parent=827"}],"wp:term":[{"taxonomy":"product_brand","embeddable":true,"href":"https:\/\/medv-design.org\/fr\/wp-json\/wp\/v2\/product_brand?post=827"},{"taxonomy":"product_cat","embeddable":true,"href":"https:\/\/medv-design.org\/fr\/wp-json\/wp\/v2\/product_cat?post=827"},{"taxonomy":"product_tag","embeddable":true,"href":"https:\/\/medv-design.org\/fr\/wp-json\/wp\/v2\/product_tag?post=827"}],"curies":[{"name":"wp","href":"https:\/\/api.w.org\/{rel}","templated":true}]}}