{"id":826,"date":"2025-12-08T20:01:17","date_gmt":"2025-12-08T20:01:17","guid":{"rendered":"https:\/\/medv-design.org\/product\/vista-lakweg\/"},"modified":"2026-02-07T15:40:45","modified_gmt":"2026-02-07T15:40:45","slug":"vista-lakweg","status":"publish","type":"product","link":"https:\/\/medv-design.org\/fr\/produit\/vista-lakweg\/","title":{"rendered":"Vista Lakweg"},"content":{"rendered":"<h3>Pourquoi choisir Vista Lakweg ?<\/h3>\n<p><strong>Vista Lakweg<\/strong> est un <strong>D\u00e9calage puissant et biod\u00e9gradable<\/strong> Avec laquelle vous pouvez facilement enlever les anciennes couches de peinture, la laque, les r\u00e9sidus de colle et m\u00eame les graffitis. Ce produit est le choix pour ceux qui recherchent une solution s\u00fbre, respectueuse de l\u2019environnement et efficace pour nettoyer compl\u00e8tement les surfaces.<\/p>\n<p><strong>Principaux avantages<\/strong><\/p>\n<ul>\n<li> <strong>Effectif<\/strong>: enl\u00e8ve la peinture, le vernis, les r\u00e9sidus d\u2019adh\u00e9sif, les couches de graffiti et de cire<\/li>\n<li> <strong>Polyvalent<\/strong>: adapt\u00e9 \u00e0 un usage int\u00e9rieur et ext\u00e9rieur<\/li>\n<li> <strong>C\u2019est s\u00fbr<\/strong>: n\u2019affecte pas le bois, la pierre naturelle et le verre<\/li>\n<li> <strong>Durable<\/strong>: biod\u00e9gradable, faible odeur et exempt de solvants nocifs<\/li>\n<li> <strong>Efficace<\/strong>: \u00e9paisses couches de peinture retir\u00e9es en un seul traitement<\/li>\n<li> <strong>Pratique<\/strong>: thixotrope, donc id\u00e9al pour les surfaces verticales<\/li>\n<\/ul>\n<p>\ud83d\udc49 Ordre <strong>Vista Lakweg<\/strong> Aujourd\u2019hui \u00e0 Paintstore.be et je fais rapidement le d\u00e9barras de la vieille peinture et des d\u00e9p\u00f4ts tenaces.<\/p>\n<hr>\n<details>\n<summary><span style=\"font-size: 18px;\">Plus d'informations<\/span><\/summary>\n<section>\n<h3>O\u00f9 peut-on utiliser Vista Lakweg ?<\/h3>\n<ul>\n<li> <strong>Enl\u00e8vement de la peinture et du vernis<\/strong>: adapt\u00e9 aux peintures \u00e0 base d\u2019eau et synth\u00e9tiques \u00e0 1 ou 2 composantes<\/li>\n<li> <strong>\u00c9limination des r\u00e9sidus d\u2019adh\u00e9sif<\/strong>: id\u00e9al pour la colle de moquette par exemple<\/li>\n<li> <strong>Suppression des graffitis<\/strong>: efficace sur b\u00e9ton nu et briques<\/li>\n<li> <strong>Enlever les couches de cire<\/strong>: laisse les surfaces propres et r\u00e9guli\u00e8res<\/li>\n<\/ul>\n<hr>\n<h3>Comment utiliser Vista Lakweg ?<\/h3>\n<ol>\n<li> Appliquez g\u00e9n\u00e9reusement Vista Lakweg avec un pinceau, un rouleau, un couteau \u00e0 mastic ou un \u00e9quipement de pulv\u00e9risation.<\/li>\n<li> Si possible, couvrez avec du papier aluminium pour plus longtemps et obtenir des r\u00e9sultats plus puissants.<\/li>\n<li> Laissez agir 1 \u00e0 2 heures, selon l\u2019\u00e9paisseur de la couche et la temp\u00e9rature.<\/li>\n<li> Enlevez les couches tremp\u00e9es avec un grattoir, un nettoyeur vapeur ou un nettoyeur haute pression.<\/li>\n<li> Nettoyer avec <strong>Vista Lakweg Total Cleaner<\/strong> Et bien rinc\u00e9 \u00e0 l\u2019eau propre.<\/li>\n<\/ol>\n<p>\ud83d\udca1 <strong>Conseil de pro<\/strong>: appliquez au moins la m\u00eame \u00e9paisseur de couche que la peinture que vous souhaitez retirer pour le meilleur r\u00e9sultat.<\/p>\n<hr>\n<h3>Caract\u00e9ristiques techniques<\/h3>\n<ul>\n<li> <strong>Emballage<\/strong>: 1 L, 3 L et 10 L<\/li>\n<li> <strong>Consommation<\/strong>: environ 2 m\u00b2 par litre (selon le substrat)<\/li>\n<li> <strong>Valeur du pH<\/strong>: 6 (\u00e0 20 \u00b0C)<\/li>\n<li> <strong>Caract\u00e9ristiques<\/strong>: biod\u00e9gradable, sans chlorure de m\u00e9thyl\u00e8ne, faible odeur<\/li>\n<\/ul>\n<hr>\n<h3>Questions fr\u00e9quemment pos\u00e9es<\/h3>\n<p><strong>Puis-je utiliser Vista Lakweg en int\u00e9rieur ?<\/strong><br \/> Oui, mais ventilez bien et utilisez une protection respiratoire pour les zones plus grandes.<\/p>\n<p><strong>Est-ce que Vista Lakweg affecte les surfaces ?<\/strong><br \/> Non, le bois conserve sa couleur d\u2019origine et la pierre ou le verre naturels ne sont pas affect\u00e9s. Tester d\u2019abord les plastiques.<\/p>\n<p><strong>Comment enlever plusieurs couches de peinture ?<\/strong><br \/> Vista Lakweg peut souvent dissoudre des couches \u00e9paisses en un seul traitement. Dans les cas extr\u00eames, une seconde demande peut \u00eatre n\u00e9cessaire.<\/p>\n<hr>\n<h3>Astuce suppl\u00e9mentaire : combinez intelligemment<\/h3>\n<p>Utilisez Vista Lakweg avec le <strong>Vista Lakweg Total Cleaner<\/strong> pour nettoyer de fa\u00e7on optimale les surfaces et les pr\u00e9parer \u00e0 \u00eatre repeintes.<\/p>\n<hr>\n<h3>Pourquoi acheter Vista Lakweg chez Paintstore.be ?<\/h3>\n<ul>\n<li> <strong>Prix comp\u00e9titifs<\/strong> pour les produits professionnels<\/li>\n<li> <strong>Livraison rapide<\/strong> de notre propre stock<\/li>\n<li> <strong>Livraison gratuite \u00e0 partir de 75 \u20ac<\/strong><\/li>\n<li> <strong>Service fiable<\/strong> avec une expertise en peinture et accessoires<\/li>\n<\/ul>\n<p>\ud83d\udc49 Facilitez-vous la t\u00e2che : commandez <strong>Vista Lakweg<\/strong> Maintenant, en ligne, d\u00e9couvrez pourquoi ce produit est la norme pour le d\u00e9tachement de peinture et de vernis.<\/p>\n<\/section>\n<\/details>\n<p><a href=\"https:\/\/paintstore.be\/wp-content\/uploads\/2025\/09\/Vista-Lakweg-technische-fiche.pdf\" target=\"_blank\" rel=\"noopener\"><strong>Cliquez ici pour t\u00e9l\u00e9charger la fiche technique<\/strong><\/a><\/p>","protected":false},"excerpt":{"rendered":"<p>Waarom kiezen voor Vista Lakweg? Vista Lakweg is een krachtig en biologisch afbreekbaar afbijtmiddel waarmee je zonder moeite oude verflagen, lak, lijmresten en zelfs graffiti verwijdert. Dit product is d\u00e9 keuze voor wie een veilige, milieuvriendelijke en doeltreffende oplossing zoekt om oppervlakken volledig schoon te maken. Belangrijkste voordelen Effectief: verwijdert verf, lak, lijmresten, graffiti en [&hellip;]<\/p>\n","protected":false},"featured_media":1055,"comment_status":"open","ping_status":"closed","template":"","meta":[],"product_brand":[89],"product_cat":[106,100,19],"product_tag":[],"class_list":{"0":"post-826","1":"product","2":"type-product","3":"status-publish","4":"has-post-thumbnail","6":"product_brand-jansen","7":"product_cat-schildersbenodigdheden-afbijtmiddel","8":"product_cat-schildersbenodigdheden-reiniging-en-verdunning","9":"product_cat-schildersbenodigdheden","10":"pa_basis-solventbasis","11":"pa_binnen-buiten-binnen","12":"pa_eigenschappen-tast-glas-en-natuursteen-niet-aan","13":"pa_inhoud-1l","14":"pa_merk-jansen","15":"pa_ondergrond-cement","17":"first","18":"instock","19":"shipping-taxable","20":"purchasable","21":"product-type-variable"},"_links":{"self":[{"href":"https:\/\/medv-design.org\/fr\/wp-json\/wp\/v2\/product\/826","targetHints":{"allow":["GET"]}}],"collection":[{"href":"https:\/\/medv-design.org\/fr\/wp-json\/wp\/v2\/product"}],"about":[{"href":"https:\/\/medv-design.org\/fr\/wp-json\/wp\/v2\/types\/product"}],"replies":[{"embeddable":true,"href":"https:\/\/medv-design.org\/fr\/wp-json\/wp\/v2\/comments?post=826"}],"wp:featuredmedia":[{"embeddable":true,"href":"https:\/\/medv-design.org\/fr\/wp-json\/wp\/v2\/media\/1055"}],"wp:attachment":[{"href":"https:\/\/medv-design.org\/fr\/wp-json\/wp\/v2\/media?parent=826"}],"wp:term":[{"taxonomy":"product_brand","embeddable":true,"href":"https:\/\/medv-design.org\/fr\/wp-json\/wp\/v2\/product_brand?post=826"},{"taxonomy":"product_cat","embeddable":true,"href":"https:\/\/medv-design.org\/fr\/wp-json\/wp\/v2\/product_cat?post=826"},{"taxonomy":"product_tag","embeddable":true,"href":"https:\/\/medv-design.org\/fr\/wp-json\/wp\/v2\/product_tag?post=826"}],"curies":[{"name":"wp","href":"https:\/\/api.w.org\/{rel}","templated":true}]}}