{"id":825,"date":"2025-12-08T20:01:17","date_gmt":"2025-12-08T20:01:17","guid":{"rendered":"https:\/\/medv-design.org\/product\/vista-aqua-schoolbordenverf\/"},"modified":"2026-02-07T15:40:47","modified_gmt":"2026-02-07T15:40:47","slug":"vista-aqua-schoolbordenverf","status":"publish","type":"product","link":"https:\/\/medv-design.org\/fr\/produit\/vista-aqua-schoolbordenverf\/","title":{"rendered":"Peinture Vista Aqua Blackboard"},"content":{"rendered":"<h3>Pourquoi choisir la peinture Vista Aqua pour tableau noir ?<\/h3>\n<p>Avec <strong>Peinture Vista Aqua Blackboard<\/strong> On peut facilement rendre une surface incontournable \u00e0 la craie. Cette peinture \u00e0 tableau noir \u00e0 base d\u2019eau est id\u00e9ale pour rafra\u00eechir tableaux noirs, tablettes et tables, mais aussi pour cr\u00e9er des murs cr\u00e9atifs dans la maison. Disponible dans <strong>Noir et vert<\/strong>, s\u00e9chage rapide et mat pour un r\u00e9sultat d\u2019\u00e9criture optimal.<\/p>\n<p><strong>Principaux avantages<\/strong><\/p>\n<ul>\n<li> <strong>\u00c9crire \u00e0 la craie<\/strong> (tous types de craie sauf la craie \u00e0 l\u2019huile)<\/li>\n<li> <strong>S\u00e9chage rapide<\/strong> et facile \u00e0 repeindre par-dessus<\/li>\n<li> <strong>Mat et non r\u00e9fl\u00e9chissant<\/strong> pour un confort d\u2019\u00e9criture optimal<\/li>\n<li> <strong>Facile \u00e0 nettoyer<\/strong><\/li>\n<li> Adapt\u00e9 \u00e0 <strong>Espaces int\u00e9rieurs et ext\u00e9rieurs couverts<\/strong> (comme les terrasses)<\/li>\n<\/ul>\n<p>\ud83d\udc49 Ordre <strong>Peinture Vista Aqua Blackboard<\/strong> Facile \u00e0 Paintstore.be et \u00e0 fabriquer votre propre mur ou table \u00e0 \u00e9crire !<\/p>\n<p><a href=\"https:\/\/paintstore.be\/wp-content\/uploads\/2025\/09\/Vista-Aqua-schoolbordenverf-technische-fiche-1.pdf\" target=\"_blank\" rel=\"noopener\"> Cliquez ici pour voir le <span \"=\"\">Fiche technique de la peinture Vista Aqua Blackboard<br \/><\/span><\/a><\/p>","protected":false},"excerpt":{"rendered":"<p>Waarom kiezen voor Vista Aqua Schoolbordenverf? Met Vista Aqua Schoolbordenverf maak je eenvoudig een oppervlak beschrijfbaar met krijt. Deze watergedragen krijtbordverf is ideaal voor het vernieuwen van schoolborden, leiborden en tafels, maar ook om creatieve wanden in huis te maken. Verkrijgbaar in zwart en groen, sneldrogend en mat voor een optimaal schrijfresultaat. Belangrijkste voordelen Met [&hellip;]<\/p>\n","protected":false},"featured_media":1054,"comment_status":"open","ping_status":"closed","template":"","meta":[],"product_brand":[92],"product_cat":[771,102,154,31],"product_tag":[],"class_list":{"0":"post-825","1":"product","2":"type-product","3":"status-publish","4":"has-post-thumbnail","6":"product_brand-vista","7":"product_cat-771","8":"product_cat-verf-decoratieve-verf","9":"product_cat-verf-decoratieve-verf-schoolbordenverf","10":"product_cat-verf","11":"pa_basis-waterbasis","12":"pa_binnen-buiten-binnen","13":"pa_eigenschappen-goed-reinigbaar","14":"pa_glansgraad-mat","15":"pa_inhoud-0750l","16":"pa_kleur-zwart","17":"pa_merk-vista","18":"pa_ondergrond-kunststof","19":"pa_overschilderbaar-vanaf-12-uur","21":"first","22":"instock","23":"shipping-taxable","24":"purchasable","25":"product-type-variable"},"_links":{"self":[{"href":"https:\/\/medv-design.org\/fr\/wp-json\/wp\/v2\/product\/825","targetHints":{"allow":["GET"]}}],"collection":[{"href":"https:\/\/medv-design.org\/fr\/wp-json\/wp\/v2\/product"}],"about":[{"href":"https:\/\/medv-design.org\/fr\/wp-json\/wp\/v2\/types\/product"}],"replies":[{"embeddable":true,"href":"https:\/\/medv-design.org\/fr\/wp-json\/wp\/v2\/comments?post=825"}],"wp:featuredmedia":[{"embeddable":true,"href":"https:\/\/medv-design.org\/fr\/wp-json\/wp\/v2\/media\/1054"}],"wp:attachment":[{"href":"https:\/\/medv-design.org\/fr\/wp-json\/wp\/v2\/media?parent=825"}],"wp:term":[{"taxonomy":"product_brand","embeddable":true,"href":"https:\/\/medv-design.org\/fr\/wp-json\/wp\/v2\/product_brand?post=825"},{"taxonomy":"product_cat","embeddable":true,"href":"https:\/\/medv-design.org\/fr\/wp-json\/wp\/v2\/product_cat?post=825"},{"taxonomy":"product_tag","embeddable":true,"href":"https:\/\/medv-design.org\/fr\/wp-json\/wp\/v2\/product_tag?post=825"}],"curies":[{"name":"wp","href":"https:\/\/api.w.org\/{rel}","templated":true}]}}