{"id":821,"date":"2025-12-08T20:01:16","date_gmt":"2025-12-08T20:01:16","guid":{"rendered":"https:\/\/medv-design.org\/product\/sudwest-all-grund\/"},"modified":"2026-02-07T15:40:53","modified_gmt":"2026-02-07T15:40:53","slug":"sudwest-all-grund","status":"publish","type":"product","link":"https:\/\/medv-design.org\/fr\/produit\/sudwest-all-grund\/","title":{"rendered":"S\u00fcdwest All-Grund"},"content":{"rendered":"<h3>Pourquoi choisir S\u00fcdwest All-Grund ?<\/h3>\n<p>De <strong>S\u00fcdwest All-Grund<\/strong> est un <strong>Amorce universelle anti-rouille<\/strong> Adapt\u00e9 \u00e0 presque toutes les surfaces. Cet appr\u00eat adh\u00e8re parfaitement au m\u00e9tal, aux mati\u00e8res non ferreuses, aux plastiques durs, aux anciennes couches de peinture et m\u00eame \u00e0 la pierre (\u00e0 l\u2019int\u00e9rieur). Gr\u00e2ce \u00e0 son s\u00e9chage rapide et \u00e0 sa grande peinture, il constitue la base id\u00e9ale pour une peinture durable en int\u00e9rieur comme en ext\u00e9rieur.<\/p>\n<p><strong>Principaux avantages<\/strong><\/p>\n<ul>\n<li> <strong>Universellement applicable<\/strong>: fer, acier, galvanis\u00e9, aluminium, cuivre, laiton, plastique, anciennes couches de laque, pierre<\/li>\n<li> <strong>Antirouille<\/strong>: prot\u00e8ge le fer et l\u2019acier pendant longtemps<\/li>\n<li> <strong>S\u00e9chage rapide et facile \u00e0 poncer<\/strong><\/li>\n<li> <strong>A peindre<\/strong> avec des syst\u00e8mes alkydes, acryliques, laque 1K et 2K<\/li>\n<li> <strong>Bon d\u00e9bit et couverture<\/strong><\/li>\n<li> <strong>R\u00e9sistante \u00e0 la chaleur jusqu\u2019\u00e0 100 \u00b0C<\/strong><\/li>\n<li> <strong>Disponible en plusieurs couleurs<\/strong>: blanc, gris, noir, vert reseda, brun rouge\u00e2tre<\/li>\n<\/ul>\n<p>\ud83d\udc49 Ordre <strong>S\u00fcdwest All-Grund<\/strong> Maintenant, \u00e0 Paintstore.be et cr\u00e9ez la base parfaite pour tout projet de peinture.<\/p>\n<hr>\n<details>\n<summary><span style=\"font-size: 18px;\">Plus d'informations<\/span><\/summary>\n<section>\n<h3>\u00c0 quoi servent S\u00fcdwest All-Grund ?<\/h3>\n<ul>\n<li> <strong>M\u00e9tal<\/strong>: fer et acier \u2013 antirouille en 2 couches<\/li>\n<li> <strong>Acier galvanis\u00e9<\/strong>: apr\u00e8s nettoyage avec le S\u00fcdwest Zinc and Plastic Cleaner<\/li>\n<li> <strong>Aluminium, cuivre, laiton<\/strong>: apr\u00e8s pr\u00e9traitement avec le nettoyant S\u00fcdwest Copper and Aluminium<\/li>\n<li> <strong>Plastiques durs<\/strong>: PVC, polyester, m\u00e9lamine, \u00e9poxy (non adapt\u00e9 au PE et au PP)<\/li>\n<li> <strong>De vieilles couches de peinture<\/strong>: si bien adh\u00e9r\u00e9 et ponc\u00e9 terne<\/li>\n<li> <strong>Substrats min\u00e9raux<\/strong>: b\u00e9ton, ciment, pierre (uniquement en int\u00e9rieur)<\/li>\n<\/ul>\n<hr>\n<h3>Comment utilisez-vous S\u00fcdwest All-Grund ?<\/h3>\n<ol>\n<li> Assurez-vous que la surface est propre, s\u00e8che, sans rouille et sans graisse.<\/li>\n<li> Poncez les surfaces lisses avec du grain P220.<\/li>\n<li> Appliquez avec un pinceau, un rouleau ou un spray (un rouleau en feutre laqu\u00e9 recommand\u00e9 pour une finition serr\u00e9e).<\/li>\n<li> Temps de s\u00e9chage \u00e0 20 \u00b0C : s\u00e9chage poussi\u00e9reux apr\u00e8s 15 \u00e0 30 minutes, peut \u00eatre repeint apr\u00e8s 2 heures (selon le syst\u00e8me de peinture).<\/li>\n<li> Pour les applications ext\u00e9rieures : finis toujours avec un syst\u00e8me de peinture ferm\u00e9.<\/li>\n<\/ol>\n<p>\ud83d\udca1 <strong>Conseil de pro<\/strong>: appliquer toujours deux couches sur le m\u00e9tal et l\u2019acier galvanis\u00e9 pour une protection maximale contre la rouille.<\/p>\n<hr>\n<h3>Informations techniques<\/h3>\n<ul>\n<li> <strong>Base de liant<\/strong>: combinaison de r\u00e9sine synth\u00e9tique<\/li>\n<li> <strong>Couleurs<\/strong>: blanc (9110), gris (7001), noir (9005), vert reseda (6011), brun rouge\u00e2tre (8306)<\/li>\n<li> <strong>Emballage<\/strong>: 125 ml, 375 ml, 750 ml, 2,5 L<\/li>\n<li> <strong>Consommation<\/strong>: environ 9 m\u00b2 par litre<\/li>\n<li> <strong>Niveau de brillance<\/strong>: matt<\/li>\n<li> <strong>Temps de s\u00e9chage<\/strong>: s\u00e9chage en poussi\u00e8re apr\u00e8s 15\u201330 minutes, peut \u00eatre repeint apr\u00e8s 2 heures (selon le syst\u00e8me de peinture)<\/li>\n<li> <strong>R\u00e9sistants \u00e0 la chaleur<\/strong>: jusqu\u2019\u00e0 100 \u00b0C<\/li>\n<\/ul>\n<hr>\n<h3>Questions fr\u00e9quemment pos\u00e9es<\/h3>\n<p><strong>Puis-je utiliser S\u00fcdwest All-Grund \u00e0 l\u2019ext\u00e9rieur ?<\/strong><br \/> Oui, mais finis toujours avec un syst\u00e8me de peinture ferm\u00e9 pour la durabilit\u00e9.<\/p>\n<p><strong>Ce produit convient-il aux plastiques ?<\/strong><br \/> Oui, pour les plastiques durs comme le PVC, l\u2019\u00e9poxy et la m\u00e9lamine. Pas pour le PE ou le PP.<\/p>\n<p><strong>Puis-je combiner All-Grund avec des peintures \u00e0 base d\u2019eau et \u00e0 base de solvants ?<\/strong><br \/> Oui, cette base est universellement palpable.<\/p>\n<hr>\n<h3>Pourquoi acheter chez Paintstore.be ?<\/h3>\n<ul>\n<li> Primer polyvalent pour presque toutes les surfaces<\/li>\n<li> Qualit\u00e9 professionnelle \u00e0 des prix comp\u00e9titifs<\/li>\n<li> Livraison rapide et livraison gratuite \u00e0 partir de 75 \u20ac<\/li>\n<li> Conseils d\u2019experts et service fiable<\/li>\n<\/ul>\n<p>\ud83d\udc49 Compl\u00e9tez votre peinture avec <strong>S\u00fcdwest All-Grund<\/strong> et commander facilement en ligne chez Paintstore.be.<\/p>\n<hr>\n<\/section>\n<\/details>\n<p><strong>Fiche technique<\/strong><\/p>\n<p>Cliquez ici pour voir le <a data-start=\"3773\" data-end=\"3910\" rel=\"noopener\" target=\"_blank\" class=\"decorated-link cursor-pointer\" href=\"https:\/\/paintstore.be\/wp-content\/uploads\/2025\/09\/Sudwest-All-grund-K51-technische-fiche.pdf\">Fiche technique de S\u00fcdwest All-Grund t\u00e9l\u00e9chargeable<\/a><\/p>","protected":false},"excerpt":{"rendered":"<p>Waarom kiezen voor S\u00fcdwest All-Grund? De S\u00fcdwest All-Grund is een universele roestwerende hechtprimer geschikt voor vrijwel alle ondergronden. Deze primer hecht uitstekend op metaal, non-ferro, harde kunststoffen, oude laklagen en zelfs steen (binnen). Dankzij de snelle droging en brede overschilderbaarheid is het d\u00e9 perfecte basis voor duurzame schilderwerken binnen en buiten. Belangrijkste voordelen Universeel toepasbaar: [&hellip;]<\/p>\n","protected":false},"featured_media":1052,"comment_status":"open","ping_status":"closed","template":"","meta":[],"product_brand":[91],"product_cat":[768,47,152,31],"product_tag":[],"class_list":{"0":"post-821","1":"product","2":"type-product","3":"status-publish","4":"has-post-thumbnail","6":"product_brand-sudwest","7":"product_cat-768","8":"product_cat-grondverf-primers","9":"product_cat-verf-grondverf-primers-primer-voor-metaal","10":"product_cat-verf","11":"pa_basis-solventbasis","12":"pa_binnen-buiten-binnen","13":"pa_eigenschappen-universele-toepasbaar","14":"pa_glansgraad-mat","15":"pa_inhoud-0-375l","16":"pa_inhoud-0750l","17":"pa_kleur-wit","18":"pa_merk-sudwest","19":"pa_ondergrond-oude-verflagen","20":"pa_overschilderbaar-vanaf-2-uur","22":"first","23":"instock","24":"shipping-taxable","25":"purchasable","26":"product-type-variable"},"_links":{"self":[{"href":"https:\/\/medv-design.org\/fr\/wp-json\/wp\/v2\/product\/821","targetHints":{"allow":["GET"]}}],"collection":[{"href":"https:\/\/medv-design.org\/fr\/wp-json\/wp\/v2\/product"}],"about":[{"href":"https:\/\/medv-design.org\/fr\/wp-json\/wp\/v2\/types\/product"}],"replies":[{"embeddable":true,"href":"https:\/\/medv-design.org\/fr\/wp-json\/wp\/v2\/comments?post=821"}],"wp:featuredmedia":[{"embeddable":true,"href":"https:\/\/medv-design.org\/fr\/wp-json\/wp\/v2\/media\/1052"}],"wp:attachment":[{"href":"https:\/\/medv-design.org\/fr\/wp-json\/wp\/v2\/media?parent=821"}],"wp:term":[{"taxonomy":"product_brand","embeddable":true,"href":"https:\/\/medv-design.org\/fr\/wp-json\/wp\/v2\/product_brand?post=821"},{"taxonomy":"product_cat","embeddable":true,"href":"https:\/\/medv-design.org\/fr\/wp-json\/wp\/v2\/product_cat?post=821"},{"taxonomy":"product_tag","embeddable":true,"href":"https:\/\/medv-design.org\/fr\/wp-json\/wp\/v2\/product_tag?post=821"}],"curies":[{"name":"wp","href":"https:\/\/api.w.org\/{rel}","templated":true}]}}