{"id":820,"date":"2025-12-08T20:01:16","date_gmt":"2025-12-08T20:01:16","guid":{"rendered":"https:\/\/medv-design.org\/product\/sudwest-acryl-all-grund-spray\/"},"modified":"2026-02-07T15:40:56","modified_gmt":"2026-02-07T15:40:56","slug":"sudwest-acryl-all-grund-spray","status":"publish","type":"product","link":"https:\/\/medv-design.org\/fr\/produit\/sudwest-acryl-all-grund-spray\/","title":{"rendered":"Spray acrylique All-Grund S\u00fcdwest"},"content":{"rendered":"<h3>Pourquoi choisir le spray acrylique All-Grund de S\u00fcdwest ?<\/h3>\n<p>De <strong>Spray acrylique All-Grund S\u00fcdwest<\/strong> est polyvalent <strong>Amorce d\u2019adh\u00e9rence aquatique<\/strong> Cela assure une forte adh\u00e9rence \u00e0 une vari\u00e9t\u00e9 de substrats. Du m\u00e9tal et du bois au plastique et \u00e0 la pierre : ce spray rend la peinture durable et fiable. Gr\u00e2ce \u00e0 son antirouille et son s\u00e9chage rapide, le produit est id\u00e9al pour des r\u00e9parations rapides, des r\u00e9novations et des lieux difficiles d\u2019acc\u00e8s.<\/p>\n<p><strong>Principaux avantages<\/strong><\/p>\n<ul>\n<li> <strong>Amorce d\u2019adh\u00e9rence universelle<\/strong>: m\u00e9tal, bois, plastique, anciennes couches de laque, pierre<\/li>\n<li> <strong>\u00c0 base d\u2019eau et faible odeur<\/strong>: \u00e9cologique et facile \u00e0 utiliser<\/li>\n<li> <strong>Antirouille<\/strong>: prot\u00e8ge durablement le fer et l\u2019acier<\/li>\n<li> <strong>S\u00e9chage rapide<\/strong>: s\u00e9chage poussi\u00e8re apr\u00e8s environ 30 minutes, peut \u00eatre repeint apr\u00e8s 2 heures<\/li>\n<li> <strong>Polyvalent<\/strong>: \u00e9galement adapt\u00e9 pour l\u2019acier galvanis\u00e9, l\u2019aluminium, l\u2019acier inoxydable, le cuivre, le laiton et la m\u00e9lamine<\/li>\n<li> <strong>R\u00e9sistante \u00e0 la chaleur jusqu\u2019\u00e0 100 \u00b0C<\/strong><\/li>\n<li> <strong>Finition mate<\/strong><\/li>\n<\/ul>\n<p>\ud83d\udc49 Ordre <strong>Spray acrylique All-Grund S\u00fcdwest<\/strong> Maintenant Paintstore.be et profitez d\u2019un appr\u00eat professionnel dans une bombe a\u00e9rosoli\u00e8re pratique.<\/p>\n<hr>\n<details>\n<summary><span style=\"font-size: 18px;\">Plus d'informations<\/span><\/summary>\n<section>\n<h3>\u00c0 quoi servent le spray acrylique All-Grund ?<\/h3>\n<ul>\n<li> <strong>M\u00e9tal<\/strong>: fer, acier et acier inoxydable \u2013 amorce antirouille<\/li>\n<li> <strong>M\u00e9taux non ferreux<\/strong>: aluminium, cuivre, laiton \u2013 apr\u00e8s un bon nettoyage<\/li>\n<li> <strong>Bois<\/strong>: types de bois dimensionnellement stables, portes, cadres<\/li>\n<li> <strong>Plastiques<\/strong>: PVC, polyester, \u00e9poxy, m\u00e9lamine (pas adapt\u00e9 au PE et au PP)<\/li>\n<li> <strong>De vieilles couches de peinture<\/strong>: si elle est correctement coll\u00e9e et ponc\u00e9e<\/li>\n<li> <strong>Substrats min\u00e9raux<\/strong>: b\u00e9ton, ciment, pierre (usage int\u00e9rieur uniquement)<\/li>\n<\/ul>\n<hr>\n<h3>Comment utilisez-vous le spray acrylique S\u00fcdwest All-Grund ?<\/h3>\n<ol>\n<li> Nettoyez, d\u00e9graissez et poncez si n\u00e9cessaire.<\/li>\n<li> Le spray secoue la bombe bien pendant au moins 2 minutes.<\/li>\n<li> Si n\u00e9cessaire, changez la t\u00eate de pulv\u00e9risation pour un jet rond ou plat.<\/li>\n<li> Appliquez 1 \u00e0 2 couches transversales de fa\u00e7on uniforme.<\/li>\n<li> Temps de s\u00e9chage : s\u00e9cher \u00e0 la poussi\u00e8re apr\u00e8s 30 minutes, peindre apr\u00e8s 2 heures (ext\u00e9rieur : 12 heures, avec des laques \u00e0 base de solvants : 24 \u00e0 36 heures).<\/li>\n<\/ol>\n<p>\ud83d\udca1 <strong>Conseil de pro<\/strong>: Pour les applications ext\u00e9rieures, il faut toujours finir avec un syst\u00e8me de peinture ferm\u00e9 pour une durabilit\u00e9 optimale.<\/p>\n<hr>\n<h3>Informations techniques<\/h3>\n<ul>\n<li> <strong>Base de liant<\/strong>: acrylique<\/li>\n<li> <strong>Couleur<\/strong>: blanc (9110)<\/li>\n<li> <strong>Emballage<\/strong>: 400 ml a\u00e9rosol<\/li>\n<li> <strong>Efficacit\u00e9<\/strong>: environ 1 m\u00b2 par bombe de spray (double couche crois\u00e9e)<\/li>\n<li> <strong>Niveau de brillance<\/strong>: matt<\/li>\n<li> <strong>Temps de s\u00e9chage<\/strong>: s\u00e9chage \u00e0 la poussi\u00e8re apr\u00e8s 30 minutes, peut \u00eatre repeint apr\u00e8s 2 heures<\/li>\n<li> <strong>R\u00e9sistants \u00e0 la chaleur<\/strong>: jusqu\u2019\u00e0 100 \u00b0C<\/li>\n<\/ul>\n<hr>\n<h3>Questions fr\u00e9quemment pos\u00e9es<\/h3>\n<p><strong>Puis-je utiliser un spray acrylique All-Grund \u00e0 l\u2019ext\u00e9rieur ?<\/strong><br \/> Oui, mais finis toujours avec un syst\u00e8me de peinture ferm\u00e9.<\/p>\n<p><strong>L\u2019appr\u00eat est-il adapt\u00e9 aux plastiques ?<\/strong><br \/> Oui, pour les plastiques durs comme le PVC, le polyester et la m\u00e9lamine. Pas adapt\u00e9 pour le PE et le PP.<\/p>\n<p><strong>Combien de temps puis-je attendre avant de repeindre ?<\/strong><br \/> Avec des peintures \u00e0 base d\u2019eau apr\u00e8s 2 heures (en int\u00e9rieur), avec des peintures 1K \u00e0 base de solvant apr\u00e8s 24 heures, et avec des peintures 2K apr\u00e8s 36 heures.<\/p>\n<hr>\n<h3>Pourquoi acheter chez Paintstore.be ?<\/h3>\n<ul>\n<li> Amorces professionnelles sous forme d\u2019a\u00e9rosol<\/li>\n<li> \u00c0 base d\u2019eau, peu odorant et universellement applicable<\/li>\n<li> Livraison gratuite \u00e0 partir de 75 \u20ac<\/li>\n<li> Livraison rapide et conseils fiables<\/li>\n<\/ul>\n<p>\ud83d\udc49 Commandez votre <strong>Spray acrylique All-Grund S\u00fcdwest<\/strong> Maintenant facilement en ligne sur Paintstore.be.<\/p>\n<\/section>\n<\/details>\n<p><strong>Fiche technique<\/strong><br \/><a href=\"https:\/\/paintstore.be\/wp-content\/uploads\/2025\/09\/Sudwest-Acryl-All-Grund-Spray-technische-fiche.pdf\" target=\"_blank\" rel=\"noopener\"> Cliquez ici pour voir le <span \"=\"\">Cliquez ici pour t\u00e9l\u00e9charger la fiche technique du spray S\u00fcdwest Acryl All-Grund<\/span><\/a><\/p>","protected":false},"excerpt":{"rendered":"<p>Waarom kiezen voor S\u00fcdwest Acryl All-Grund Spray? De S\u00fcdwest Acryl All-Grund Spray is een veelzijdige watergedragen hechtprimer die zorgt voor een sterke hechting op uiteenlopende ondergronden. Van metaal en hout tot kunststof en steen: deze spray maakt schilderwerk duurzaam en betrouwbaar. Dankzij de roestwerende werking en snelle droging is het product ideaal voor snelle reparaties, [&hellip;]<\/p>\n","protected":false},"featured_media":1051,"comment_status":"open","ping_status":"closed","template":"","meta":[],"product_brand":[91],"product_cat":[135,19,31],"product_tag":[],"class_list":{"0":"post-820","1":"product","2":"type-product","3":"status-publish","4":"has-post-thumbnail","6":"product_brand-sudwest","7":"product_cat-verf-grondverf-primers-multiprimer-hechtprimer","8":"product_cat-schildersbenodigdheden","9":"product_cat-verf","10":"pa_basis-waterbasis","11":"pa_binnen-buiten-binnen","12":"pa_eigenschappen-universeel-toepasbaar","13":"pa_glansgraad-mat","14":"pa_inhoud-0400l","15":"pa_merk-sudwest","16":"pa_ondergrond-hout","17":"pa_overschilderbaar-vanaf-2-uur","19":"first","20":"instock","21":"shipping-taxable","22":"purchasable","23":"product-type-variable"},"_links":{"self":[{"href":"https:\/\/medv-design.org\/fr\/wp-json\/wp\/v2\/product\/820","targetHints":{"allow":["GET"]}}],"collection":[{"href":"https:\/\/medv-design.org\/fr\/wp-json\/wp\/v2\/product"}],"about":[{"href":"https:\/\/medv-design.org\/fr\/wp-json\/wp\/v2\/types\/product"}],"replies":[{"embeddable":true,"href":"https:\/\/medv-design.org\/fr\/wp-json\/wp\/v2\/comments?post=820"}],"wp:featuredmedia":[{"embeddable":true,"href":"https:\/\/medv-design.org\/fr\/wp-json\/wp\/v2\/media\/1051"}],"wp:attachment":[{"href":"https:\/\/medv-design.org\/fr\/wp-json\/wp\/v2\/media?parent=820"}],"wp:term":[{"taxonomy":"product_brand","embeddable":true,"href":"https:\/\/medv-design.org\/fr\/wp-json\/wp\/v2\/product_brand?post=820"},{"taxonomy":"product_cat","embeddable":true,"href":"https:\/\/medv-design.org\/fr\/wp-json\/wp\/v2\/product_cat?post=820"},{"taxonomy":"product_tag","embeddable":true,"href":"https:\/\/medv-design.org\/fr\/wp-json\/wp\/v2\/product_tag?post=820"}],"curies":[{"name":"wp","href":"https:\/\/api.w.org\/{rel}","templated":true}]}}