{"id":819,"date":"2025-12-08T20:01:16","date_gmt":"2025-12-08T20:01:16","guid":{"rendered":"https:\/\/medv-design.org\/product\/sigmulto-stucco-matt-5l\/"},"modified":"2026-02-07T15:40:58","modified_gmt":"2026-02-07T15:40:58","slug":"sigmulto-stucco-matt-5l","status":"publish","type":"product","link":"https:\/\/medv-design.org\/fr\/produit\/sigmulto-stucco-matt-5l\/","title":{"rendered":"Sigmulto Stucco mat 5L"},"content":{"rendered":"<h3>Description<\/h3>\n<p>La p\u00e2te \u00e0 dispersion acrylique \u00e0 base d\u2019eau destin\u00e9e \u00e0 l\u2019int\u00e9rieur peut \u00eatre color\u00e9e avec la machine \u00e0 m\u00e9langer. Applicable \u00e0 deux aspects d\u00e9coratifs diff\u00e9rents, \u00e0 savoir un effet stuc et un effet marbre. <\/p>\n<h3>But de l'utilisation <\/h3>\n<p>La finition d\u00e9corative des murs dans les h\u00f4tels, boutiques, th\u00e9\u00e2tres, salles d\u2019exposition, bureaux, restaurants, maisons et autres espaces repr\u00e9sentatifs. Extr\u00eamement adapt\u00e9 pour finir du tissu en verre, du papier peint de peintre, des peintures au quartz, des putts, etc. <\/p>\n<h3>Principales caract\u00e9ristiques<\/h3>\n<p style=\"margin-left: 20px;\">\u2022 Deux aspects d\u00e9coratifs diff\u00e9rents peuvent \u00eatre r\u00e9alis\u00e9s avec le m\u00eame produit, \u00e0 savoir l\u2019effet stuc et l\u2019effet marbre<br \/>\u2022 Produit rapide, facile et \u00e9conomique \u00e0 traiter<br \/>\u2022 Un grand gain de temps : l\u2019effet stuc peut \u00eatre obtenu en seulement 2 op\u00e9rations<br \/>\u2022 Longue dur\u00e9e d\u2019ouverture<br \/>\u2022 Une base, \u00e0 colorer via la machine \u00e0 m\u00e9langer ou avec des pigments universels.<br \/>\u2022 Non saponifiable<\/p>\n<p><strong>Rendement : 300 \u2013 400 g\/m2.<\/strong><br \/>Le rendement pratique d\u00e9pend d'un certain nombre de facteurs tels que la forme de l'objet, l'\u00e9tat et le profil de la surface, la m\u00e9thode d'application, l'exp\u00e9rience et les conditions m\u00e9t\u00e9orologiques.<\/p>\n<p><a href=\"https:\/\/paintstore.be\/wp-content\/uploads\/2025\/10\/sigmulto-stucco-matt-technische-fiche.pdf\" target=\"_blank\" rel=\"noopener\">Cliquez ici pour t\u00e9l\u00e9charger la fiche technique<\/a><\/p>","protected":false},"excerpt":{"rendered":"<p>Omschrijving Met de mengmachine op te kleuren watergedragen acrylaatdispersieplamuur voor binnentoepassing. Toepasbaar in 2 verschillende decoratieve eindaspecten namelijk een stucco-effect en een marmer effect. Gebruiksdoel Het decoratief afwerken van wanden in hotels, winkels, theaters, show-rooms, kantoren, restaurants, woningen en andere representatieve ruimten.Uitermate geschikt voor de afwerking van glasweefsel, schildersbehang, kwartsverven, putzen enz. Voornaamste kenmerken \u2022 [&hellip;]<\/p>\n","protected":false},"featured_media":845,"comment_status":"open","ping_status":"closed","template":"","meta":[],"product_brand":[90],"product_cat":[102,125,31],"product_tag":[],"class_list":{"0":"post-819","1":"product","2":"type-product","3":"status-publish","4":"has-post-thumbnail","6":"product_brand-sigma-coatings","7":"product_cat-verf-decoratieve-verf","8":"product_cat-verf-muurverf-binnen","9":"product_cat-verf","10":"pa_basis-waterbasis","11":"pa_binnen-buiten-binnen","12":"pa_glansgraad-mat","13":"pa_kleur-gekleurd","14":"pa_kleur-wit","15":"pa_merk-sigma-coatings","16":"pa_ondergrond-muren-plafonds","18":"first","19":"instock","20":"shipping-taxable","21":"product-type-variable"},"_links":{"self":[{"href":"https:\/\/medv-design.org\/fr\/wp-json\/wp\/v2\/product\/819","targetHints":{"allow":["GET"]}}],"collection":[{"href":"https:\/\/medv-design.org\/fr\/wp-json\/wp\/v2\/product"}],"about":[{"href":"https:\/\/medv-design.org\/fr\/wp-json\/wp\/v2\/types\/product"}],"replies":[{"embeddable":true,"href":"https:\/\/medv-design.org\/fr\/wp-json\/wp\/v2\/comments?post=819"}],"wp:featuredmedia":[{"embeddable":true,"href":"https:\/\/medv-design.org\/fr\/wp-json\/wp\/v2\/media\/845"}],"wp:attachment":[{"href":"https:\/\/medv-design.org\/fr\/wp-json\/wp\/v2\/media?parent=819"}],"wp:term":[{"taxonomy":"product_brand","embeddable":true,"href":"https:\/\/medv-design.org\/fr\/wp-json\/wp\/v2\/product_brand?post=819"},{"taxonomy":"product_cat","embeddable":true,"href":"https:\/\/medv-design.org\/fr\/wp-json\/wp\/v2\/product_cat?post=819"},{"taxonomy":"product_tag","embeddable":true,"href":"https:\/\/medv-design.org\/fr\/wp-json\/wp\/v2\/product_tag?post=819"}],"curies":[{"name":"wp","href":"https:\/\/api.w.org\/{rel}","templated":true}]}}