{"id":818,"date":"2025-12-08T20:01:16","date_gmt":"2025-12-08T20:01:16","guid":{"rendered":"https:\/\/medv-design.org\/product\/sigmulto-metallic-27l\/"},"modified":"2026-02-07T15:41:01","modified_gmt":"2026-02-07T15:41:01","slug":"sigmulto-metallic-27l","status":"publish","type":"product","link":"https:\/\/medv-design.org\/fr\/produit\/sigmulto-metallic-27l\/","title":{"rendered":"Sigmulto m\u00e9tallis\u00e9 2.7L"},"content":{"rendered":"<h3>Pourquoi choisir Sigmulto Metallic ?<\/h3>\n<p>Sigmulto Metallic est une finition murale d\u00e9corative \u00e0 base d\u2019eau avec un effet m\u00e9tallique soie-brillant, id\u00e9ale pour un usage int\u00e9rieur. Cette peinture donne un aspect luxueux aux murs des h\u00f4tels, boutiques, th\u00e9\u00e2tres, salles d\u2019exposition, bureaux, restaurants, maisons et autres espaces repr\u00e9sentatifs. Gr\u00e2ce \u00e0 son excellente opacit\u00e9 et \u00e0 son magnifique effet argent-m\u00e9tal, Sigmulto Metallic est parfait pour finir diverses surfaces telles que le tissu en verre, le papier peint de peintre, les peintures au quartz et les creuses.<\/p>\n<h3>Principaux avantages du Sigmulto Metallic<\/h3>\n<ul>\n<li><strong>Magnifique effet m\u00e9tal argent\u00e9 :<\/strong> Pour un look \u00e9l\u00e9gant et luxueux sur vos murs.<\/li>\n<li><strong>Excellent pouvoir de dissimulation :<\/strong> La peinture recouvre la surface sans effort pour une finition uniforme.<\/li>\n<li><strong>Traitement facile :<\/strong> Facile \u00e0 appliquer avec un excellent d\u00e9bit pour une finition propre.<\/li>\n<li><strong>R\u00e9sistant au frottement :<\/strong> Conforme \u00e0 la norme DIN 53778, rendant la peinture durable et facile \u00e0 entretenir.<\/li>\n<li><strong>Roulable :<\/strong> Pour une application facile sans \u00e9claboussures ni gouttes.<\/li>\n<li><strong>Faible odeur :<\/strong> Agr\u00e9able \u00e0 utiliser, sans forte odeur de peinture.<\/li>\n<\/ul>\n<h3>De combien de Sigmulto Metallic ai-je besoin ?<\/h3>\n<p>Avec un rendement de 10 \u00e0 12 m\u00b2 par litre, vous pouvez calculer la quantit\u00e9 de peinture requise. Par exemple, pour un mur de 50 m\u00b2, il vous faudra 5 \u00e0 6 litres de peinture, selon le type de substrat et la m\u00e9thode d\u2019application.<\/p>\n<details>\n<summary>Plus d'informations<\/summary>\n<section>\n<h3>Couleur et brillance<\/h3>\n<p>Sigmulto Metallic est disponible en <strong>36 couleurs m\u00e9talliques<\/strong> Selon le tableau des couleurs, qui vous permet de choisir la teinte parfaite pour votre projet. La peinture a un <strong>Brillant satin<\/strong> Une finition qui met en valeur les effets m\u00e9talliques, id\u00e9ale pour les int\u00e9rieurs modernes et les applications de luxe.<\/p>\n<h3>Comment utiliser Sigmulto Metallic ?<\/h3>\n<p>Le Sigmulto Metallic est appliqu\u00e9 en deux couches pour obtenir le meilleur r\u00e9sultat.  Commencez par un appr\u00eat opaque, comme le Sigmatex Superlatex, dans une couleur qui correspond \u00e0 la finition m\u00e9tallique. Ensuite, appliquez deux couches de Sigmulto Metallic pour une finition belle et brillante. Pour une utilisation sur de grandes surfaces, il peut \u00eatre plus esth\u00e9tiquement difficile d\u2019obtenir une finition parfaite, mais avec la bonne m\u00e9thode d\u2019application, le r\u00e9sultat peut \u00eatre tr\u00e8s impressionnant.<\/p>\n<h3>Volumes disponibles de Sigmulto Metallic<\/h3>\n<p>Sigmulto Metallic existe en diff\u00e9rentes tailles d\u2019emballage pour r\u00e9pondre aux besoins de diff\u00e9rents projets. Il est id\u00e9al pour les surfaces plus petites \u00e0 grandes n\u00e9cessitant une finition m\u00e9tallique luxueuse.<\/p>\n<h3>Temps de s\u00e9chage du Sigmulto Metallic<\/h3>\n<p>La peinture n\u2019est plus collante apr\u00e8s environ une heure, et peut \u00eatre repeinte apr\u00e8s 4 heures, selon l\u2019\u00e9paisseur de la couche et la temp\u00e9rature ambiante.<\/p>\n<h3>Profitez de nos offres Sigma Sigmulto Metallic<\/h3>\n<p>Sur Paintstore.be, vous pouvez profiter de r\u00e9ductions attractives sur Sigmulto Metallic, afin d\u2019obtenir une finition luxueuse \u00e0 un prix abordable.<\/p>\n<h3>Pourquoi acheter du Sigmulto Metallic chez Paintstore.be ?<\/h3>\n<p>\u00c0 Paintstore.be vous \u00eates assur\u00e9 d\u2019une livraison rapide, de la satisfaction client et d\u2019un service fiable. Nous offrons une exp\u00e9rience d\u2019achat insouciante, des conseils d\u2019experts et des produits de qualit\u00e9 qui font de votre projet de peinture un succ\u00e8s.<\/p>\n<\/section>\n<\/details>\n<p><a id=\"p_lt_ctl10_pageplaceholder_p_lt_ctl04_ProductDownloadLinks_lnkTechnicalInfo1\" class=\"pdfK\" data-t=\"engage\" data-d1=\"pdf download\" data-d2=\"https:\/\/sigmatech.be\/download?kind=default&#038;file=\/assets_be\/TF\/NL\/Sigma\/Sigmulto Metallic_TF_NL_8252.pdf\" href=\"https:\/\/paintstore.be\/wp-content\/uploads\/2025\/10\/Sigma-Sigmulto-Metallic-technische-fiche.pdf\" target=\"_blank\" rel=\"noopener\">Cliquez ici pour t\u00e9l\u00e9charger la fiche technique<\/a><\/p>","protected":false},"excerpt":{"rendered":"<p>Waarom kiezen voor Sigmulto Metallic? Sigmulto Metallic is een decoratieve watergedragen wandafwerking met een zijdeglanzend metallic effect, ideaal voor binnengebruik. Deze verf zorgt voor een luxe uitstraling van wanden in hotels, winkels, theaters, showrooms, kantoren, restaurants, woningen en andere representatieve ruimtes. Dankzij de uitstekende dekkracht en het fraaie zilver-metaal effect is Sigmulto Metallic perfect voor [&hellip;]<\/p>\n","protected":false},"featured_media":910,"comment_status":"open","ping_status":"closed","template":"","meta":[],"product_brand":[90],"product_cat":[102,125,31],"product_tag":[],"class_list":{"0":"post-818","1":"product","2":"type-product","3":"status-publish","4":"has-post-thumbnail","6":"product_brand-sigma-coatings","7":"product_cat-verf-decoratieve-verf","8":"product_cat-verf-muurverf-binnen","9":"product_cat-verf","10":"pa_basis-waterbasis","11":"pa_binnen-buiten-binnen","12":"pa_glansgraad-mat","13":"pa_kleur-gekleurd","14":"pa_kleur-wit","15":"pa_merk-sigma-coatings","16":"pa_ondergrond-muren-plafonds","18":"first","19":"instock","20":"shipping-taxable","21":"product-type-variable"},"_links":{"self":[{"href":"https:\/\/medv-design.org\/fr\/wp-json\/wp\/v2\/product\/818","targetHints":{"allow":["GET"]}}],"collection":[{"href":"https:\/\/medv-design.org\/fr\/wp-json\/wp\/v2\/product"}],"about":[{"href":"https:\/\/medv-design.org\/fr\/wp-json\/wp\/v2\/types\/product"}],"replies":[{"embeddable":true,"href":"https:\/\/medv-design.org\/fr\/wp-json\/wp\/v2\/comments?post=818"}],"wp:featuredmedia":[{"embeddable":true,"href":"https:\/\/medv-design.org\/fr\/wp-json\/wp\/v2\/media\/910"}],"wp:attachment":[{"href":"https:\/\/medv-design.org\/fr\/wp-json\/wp\/v2\/media?parent=818"}],"wp:term":[{"taxonomy":"product_brand","embeddable":true,"href":"https:\/\/medv-design.org\/fr\/wp-json\/wp\/v2\/product_brand?post=818"},{"taxonomy":"product_cat","embeddable":true,"href":"https:\/\/medv-design.org\/fr\/wp-json\/wp\/v2\/product_cat?post=818"},{"taxonomy":"product_tag","embeddable":true,"href":"https:\/\/medv-design.org\/fr\/wp-json\/wp\/v2\/product_tag?post=818"}],"curies":[{"name":"wp","href":"https:\/\/api.w.org\/{rel}","templated":true}]}}