{"id":816,"date":"2025-12-08T20:01:15","date_gmt":"2025-12-08T20:01:15","guid":{"rendered":"https:\/\/medv-design.org\/product\/sigmetal-neofer-decor-semi-gloss\/"},"modified":"2026-02-07T15:41:07","modified_gmt":"2026-02-07T15:41:07","slug":"sigmetal-neofer-decor-semi-gloss","status":"publish","type":"product","link":"https:\/\/medv-design.org\/fr\/produit\/sigmetal-neofer-decor-semi-gloss\/","title":{"rendered":"Sigmetal Neofer Decor Semi-Lustr\u00e9"},"content":{"rendered":"<p><a href=\"https:\/\/paintstore.be\/kleuren\/\" target=\"_blank\" rel=\"noopener\">Voir les diff\u00e9rentes cartes de couleurs ici<\/a><\/p>\n<h3>Pourquoi choisir Sigma Sigmetal Neofer Decor Semi-Gloss ?<\/h3>\n<p>De <strong>Sigma Sigmetal Neofer Decor Semi-Lustr\u00e9<\/strong> est une peinture m\u00e9tallique polyvalente \u00e0 base de solvant qui sert d\u2019appr\u00eat, de couche interm\u00e9diaire et finale. Cette peinture semi-brillante offre une protection antirouille et est id\u00e9ale pour les m\u00e9taux ferreux tels que les fen\u00eatres, portes, rampes et structures m\u00e9talliques. Gr\u00e2ce \u00e0 sa base robuste en r\u00e9sine alkyde et \u00e0 son inhibiteur de rouille int\u00e9gr\u00e9, ce produit est id\u00e9al pour les applications en int\u00e9rieur et en ext\u00e9rieur, m\u00eame en milieu marin.<\/p>\n<h3>Principaux avantages de la d\u00e9coration semi-brillante Sigma Sigmetal Neofer<\/h3>\n<ul>\n<li><strong>Antirouille en plusieurs couches<\/strong>: Un produit pour une protection compl\u00e8te.<\/li>\n<li><strong>Excellente protection contre la corrosion<\/strong>: Contient un inhibiteur de rouille int\u00e9gr\u00e9 et offre une protection jusqu\u2019\u00e0 500 heures lors d\u2019un test de brouillard salin.<\/li>\n<li><strong>Utilisation polyvalente<\/strong>: Adapt\u00e9 aux applications urbaines, rurales et maritimes.<\/li>\n<li><strong>Puissance \u00e9lev\u00e9e de remplissage et de recouvrement<\/strong>: Offre une finition lisse et durable.<\/li>\n<li><strong>Pigment \u00e9cologique<\/strong>: Sans plomb ni chromates.<\/li>\n<li><strong>Traitement facile<\/strong>: Peut \u00eatre utilis\u00e9 comme couche de base, interm\u00e9diaire ou finale.<\/li>\n<\/ul>\n<h3>De combien de Sigma Sigmetal Neofer Decor Semi-Gloss dois-je avoir besoin ?<\/h3>\n<p>Le retour th\u00e9orique est <strong>15 m\u00b2 par litre<\/strong>. L\u2019efficacit\u00e9 pratique peut varier selon la forme de l\u2019objet, l\u2019\u00e9tat de la surface et la technique d\u2019application utilis\u00e9e.<\/p>\n<details>\n<summary>Plus d'informations<\/summary>\n<section>\n<h3>Couleur et brillance<\/h3>\n<p>De <strong>Sigma Sigmetal Neofer Decor Semi-Lustr\u00e9<\/strong> est disponible en trois couleurs standard : <strong>Blanc et noir<\/strong> mais aussi dans presque toutes les couleurs de la <strong>Gamme Sigma C21.3<\/strong> ainsi que d\u2019autres collections de couleurs. La finition semi-brillante offre un look \u00e9l\u00e9gant et une protection durable.<\/p>\n<h3>Disponibilit\u00e9 du Sigma Sigmetal Neofer Decor Semi-Gloss<\/h3>\n<p>Ce produit est disponible dans <strong>0,5 litre, 1 litre et 2,5 litres<\/strong>, id\u00e9al aussi bien pour les petits projets que pour les grands projets.<\/p>\n<h3>Profitez de nos offres sur Sigma Sigmetal Neofer Decor Semi-Gloss<\/h3>\n<p>Achetez le <strong>Sigma Sigmetal Neofer Decor Semi-Lustr\u00e9<\/strong> \u00e0 des prix comp\u00e9titifs sur <strong>Paintstore.be<\/strong>. Gr\u00e2ce \u00e0 notre livraison rapide et fiable, vous pouvez commencer imm\u00e9diatement.<\/p>\n<h3>Pourquoi acheter Sigma Sigmetal Neofer Decor Semi-Gloss chez Paintstore.be ?<\/h3>\n<p>Au <strong>Paintstore.be<\/strong>  Vous \u00eates assur\u00e9 de recevoir des produits de qualit\u00e9, des conseils d\u2019experts et un service d\u2019excellence. Que vous soyez professionnel ou bricoleur, nous sommes l\u00e0 pour vous aider dans votre projet de peinture.  Ordre le <strong>Sigma Sigmetal Neofer Decor Semi-Lustr\u00e9<\/strong> Et profitez de la commodit\u00e9 des achats en ligne !<\/p>\n<\/section>\n<\/details>\n<p><a href=\"https:\/\/paintstore.be\/wp-content\/uploads\/2025\/10\/Sigma-Sigmetal-Neofer-Decor-Semi-Gloss-Technische-fiche.pdf\" title=\"D\u00e9cor n\u00e9ophore Sigmetal\" target=\"_blank\" rel=\"noopener\">Cliquez ici pour t\u00e9l\u00e9charger la fiche technique<\/a><\/p>","protected":false},"excerpt":{"rendered":"<p>Bekijk hier de verschillende kleurenkaarten Waarom kiezen voor Sigma Sigmetal Neofer Decor Semi-Gloss? De Sigma Sigmetal Neofer Decor Semi-Gloss is een veelzijdige, solventgedragen metaalverf die dient als grond-, tussen- \u00e9n eindlaag. Deze halfglanzende verf biedt roestwerende bescherming en is ideaal voor ferro-metalen zoals ramen, deuren, balustrades en metalen constructies. Dankzij de robuuste alkydharsbasis en ingebouwde [&hellip;]<\/p>\n","protected":false},"featured_media":842,"comment_status":"open","ping_status":"closed","template":"","meta":[],"product_brand":[90],"product_cat":[47,134,31],"product_tag":[],"class_list":{"0":"post-816","1":"product","2":"type-product","3":"status-publish","4":"has-post-thumbnail","6":"product_brand-sigma-coatings","7":"product_cat-grondverf-primers","8":"product_cat-verf-grondverf-primers-roestwerende-primer","9":"product_cat-verf","10":"pa_basis-solventbasis","11":"pa_binnen-buiten-binnen","12":"pa_eigenschappen-weerbestendig","13":"pa_glansgraad-halfglans","14":"pa_inhoud-0-5l","15":"pa_inhoud-1l","16":"pa_inhoud-2-5l","17":"pa_kleur-gekleurd","18":"pa_kleur-wit","19":"pa_merk-sigma-coatings","20":"pa_ondergrond-metaal","21":"pa_overschilderbaar-vanaf-24-uur","23":"first","24":"instock","25":"shipping-taxable","26":"purchasable","27":"product-type-variable"},"_links":{"self":[{"href":"https:\/\/medv-design.org\/fr\/wp-json\/wp\/v2\/product\/816","targetHints":{"allow":["GET"]}}],"collection":[{"href":"https:\/\/medv-design.org\/fr\/wp-json\/wp\/v2\/product"}],"about":[{"href":"https:\/\/medv-design.org\/fr\/wp-json\/wp\/v2\/types\/product"}],"replies":[{"embeddable":true,"href":"https:\/\/medv-design.org\/fr\/wp-json\/wp\/v2\/comments?post=816"}],"wp:featuredmedia":[{"embeddable":true,"href":"https:\/\/medv-design.org\/fr\/wp-json\/wp\/v2\/media\/842"}],"wp:attachment":[{"href":"https:\/\/medv-design.org\/fr\/wp-json\/wp\/v2\/media?parent=816"}],"wp:term":[{"taxonomy":"product_brand","embeddable":true,"href":"https:\/\/medv-design.org\/fr\/wp-json\/wp\/v2\/product_brand?post=816"},{"taxonomy":"product_cat","embeddable":true,"href":"https:\/\/medv-design.org\/fr\/wp-json\/wp\/v2\/product_cat?post=816"},{"taxonomy":"product_tag","embeddable":true,"href":"https:\/\/medv-design.org\/fr\/wp-json\/wp\/v2\/product_tag?post=816"}],"curies":[{"name":"wp","href":"https:\/\/api.w.org\/{rel}","templated":true}]}}