{"id":815,"date":"2025-12-08T20:01:15","date_gmt":"2025-12-08T20:01:15","guid":{"rendered":"https:\/\/medv-design.org\/product\/sigma-woodprotect-ultra-satin\/"},"modified":"2026-02-07T15:41:10","modified_gmt":"2026-02-07T15:41:10","slug":"sigma-woodprotect-ultra-satin","status":"publish","type":"product","link":"https:\/\/medv-design.org\/fr\/produit\/sigma-woodprotect-ultra-satin\/","title":{"rendered":"Sigma Woodprotect Ultra Satin"},"content":{"rendered":"<h3><strong>Pourquoi choisir Sigma WoodProtect Ultra Satin ?<\/strong><\/h3>\n<p>Sigma WoodProtect Ultra Satin est une teinture transparente, \u00e0 base d\u2019eau, rapide et r\u00e9sistante \u00e0 la pluie, destin\u00e9e \u00e0 un usage int\u00e9rieur et ext\u00e9rieur, bas\u00e9e sur la dispersion d\u2019acrylate d\u2019\u00e9mulsion alkydique, modifi\u00e9e avec du polyur\u00e9thane (hybride). Cette teinture est id\u00e9ale pour la finition transparente des \u00e9l\u00e9ments de s\u00e9paration climatique tels que les cadres, fen\u00eatres et portes. Gr\u00e2ce \u00e0 son excellente durabilit\u00e9 en ext\u00e9rieur, sa r\u00e9sistance rapide \u00e0 la pluie et sa protection contre les UV, cette teinture est le choix id\u00e9al pour une protection durable des surfaces bois\u00e9es.<\/p>\n<h3><strong>Avantages<\/strong><\/h3>\n<ul>\n<li><strong>R\u00e9sistance rapide \u00e0 la pluie :<\/strong> Prot\u00e8ge le bois de la pluie apr\u00e8s environ 30 minutes.<\/li>\n<li><strong>Le motif de grain du bois accentuait :<\/strong> Conserve l\u2019apparence naturelle du bois.<\/li>\n<li><strong>Excellente durabilit\u00e9 en ext\u00e9rieur :<\/strong> Prot\u00e8ge le bois des intemp\u00e9ries pour une finition durable.<\/li>\n<li><strong>Couleurs du bois r\u00e9sistantes \u00e0 la lumi\u00e8re :<\/strong> Les couleurs restent vives et conservent leur intensit\u00e9.<\/li>\n<li><strong>Tr\u00e8s bonne protection contre les rayons UV :<\/strong> \u00c7a emp\u00eache le grisonnement et le vieillissement du bois.<\/li>\n<li><strong>Tr\u00e8s bonne conservation de l\u2019\u00e9lasticit\u00e9 :<\/strong> Une flexibilit\u00e9 qui rend la soudure r\u00e9sistante aux fissures.<\/li>\n<li><strong>R\u00e9gulation de l\u2019humidit\u00e9 :<\/strong> Laissez le bois respirer, ce qui favorise sa pr\u00e9servation.<\/li>\n<\/ul>\n<h3><strong>Combien de Sigma WoodProtect Ultra Satin dois-je utiliser ?<\/strong><\/h3>\n<p>Le rendement pratique du Sigma WoodProtect Ultra Satin est de 15 m\u00b2 par litre, selon l\u2019\u00e9tat du substrat et la m\u00e9thode d\u2019application.<\/p>\n<details>\n<summary>Plus d'informations<\/summary>\n<section>\n<h3><strong>Sigma WoodProtect Ultra Satin \u2013 Couleurs et emballage<\/strong><\/h3>\n<p>Le Sigma WoodProtect Ultra Satin est disponible dans diff\u00e9rentes couleurs de bois et de couleurs d\u00e9coratives selon le tableau des couleurs Sigma WoodProtect. La teinture incolore a une r\u00e9sistance aux intemp\u00e9ries inf\u00e9rieure \u00e0 la teinture color\u00e9e, c\u2019est pourquoi elle n\u2019est pas recommand\u00e9e pour les applications ext\u00e9rieures.<\/p>\n<ul>\n<li><strong>Fin :<\/strong> Brillant satin<\/li>\n<li><strong>Emballage :<\/strong> Canette de 1 litre et de 2,5 litres<\/li>\n<\/ul>\n<h3><strong>Comment utiliser Sigma WoodProtect Ultra Satin ?<\/strong><\/h3>\n<ol>\n<li><strong>Pr\u00e9paration :<\/strong> Assurez-vous que le bois est propre, sec et exempt de poussi\u00e8re, avec une teneur en humidit\u00e9 pouvant atteindre 18 %.<\/li>\n<li><strong>Application :<\/strong>  Appliquez la teinture avec un pinceau ou un rouleau lorsque la temp\u00e9rature est comprise entre 5\u00b0C et 25\u00b0C et que l\u2019humidit\u00e9 relative est comprise entre 60 % et 85 %.<\/li>\n<li><strong>S\u00e9chage :<\/strong>\n<ul>\n<li>\u00c9tanche apr\u00e8s environ 30 minutes<\/li>\n<li>S\u00e9chage poussi\u00e9reux apr\u00e8s environ 1 heure<\/li>\n<li>Non collant apr\u00e8s environ 2 heures<\/li>\n<li>On peut repeindre apr\u00e8s environ 4 heures<\/li>\n<\/ul>\n<\/li>\n<\/ol>\n<p><strong>Stockage :<\/strong> Conservez la tache dans l\u2019emballage d\u2019origine, herm\u00e9tiquement scell\u00e9, dans un endroit sec \u00e0 une temp\u00e9rature comprise entre 5\u00b0C et 30\u00b0C.<\/p>\n<h3><strong>Pourquoi acheter chez Paintstore.be ?<\/strong><\/h3>\n<p>Sur Paintstore.be, vous trouverez Sigma WoodProtect Ultra Satin \u00e0 des prix comp\u00e9titifs, avec une livraison rapide et des conseils d\u2019experts. Il suffit de commander en ligne et de recevoir rapidement vos produits chez vous !<\/p>\n<\/section>\n<\/details>\n<p><a href=\"https:\/\/paintstore.be\/wp-content\/uploads\/2025\/10\/Sigma-WoodProtect-Ultra-Satin-technische-fiche.pdf\" title=\"Woodprotect ultra satin \" target=\"_blank\" rel=\"noopener\">Cliquez ici pour t\u00e9l\u00e9charger la fiche technique &gt;&gt;<br \/><\/a><\/p>","protected":false},"excerpt":{"rendered":"<p>Waarom kiezen voor Sigma WoodProtect Ultra Satin ? Sigma WoodProtect Ultra Satin is een watergedragen, snel regenbestendige, transparante beits voor zowel binnen als buiten, op basis van alkydemulsie-acrylaatdispersie, gemodificeerd met polyurethaan (hybride). Deze beits is ideaal voor het transparant afwerken van klimaatscheidende elementen zoals kozijnen, ramen en deuren. Dankzij de uitstekende buitenduurzaamheid, snelle regenbestendigheid en [&hellip;]<\/p>\n","protected":false},"featured_media":874,"comment_status":"open","ping_status":"closed","template":"","meta":[],"product_brand":[90],"product_cat":[148,147,146,61,150,149],"product_tag":[159],"class_list":{"0":"post-815","1":"product","2":"type-product","3":"status-publish","4":"has-post-thumbnail","6":"product_brand-sigma-coatings","7":"product_cat-houtbescherming-beits","8":"product_cat-houtbescherming-beits-binnenbeits","9":"product_cat-houtbescherming-beits-buitenbeits","10":"product_cat-houtbescherming","11":"product_cat-houtbescherming-beits-transparante-beits","12":"product_cat-houtbescherming-beits-tuinhuisbeits","13":"product_tag-popular","14":"pa_basis-waterbasis","15":"pa_binnen-buiten-binnen","16":"pa_eigenschappen-vochtregulerend","17":"pa_glansgraad-zijdeglans","18":"pa_inhoud-1l","19":"pa_inhoud-2-5l","20":"pa_kleur-gekleurd","21":"pa_kleur-kleurloos","22":"pa_merk-sigma-coatings","23":"pa_ondergrond-hout","24":"pa_overschilderbaar-vanaf-4-uur","25":"pa_upc-713","27":"first","28":"instock","29":"featured","30":"shipping-taxable","31":"purchasable","32":"product-type-variable"},"_links":{"self":[{"href":"https:\/\/medv-design.org\/fr\/wp-json\/wp\/v2\/product\/815","targetHints":{"allow":["GET"]}}],"collection":[{"href":"https:\/\/medv-design.org\/fr\/wp-json\/wp\/v2\/product"}],"about":[{"href":"https:\/\/medv-design.org\/fr\/wp-json\/wp\/v2\/types\/product"}],"replies":[{"embeddable":true,"href":"https:\/\/medv-design.org\/fr\/wp-json\/wp\/v2\/comments?post=815"}],"wp:featuredmedia":[{"embeddable":true,"href":"https:\/\/medv-design.org\/fr\/wp-json\/wp\/v2\/media\/874"}],"wp:attachment":[{"href":"https:\/\/medv-design.org\/fr\/wp-json\/wp\/v2\/media?parent=815"}],"wp:term":[{"taxonomy":"product_brand","embeddable":true,"href":"https:\/\/medv-design.org\/fr\/wp-json\/wp\/v2\/product_brand?post=815"},{"taxonomy":"product_cat","embeddable":true,"href":"https:\/\/medv-design.org\/fr\/wp-json\/wp\/v2\/product_cat?post=815"},{"taxonomy":"product_tag","embeddable":true,"href":"https:\/\/medv-design.org\/fr\/wp-json\/wp\/v2\/product_tag?post=815"}],"curies":[{"name":"wp","href":"https:\/\/api.w.org\/{rel}","templated":true}]}}