{"id":814,"date":"2025-12-08T20:01:15","date_gmt":"2025-12-08T20:01:15","guid":{"rendered":"https:\/\/medv-design.org\/product\/sigma-woodprotect-solid-satin\/"},"modified":"2026-02-07T15:41:13","modified_gmt":"2026-02-07T15:41:13","slug":"sigma-woodprotect-solid-satin","status":"publish","type":"product","link":"https:\/\/medv-design.org\/fr\/produit\/sigma-woodprotect-solid-satin\/","title":{"rendered":"Sigma Woodprotect Solid Satin"},"content":{"rendered":"<p><a href=\"https:\/\/paintstore.be\/kleuren\/\" target=\"_blank\" rel=\"noopener\">Voir les diff\u00e9rentes cartes de couleurs ici<\/a><\/p>\n<h3><strong>Pourquoi choisir Sigma WoodProtect Solid Satin ?<\/strong><\/h3>\n<p>Sigma WoodProtect Solid Satin est une teinture opaque \u00e0 base d\u2019eau destin\u00e9e \u00e0 l\u2019ext\u00e9rieur, bas\u00e9e sur la dispersion d\u2019acrylate d\u2019\u00e9mulsion alkydique, modifi\u00e9e avec du polyur\u00e9thane. Cette teinture hybride a \u00e9t\u00e9 sp\u00e9cialement d\u00e9velopp\u00e9e pour une utilisation sur des surfaces en bois non dimensionnellement ou partiellement stables, telles que les travaux de rebatissements et la menuiserie de fa\u00e7ade. Avec une excellente perm\u00e9abilit\u00e9 \u00e0 la vapeur d\u2019eau et une grande capacit\u00e9 d\u2019impr\u00e9gnation, cette tache offre une protection durable contre les \u00e9l\u00e9ments. Il offre une grande couverture et conserve la brillance et la couleur du bois pendant des ann\u00e9es.<\/p>\n<h3><strong>Avantages<\/strong><\/h3>\n<ul>\n<li><strong>Tr\u00e8s durable :<\/strong> Offre une protection durable contre les conditions m\u00e9t\u00e9orologiques.<\/li>\n<li><strong>Haute perm\u00e9abilit\u00e9 \u00e0 la vapeur d\u2019eau :<\/strong> Laissez le bois respirer, en le gardant en bon \u00e9tat plus longtemps.<\/li>\n<li><strong>Bonne capacit\u00e9 d\u2019impr\u00e9gnation :<\/strong> Id\u00e9al pour les surfaces non trait\u00e9es.<\/li>\n<li><strong>Excellente couverture :<\/strong> Masque les imperfections et assure un r\u00e9sultat \u00e9quilibr\u00e9.<\/li>\n<li><strong>Conservation durable de la couleur et de la brillance :<\/strong> Conserve son apparence pendant longtemps.<\/li>\n<li><strong>Certificat :<\/strong> EPD (D\u00e9claration de Produit Environnemental) pour une utilisation durable.<\/li>\n<\/ul>\n<h3><strong>Combien de Sigma WoodProtect Solid Satin ai-je besoin ?<\/strong><\/h3>\n<p>Le rendement pratique du satin solide Sigma WoodProtect est de 10 m\u00b2 par litre, selon l\u2019\u00e9tat de la surface et la m\u00e9thode d\u2019application.<\/p>\n<details>\n<summary>Plus d'informations<br \/><\/summary>\n<section>\n<h3><strong>Satin massif Sigma WoodProtect \u2013 Couleurs et emballage<\/strong><\/h3>\n<p>Le Sigma WoodProtect Solid Satin est disponible en blanc et presque toutes les couleurs du ventilateur Sigma Voice ou Colour, ainsi que du ventilateur Sigma Colour System C21.3. Elle est \u00e9galement disponible dans pratiquement toutes les couleurs d\u2019autres marques de peinture.<\/p>\n<ul>\n<li><strong>Finition :<\/strong> Brillant satin<\/li>\n<li><strong>Emballage :<\/strong> Bidons de 1 litre et 2,5 litres<\/li>\n<\/ul>\n<h3><strong>Comment utiliser Sigma WoodProtect Solid Satin ?<\/strong><\/h3>\n<ol>\n<li><strong>Pr\u00e9paration :<\/strong> Assurez-vous que la surface est propre, s\u00e8che et sans poussi\u00e8re, avec un taux d\u2019humidit\u00e9 du bois ne d\u00e9passant pas 18 %.<\/li>\n<li><strong>Application :<\/strong>  Appliquez la teinture avec un pinceau ou un rouleau \u00e0 une temp\u00e9rature ambiante comprise entre 5\u00b0C et 25\u00b0C et une humidit\u00e9 relative de 50 % \u00e0 80 %.<\/li>\n<li><strong>S\u00e9chage :<\/strong>\n<ul>\n<li>S\u00e9chage poussi\u00e9reux apr\u00e8s environ 1 heure<\/li>\n<li>Non collant apr\u00e8s environ 2 heures<\/li>\n<li>On peut repeindre apr\u00e8s environ 4 heures<\/li>\n<\/ul>\n<\/li>\n<\/ol>\n<p><strong>Stockage :<\/strong> Conservez la tache dans son emballage d\u2019origine, herm\u00e9tiquement scell\u00e9e, dans un endroit sec \u00e0 une temp\u00e9rature comprise entre 5\u00b0C et 30\u00b0C.<\/p>\n<h3><strong>Pourquoi acheter chez Paintstore.be ?<\/strong><\/h3>\n<p>Chez Paintstore.be, vous b\u00e9n\u00e9ficiez de prix comp\u00e9titifs, de livraison rapide et de conseils d\u2019experts. Commandez facilement votre Sigma WoodProtect Satin solide et recevez-le rapidement chez vous !<\/p>\n<\/section>\n<\/details>\n<p><a href=\"https:\/\/paintstore.be\/wp-content\/uploads\/2025\/10\/Sigma-WoodProtect-Solid-Satin-technische-fiche.pdf\" target=\"_blank\" rel=\"noopener\">Cliquez ici pour t\u00e9l\u00e9charger la fiche technique<br \/><\/a><\/p>","protected":false},"excerpt":{"rendered":"<p>Bekijk hier de verschillende kleurenkaarten Waarom kiezen voor Sigma WoodProtect Solid Satin ? Sigma WoodProtect Solid Satin is een watergedragen dekkende beits voor buiten, gebaseerd op alkydemulsie-acrylaatdispersie, gemodificeerd met polyurethaan. Deze hybride beits is speciaal ontwikkeld voor gebruik op niet-maatvaste of gedeeltelijk maatvaste houten oppervlakken, zoals rabatwerk en geveltimmerwerk. Met uitstekende waterdampdoorlaatbaarheid en een hoog [&hellip;]<\/p>\n","protected":false},"featured_media":994,"comment_status":"open","ping_status":"closed","template":"","meta":[],"product_brand":[90],"product_cat":[765,151,149,31],"product_tag":[159],"class_list":{"0":"post-814","1":"product","2":"type-product","3":"status-publish","4":"has-post-thumbnail","6":"product_brand-sigma-coatings","7":"product_cat-765","8":"product_cat-houtbescherming-beits-dekkende-beits","9":"product_cat-houtbescherming-beits-tuinhuisbeits","10":"product_cat-verf","11":"product_tag-popular","12":"pa_basis-waterbasis","13":"pa_binnen-buiten-buiten","14":"pa_eigenschappen-weerbestendig","15":"pa_glansgraad-zijdeglans","16":"pa_inhoud-1l","17":"pa_inhoud-2-5l","18":"pa_kleur-gekleurd","19":"pa_kleur-wit","20":"pa_merk-sigma-coatings","21":"pa_ondergrond-hout","22":"pa_overschilderbaar-vanaf-4-uur","23":"pa_upc-658","25":"first","26":"instock","27":"featured","28":"shipping-taxable","29":"purchasable","30":"product-type-variable"},"_links":{"self":[{"href":"https:\/\/medv-design.org\/fr\/wp-json\/wp\/v2\/product\/814","targetHints":{"allow":["GET"]}}],"collection":[{"href":"https:\/\/medv-design.org\/fr\/wp-json\/wp\/v2\/product"}],"about":[{"href":"https:\/\/medv-design.org\/fr\/wp-json\/wp\/v2\/types\/product"}],"replies":[{"embeddable":true,"href":"https:\/\/medv-design.org\/fr\/wp-json\/wp\/v2\/comments?post=814"}],"wp:featuredmedia":[{"embeddable":true,"href":"https:\/\/medv-design.org\/fr\/wp-json\/wp\/v2\/media\/994"}],"wp:attachment":[{"href":"https:\/\/medv-design.org\/fr\/wp-json\/wp\/v2\/media?parent=814"}],"wp:term":[{"taxonomy":"product_brand","embeddable":true,"href":"https:\/\/medv-design.org\/fr\/wp-json\/wp\/v2\/product_brand?post=814"},{"taxonomy":"product_cat","embeddable":true,"href":"https:\/\/medv-design.org\/fr\/wp-json\/wp\/v2\/product_cat?post=814"},{"taxonomy":"product_tag","embeddable":true,"href":"https:\/\/medv-design.org\/fr\/wp-json\/wp\/v2\/product_tag?post=814"}],"curies":[{"name":"wp","href":"https:\/\/api.w.org\/{rel}","templated":true}]}}