{"id":813,"date":"2025-12-08T20:01:15","date_gmt":"2025-12-08T20:01:15","guid":{"rendered":"https:\/\/medv-design.org\/product\/sigma-woodprotect-satin\/"},"modified":"2026-02-07T15:41:16","modified_gmt":"2026-02-07T15:41:16","slug":"sigma-woodprotect-satin","status":"publish","type":"product","link":"https:\/\/medv-design.org\/fr\/produit\/sigma-woodprotect-satin\/","title":{"rendered":"Sigma Woodprotect Satin"},"content":{"rendered":"<h3><strong>Pourquoi choisir Sigma WoodProtect Satin ?<\/strong><\/h3>\n<p>Sigma WoodProtect Satin est une teinture transparente contenant des solvants, sp\u00e9cialement con\u00e7ue pour un usage ext\u00e9rieur, id\u00e9ale pour prot\u00e9ger les \u00e9l\u00e9ments de s\u00e9paration climatique tels que les cadres, fen\u00eatres et portes. La teinture accentue le motif naturel du grain du bois et offre une excellente protection contre les conditions m\u00e9t\u00e9orologiques et les rayons UV. Gr\u00e2ce \u00e0 la finition satin\u00e9e, le bois obtient non seulement une belle apparence, mais il reste aussi bien prot\u00e9g\u00e9 contre l\u2019humidit\u00e9 et la salet\u00e9.<\/p>\n<h3><strong>Avantages<\/strong><\/h3>\n<ul>\n<li><strong>Accentue le bois :<\/strong> Le motif de grain naturel du bois ressort tr\u00e8s bien.<\/li>\n<li><strong>R\u00e9gulant l\u2019humidit\u00e9 et r\u00e9pulsif \u00e0 l\u2019eau :<\/strong> Prot\u00e8ge le bois de l\u2019humidit\u00e9, le maintenant en bon \u00e9tat plus longtemps.<\/li>\n<li><strong>Couleurs du bois r\u00e9sistantes \u00e0 la lumi\u00e8re :<\/strong> La teinture conserve sa couleur m\u00eame apr\u00e8s une exposition prolong\u00e9e au soleil.<\/li>\n<li><strong>Bonne r\u00e9sistance aux intemp\u00e9ries et durabilit\u00e9 en ext\u00e9rieur :<\/strong> La teinture offre une protection durable contre les intemp\u00e9ries.<\/li>\n<li><strong>Protection UV :<\/strong> Prot\u00e8ge la surface du bois des effets nocifs des rayons UV.<\/li>\n<\/ul>\n<h3><strong>Combien de Sigma WoodProtect Satin ai-je besoin ?<\/strong><\/h3>\n<p>Le rendement pratique du satin Sigma WoodProtect est de 13 m\u00b2 par litre, mais la consommation r\u00e9elle peut varier selon l\u2019\u00e9tat de la surface et la m\u00e9thode d\u2019application.<\/p>\n<details>\n<summary>Plus d'informations<\/summary>\n<section>\n<h3><strong>Satin Sigma WoodProtect \u2013 Couleurs et emballage<\/strong><\/h3>\n<p>La teinture est disponible dans une large gamme de couleurs de bois et de teintes d\u00e9coratives selon la grille de couleurs Sigma WoodProtect, telles que le ch\u00eane, le ch\u00e2taignier ou le noyer. Comme pour d\u2019autres teintures transparentes, l\u2019utilisation d\u2019une variante incolore pour l\u2019ext\u00e9rieur n\u2019est pas recommand\u00e9e en raison de la r\u00e9sistance r\u00e9duite aux intemp\u00e9ries.<\/p>\n<ul>\n<li><strong>Niveau de brillance :<\/strong> Brillant satin<\/li>\n<li><strong>Emballage :<\/strong> Bidons de 1 litre et 2,5 litres<\/li>\n<\/ul>\n<h3><strong>Comment utiliser Sigma WoodProtect Satin ?<\/strong><\/h3>\n<ol>\n<li><strong>Pr\u00e9paration :<\/strong> Assurez-vous que le bois est propre, sec et sans poussi\u00e8re, avec une teneur en humidit\u00e9 ne d\u00e9passant pas 18 %.<\/li>\n<li><strong>Application :<\/strong>  Appliquez la teinture avec un pinceau ou un rouleau \u00e0 une temp\u00e9rature comprise entre 5\u00b0C et 30\u00b0C et avec une humidit\u00e9 relative allant jusqu\u2019\u00e0 85\u00a0%.<\/li>\n<li><strong>Temps de s\u00e9chage :<\/strong>\n<ul>\n<li>S\u00e9chage poussi\u00e8re apr\u00e8s environ 3 heures<\/li>\n<li>Libre de bords apr\u00e8s environ 4 heures<\/li>\n<li>On peut repeindre apr\u00e8s environ 16 heures<\/li>\n<\/ul>\n<\/li>\n<\/ol>\n<p><strong>Stockage :<\/strong> Conservez la tache dans l\u2019emballage ferm\u00e9 d\u2019origine, dans un endroit sec \u00e0 une temp\u00e9rature comprise entre 5\u00b0C et 30\u00b0C.<\/p>\n<h3><strong>Pourquoi acheter chez Paintstore.be ?<\/strong><\/h3>\n<p>\u00c0 Paintstore.be, vous pouvez compter sur des prix comp\u00e9titifs, une livraison rapide et des conseils d\u2019experts. Commandez facilement votre satin Sigma WoodProtect en ligne et recevez-le rapidement chez vous !<\/p>\n<\/section>\n<\/details>\n<p><a href=\"https:\/\/paintstore.be\/wp-content\/uploads\/2025\/10\/Sigma-WoodProtect-Satin-technische-fiche.pdf\" title=\"Satin Woodprotect \" target=\"_blank\" rel=\"noopener\">Cliquez ici pour t\u00e9l\u00e9charger la fiche technique<\/a><\/p>","protected":false},"excerpt":{"rendered":"<p>Waarom kiezen voor Sigma WoodProtect Satin ? Sigma WoodProtect Satin is een oplosmiddelhoudende, transparante beits die speciaal is ontwikkeld voor buitengebruik, ideaal voor het beschermen van klimaatscheidende elementen zoals kozijnen, ramen en deuren. De beits accentueert de natuurlijke nerftekening van het hout en biedt een uitstekende bescherming tegen weersomstandigheden en UV-straling. Dankzij de zijdeglansafwerking krijgt [&hellip;]<\/p>\n","protected":false},"featured_media":876,"comment_status":"open","ping_status":"closed","template":"","meta":[],"product_brand":[90],"product_cat":[147,146,61],"product_tag":[],"class_list":{"0":"post-813","1":"product","2":"type-product","3":"status-publish","4":"has-post-thumbnail","6":"product_brand-sigma-coatings","7":"product_cat-houtbescherming-beits-binnenbeits","8":"product_cat-houtbescherming-beits-buitenbeits","9":"product_cat-houtbescherming","10":"pa_basis-solventbasis","11":"pa_binnen-buiten-buiten","12":"pa_eigenschappen-weerbestendig","13":"pa_glansgraad-zijdeglans","14":"pa_inhoud-1l","15":"pa_inhoud-2-5l","16":"pa_kleur-gekleurd","17":"pa_kleur-kleurloos","18":"pa_merk-sigma-coatings","19":"pa_ondergrond-hout","20":"pa_overschilderbaar-vanaf-16-uur","21":"pa_upc-655","23":"first","24":"instock","25":"shipping-taxable","26":"purchasable","27":"product-type-variable"},"_links":{"self":[{"href":"https:\/\/medv-design.org\/fr\/wp-json\/wp\/v2\/product\/813","targetHints":{"allow":["GET"]}}],"collection":[{"href":"https:\/\/medv-design.org\/fr\/wp-json\/wp\/v2\/product"}],"about":[{"href":"https:\/\/medv-design.org\/fr\/wp-json\/wp\/v2\/types\/product"}],"replies":[{"embeddable":true,"href":"https:\/\/medv-design.org\/fr\/wp-json\/wp\/v2\/comments?post=813"}],"wp:featuredmedia":[{"embeddable":true,"href":"https:\/\/medv-design.org\/fr\/wp-json\/wp\/v2\/media\/876"}],"wp:attachment":[{"href":"https:\/\/medv-design.org\/fr\/wp-json\/wp\/v2\/media?parent=813"}],"wp:term":[{"taxonomy":"product_brand","embeddable":true,"href":"https:\/\/medv-design.org\/fr\/wp-json\/wp\/v2\/product_brand?post=813"},{"taxonomy":"product_cat","embeddable":true,"href":"https:\/\/medv-design.org\/fr\/wp-json\/wp\/v2\/product_cat?post=813"},{"taxonomy":"product_tag","embeddable":true,"href":"https:\/\/medv-design.org\/fr\/wp-json\/wp\/v2\/product_tag?post=813"}],"curies":[{"name":"wp","href":"https:\/\/api.w.org\/{rel}","templated":true}]}}