{"id":812,"date":"2025-12-08T20:01:15","date_gmt":"2025-12-08T20:01:15","guid":{"rendered":"https:\/\/medv-design.org\/product\/sigma-woodprotect-gloss\/"},"modified":"2026-02-07T15:41:19","modified_gmt":"2026-02-07T15:41:19","slug":"sigma-woodprotect-gloss","status":"publish","type":"product","link":"https:\/\/medv-design.org\/fr\/produit\/sigma-woodprotect-gloss\/","title":{"rendered":"Sigma Woodprotect Gloss"},"content":{"rendered":"<h3><strong>Pourquoi choisir Sigma WoodProtect Gloss ?<\/strong><\/h3>\n<p>Sigma WoodProtect Gloss est une teinture \u00e0 base de solvant de haute qualit\u00e9, sp\u00e9cialement d\u00e9velopp\u00e9e pour prot\u00e9ger et finir les \u00e9l\u00e9ments de s\u00e9paration climatique, tels que les cadres, fen\u00eatres et portes. Avec cette teinture transparente, vous b\u00e9n\u00e9ficiez d\u2019une excellente protection contre les conditions m\u00e9t\u00e9orologiques et les rayons UV, tout en mettant en valeur la structure naturelle du bois. La teinture offre non seulement une belle finition brillante, mais elle est aussi particuli\u00e8rement efficace pour r\u00e9guler l\u2019humidit\u00e9 et repousser l\u2019eau.<\/p>\n<h3><strong>Principaux avantages<\/strong><\/h3>\n<ul>\n<li><strong>Accentue le grain du bois :<\/strong> Mettez en valeur la beaut\u00e9 naturelle du bois en mettant en valeur le motif du grain.<\/li>\n<li><strong>R\u00e9gulant l\u2019humidit\u00e9 et r\u00e9pulsif \u00e0 l\u2019eau :<\/strong> Prot\u00e8ge le bois de l\u2019humidit\u00e9 et emp\u00eache l\u2019absorption de l\u2019eau, ce qui augmente la durabilit\u00e9.<\/li>\n<li><strong>Couleurs du bois r\u00e9sistantes \u00e0 la lumi\u00e8re :<\/strong> La teinture conserve sa couleur m\u00eame apr\u00e8s une exposition prolong\u00e9e au soleil.<\/li>\n<li><strong>Excellente r\u00e9sistance aux intemp\u00e9ries et durabilit\u00e9 en ext\u00e9rieur :<\/strong> Cela prot\u00e8ge id\u00e9alement le bois des \u00e9l\u00e9ments, ce qui le rend plus longtemps.<\/li>\n<li><strong>Protection UV :<\/strong> Pr\u00e9vient les dommages caus\u00e9s par les rayons UV nocifs, qui contribuent \u00e0 la pr\u00e9servation de la qualit\u00e9 du bois.<\/li>\n<\/ul>\n<h3><strong>De combien de Sigma WoodProtect Gloss ai-je besoin ?<\/strong><\/h3>\n<p>Avec un rendement pratique de 15 m\u00b2 par litre, le Sigma WoodProtect Gloss est id\u00e9al pour une couverture uniforme, selon le substrat et la m\u00e9thode d\u2019application choisie.<\/p>\n<details>\n<summary>Plus d'informations<\/summary>\n<section>\n<h3><strong>Sigma WoodProtect Gloss \u2013 Couleurs et emballage<\/strong><\/h3>\n<p>Cette teinture est disponible en diff\u00e9rentes couleurs de bois et tons d\u00e9coratifs selon la grille de couleurs Sigma WoodProtect, comme le teck, l\u2019acajou ou le ch\u00e2taignier. La teinture incolore n\u2019est pas recommand\u00e9e pour les applications ext\u00e9rieures en raison de sa r\u00e9sistance aux intemp\u00e9ries plus faible.<\/p>\n<ul>\n<li><strong>Niveau de brillance :<\/strong> Brillant<\/li>\n<li><strong>Emballage :<\/strong> Bidons de 1 litre et 2,5 litres<\/li>\n<\/ul>\n<h3><strong>Comment utiliser le gloss Sigma WoodProtect :<\/strong><\/h3>\n<ol>\n<li><strong>Pr\u00e9paration :<\/strong> Assurez-vous que le bois est propre, sec et sans poussi\u00e8re, avec une teneur en humidit\u00e9 ne d\u00e9passant pas 18 %.<\/li>\n<li><strong>Application :<\/strong>  Appliquez la teinture avec un pinceau ou un rouleau \u00e0 une temp\u00e9rature comprise entre 5\u00b0C et 30\u00b0C et avec une humidit\u00e9 relative allant jusqu\u2019\u00e0 85\u00a0%.<\/li>\n<li><strong>Temps de s\u00e9chage :<\/strong>\n<ul>\n<li>S\u00e9chage poussi\u00e9reux apr\u00e8s environ 4 heures<\/li>\n<li>Libre de sellerie apr\u00e8s environ 5 heures<\/li>\n<li>On peut le repeindre apr\u00e8s environ 16 heures<\/li>\n<\/ul>\n<\/li>\n<\/ol>\n<p>Stockage : Conservez la teinture dans un r\u00e9cipient sec et ferm\u00e9 \u00e0 une temp\u00e9rature comprise entre 5\u00b0C et 30\u00b0C.<\/p>\n<h3><strong>Pourquoi acheter chez Paintstore.be ?<\/strong><\/h3>\n<p>Au Paintstore.be vous b\u00e9n\u00e9ficiez de prix comp\u00e9titifs, d\u2019une livraison rapide et de conseils d\u2019experts. Choisissez parmi une large gamme et commandez facilement en ligne !<\/p>\n<\/section>\n<\/details>\n<p><a href=\"https:\/\/paintstore.be\/wp-content\/uploads\/2025\/10\/Sigma-WoodProtect-Gloss-technische-fiche.pdf\" title=\"Woodprotect gloss\" target=\"_blank\" rel=\"noopener\">Cliquez ici pour t\u00e9l\u00e9charger la fiche technique<\/a><\/p>","protected":false},"excerpt":{"rendered":"<p>Waarom kiezen voor Sigma WoodProtect Gloss ? Sigma WoodProtect Gloss is een hoogwaardige oplosmiddelhoudende beits die speciaal is ontwikkeld voor het beschermen en afwerken van klimaatscheidende elementen, zoals kozijnen, ramen en deuren. Met deze transparante beits geniet je van uitstekende bescherming tegen weersomstandigheden en UV-straling, terwijl de natuurlijke houtstructuur wordt geaccentueerd. De beits biedt niet [&hellip;]<\/p>\n","protected":false},"featured_media":903,"comment_status":"open","ping_status":"closed","template":"","meta":[],"product_brand":[90],"product_cat":[146,150,149],"product_tag":[],"class_list":{"0":"post-812","1":"product","2":"type-product","3":"status-publish","4":"has-post-thumbnail","6":"product_brand-sigma-coatings","7":"product_cat-houtbescherming-beits-buitenbeits","8":"product_cat-houtbescherming-beits-transparante-beits","9":"product_cat-houtbescherming-beits-tuinhuisbeits","10":"pa_basis-solventbasis","11":"pa_binnen-buiten-buiten","12":"pa_eigenschappen-superieure-uv-bescherming","13":"pa_glansgraad-hoogglans","14":"pa_inhoud-1l","15":"pa_inhoud-2-5l","16":"pa_kleur-gekleurd","17":"pa_kleur-kleurloos","18":"pa_merk-sigma-coatings","19":"pa_ondergrond-hout","20":"pa_overschilderbaar-vanaf-16-uur","21":"pa_upc-597","23":"first","24":"instock","25":"shipping-taxable","26":"purchasable","27":"product-type-variable"},"_links":{"self":[{"href":"https:\/\/medv-design.org\/fr\/wp-json\/wp\/v2\/product\/812","targetHints":{"allow":["GET"]}}],"collection":[{"href":"https:\/\/medv-design.org\/fr\/wp-json\/wp\/v2\/product"}],"about":[{"href":"https:\/\/medv-design.org\/fr\/wp-json\/wp\/v2\/types\/product"}],"replies":[{"embeddable":true,"href":"https:\/\/medv-design.org\/fr\/wp-json\/wp\/v2\/comments?post=812"}],"wp:featuredmedia":[{"embeddable":true,"href":"https:\/\/medv-design.org\/fr\/wp-json\/wp\/v2\/media\/903"}],"wp:attachment":[{"href":"https:\/\/medv-design.org\/fr\/wp-json\/wp\/v2\/media?parent=812"}],"wp:term":[{"taxonomy":"product_brand","embeddable":true,"href":"https:\/\/medv-design.org\/fr\/wp-json\/wp\/v2\/product_brand?post=812"},{"taxonomy":"product_cat","embeddable":true,"href":"https:\/\/medv-design.org\/fr\/wp-json\/wp\/v2\/product_cat?post=812"},{"taxonomy":"product_tag","embeddable":true,"href":"https:\/\/medv-design.org\/fr\/wp-json\/wp\/v2\/product_tag?post=812"}],"curies":[{"name":"wp","href":"https:\/\/api.w.org\/{rel}","templated":true}]}}