{"id":809,"date":"2025-12-08T20:01:14","date_gmt":"2025-12-08T20:01:14","guid":{"rendered":"https:\/\/medv-design.org\/product\/sigma-wallprimer-plus\/"},"modified":"2026-02-07T15:41:27","modified_gmt":"2026-02-07T15:41:27","slug":"sigma-wallprimer-plus","status":"publish","type":"product","link":"https:\/\/medv-design.org\/fr\/produit\/sigma-wallprimer-plus\/","title":{"rendered":"Sigma Wallprimer Plus"},"content":{"rendered":"<h3>Pourquoi choisir le Sigma Wallprimer Plus ?<\/h3>\n<p>De <strong>Sigma Wallprimer Plus<\/strong> est un appr\u00eat opaque de haute qualit\u00e9 pour les murs int\u00e9rieurs et plafonds. Cette appr\u00eat \u00e0 base d\u2019eau \u00e0 base de r\u00e9sines copolym\u00e8res vinyliques est sp\u00e9cialement con\u00e7ue pour niveler les substrats l\u00e9g\u00e8rement absorbants et assurer une adh\u00e9rence optimale de la couche de finition. Gr\u00e2ce \u00e0 la certification avec le <strong>\u00c9colabel europ\u00e9en<\/strong> Ce produit est non seulement efficace, mais aussi respectueux de l\u2019environnement. Id\u00e9al pour diverses surfaces telles que le pl\u00e2tre, le pl\u00e2tre, le b\u00e9ton a\u00e9r\u00e9, la ma\u00e7onnerie et le b\u00e9ton.<\/p>\n<h3>Principaux avantages du Sigma Wallprimer Plus<\/h3>\n<ul>\n<li><strong>Excellente couverture<\/strong>: Classe 2 selon le DIN EN 13300.<\/li>\n<li><strong>Effet de lissage<\/strong>: Niveaux sur des surfaces l\u00e9g\u00e8rement in\u00e9gales ou l\u00e9g\u00e8rement absorbantes.<\/li>\n<li><strong>Perm\u00e9able \u00e0 la vapeur d'eau<\/strong>: Permet au substrat de respirer et \u00e9vite les probl\u00e8mes d\u2019humidit\u00e9.<\/li>\n<li><strong>Adapt\u00e9 \u00e0 diff\u00e9rentes couches de finition<\/strong>: Peut \u00eatre repeint avec des peintures murales alkydiques et \u00e0 dispersion.<\/li>\n<li><strong>Isole la salet\u00e9 l\u00e9g\u00e8re<\/strong>: Id\u00e9al pour les surfaces contenant des contaminants l\u00e9gers et solubles dans l\u2019eau.<\/li>\n<li><strong>Sain et respectueux de l\u2019environnement<\/strong>: Exempt de solvants, de plastifiants et d\u2019\u00e9missions (teneur en COV &lt; 1 g\/l).<\/li>\n<li><strong>Certifi\u00e9 de mani\u00e8re approfondie<\/strong>: Respecte les normes Ecolabel, BREEAM, LEED, WELL, Qualit\u00e9 de l\u2019air int\u00e9rieur, Confort de l\u2019air int\u00e9rieur Gold et Cradle to Cradle Silver.<\/li>\n<li><strong>Faible odeur<\/strong>: Confortable \u00e0 utiliser, id\u00e9al pour les espaces imm\u00e9diatement utilis\u00e9s.<\/li>\n<\/ul>\n<h3>De combien de Sigma Wallprimer Plus ai-je besoin ?<\/h3>\n<p>L\u2019efficacit\u00e9 pratique de la <strong>Sigma Wallprimer Plus<\/strong> revient \u00e0 <strong>8 \u00e0 10 m\u00b2 par litre<\/strong>. Cela d\u00e9pend de facteurs tels que le substrat, la m\u00e9thode d\u2019application et les conditions lors de la peinture.<\/p>\n<details>\n<summary>Plus d'informations<\/summary>\n<section>\n<h3>Sigma Wallprimer plus en couleur<\/h3>\n<p>De <strong>Sigma Wallprimer Plus<\/strong> est disponible dans <strong>Blanc<\/strong> et des couleurs claires bas\u00e9es sur le blanc. La fin est <strong>Matt<\/strong>, faisant de cette base une excellente base pour la couche de finition. Veuillez noter qu\u2019il peut y avoir de l\u00e9g\u00e8res variations de couleur par rapport \u00e0 certains nudam\u00e8tres.<\/p>\n<h3>Disponibilit\u00e9 du Sigma Wallprimer Plus<\/h3>\n<p>De <strong>Sigma Wallprimer Plus<\/strong> est disponible en paquets de <strong>10 litres<\/strong>.<\/p>\n<h3>Profitez de nos offres sur le Sigma Wallprimer Plus<\/h3>\n<p>Ordre le <strong>Sigma Wallprimer Plus<\/strong> avantageux sur <strong>Paintstore.be<\/strong>. Gr\u00e2ce \u00e0 notre livraison rapide et fiable, vous pouvez commencer votre projet de peinture imm\u00e9diatement.<\/p>\n<h3>Pourquoi acheter le Sigma Wallprimer Plus chez Paintstore.be ?<\/h3>\n<p>Au <strong>Paintstore.be<\/strong>  Nous proposons des produits de haute qualit\u00e9, des conseils d\u2019experts et une livraison rapide. Que vous soyez professionnel ou un bricoleur, le <strong>Sigma Wallprimer Plus<\/strong> Vous obtiendrez un r\u00e9sultat parfait. Commandez d\u00e8s maintenant et profitez de la commodit\u00e9 d\u2019acheter de la peinture en ligne !<\/p>\n<\/section>\n<\/details>\n<p><a title=\"Wallprimer Plus\" href=\"https:\/\/paintstore.be\/wp-content\/uploads\/2025\/10\/Sigma-WallPrimer-Plus-technische-fiche.pdf\" target=\"_blank\" rel=\"noopener\">Cliquez ici pour t\u00e9l\u00e9charger la fiche technique<\/a><\/p>","protected":false},"excerpt":{"rendered":"<p>Waarom kiezen voor de Sigma Wallprimer Plus? De Sigma Wallprimer Plus is een hoogwaardige, dekkende primer voor binnenmuren en plafonds. Deze watergedragen primer op basis van vinylcopolymeerharsen is speciaal ontworpen om licht zuigende ondergronden te egaliseren en zorgt voor een optimale hechting van de afwerkingslaag. Dankzij de certificering met het Europees milieulabel Ecolabel is dit [&hellip;]<\/p>\n","protected":false},"featured_media":998,"comment_status":"open","ping_status":"closed","template":"","meta":[],"product_brand":[90],"product_cat":[47,140,31],"product_tag":[],"class_list":{"0":"post-809","1":"product","2":"type-product","3":"status-publish","4":"has-post-thumbnail","6":"product_brand-sigma-coatings","7":"product_cat-grondverf-primers","8":"product_cat-verf-grondverf-primers-primer-binnenmuren-plafonds","9":"product_cat-verf","10":"pa_basis-waterbasis","11":"pa_binnen-buiten-binnen","12":"pa_certificering-ecolabel","13":"pa_eigenschappen-egaliserend","14":"pa_glansgraad-mat","15":"pa_inhoud-10l","16":"pa_inhoud-2-5l","17":"pa_kleur-gekleurd","18":"pa_kleur-wit","19":"pa_merk-sigma-coatings","20":"pa_ondergrond-oude-verflagen","21":"pa_overschilderbaar-vanaf-4-uur","22":"pa_upc-704","24":"first","25":"instock","26":"shipping-taxable","27":"purchasable","28":"product-type-variable"},"_links":{"self":[{"href":"https:\/\/medv-design.org\/fr\/wp-json\/wp\/v2\/product\/809","targetHints":{"allow":["GET"]}}],"collection":[{"href":"https:\/\/medv-design.org\/fr\/wp-json\/wp\/v2\/product"}],"about":[{"href":"https:\/\/medv-design.org\/fr\/wp-json\/wp\/v2\/types\/product"}],"replies":[{"embeddable":true,"href":"https:\/\/medv-design.org\/fr\/wp-json\/wp\/v2\/comments?post=809"}],"wp:featuredmedia":[{"embeddable":true,"href":"https:\/\/medv-design.org\/fr\/wp-json\/wp\/v2\/media\/998"}],"wp:attachment":[{"href":"https:\/\/medv-design.org\/fr\/wp-json\/wp\/v2\/media?parent=809"}],"wp:term":[{"taxonomy":"product_brand","embeddable":true,"href":"https:\/\/medv-design.org\/fr\/wp-json\/wp\/v2\/product_brand?post=809"},{"taxonomy":"product_cat","embeddable":true,"href":"https:\/\/medv-design.org\/fr\/wp-json\/wp\/v2\/product_cat?post=809"},{"taxonomy":"product_tag","embeddable":true,"href":"https:\/\/medv-design.org\/fr\/wp-json\/wp\/v2\/product_tag?post=809"}],"curies":[{"name":"wp","href":"https:\/\/api.w.org\/{rel}","templated":true}]}}