{"id":808,"date":"2025-12-08T20:01:12","date_gmt":"2025-12-08T20:01:12","guid":{"rendered":"https:\/\/medv-design.org\/product\/sigma-wallprim\/"},"modified":"2026-02-07T15:41:30","modified_gmt":"2026-02-07T15:41:30","slug":"sigma-wallprim","status":"publish","type":"product","link":"https:\/\/medv-design.org\/fr\/produit\/sigma-wallprim\/","title":{"rendered":"Sigma Wallprim"},"content":{"rendered":"<p><a href=\"https:\/\/paintstore.be\/kleuren\/\" target=\"_blank\" rel=\"noopener\">Voir les diff\u00e9rentes cartes de couleurs ici<\/a><\/p>\n<h3>Pourquoi choisir l\u2019appr\u00eat Sigma Wallprim ?<\/h3>\n<p><strong>Sigma Wallprim Primer<\/strong> est un appr\u00eat mural de haute qualit\u00e9 \u00e0 base d\u2019eau, sp\u00e9cialement d\u00e9velopp\u00e9 pour un usage int\u00e9rieur. Cette appr\u00eat pigment\u00e9 bas\u00e9 sur la dispersion acrylique avec la \u00ab technologie de r\u00e9ticulation \u00bb est id\u00e9al pour niveler les surfaces absorbantes et cr\u00e9er une base optimale pour la couche finale. <strong>Sigma Wallprim Primer<\/strong> convient \u00e0 une large gamme de substrats, tels que le pl\u00e2tre, le pl\u00e2tre, le b\u00e9ton a\u00e9r\u00e9, la ma\u00e7onnerie et le b\u00e9ton. Qu\u2019il s\u2019agisse de nouveaux murs, plafonds ou de travaux d\u2019entretien, cet appr\u00eat offre une excellente adh\u00e9rence et un r\u00e9sultat final uniforme.<\/p>\n<h3>Principaux avantages de l\u2019appr\u00eat Sigma Wallprim<\/h3>\n<ul>\n<li><strong>Augmentation de la couverture<\/strong>: Am\u00e9liore significativement la couverture de la couche de finition.<\/li>\n<li><strong>Lissage par absorption<\/strong>: Uniformise les diff\u00e9rences d\u2019absorption et emp\u00eache la brillance (taches ternes et brillantes) dans la couche de finition.<\/li>\n<li><strong>Augmente le temps d\u2019ouverture<\/strong>: Facilite le travail de la couche de finition et r\u00e9duit le risque de tassement.<\/li>\n<li><strong>Id\u00e9al pour les travaux d\u2019entretien<\/strong>: Parfait comme premi\u00e8re couche pour les r\u00e9parations ou les surfaces de peinture anciennes tr\u00e8s absorbantes.<\/li>\n<li><strong>Perm\u00e9able \u00e0 la vapeur d'eau<\/strong>: Permet au substrat de respirer, ce qui est id\u00e9al pour la gestion de l\u2019humidit\u00e9.<\/li>\n<li><strong>Peinture polyvalente<\/strong>: Adapt\u00e9 \u00e0 la finition avec des peintures murales alkydiques et \u00e0 dispersion.<\/li>\n<li><strong>Insolvable<\/strong>: Durable et r\u00e9sistant au vieillissement.<\/li>\n<li><strong>Facile \u00e0 traiter<\/strong>: Facile \u00e0 appliquer avec un pinceau, un rouleau ou un spray m\u00e9canique.<\/li>\n<li><strong>Respectueux de l\u2019environnement<\/strong>: faible odeur, sans solvant et contenant moins de 1 g\/l de COV.<\/li>\n<\/ul>\n<h3>De combien de Sigma Wallprim Primer dois-je avoir besoin ?<\/h3>\n<p>Le retour pratique de <strong>Sigma Wallprim Primer<\/strong> is <strong>7 \u00e0 9 m\u00b2 par litre<\/strong>. La quantit\u00e9 exacte d\u00e9pend de la nature du substrat, de la m\u00e9thode d\u2019application et des facteurs environnementaux tels que la temp\u00e9rature et l\u2019humidit\u00e9.<\/p>\n<details>\n<summary>Plus d'informations<\/summary>\n<section>\n<h3>Primer Sigma Wallprim en couleur<\/h3>\n<p><strong>Sigma Wallprim Primer<\/strong> est disponible dans <strong>Blanc<\/strong>  et des tons clairs. En plus des couleurs populaires RAL 9010 et RAL 9016, cette peinture peut \u00eatre fabriqu\u00e9e dans de nombreuses autres couleurs claires provenant de diff\u00e9rentes marques et collections. La fin est <strong>Matt<\/strong>, en faisant une base parfaite pour une finition uniforme.<\/p>\n<h3>Sigma Wallprim Primer : Disponibilit\u00e9<\/h3>\n<p><strong>Sigma Wallprim Primer<\/strong> est disponible en paquets de <strong>2,5 et 10 litres<\/strong>, id\u00e9al aussi bien pour les projets plus petits que plus grands.<\/p>\n<h3>Profitez de nos offres sur l\u2019appr\u00eat Sigma Wallprim<\/h3>\n<p>Au <strong>Paintstore.be<\/strong> vous pouvez <strong>Sigma Wallprim Primer<\/strong> Commandez pas cher. Gr\u00e2ce \u00e0 notre livraison rapide et \u00e0 notre excellent service, vous pouvez commencer votre projet de peinture imm\u00e9diatement.<\/p>\n<h3>Pourquoi acheter un primer Sigma Wallprim chez Paintstore.be ?<\/h3>\n<p>Au <strong>Paintstore.be<\/strong>  Nous combinons des produits de qualit\u00e9 avec des conseils d\u2019experts et un service rapide. Notre grand stock et notre boutique en ligne conviviale facilitent la livraison rapide de vos produits de peinture. Choisir <strong>Sigma Wallprim Primer<\/strong> Et d\u00e9couvrez par vous-m\u00eame les bienfaits de la peinture professionnelle !<\/p>\n<\/section>\n<\/details>\n<p><a title=\"Wallprim\" target=\"_blank\" rel=\"noopener\" href=\"https:\/\/paintstore.be\/wp-content\/uploads\/2025\/10\/Sigma-WallPrim-Technische-fiche.pdf\">Cliquez ici pour t\u00e9l\u00e9charger la fiche technique<\/a><\/p>","protected":false},"excerpt":{"rendered":"<p>Bekijk hier de verschillende kleurenkaarten Waarom kiezen voor Sigma Wallprim Primer? Sigma Wallprim Primer is een hoogwaardige watergedragen muurprimer die speciaal is ontwikkeld voor binnengebruik. Deze gepigmenteerde primer op basis van acrylaatdispersie met &#8220;crosslinking technologie&#8221; is ideaal voor het egaliseren van absorberende oppervlakken en het cre\u00ebren van een optimale basis voor de eindlaag. Sigma Wallprim [&hellip;]<\/p>\n","protected":false},"featured_media":860,"comment_status":"open","ping_status":"closed","template":"","meta":[],"product_brand":[90],"product_cat":[47,140,31],"product_tag":[],"class_list":{"0":"post-808","1":"product","2":"type-product","3":"status-publish","4":"has-post-thumbnail","6":"product_brand-sigma-coatings","7":"product_cat-grondverf-primers","8":"product_cat-verf-grondverf-primers-primer-binnenmuren-plafonds","9":"product_cat-verf","10":"pa_basis-waterbasis","11":"pa_binnen-buiten-binnen","12":"pa_eigenschappen-egaliserend","13":"pa_glansgraad-mat","14":"pa_inhoud-10l","15":"pa_inhoud-2-5l","16":"pa_kleur-gekleurd","17":"pa_kleur-wit","18":"pa_merk-sigma-coatings","19":"pa_ondergrond-oude-verflagen","20":"pa_overschilderbaar-vanaf-6-uur","21":"pa_upc-680","23":"first","24":"instock","25":"shipping-taxable","26":"purchasable","27":"product-type-variable"},"_links":{"self":[{"href":"https:\/\/medv-design.org\/fr\/wp-json\/wp\/v2\/product\/808","targetHints":{"allow":["GET"]}}],"collection":[{"href":"https:\/\/medv-design.org\/fr\/wp-json\/wp\/v2\/product"}],"about":[{"href":"https:\/\/medv-design.org\/fr\/wp-json\/wp\/v2\/types\/product"}],"replies":[{"embeddable":true,"href":"https:\/\/medv-design.org\/fr\/wp-json\/wp\/v2\/comments?post=808"}],"wp:featuredmedia":[{"embeddable":true,"href":"https:\/\/medv-design.org\/fr\/wp-json\/wp\/v2\/media\/860"}],"wp:attachment":[{"href":"https:\/\/medv-design.org\/fr\/wp-json\/wp\/v2\/media?parent=808"}],"wp:term":[{"taxonomy":"product_brand","embeddable":true,"href":"https:\/\/medv-design.org\/fr\/wp-json\/wp\/v2\/product_brand?post=808"},{"taxonomy":"product_cat","embeddable":true,"href":"https:\/\/medv-design.org\/fr\/wp-json\/wp\/v2\/product_cat?post=808"},{"taxonomy":"product_tag","embeddable":true,"href":"https:\/\/medv-design.org\/fr\/wp-json\/wp\/v2\/product_tag?post=808"}],"curies":[{"name":"wp","href":"https:\/\/api.w.org\/{rel}","templated":true}]}}