{"id":807,"date":"2025-12-08T20:01:12","date_gmt":"2025-12-08T20:01:12","guid":{"rendered":"https:\/\/medv-design.org\/product\/sigma-voice-of-colour-kleurenwaaier\/"},"modified":"2026-02-07T15:41:33","modified_gmt":"2026-02-07T15:41:33","slug":"sigma-voice-of-colour-kleurenwaaier","status":"publish","type":"product","link":"https:\/\/medv-design.org\/fr\/produit\/sigma-voice-of-colour-kleurenwaaier\/","title":{"rendered":"Sigma Voix de la couleur Gamme de couleurs"},"content":{"rendered":"<p>Voice of Colour est le syst\u00e8me de couleurs de Sigma Coatings. Le syst\u00e8me de couleurs comprend plus de 2 000 couleurs soigneusement s\u00e9lectionn\u00e9es et a \u00e9t\u00e9 d\u00e9velopp\u00e9 par nos experts internes en couleurs. Les couleurs d\u00e9clenchent des \u00e9motions.  Les couleurs vous permettent de vous exprimer et de cr\u00e9er de l\u2019harmonie dans votre maison. Mais recommander les bonnes couleurs dans la bonne combinaison peut s\u2019av\u00e9rer une t\u00e2che ardue. \u00cates-vous d\u00e9courag\u00e9 ? Ne cherchez pas plus loin.  Avec notre syst\u00e8me de couleurs pratique, vous pouvez facilement cr\u00e9er l\u2019atmosph\u00e8re d\u00e9sir\u00e9e dans n\u2019importe quelle pi\u00e8ce. Voice of Colour aide lors de la recherche des bonnes couleurs, que ce soit une pi\u00e8ce, une maison enti\u00e8re ou un grand projet. L\u2019objectif ultime est d\u2019inspirer votre client, de trouver le style adapt\u00e9 \u00e0 un projet et de cr\u00e9er facilement des combinaisons de couleurs.<\/p>","protected":false},"excerpt":{"rendered":"<p>Voice of Colour is het kleursysteem van Sigma Coatings. Het kleursysteem bestaat uit meer dan 2,000 zorgvuldig geselecteerde kleuren en is ontwikkeld door onze eigen kleurexperts. Kleuren brengen emoties teweeg. Met kleuren kunt u uzelf uitdrukken en harmonie in huis cre\u00ebren. Maar het aanbevelen van de juiste kleuren in de juiste combinatie kan een lastige [&hellip;]<\/p>\n","protected":false},"featured_media":1042,"comment_status":"open","ping_status":"closed","template":"","meta":[],"product_brand":[90],"product_cat":[30],"product_tag":[],"class_list":{"0":"post-807","1":"product","2":"type-product","3":"status-publish","4":"has-post-thumbnail","6":"product_brand-sigma-coatings","7":"product_cat-kleurenkaarten","8":"pa_eigenschappen-kleurenwaaier","9":"pa_merk-sigma-coatings","10":"pa_upc-596","12":"first","13":"instock","14":"shipping-taxable","15":"purchasable","16":"product-type-simple"},"_links":{"self":[{"href":"https:\/\/medv-design.org\/fr\/wp-json\/wp\/v2\/product\/807","targetHints":{"allow":["GET"]}}],"collection":[{"href":"https:\/\/medv-design.org\/fr\/wp-json\/wp\/v2\/product"}],"about":[{"href":"https:\/\/medv-design.org\/fr\/wp-json\/wp\/v2\/types\/product"}],"replies":[{"embeddable":true,"href":"https:\/\/medv-design.org\/fr\/wp-json\/wp\/v2\/comments?post=807"}],"wp:featuredmedia":[{"embeddable":true,"href":"https:\/\/medv-design.org\/fr\/wp-json\/wp\/v2\/media\/1042"}],"wp:attachment":[{"href":"https:\/\/medv-design.org\/fr\/wp-json\/wp\/v2\/media?parent=807"}],"wp:term":[{"taxonomy":"product_brand","embeddable":true,"href":"https:\/\/medv-design.org\/fr\/wp-json\/wp\/v2\/product_brand?post=807"},{"taxonomy":"product_cat","embeddable":true,"href":"https:\/\/medv-design.org\/fr\/wp-json\/wp\/v2\/product_cat?post=807"},{"taxonomy":"product_tag","embeddable":true,"href":"https:\/\/medv-design.org\/fr\/wp-json\/wp\/v2\/product_tag?post=807"}],"curies":[{"name":"wp","href":"https:\/\/api.w.org\/{rel}","templated":true}]}}