{"id":806,"date":"2025-12-08T20:01:12","date_gmt":"2025-12-08T20:01:12","guid":{"rendered":"https:\/\/medv-design.org\/product\/sigma-varnish-yacht-gloss\/"},"modified":"2026-02-07T15:41:36","modified_gmt":"2026-02-07T15:41:36","slug":"sigma-varnish-yacht-gloss","status":"publish","type":"product","link":"https:\/\/medv-design.org\/fr\/produit\/sigma-varnish-yacht-gloss\/","title":{"rendered":"Vernis Sigma Gloss pour yacht"},"content":{"rendered":"<h3 data-start=\"100\" data-end=\"147\"><strong data-start=\"104\" data-end=\"145\">Pourquoi choisir Sigma Yacht Gloss ?<\/strong><\/h3>\n<p data-start=\"149\" data-end=\"584\"><strong data-start=\"149\" data-end=\"170\">Sigma Yacht Gloss<\/strong> est un <strong data-start=\"178\" data-end=\"212\">Vernis \u00e0 base de solvant<\/strong> Bas\u00e9 sur la r\u00e9sine huile-ph\u00e9nol-alkyde du bois, sp\u00e9cialement d\u00e9velopp\u00e9e pour des applications ext\u00e9rieures. Ce vernis \u00e0 haute brillance est id\u00e9alement adapt\u00e9 \u00e0 la finition <strong data-start=\"365\" data-end=\"397\">Menuiserie sur yachts et bateaux<\/strong>, au-dessus du niveau de l\u2019eau. Gr\u00e2ce \u00e0 son excellente r\u00e9sistance aux intemp\u00e9ries et \u00e0 son \u00e9lasticit\u00e9, <strong data-start=\"486\" data-end=\"507\">Sigma Yacht Gloss<\/strong> Protection durable contre l\u2019humidit\u00e9, le sel et d\u2019autres influences ext\u00e9rieures.<\/p>\n<h3 data-start=\"586\" data-end=\"605\"><strong data-start=\"590\" data-end=\"603\">Avantages<\/strong><\/h3>\n<p data-start=\"607\" data-end=\"1027\">\u2714 <strong data-start=\"609\" data-end=\"626\">\u00c9tanche aux intemp\u00e9ries<\/strong> \u2013 Prot\u00e8ge le bois de la pluie, du vent et des rayons UV pendant longtemps<br data-start=\"686\" data-end=\"689\">\u2714 <strong data-start=\"691\" data-end=\"727\">R\u00e9sistant \u00e0 l\u2019eau sal\u00e9e et douce<\/strong> \u2013 Adapt\u00e9 aux applications marines (non sous-marines)<br data-start=\"785\" data-end=\"788\">\u2714 <strong data-start=\"790\" data-end=\"814\">Excellent \u00e9coulement<\/strong> \u2013 Offre une finition propre et uniforme<br data-start=\"863\" data-end=\"866\">\u2714 <strong data-start=\"868\" data-end=\"886\">Tr\u00e8s \u00e9lastique<\/strong> \u2013 Mouvement avec le bois, emp\u00eache les fissures et les \u00e9caillages<br data-start=\"946\" data-end=\"949\">\u2714 <strong data-start=\"951\" data-end=\"974\">Finition tr\u00e8s brillante<\/strong> \u2013 Met en valeur la beaut\u00e9 naturelle du bois<\/p>\n<h3 data-start=\"1029\" data-end=\"1078\"><strong data-start=\"1033\" data-end=\"1076\">De combien de Sigma Yacht Gloss ai-je besoin ?<\/strong><\/h3>\n<p data-start=\"1080\" data-end=\"1211\">L\u2019efficacit\u00e9 th\u00e9orique de <strong data-start=\"1110\" data-end=\"1131\">Sigma Yacht Gloss<\/strong> is <strong data-start=\"1135\" data-end=\"1156\">16 m\u00b2 par litre<\/strong>, selon le substrat et la m\u00e9thode d\u2019application.<\/p>\n<p data-start=\"1080\" data-end=\"1211\"><\/p>\n<details>\n<summary>Plus d'informations<\/summary>\n<section>\n<h3><strong>Couleurs et emballage<\/strong><\/h3>\n<p>Exactement <strong>Vernis du bois<\/strong> is <strong>Blanc et brillant<\/strong>, id\u00e9al pour une finition luxueuse.<\/p>\n<ul>\n<li><strong>Finition<\/strong>: Tr\u00e8s brillant<\/li>\n<li><strong>Emballage<\/strong>: Des bo\u00eetes de <strong>1 litre et 2,5 litres<\/strong><\/li>\n<\/ul>\n<h3><strong>Comment utiliser le gloss Sigma Yacht ?<\/strong><\/h3>\n<p><strong>Pr\u00e9paration<\/strong>: Assurez-vous que la surface est bien nettoy\u00e9e. D\u00e9graisse les bois gras pour une adh\u00e9rence optimale. La teneur en humidit\u00e9 du bois ne peut pas d\u00e9passer <strong>18%<\/strong> .<br \/><strong>Application<\/strong>: Appliquer le vernis \u00e0 une temp\u00e9rature interm\u00e9diaire <strong>5\u00b0C et 30\u00b0C<\/strong> et une humidit\u00e9 relative maximale <strong>85%<\/strong>. Assurez-vous que la temp\u00e9rature du substrat est au moins <strong>3\u00b0C au-dessus du point de ros\u00e9e<\/strong> .<br \/><strong>S\u00e9chage<\/strong>:<\/p>\n<ul>\n<li>S\u00e9chage poussi\u00e9reux apr\u00e8s <strong>environ 4 heures<\/strong><\/li>\n<li>Sans seller apr\u00e8s <strong>environ 5 heures<\/strong><\/li>\n<li>Pon\u00e7able apr\u00e8s <strong>environ 16 heures<\/strong><\/li>\n<li>Peut \u00eatre peint apr\u00e8s <strong>environ 16 heures<\/strong><\/li>\n<\/ul>\n<p><strong>Stockage<\/strong>: Conserver le vernis dans son emballage d\u2019origine, herm\u00e9tiquement scell\u00e9, dans un endroit sec \u00e0 une temp\u00e9rature interm\u00e9diaire <strong>5\u00b0C et 30\u00b0C<\/strong>.<\/p>\n<h3><strong>Pourquoi commander chez Paintstore.be ?<\/strong><\/h3>\n<p>\u00c0 Paintstore.be vous en b\u00e9n\u00e9ficiez <strong>Prix comp\u00e9titifs, livraison rapide et conseils d\u2019experts<\/strong>. Commandez simplement votre <strong>Sigma Yacht Gloss<\/strong> Et recevez-le rapidement chez vous !<\/p>\n<\/section>\n<\/details>\n<p><a href=\"https:\/\/paintstore.be\/wp-content\/uploads\/2025\/10\/Sigma-Varnish-Yacht-Gloss-technische-fiche.pdf\" title=\"Vernis brillant pour yachts\" target=\"_blank\" rel=\"noopener\">Cliquez ici pour t\u00e9l\u00e9charger la fiche technique<\/a><\/p>","protected":false},"excerpt":{"rendered":"<p>Waarom kiezen voor Sigma Yacht Gloss? Sigma Yacht Gloss is een oplosmiddelhoudende houtvernis op basis van houtolie-fenol-alkydhars, speciaal ontwikkeld voor buitentoepassingen. Deze hoogglans vernis is bij uitstek geschikt voor het afwerken van houtwerk op jachten en boten, boven de waterspiegel. Dankzij de uitstekende weersbestendigheid en elasticiteit biedt Sigma Yacht Gloss langdurige bescherming tegen vocht, zout [&hellip;]<\/p>\n","protected":false},"featured_media":912,"comment_status":"open","ping_status":"closed","template":"","meta":[],"product_brand":[90],"product_cat":[136,61],"product_tag":[],"class_list":{"0":"post-806","1":"product","2":"type-product","3":"status-publish","4":"has-post-thumbnail","6":"product_brand-sigma-coatings","7":"product_cat-houtbescherming-blanke-lak-vernis","8":"product_cat-houtbescherming","9":"pa_basis-solventbasis","10":"pa_binnen-buiten-buiten","11":"pa_eigenschappen-houtnerf-zichtbaar","12":"pa_glansgraad-hoogglans","13":"pa_inhoud-1l","14":"pa_inhoud-2-5l","15":"pa_merk-sigma-coatings","16":"pa_ondergrond-hout","17":"pa_overschilderbaar-vanaf-16-uur","18":"pa_upc-657","20":"first","21":"instock","22":"shipping-taxable","23":"purchasable","24":"product-type-variable"},"_links":{"self":[{"href":"https:\/\/medv-design.org\/fr\/wp-json\/wp\/v2\/product\/806","targetHints":{"allow":["GET"]}}],"collection":[{"href":"https:\/\/medv-design.org\/fr\/wp-json\/wp\/v2\/product"}],"about":[{"href":"https:\/\/medv-design.org\/fr\/wp-json\/wp\/v2\/types\/product"}],"replies":[{"embeddable":true,"href":"https:\/\/medv-design.org\/fr\/wp-json\/wp\/v2\/comments?post=806"}],"wp:featuredmedia":[{"embeddable":true,"href":"https:\/\/medv-design.org\/fr\/wp-json\/wp\/v2\/media\/912"}],"wp:attachment":[{"href":"https:\/\/medv-design.org\/fr\/wp-json\/wp\/v2\/media?parent=806"}],"wp:term":[{"taxonomy":"product_brand","embeddable":true,"href":"https:\/\/medv-design.org\/fr\/wp-json\/wp\/v2\/product_brand?post=806"},{"taxonomy":"product_cat","embeddable":true,"href":"https:\/\/medv-design.org\/fr\/wp-json\/wp\/v2\/product_cat?post=806"},{"taxonomy":"product_tag","embeddable":true,"href":"https:\/\/medv-design.org\/fr\/wp-json\/wp\/v2\/product_tag?post=806"}],"curies":[{"name":"wp","href":"https:\/\/api.w.org\/{rel}","templated":true}]}}