{"id":805,"date":"2025-12-08T20:01:11","date_gmt":"2025-12-08T20:01:11","guid":{"rendered":"https:\/\/medv-design.org\/product\/sigma-varnish-ultra-matt\/"},"modified":"2026-02-07T15:41:39","modified_gmt":"2026-02-07T15:41:39","slug":"sigma-varnish-ultra-matt","status":"publish","type":"product","link":"https:\/\/medv-design.org\/fr\/produit\/sigma-varnish-ultra-matt\/","title":{"rendered":"Sigma Varnish Ultra Matt"},"content":{"rendered":"<h3 data-start=\"106\" data-end=\"160\"><strong data-start=\"110\" data-end=\"158\">Pourquoi choisir Sigma Varnish Ultra Matt ?<\/strong><\/h3>\n<p data-start=\"162\" data-end=\"703\"><strong data-start=\"162\" data-end=\"190\">Sigma Varnish Ultra Matt<\/strong> est une qualit\u00e9 sup\u00e9rieure <strong data-start=\"211\" data-end=\"235\">Vernis \u00e0 base d'eau<\/strong> Bas\u00e9 sur la dispersion polyur\u00e9thane-acrylate, sp\u00e9cialement d\u00e9velopp\u00e9 pour des applications int\u00e9rieures. Gr\u00e2ce \u00e0 la <strong data-start=\"337\" data-end=\"362\">Finition ultra mate<\/strong> Le bois conserve son apparence naturelle, sans \u00e9clat. Id\u00e9al pour la finition <strong data-start=\"449\" data-end=\"507\">lambris, lambris, rampes et portes<\/strong>, ainsi que <strong data-start=\"517\" data-end=\"566\">Escaliers et sols moins utilis\u00e9s<\/strong> Dans les foyers. Ce vernis est lisse \u00e0 appliquer, s\u00e8che rapidement et offre une protection durable contre l\u2019usure et le stress quotidien.<\/p>\n<h3 data-start=\"705\" data-end=\"724\"><strong data-start=\"709\" data-end=\"722\">Avantages<\/strong><\/h3>\n<p data-start=\"726\" data-end=\"1338\">\u2714 <strong data-start=\"728\" data-end=\"753\">Finition ultra mate<\/strong> \u2013 Conserve l\u2019aspect naturel du bois<br data-start=\"799\" data-end=\"802\">\u2714 <strong data-start=\"804\" data-end=\"827\">Fluide \u00e0 traiter<\/strong> \u2013 Application facile avec brosse ou rouleau<br data-start=\"871\" data-end=\"874\">\u2714 <strong data-start=\"876\" data-end=\"894\">S\u00e9chage rapide<\/strong> \u2013 S\u00e9chage apr\u00e8s 1 heure, peint apr\u00e8s 4 heures<br data-start=\"942\" data-end=\"945\">\u2714 <strong data-start=\"947\" data-end=\"958\">Mauvaise odeur<\/strong> \u2013 Travail confortable sans forte odeur<br data-start=\"998\" data-end=\"1001\">\u2714 <strong data-start=\"1003\" data-end=\"1025\">R\u00e9sistant aux rayures et \u00e0 l\u2019usure<\/strong> \u2013 Protection \u00e0 long terme contre l\u2019usure<br data-start=\"1065\" data-end=\"1068\">\u2714 <strong data-start=\"1070\" data-end=\"1091\">Apparence uniforme<\/strong> \u2013 Offre une finition propre et uniforme<br data-start=\"1140\" data-end=\"1143\">\u2714 <strong data-start=\"1145\" data-end=\"1191\">Bonne r\u00e9sistance aux agents domestiques<\/strong> \u2013 R\u00e9sistant \u00e0 l\u2019eau, au caf\u00e9, au th\u00e9, au vin et \u00e0 l\u2019alcool (40 %) apr\u00e8s 7 jours de s\u00e9chage<br data-start=\"1272\" data-end=\"1275\">\u2714 <strong data-start=\"1277\" data-end=\"1304\">Facile \u00e0 nettoyer<\/strong> \u2013 Id\u00e9al pour un usage quotidien<\/p>\n<h3 data-start=\"1340\" data-end=\"1396\"><strong data-start=\"1344\" data-end=\"1394\">Combien de Sigma Varnish Ultra Matt ai-je besoin ?<\/strong><\/h3>\n<p data-start=\"1398\" data-end=\"1534\">L\u2019efficacit\u00e9 th\u00e9orique de <strong data-start=\"1428\" data-end=\"1456\">Sigma Varnish Ultra Matt<\/strong> is <strong data-start=\"1460\" data-end=\"1479\">12 m\u00b2 par litre<\/strong>, selon le substrat et la m\u00e9thode d\u2019application.<\/p>\n<details>\n<summary>Plus d'informations<\/summary>\n<section>\n<h3><strong>Couleurs et emballage<\/strong><\/h3>\n<p>Exactement <strong>Vernis du bois<\/strong> is <strong>Blanc et ultra mat<\/strong>, mais peut aussi \u00eatre color\u00e9 dans certaines nuances transparentes.<\/p>\n<ul>\n<li><strong>Finition<\/strong>: Ultra mat<\/li>\n<li><strong>Emballage<\/strong>: Des bo\u00eetes de <strong>0,5 litre, 1 litre et 2,5 litres<\/strong><\/li>\n<\/ul>\n<h3><strong>Comment utiliser Sigma Varnish Ultra Matt ?<\/strong><\/h3>\n<p><strong>Pr\u00e9paration<\/strong>: Assurez-vous que la surface est propre, s\u00e8che et d\u00e9gag\u00e9e de poussi\u00e8re.<br \/><strong>Application<\/strong>: Appliquer le vernis avec un pinceau ou un rouleau \u00e0 une temp\u00e9rature interm\u00e9diaire <strong>7\u00b0C et 25\u00b0C<\/strong> et une humidit\u00e9 relative entre <strong>60 % et 85 %<\/strong>.<br \/><strong>S\u00e9chage<\/strong>:<\/p>\n<ul>\n<li>S\u00e9chage poussi\u00e9reux apr\u00e8s <strong>environ 1 heure<\/strong><\/li>\n<li>Sans seller apr\u00e8s <strong>environ 2 heures<\/strong><\/li>\n<li>Peut \u00eatre peint apr\u00e8s <strong>minimum 4 heures<\/strong><\/li>\n<\/ul>\n<p><strong>Stockage<\/strong>: Conserver le vernis dans son emballage d\u2019origine, herm\u00e9tiquement scell\u00e9, dans un endroit sec \u00e0 une temp\u00e9rature interm\u00e9diaire <strong>5\u00b0C et 30\u00b0C<\/strong>.<\/p>\n<h3><strong>Pourquoi commander chez Paintstore.be ?<\/strong><\/h3>\n<p>\u00c0 Paintstore.be vous en b\u00e9n\u00e9ficiez <strong>Prix comp\u00e9titifs, livraison rapide et conseils d\u2019experts<\/strong>. Commandez simplement votre <strong>Sigma Varnish Ultra Matt<\/strong> Et recevez-le rapidement chez vous !<\/p>\n<\/section>\n<\/details>\n<p><a href=\"https:\/\/paintstore.be\/wp-content\/uploads\/2025\/10\/sigma-varnish-ultra-matt-technische-fiche.pdf\" title=\"Vernis mat\" target=\"_blank\" rel=\"noopener\">Cliquez ici pour t\u00e9l\u00e9charger la fiche technique<\/a><\/p>","protected":false},"excerpt":{"rendered":"<p>Waarom kiezen voor Sigma Varnish Ultra Matt? Sigma Varnish Ultra Matt is een hoogwaardige watergedragen vernis op basis van polyurethaan-acrylaatdispersie, speciaal ontwikkeld voor binnentoepassingen. Dankzij de ultra matte afwerking behoudt hout zijn natuurlijke uitstraling, zonder glans. Ideaal voor het afwerken van betimmeringen, lambriseringen, trapleuningen en deuren, evenals minder intensief gebruikte trappen en vloeren in woningen. [&hellip;]<\/p>\n","protected":false},"featured_media":848,"comment_status":"open","ping_status":"closed","template":"","meta":[],"product_brand":[90],"product_cat":[136,61],"product_tag":[],"class_list":{"0":"post-805","1":"product","2":"type-product","3":"status-publish","4":"has-post-thumbnail","6":"product_brand-sigma-coatings","7":"product_cat-houtbescherming-blanke-lak-vernis","8":"product_cat-houtbescherming","9":"pa_basis-waterbasis","10":"pa_binnen-buiten-binnen","11":"pa_eigenschappen-houtnerf-zichtbaar","12":"pa_glansgraad-mat","13":"pa_inhoud-0-5l","14":"pa_inhoud-1l","15":"pa_inhoud-2-5l","16":"pa_merk-sigma-coatings","17":"pa_ondergrond-hout","18":"pa_overschilderbaar-vanaf-4-uur","19":"pa_upc-601","21":"first","22":"instock","23":"shipping-taxable","24":"purchasable","25":"product-type-variable"},"_links":{"self":[{"href":"https:\/\/medv-design.org\/fr\/wp-json\/wp\/v2\/product\/805","targetHints":{"allow":["GET"]}}],"collection":[{"href":"https:\/\/medv-design.org\/fr\/wp-json\/wp\/v2\/product"}],"about":[{"href":"https:\/\/medv-design.org\/fr\/wp-json\/wp\/v2\/types\/product"}],"replies":[{"embeddable":true,"href":"https:\/\/medv-design.org\/fr\/wp-json\/wp\/v2\/comments?post=805"}],"wp:featuredmedia":[{"embeddable":true,"href":"https:\/\/medv-design.org\/fr\/wp-json\/wp\/v2\/media\/848"}],"wp:attachment":[{"href":"https:\/\/medv-design.org\/fr\/wp-json\/wp\/v2\/media?parent=805"}],"wp:term":[{"taxonomy":"product_brand","embeddable":true,"href":"https:\/\/medv-design.org\/fr\/wp-json\/wp\/v2\/product_brand?post=805"},{"taxonomy":"product_cat","embeddable":true,"href":"https:\/\/medv-design.org\/fr\/wp-json\/wp\/v2\/product_cat?post=805"},{"taxonomy":"product_tag","embeddable":true,"href":"https:\/\/medv-design.org\/fr\/wp-json\/wp\/v2\/product_tag?post=805"}],"curies":[{"name":"wp","href":"https:\/\/api.w.org\/{rel}","templated":true}]}}