{"id":803,"date":"2025-12-08T20:01:11","date_gmt":"2025-12-08T20:01:11","guid":{"rendered":"https:\/\/medv-design.org\/product\/sigma-torno-aqua-semi-gloss\/"},"modified":"2026-02-07T15:41:44","modified_gmt":"2026-02-07T15:41:44","slug":"sigma-torno-aqua-semi-gloss","status":"publish","type":"product","link":"https:\/\/medv-design.org\/fr\/produit\/sigma-torno-aqua-semi-gloss\/","title":{"rendered":"Sigma Torno Aqua semi-brillant"},"content":{"rendered":"<p><a href=\"https:\/\/paintstore.be\/kleuren\/\" target=\"_blank\" rel=\"noopener\">Voir les diff\u00e9rentes cartes de couleurs ici<\/a><\/p>\n<h3>Pourquoi choisir Sigma Torno Aqua Semi-Gloss ?<\/h3>\n<p>La Sigma Torno Aqua Semi-Gloss est une peinture laque semi-brillante \u00e0 base d\u2019eau bas\u00e9e sur une dispersion acrylique \u00e0 100 %, adapt\u00e9e aussi bien aux applications int\u00e9rieures qu\u2019ext\u00e9rieures. Cette peinture est id\u00e9ale pour la pr\u00e9finition et la finition de diverses surfaces, telles que le bois, le b\u00e9ton, le pl\u00e2tre et le plastique. Cette peinture peut \u00e9galement \u00eatre appliqu\u00e9e sur des couches m\u00e9talliques et anciennes de r\u00e9sine alkyde, \u00e0 condition que la bonne pr\u00e9paration ait \u00e9t\u00e9 r\u00e9alis\u00e9e. Gr\u00e2ce \u00e0 son excellente adh\u00e9rence et sa durabilit\u00e9, le Sigma Torno Aqua Semi-Gloss offre une finition durable et professionnelle.<\/p>\n<h3>Principaux avantages :<\/h3>\n<ul>\n<li><strong>Bonne facilit\u00e9 de traitement :<\/strong> La peinture est facile \u00e0 appliquer et offre une finition uniforme.<\/li>\n<li><strong>Dur\u00e9e d\u2019ouverture plus longue :<\/strong> Cela laisse plus de temps pour \u00e9taler et ajuster la peinture pour un r\u00e9sultat parfait.<\/li>\n<li><strong>Bon flux :<\/strong> Assure une r\u00e9partition uniforme sans traces ni irr\u00e9gularit\u00e9s.<\/li>\n<li><strong>Excellente couverture :<\/strong> Le Sigma Torno Aqua Semi-Gloss offre une excellente couvrance m\u00eame avec une seule couche.<\/li>\n<li><strong>R\u00e9gulation de l\u2019humidit\u00e9 :<\/strong> Cela aide \u00e0 r\u00e9guler les probl\u00e8mes d\u2019humidit\u00e9 et \u00e0 pr\u00e9venir les dommages caus\u00e9s par l\u2019humidit\u00e9.<\/li>\n<li><strong>Adh\u00e9rence forte :<\/strong> La peinture adh\u00e8re parfaitement \u00e0 diff\u00e9rentes surfaces et offre une finition durable.<\/li>\n<li><strong>Durabilit\u00e9 \u00e9lev\u00e9e :<\/strong> La peinture reste belle longtemps, m\u00eame par des conditions m\u00e9t\u00e9orologiques extr\u00eames.<\/li>\n<li><strong>Conservation de la couleur et de la brillance :<\/strong> Offre une conservation durable de la couleur et de l\u2019\u00e9clat, m\u00eame sur le long terme.<\/li>\n<li><strong>Sans plomb et inaponiafiables :<\/strong> S\u00fbr et r\u00e9sistant aux facteurs environnementaux.<\/li>\n<li><strong>S\u00e9chage rapide :<\/strong> La peinture s\u00e8che rapidement, donc vous n\u2019avez pas \u00e0 attendre longtemps entre les couches.<\/li>\n<li><strong>Bonne pon\u00e7abilit\u00e9 :<\/strong> Apr\u00e8s s\u00e9chage, la peinture peut \u00eatre facilement ponc\u00e9e pour obtenir une finition lisse.<\/li>\n<li><strong>Mauvaise odeur :<\/strong> Id\u00e9al pour une utilisation \u00e0 l\u2019int\u00e9rieur, sans que l\u2019odeur ne soit g\u00eanante.<\/li>\n<\/ul>\n<h3>De combien de Sigma Torno Aqua Semi-Gloss ai-je besoin ?<\/h3>\n<p>Avec une efficacit\u00e9 th\u00e9orique de <strong>12 m\u00b2 par litre<\/strong> Vous pouvez facilement calculer la quantit\u00e9 de peinture n\u00e9cessaire pour votre projet. Par exemple, pour une surface de 12 m\u00b2 :<\/p>\n<ul>\n<li><strong>1 litre<\/strong>: Couvre environ 12 m\u00b2.<\/li>\n<li><strong>2,5 litres<\/strong>: Couvre environ 30 m\u00b2, selon le substrat et la m\u00e9thode d\u2019application.<\/li>\n<\/ul>\n<details>\n<summary>Plus d'informations<\/summary>\n<section>\n<h3>Sigma Torno Aqua Semi-Gloss m\u00e9lang\u00e9 par couleur<\/h3>\n<p>Le Sigma Torno Aqua Semi-Gloss peut \u00eatre m\u00e9lang\u00e9 par couleur selon vos souhaits. Choisissez parmi une large gamme de couleurs parmi les <strong>Syst\u00e8me Sigma C21.3<\/strong> ou le <strong>PPG Voice of Colour (La voix de la couleur)<\/strong>  Fan. D\u2019autres couleurs sont \u00e9galement possibles sur demande. Il suffit de fournir le code couleur ou le nom, et nous m\u00e9langerons la peinture sp\u00e9cialement pour vous.  Cela vous permet d\u2019obtenir une peinture sur mesure qui correspond parfaitement \u00e0 votre projet.<\/p>\n<h3>Comment utiliser Sigma Torno Aqua Semi-Gloss :<\/h3>\n<p>Pour de meilleurs r\u00e9sultats, nous recommandons d\u2019utiliser des accessoires de peinture professionnels. Utilisez un rouleau en microfibre pour les grandes surfaces et un pinceau de qualit\u00e9 pour la finition des coins et des bords. Assurez-vous que la surface est correctement pr\u00e9par\u00e9e pour une adh\u00e9rence optimale de la peinture.<\/p>\n<h3>Volumes disponibles de Sigma Torno Aqua Semi-Gloss<\/h3>\n<p>Sigma Torno Aqua Semi-Gloss est disponible dans les volumes suivants :<\/p>\n<ul>\n<li><strong>1 litre<\/strong> \u2013 Adapt\u00e9 aux zones plus petites ou \u00e0 la retouche de zones sp\u00e9cifiques.<\/li>\n<li><strong>2,5 litres<\/strong> \u2013 Id\u00e9al pour les surfaces de taille moyenne telles que portes et cadres.<\/li>\n<li><strong>5 litres<\/strong> \u2013 Parfait pour les grandes surfaces, par exemple pour peindre plusieurs pi\u00e8ces ou un espace plus vaste.<\/li>\n<\/ul>\n<h3>Temps de s\u00e9chage du Sigma Torno Aqua Semi-Gloss<\/h3>\n<p>Le Sigma Torno Aqua Semi-Gloss est <strong>S\u00e8che comme la poussi\u00e8re<\/strong> apr\u00e8s environ <strong>30 minutes<\/strong>, <strong>Sans adh\u00e9sif<\/strong> na <strong>1,5 heure<\/strong>, et <strong>A peindre<\/strong> na <strong>4,5 heures<\/strong>, selon la temp\u00e9rature et l\u2019humidit\u00e9 de la pi\u00e8ce.<\/p>\n<h3>Profitez de nos offres Sigma Torno Aqua Semi-Gloss<\/h3>\n<p>\u00c9conomisez sur le Sigma Torno Aqua Semi-Gloss gr\u00e2ce \u00e0 nos offres attractives. Ainsi, vous pouvez acheter de la peinture de qualit\u00e9 \u00e0 un prix abordable.<\/p>\n<h3>Pourquoi acheter le Sigma Torno Aqua Semi-Gloss chez Paintstore.be ?<\/h3>\n<p>Paintstore.be offre une livraison rapide, des conseils d\u2019experts et un excellent service client.  Nous veillerons \u00e0 ce que votre commande vous parvienne rapidement et sans tracas, afin que vous puissiez commencer votre projet de peinture rapidement.<\/p>\n<\/section>\n<\/details>\n<p><a title=\"Torno aqua satin semi-brillant\" target=\"_blank\" rel=\"noopener\" href=\"https:\/\/sigmatech.be\/download?kind=default&#038;file=\/assets_be\/TF\/NL\/Sigma\/Sigma%20Torno%20Aqua%20Semi-Gloss_TF_NL_8058BE.pdf\"><br \/><\/a><\/p>\n<p><a title=\"Torno aqua satin semi-brillant\" target=\"_blank\" rel=\"noopener\" href=\"https:\/\/paintstore.be\/wp-content\/uploads\/2025\/10\/Sigma-Torno-Aqua-Semi-Gloss-technische-fiche.pdf\">Cliquez ici pour t\u00e9l\u00e9charger la fiche technique<\/a><\/p>","protected":false},"excerpt":{"rendered":"<p>Bekijk hier de verschillende kleurenkaarten Waarom kiezen voor Sigma Torno Aqua Semi-Gloss? Sigma Torno Aqua Semi-Gloss is een halfglanzende watergedragen lakverf op basis van 100% acrylaatdispersie, geschikt voor zowel binnen- als buitentoepassingen. Deze verf is ideaal voor het voor- en aflakken van verschillende oppervlakken, zoals hout, beton, pleisterwerk, en kunststof. Ook op metalen en oude [&hellip;]<\/p>\n","protected":false},"featured_media":947,"comment_status":"open","ping_status":"closed","template":"","meta":[],"product_brand":[90],"product_cat":[145,121,139],"product_tag":[],"class_list":{"0":"post-803","1":"product","2":"type-product","3":"status-publish","4":"has-post-thumbnail","6":"product_brand-sigma-coatings","7":"product_cat-verf-lakverf","8":"product_cat-verf-lakverf-lakverf-binnen","9":"product_cat-verf-lakverf-lakverf-buiten","10":"pa_basis-waterbasis","11":"pa_binnen-buiten-binnen","12":"pa_eigenschappen-weerbestendig","13":"pa_glansgraad-halfglans","14":"pa_inhoud-1l","15":"pa_inhoud-2-5l","16":"pa_kleur-gekleurd","17":"pa_kleur-wit","18":"pa_merk-sigma-coatings","19":"pa_ondergrond-radiatoren","20":"pa_overschilderbaar-vanaf-4-uur","21":"pa_upc-696","23":"first","24":"instock","25":"shipping-taxable","26":"purchasable","27":"product-type-variable"},"_links":{"self":[{"href":"https:\/\/medv-design.org\/fr\/wp-json\/wp\/v2\/product\/803","targetHints":{"allow":["GET"]}}],"collection":[{"href":"https:\/\/medv-design.org\/fr\/wp-json\/wp\/v2\/product"}],"about":[{"href":"https:\/\/medv-design.org\/fr\/wp-json\/wp\/v2\/types\/product"}],"replies":[{"embeddable":true,"href":"https:\/\/medv-design.org\/fr\/wp-json\/wp\/v2\/comments?post=803"}],"wp:featuredmedia":[{"embeddable":true,"href":"https:\/\/medv-design.org\/fr\/wp-json\/wp\/v2\/media\/947"}],"wp:attachment":[{"href":"https:\/\/medv-design.org\/fr\/wp-json\/wp\/v2\/media?parent=803"}],"wp:term":[{"taxonomy":"product_brand","embeddable":true,"href":"https:\/\/medv-design.org\/fr\/wp-json\/wp\/v2\/product_brand?post=803"},{"taxonomy":"product_cat","embeddable":true,"href":"https:\/\/medv-design.org\/fr\/wp-json\/wp\/v2\/product_cat?post=803"},{"taxonomy":"product_tag","embeddable":true,"href":"https:\/\/medv-design.org\/fr\/wp-json\/wp\/v2\/product_tag?post=803"}],"curies":[{"name":"wp","href":"https:\/\/api.w.org\/{rel}","templated":true}]}}