{"id":802,"date":"2025-12-08T20:01:11","date_gmt":"2025-12-08T20:01:11","guid":{"rendered":"https:\/\/medv-design.org\/product\/sigma-torno-aqua-satin\/"},"modified":"2026-02-07T15:41:47","modified_gmt":"2026-02-07T15:41:47","slug":"sigma-torno-aqua-satin","status":"publish","type":"product","link":"https:\/\/medv-design.org\/fr\/produit\/sigma-torno-aqua-satin\/","title":{"rendered":"Sigma Torno Aqua Satin"},"content":{"rendered":"<p><a href=\"https:\/\/paintstore.be\/kleuren\/\" target=\"_blank\" rel=\"noopener\">Voir les diff\u00e9rentes cartes de couleurs ici<\/a><\/p>\n<h3>Pourquoi choisir le Sigma Torno Aqua Satin ?<\/h3>\n<p>Sigma Torno Aqua Satin est une peinture laqu\u00e9e \u00e0 base d\u2019eau \u00e0 base de soie-lustre, bas\u00e9e sur une dispersion acrylique \u00e0 100 %. Cette peinture est id\u00e9ale pour le bois pr\u00e9- et de finition, mais peut aussi \u00eatre utilis\u00e9e pour l\u2019acier et les m\u00e9taux non ferreux disposant d\u2019un syst\u00e8me d\u2019appr\u00eat adapt\u00e9. Aussi bien pour l\u2019int\u00e9rieur que pour l\u2019ext\u00e9rieur, cette peinture est un excellent choix pour une finition durable et professionnelle.<\/p>\n<h3>Principaux avantages :<\/h3>\n<ul>\n<li><strong>Facile \u00e0 traiter :<\/strong> La peinture est facile \u00e0 appliquer, ce qui assure une finition \u00e9l\u00e9gante.<\/li>\n<li><strong>Longue ouverture :<\/strong> Plus le temps d\u2019ouverture est long, plus il est facile de traiter la peinture, ce qui donne un r\u00e9sultat final plus beau.<\/li>\n<li><strong>Bon flux :<\/strong> La peinture s\u2019\u00e9coule bien, sans traces ni irr\u00e9gularit\u00e9s.<\/li>\n<li><strong>Bonne couverture :<\/strong> Le Sigma Torno Aqua Satin offre une excellente couverture m\u00eame sur la premi\u00e8re couche.<\/li>\n<li><strong>R\u00e9gulation de l\u2019humidit\u00e9 :<\/strong> La peinture r\u00e9gule l\u2019humidit\u00e9 et aide ainsi \u00e0 pr\u00e9venir les probl\u00e8mes de moisissure et d\u2019humidit\u00e9.<\/li>\n<li><strong>Bonne adh\u00e9rence :<\/strong> Adh\u00e9rent bien \u00e0 diverses surfaces, du bois au m\u00e9tal.<\/li>\n<li><strong>Durabilit\u00e9 \u00e9lev\u00e9e :<\/strong> La peinture r\u00e9siste aux conditions m\u00e9t\u00e9orologiques et conserve son \u00e9clat.<\/li>\n<li><strong>Excellente conservation de la couleur et de la brillance :<\/strong> La peinture conserve sa couleur et son \u00e9clat, m\u00eame avec une utilisation prolong\u00e9e.<\/li>\n<li><strong>Sans plomb et inaponiafiables :<\/strong> S\u00fbr \u00e0 utiliser et r\u00e9sistant aux intemp\u00e9ries.<\/li>\n<li><strong>S\u00e9chage rapide :<\/strong> La peinture s\u00e8che rapidement, vous pouvez donc rapidement avancer dans votre projet.<\/li>\n<li><strong>Facile \u00e0 poncer :<\/strong> Il est possible de poncer la peinture soigneusement apr\u00e8s s\u00e9chage pour obtenir une finition lisse.<\/li>\n<li><strong>Mauvaise odeur :<\/strong> Le Sigma Torno Aqua Satin a un parfum agr\u00e9able et bas qui le rend adapt\u00e9 \u00e0 un usage int\u00e9rieur.<\/li>\n<\/ul>\n<h3>Combien de Sigma Torno Aqua Satin dois-je utiliser ?<\/h3>\n<p>Avec une efficacit\u00e9 th\u00e9orique de <strong>12 m\u00b2 par litre<\/strong> Vous pouvez facilement calculer la quantit\u00e9 de peinture dont vous avez besoin. Par exemple, pour un mur de 12 m\u00b2, vous avez :<\/p>\n<ul>\n<li><strong>1 litre<\/strong>: Couvre environ 12 m\u00b2.<\/li>\n<li><strong>2,5 litres<\/strong>: Couvre environ 30 m\u00b2 selon le substrat et la m\u00e9thode d\u2019application.<\/li>\n<li><strong>5 litres<\/strong>: Couvre environ 60 m\u00b2, id\u00e9al pour des surfaces plus grandes ou plusieurs pi\u00e8ces.<\/li>\n<\/ul>\n<details>\n<summary>Plus d'informations<\/summary>\n<section>\n<h3>Sigma Torno Aqua Satin par m\u00e9lange de couleurs<\/h3>\n<p>Le Sigma Torno Aqua Satin peut \u00eatre m\u00e9lang\u00e9 par couleur sp\u00e9cialement pour vous. Cela peut \u00eatre presque n\u2019importe quelle couleur de la <strong>Impeller du syst\u00e8me de couleur Sigma (C21.3)<\/strong> ou le <strong>Tableau des couleurs de la Voix des couleurs PPG<\/strong>.  D\u2019autres couleurs peuvent aussi \u00eatre m\u00e9lang\u00e9es \u00e0 la bonne taille, tant que vous fournissez le code couleur ou le nom. Cette peinture m\u00e9lang\u00e9e vous garantit de choisir la teinte parfaite pour votre projet.<\/p>\n<h3>Comment utiliser le Sigma Torno Aqua Satin :<\/h3>\n<p>Pour de meilleurs r\u00e9sultats, nous recommandons d\u2019utiliser des accessoires de peinture professionnels. Utilisez un rouleau en microfibre pour les grandes surfaces et un pinceau de qualit\u00e9 pour peindre les coins et les bords. Assurez-vous de bien pr\u00e9parer la surface avant d\u2019appliquer la peinture.<\/p>\n<h3>Volumes disponibles de Sigma Torno Aqua Satin<\/h3>\n<p>Sigma Torno Aqua Satin est disponible dans les volumes suivants :<\/p>\n<ul>\n<li><strong>1 litre<\/strong> \u2013 Adapt\u00e9 aux petites surfaces ou aux retouches de petites zones.<\/li>\n<li><strong>2,5 litres<\/strong> \u2013 Id\u00e9al pour les surfaces de taille moyenne telles que portes et cadres.<\/li>\n<li><strong>5 litres<\/strong> \u2013 Parfait pour de grandes surfaces ou des projets plus vastes, comme peindre plusieurs pi\u00e8ces ou des fa\u00e7ades plus grandes.<\/li>\n<\/ul>\n<h3>Temps de s\u00e9chage du Sigma Torno Aqua Satin<\/h3>\n<p>Le Sigma Torno Aqua Satin est <strong>S\u00e8che comme la poussi\u00e8re<\/strong> apr\u00e8s environ <strong>30 minutes<\/strong>, <strong>Sans adh\u00e9sif<\/strong> na <strong>1,5 heure<\/strong> en <strong>peut \u00eatre peint par-dessus<\/strong> na <strong>4,5 heures<\/strong>, selon la temp\u00e9rature et l\u2019humidit\u00e9.<\/p>\n<h3>Profitez de nos offres Sigma Torno Aqua Satin<\/h3>\n<p>Profitez de r\u00e9ductions attrayantes sur le Sigma Torno Aqua Satin chez Paintstore.be. Ainsi, vous pouvez acheter de la peinture de haute qualit\u00e9 \u00e0 un prix encore meilleur.<\/p>\n<h3>Pourquoi acheter le Sigma Torno Aqua Satin chez Paintstore.be ?<\/h3>\n<p>Chez Paintstore.be, vous b\u00e9n\u00e9ficiez d\u2019une livraison rapide, de conseils d\u2019experts et d\u2019un excellent service client. Nous veillons \u00e0 ce que votre projet se d\u00e9roule sans encombre, de la commande \u00e0 la fin.<\/p>\n<\/section>\n<\/details>\n<p><a title=\"Torno aqua satin\" target=\"_blank\" rel=\"noopener\" href=\"https:\/\/paintstore.be\/wp-content\/uploads\/2025\/10\/Sigma-Torno-Aqua-Satin-technische-fiche.pdf\">Cliquez ici pour t\u00e9l\u00e9charger la fiche technique<\/a><\/p>","protected":false},"excerpt":{"rendered":"<p>Bekijk hier de verschillende kleurenkaarten Waarom kiezen voor Sigma Torno Aqua Satin? Sigma Torno Aqua Satin is een zijdeglanzende, watergedragen lakverf op basis van 100% acrylaatdispersie. Deze verf is ideaal voor het voor- en aflakken van hout, maar kan ook worden gebruikt voor staal en non-ferrometalen die voorzien zijn van een passend primersysteem. Zowel voor [&hellip;]<\/p>\n","protected":false},"featured_media":893,"comment_status":"open","ping_status":"closed","template":"","meta":[],"product_brand":[90],"product_cat":[145,121,31],"product_tag":[159],"class_list":{"0":"post-802","1":"product","2":"type-product","3":"status-publish","4":"has-post-thumbnail","6":"product_brand-sigma-coatings","7":"product_cat-verf-lakverf","8":"product_cat-verf-lakverf-lakverf-binnen","9":"product_cat-verf","10":"product_tag-popular","11":"pa_basis-waterbasis","12":"pa_binnen-buiten-binnen","13":"pa_eigenschappen-weerbestendig","14":"pa_glansgraad-zijdeglans","15":"pa_inhoud-1l","16":"pa_inhoud-2-5l","17":"pa_inhoud-5l","18":"pa_kleur-gekleurd","19":"pa_kleur-wit","20":"pa_merk-sigma-coatings","21":"pa_ondergrond-radiatoren","22":"pa_overschilderbaar-vanaf-4-uur","23":"pa_upc-695","25":"first","26":"instock","27":"featured","28":"shipping-taxable","29":"purchasable","30":"product-type-variable"},"_links":{"self":[{"href":"https:\/\/medv-design.org\/fr\/wp-json\/wp\/v2\/product\/802","targetHints":{"allow":["GET"]}}],"collection":[{"href":"https:\/\/medv-design.org\/fr\/wp-json\/wp\/v2\/product"}],"about":[{"href":"https:\/\/medv-design.org\/fr\/wp-json\/wp\/v2\/types\/product"}],"replies":[{"embeddable":true,"href":"https:\/\/medv-design.org\/fr\/wp-json\/wp\/v2\/comments?post=802"}],"wp:featuredmedia":[{"embeddable":true,"href":"https:\/\/medv-design.org\/fr\/wp-json\/wp\/v2\/media\/893"}],"wp:attachment":[{"href":"https:\/\/medv-design.org\/fr\/wp-json\/wp\/v2\/media?parent=802"}],"wp:term":[{"taxonomy":"product_brand","embeddable":true,"href":"https:\/\/medv-design.org\/fr\/wp-json\/wp\/v2\/product_brand?post=802"},{"taxonomy":"product_cat","embeddable":true,"href":"https:\/\/medv-design.org\/fr\/wp-json\/wp\/v2\/product_cat?post=802"},{"taxonomy":"product_tag","embeddable":true,"href":"https:\/\/medv-design.org\/fr\/wp-json\/wp\/v2\/product_tag?post=802"}],"curies":[{"name":"wp","href":"https:\/\/api.w.org\/{rel}","templated":true}]}}