{"id":801,"date":"2025-12-08T20:01:11","date_gmt":"2025-12-08T20:01:11","guid":{"rendered":"https:\/\/medv-design.org\/product\/sigma-torno-aqua-primer\/"},"modified":"2026-02-07T15:41:51","modified_gmt":"2026-02-07T15:41:51","slug":"sigma-torno-aqua-primer","status":"publish","type":"product","link":"https:\/\/medv-design.org\/fr\/produit\/sigma-torno-aqua-primer\/","title":{"rendered":"Sigma Torno Aqua Primer"},"content":{"rendered":"<p><a href=\"https:\/\/paintstore.be\/kleuren\/\" target=\"_blank\" rel=\"noopener\">Voir les diff\u00e9rentes cartes de couleurs ici<br \/><\/a><\/p>\n<h3>Pourquoi choisir le primer Sigma Torno Aqua ?<\/h3>\n<p>Le primer Sigma Torno Aqua est un appr\u00eat \u00e0 s\u00e9chage \u00e0 l\u2019air et \u00e0 base d\u2019eau, bas\u00e9 sur une dispersion acrylique \u00e0 100 %. Cette appr\u00eat convient aussi bien \u00e0 l\u2019int\u00e9rieur qu\u2019\u00e0 l\u2019ext\u00e9rieur et offre une excellente protection et embellissement pour le bois, le contreplaqu\u00e9, le panneau de particules, le b\u00e9ton, le pl\u00e2tre, le ciment amiante, le plastique et m\u00eame les m\u00e9taux (apr\u00e8s pr\u00e9traitement). Elle s\u2019applique \u00e9galement aux anciennes couches de peinture en r\u00e9sine alkyde.<\/p>\n<h3>Principaux avantages :<\/h3>\n<ul>\n<li><strong>Facile \u00e0 traiter :<\/strong> Le primer est facile \u00e0 appliquer, m\u00eame pour les peintres moins exp\u00e9riment\u00e9s.<\/li>\n<li><strong>Bonne couverture et fluidit\u00e9 :<\/strong> Offre une surface uniforme et durable.<\/li>\n<li><strong>R\u00e9gulation de l\u2019humidit\u00e9 :<\/strong> Cela \u00e9vite les probl\u00e8mes d\u2019humidit\u00e9 et favorise une finition saine.<\/li>\n<li><strong>Tr\u00e8s bonne adh\u00e9rence :<\/strong> L\u2019appr\u00eat adh\u00e9re tr\u00e8s bien \u00e0 divers substrats, y compris les anciennes couches de peinture.<\/li>\n<li><strong>Temps et je\u00fbne couleur :<\/strong> \u00c7a reste beau longtemps, peu importe la m\u00e9t\u00e9o.<\/li>\n<li><strong>Sans plomb :<\/strong> S\u00fbr pour l\u2019utilisateur et l\u2019environnement.<\/li>\n<li><strong>S\u00e9chage rapide et faible odeur :<\/strong> Elle s\u00e8che rapidement et a une faible odeur, ce qui est agr\u00e9able \u00e0 l\u2019int\u00e9rieur.<\/li>\n<\/ul>\n<h3>De combien de primer Sigma Torno Aqua dois-je avoir besoin ?<\/h3>\n<p>Avec un retour de <strong>11 m\u00b2 par litre<\/strong> Vous pouvez facilement calculer la quantit\u00e9 de peinture dont vous avez besoin. Par exemple, pour un mur de 10 m\u00b2, vous avez :<\/p>\n<ul>\n<li><strong>1 litre<\/strong>: Couvre environ 10 m\u00b2.<\/li>\n<li><strong>2,5 litres<\/strong>: Couvre environ 25 m\u00b2, selon le substrat et la m\u00e9thode d\u2019application.<\/li>\n<\/ul>\n<details>\n<summary>Plus d'informations<\/summary>\n<section>\n<h3>Primer Sigma Torno Aqua m\u00e9lang\u00e9 en couleur<\/h3>\n<p>Le primer Sigma Torno Aqua peut \u00eatre m\u00e9lang\u00e9 dans pratiquement toutes les couleurs, y compris les couleurs populaires telles que <strong>RAL 9010<\/strong> (blanc pur) ou <strong>RAL 9016<\/strong> (Circulation blanche). Il suffit de fournir le code de couleur ou le nom souhait\u00e9, et nous adapterons la peinture \u00e0 votre projet.<\/p>\n<h3>Comment utiliser le primer Sigma Torno Aqua ?<\/h3>\n<p>Pour une finition parfaite, il est recommand\u00e9 d\u2019utiliser des accessoires de peinture professionnels. Utilisez un rouleau pour les zones plus grandes et un bon pinceau pour les coins et les bords.<\/p>\n<h3>Volumes disponibles de Sigma Torno Aqua Primer<\/h3>\n<p>Le Sigma Torno Aqua Primer est disponible dans les volumes suivants :<\/p>\n<ul>\n<li><strong>1 litre<\/strong> \u2013 Pour des surfaces plus petites ou lorsque vous avez besoin d\u2019une quantit\u00e9 plus petite pour des portes ou des cadres, par exemple.<\/li>\n<li><strong>2,5 litres<\/strong> \u2013 Id\u00e9al pour les surfaces plus grandes comme les meubles ou les murs.<\/li>\n<\/ul>\n<h3>Temps de s\u00e9chage de l\u2019amor\u00e7age Sigma Torno Aqua<\/h3>\n<p>L\u2019amorce est <strong>S\u00e8che comme la poussi\u00e8re<\/strong> apr\u00e8s environ <strong>30-45 minutes<\/strong>, <strong>Sans adh\u00e9sif<\/strong> na <strong>2-3 heures<\/strong> en <strong>A peindre<\/strong> na <strong>4-5 heures<\/strong>, selon la temp\u00e9rature et l\u2019humidit\u00e9 de la pi\u00e8ce.<\/p>\n<h3>Profitez de nos offres d\u2019appr\u00eats Sigma Torno Aqua<\/h3>\n<p>Profitez des prix comp\u00e9titifs et des offres \u00e0 Paintstore.be pour le primer Sigma Torno Aqua. Ainsi, vous obtenez un appr\u00eat de haute qualit\u00e9 \u00e0 un excellent prix.<\/p>\n<h3>Pourquoi acheter le primer Sigma Torno Aqua chez Paintstore.be ?<\/h3>\n<p>\u00c0 Paintstore.be, vous b\u00e9n\u00e9ficiez non seulement de produits de qualit\u00e9, mais aussi d\u2019une livraison rapide, de conseils d\u2019experts et d\u2019un excellent service client. Nous veillons \u00e0 ce que votre projet de peinture se d\u00e9roule sans encombre.<\/p>\n<\/section>\n<\/details>\n<p><a title=\"Torno Aqua Primer\" target=\"_blank\" rel=\"noopener\" href=\"https:\/\/sigmatech.be\/download?kind=default&#038;file=\/assets_be\/TF\/NL\/Sigma\/Sigma%20Torno%20Aqua%20Primer_TF_NL_8023BE.pdf\"><br \/><\/a><\/p>\n<p><a title=\"Torno Aqua Primer\" target=\"_blank\" rel=\"noopener\" href=\"https:\/\/paintstore.be\/wp-content\/uploads\/2025\/10\/Sigma-Torno-Aqua-Primer-Technische-fiche.pdf\">Cliquez ici pour t\u00e9l\u00e9charger la fiche technique<\/a><\/p>","protected":false},"excerpt":{"rendered":"<p>Bekijk hier de verschillende kleurenkaarten Waarom kiezen voor Sigma Torno Aqua Primer? Sigma Torno Aqua Primer is een luchtdrogende, watergedragen grondlakverf op basis van 100% acrylaatdispersie. Deze primer is geschikt voor zowel binnen- als buitentoepassing en biedt uitstekende bescherming en verfraaiing voor hout, multiplex, spaanplaat, beton, pleisterwerk, asbestcement, kunststof en zelfs metalen (na voorbehandeling). Het [&hellip;]<\/p>\n","protected":false},"featured_media":1020,"comment_status":"open","ping_status":"closed","template":"","meta":[],"product_brand":[90],"product_cat":[47,118,31],"product_tag":[],"class_list":{"0":"post-801","1":"product","2":"type-product","3":"status-publish","4":"has-post-thumbnail","6":"product_brand-sigma-coatings","7":"product_cat-grondverf-primers","8":"product_cat-verf-grondverf-primers-primer-voor-mdf","9":"product_cat-verf","10":"pa_basis-waterbasis","11":"pa_binnen-buiten-binnen","12":"pa_eigenschappen-weerbestendig","13":"pa_glansgraad-zijdeglans","14":"pa_inhoud-1l","15":"pa_inhoud-2-5l","16":"pa_kleur-gekleurd","17":"pa_kleur-wit","18":"pa_merk-sigma-coatings","19":"pa_ondergrond-oude-verflagen","20":"pa_overschilderbaar-vanaf-4-uur","21":"pa_upc-692","23":"first","24":"instock","25":"shipping-taxable","26":"purchasable","27":"product-type-variable"},"_links":{"self":[{"href":"https:\/\/medv-design.org\/fr\/wp-json\/wp\/v2\/product\/801","targetHints":{"allow":["GET"]}}],"collection":[{"href":"https:\/\/medv-design.org\/fr\/wp-json\/wp\/v2\/product"}],"about":[{"href":"https:\/\/medv-design.org\/fr\/wp-json\/wp\/v2\/types\/product"}],"replies":[{"embeddable":true,"href":"https:\/\/medv-design.org\/fr\/wp-json\/wp\/v2\/comments?post=801"}],"wp:featuredmedia":[{"embeddable":true,"href":"https:\/\/medv-design.org\/fr\/wp-json\/wp\/v2\/media\/1020"}],"wp:attachment":[{"href":"https:\/\/medv-design.org\/fr\/wp-json\/wp\/v2\/media?parent=801"}],"wp:term":[{"taxonomy":"product_brand","embeddable":true,"href":"https:\/\/medv-design.org\/fr\/wp-json\/wp\/v2\/product_brand?post=801"},{"taxonomy":"product_cat","embeddable":true,"href":"https:\/\/medv-design.org\/fr\/wp-json\/wp\/v2\/product_cat?post=801"},{"taxonomy":"product_tag","embeddable":true,"href":"https:\/\/medv-design.org\/fr\/wp-json\/wp\/v2\/product_tag?post=801"}],"curies":[{"name":"wp","href":"https:\/\/api.w.org\/{rel}","templated":true}]}}