{"id":800,"date":"2025-12-08T20:01:11","date_gmt":"2025-12-08T20:01:11","guid":{"rendered":"https:\/\/medv-design.org\/product\/sigma-tigron-soft-satin\/"},"modified":"2026-02-07T15:41:54","modified_gmt":"2026-02-07T15:41:54","slug":"sigma-tigron-soft-satin","status":"publish","type":"product","link":"https:\/\/medv-design.org\/fr\/produit\/sigma-tigron-soft-satin\/","title":{"rendered":"Sigma Tigron Soft Satin"},"content":{"rendered":"<p><a href=\"https:\/\/paintstore.be\/kleuren\/\" target=\"_blank\" rel=\"noopener\">Voir les diff\u00e9rentes cartes de couleurs ici<\/a><\/p>\n<h3><strong>Pourquoi choisir Sigma Tigron Soft Satin ?<\/strong><\/h3>\n<p>Le Sigma Tigron Soft Satin est un laque soie-brillant, r\u00e9sistant aux rayures et \u00e0 l\u2019usure, \u00e0 base de r\u00e9sine polyur\u00e9thane-alkyde avec l\u2019innovation <em>Technologie du Bouclier Blanc<\/em>.  Cette peinture convient aussi bien aux applications int\u00e9rieures qu\u2019ext\u00e9rieures et offre une excellente protection contre le bois, les m\u00e9taux et autres mat\u00e9riaux ayant un appr\u00eat et une couche interm\u00e9diaire appropri\u00e9s. Le produit est id\u00e9al pour finir toutes sortes de surfaces n\u00e9cessitant une finition durable et esth\u00e9tique.<\/p>\n<h3><strong>Principaux avantages :<\/strong><\/h3>\n<ul>\n<li><strong>Traitement agr\u00e9able :<\/strong> Le satin doux Sigma Tigron est facile \u00e0 appliquer, ce qui offre une exp\u00e9rience de peinture agr\u00e9able.<\/li>\n<li><strong>Bonne couverture :<\/strong> La peinture offre une excellente couvrance, r\u00e9duisant le nombre de couches \u00e0 appliquer.<\/li>\n<li><strong>Jaunissement moins rapide :<\/strong> Gr\u00e2ce \u00e0 la <em>Technologie du Bouclier Blanc<\/em> La peinture reste fra\u00eeche et blanche plus longtemps sans se d\u00e9colorer trop vite.<\/li>\n<li><strong>R\u00e9sistants aux rayures et \u00e0 l\u2019usure :<\/strong> La peinture est extr\u00eamement r\u00e9sistante \u00e0 l\u2019usure et aux rayures, assurant une protection durable de vos surfaces.<\/li>\n<li><strong>Excellents papiers \u00e0 rouler :<\/strong>  Le Sigma Tigron Soft Satin a un excellent papier \u00e0 rouler, ce qui donne un r\u00e9sultat uniforme sans traces ni coups de pinceau visibles.<\/li>\n<li><strong>Bon s\u00e9chage \u00e0 froid :<\/strong> Le produit s\u00e8che bien m\u00eame \u00e0 basse temp\u00e9rature, ce qui vous permet de l\u2019utiliser toute l\u2019ann\u00e9e.<\/li>\n<li><strong>Tr\u00e8s facile \u00e0 nettoyer :<\/strong> La peinture est facile \u00e0 nettoyer et conserve son \u00e9clat m\u00eame apr\u00e8s plusieurs nettoyages.<\/li>\n<li><strong>Finition esth\u00e9tique magnifique :<\/strong>  Le r\u00e9sultat est une finition soyeuse et esth\u00e9tique qui s\u2019accorde parfaitement avec les projets modernes d\u2019int\u00e9rieur et d\u2019ext\u00e9rieur.<\/li>\n<li><strong>Sans ar\u00f4me :<\/strong> Le Sigma Tigron Soft Satin est sans parfum, ce qui signifie que l\u2019odeur est minimale lors de l\u2019application.<\/li>\n<\/ul>\n<h3><strong>De quelle quantit\u00e9 de Sigma Tigron Soft Satin ai-je besoin ?<\/strong><\/h3>\n<p>Le rendement th\u00e9orique du satin doux Sigma Tigron est de 16 m\u00b2 par litre pour une \u00e9paisseur de film sec de 40 microm\u00e8tres. Cette efficacit\u00e9 peut varier en fonction de la forme de l\u2019objet, de l\u2019\u00e9tat et du profil de la surface, de la technique d\u2019application, de l\u2019exp\u00e9rience et des conditions m\u00e9t\u00e9orologiques.<\/p>\n<details>\n<summary>Plus d'informations<\/summary>\n<section>\n<h3><strong>Satin doux Sigma Tigron par couleur<\/strong><\/h3>\n<p>Le Sigma Tigron Soft Satin est disponible en blanc et presque toutes les couleurs du ventilateur Sigma Color System (C21.3). Il peut aussi \u00eatre mix\u00e9 en couleurs, ce qui correspond parfaitement aux besoins sp\u00e9cifiques de votre projet.  Les teintes populaires incluent <strong>RAL 9010 (blanc)<\/strong> en <strong>RAL 9016 (couleur de circulation blanche)<\/strong>. Le produit poss\u00e8de un brillant soieux doux, qui donne un aspect subtil et \u00e9l\u00e9gant \u00e0 vos surfaces.<\/p>\n<h3><strong>Comment utiliser le satin doux de Sigma Tigron ?<\/strong><\/h3>\n<p>Le Sigma Tigron Soft Satin peut \u00eatre appliqu\u00e9 avec un rouleau, un pinceau ou un pistolet pulv\u00e9risateur, selon la taille des surfaces \u00e0 peindre et le r\u00e9sultat souhait\u00e9. Assurez-vous que la surface est bien pr\u00e9par\u00e9e avant de commencer afin d\u2019obtenir le meilleur r\u00e9sultat. De pr\u00e9f\u00e9rence \u00e0 appliquer dans des endroits bien ventil\u00e9s ou \u00e0 l\u2019ext\u00e9rieur.<\/p>\n<h3><strong>S\u00e9chage et repeinture avec Sigma Tigron Soft Satin<\/strong><\/h3>\n<p>Les temps de s\u00e9chage \u00e0 23\u00b0C et 50 % d\u2019humidit\u00e9 relative sont :<\/p>\n<ul>\n<li><strong>S\u00e8che de la poussi\u00e8re :<\/strong> environ 2 heures<\/li>\n<li><strong>Sans sellerie :<\/strong> environ 4 heures<\/li>\n<li><strong>Colorable :<\/strong> environ 16 heures<\/li>\n<\/ul>\n<p>\u00c0 des temp\u00e9ratures plus basses (comme 5\u00b0C), les temps de s\u00e9chage peuvent \u00eatre plus longs selon les conditions.<\/p>\n<h3><strong>Profitez des offres sur Sigma Tigron Soft Satin<\/strong><\/h3>\n<p>Sur Paintstore.be, vous pouvez profiter d\u2019offres attrayantes pour le Sigma Tigron Soft Satin. Commandez d\u00e8s aujourd\u2019hui et profitez de la haute qualit\u00e9 et de l\u2019excellent rapport qualit\u00e9-prix de ce produit.<\/p>\n<h3><strong>Pourquoi acheter du Sigma Tigron Soft Satin chez Paintstore.be ?<\/strong><\/h3>\n<p>Chez Paintstore.be, vous b\u00e9n\u00e9ficiez non seulement de produits de peinture haut de gamme, mais aussi de conseils d\u2019experts, de livraison rapide et d\u2019un excellent service client. Nous vous accompagnons \u00e0 chaque \u00e9tape de votre projet de peinture, du choix du bon produit \u00e0 la couche finale de peinture.<\/p>\n<\/section>\n<\/details>\n<p><a title=\"Satin doux Tigron \" target=\"_blank\" rel=\"noopener\" href=\"https:\/\/paintstore.be\/wp-content\/uploads\/2025\/10\/Sigma-Tigron-Soft-Satin-Technische-fiche.pdf\">Cliquez ici pour t\u00e9l\u00e9charger la fiche technique<\/a><\/p>","protected":false},"excerpt":{"rendered":"<p>Bekijk hier de verschillende kleurenkaarten Waarom kiezen voor Sigma Tigron Soft Satin? Sigma Tigron Soft Satin is een zijdeglanzende, kras- en slijtvast lak op basis van polyurethaan-alkydhars met de innovatieve White Shield Technology. Deze verf is geschikt voor zowel binnen- als buitentoepassingen en biedt uitstekende bescherming voor hout, metalen en andere materialen die voorzien zijn [&hellip;]<\/p>\n","protected":false},"featured_media":844,"comment_status":"open","ping_status":"closed","template":"","meta":[],"product_brand":[90],"product_cat":[143,139,31],"product_tag":[159],"class_list":{"0":"post-800","1":"product","2":"type-product","3":"status-publish","4":"has-post-thumbnail","6":"product_brand-sigma-coatings","7":"product_cat-verf-lakverf-deurverf","8":"product_cat-verf-lakverf-lakverf-buiten","9":"product_cat-verf","10":"product_tag-popular","11":"pa_basis-solventbasis","12":"pa_binnen-buiten-buiten","13":"pa_eigenschappen-goed-reinigbaar","14":"pa_glansgraad-licht-zijdeglans","15":"pa_inhoud-0-5l","16":"pa_inhoud-1l","17":"pa_inhoud-2-5l","18":"pa_kleur-gekleurd","19":"pa_kleur-wit","20":"pa_merk-sigma-coatings","21":"pa_ondergrond-metaal","22":"pa_overschilderbaar-vanaf-16-uur","23":"pa_upc-671","25":"first","26":"instock","27":"featured","28":"shipping-taxable","29":"purchasable","30":"product-type-variable"},"_links":{"self":[{"href":"https:\/\/medv-design.org\/fr\/wp-json\/wp\/v2\/product\/800","targetHints":{"allow":["GET"]}}],"collection":[{"href":"https:\/\/medv-design.org\/fr\/wp-json\/wp\/v2\/product"}],"about":[{"href":"https:\/\/medv-design.org\/fr\/wp-json\/wp\/v2\/types\/product"}],"replies":[{"embeddable":true,"href":"https:\/\/medv-design.org\/fr\/wp-json\/wp\/v2\/comments?post=800"}],"wp:featuredmedia":[{"embeddable":true,"href":"https:\/\/medv-design.org\/fr\/wp-json\/wp\/v2\/media\/844"}],"wp:attachment":[{"href":"https:\/\/medv-design.org\/fr\/wp-json\/wp\/v2\/media?parent=800"}],"wp:term":[{"taxonomy":"product_brand","embeddable":true,"href":"https:\/\/medv-design.org\/fr\/wp-json\/wp\/v2\/product_brand?post=800"},{"taxonomy":"product_cat","embeddable":true,"href":"https:\/\/medv-design.org\/fr\/wp-json\/wp\/v2\/product_cat?post=800"},{"taxonomy":"product_tag","embeddable":true,"href":"https:\/\/medv-design.org\/fr\/wp-json\/wp\/v2\/product_tag?post=800"}],"curies":[{"name":"wp","href":"https:\/\/api.w.org\/{rel}","templated":true}]}}