{"id":799,"date":"2025-12-08T20:01:10","date_gmt":"2025-12-08T20:01:10","guid":{"rendered":"https:\/\/medv-design.org\/product\/sigma-tigron-satin\/"},"modified":"2026-02-07T15:41:57","modified_gmt":"2026-02-07T15:41:57","slug":"sigma-tigron-satin","status":"publish","type":"product","link":"https:\/\/medv-design.org\/fr\/produit\/sigma-tigron-satin\/","title":{"rendered":"Sigma Tigron Satin"},"content":{"rendered":"<p><a href=\"https:\/\/paintstore.be\/kleuren\/\" target=\"_blank\" rel=\"noopener\">Voir les diff\u00e9rentes cartes de couleurs ici<br \/><\/a><\/p>\n<h3><strong>Pourquoi choisir Sigma Tigron Satin\u00e9 ?<\/strong><\/h3>\n<p>Le Sigma Tigron Satin est une laque de haute qualit\u00e9, brillante, r\u00e9sistante aux rayures et \u00e0 l\u2019usure, \u00e0 base de polyur\u00e9thane-alkyd, et pr\u00e9sente des innovations <em>Technologie du Bouclier Blanc<\/em>. Cette laque convient aussi bien aux applications int\u00e9rieures qu\u2019ext\u00e9rieures et offre une excellente protection pour les surfaces en bois et en m\u00e9tal, ainsi que pour d\u2019autres mat\u00e9riaux ayant un appr\u00eat et une couche interm\u00e9diaire appropri\u00e9s. Gr\u00e2ce \u00e0 sa belle finition et sa longue durabilit\u00e9, le Sigma Tigron Satin est id\u00e9al aussi bien pour les projets de r\u00e9novation que pour les constructions neuves.<\/p>\n<h3><strong>Avantages du satin Sigma Tigron :<\/strong><\/h3>\n<ul>\n<li><strong>Traitement agr\u00e9able :<\/strong> Le Sigma Tigron Satin est facile \u00e0 utiliser, que vous utilisiez un rouleau, une brosse ou une seringue.<\/li>\n<li><strong>Tr\u00e8s bonne couverture :<\/strong> Ce vernis offre une excellente couverture, ce qui r\u00e9duit le nombre de couches n\u00e9cessaires.<\/li>\n<li><strong>Jaunissement moins rapide :<\/strong> Gr\u00e2ce \u00e0 la <em>Technologie du Bouclier Blanc<\/em> La peinture reste bien blanche plus longtemps sans jaunir rapidement.<\/li>\n<li><strong>R\u00e9sistants aux rayures et \u00e0 l\u2019usure :<\/strong> La peinture offre une excellente r\u00e9sistance \u00e0 l\u2019usure et peut r\u00e9sister \u00e0 l\u2019usure quotidienne.<\/li>\n<li><strong>Excellents papiers \u00e0 rouler :<\/strong> La peinture coule bien, obtenant un r\u00e9sultat uniforme et \u00e9pur\u00e9 sans traces.<\/li>\n<li><strong>Bon s\u00e9chage \u00e0 froid :<\/strong> Le Sigma Tigron Satin s\u00e8che bien m\u00eame \u00e0 basse temp\u00e9rature, ce qui en fait un choix polyvalent pour diverses conditions m\u00e9t\u00e9orologiques.<\/li>\n<li><strong>Tr\u00e8s facile \u00e0 nettoyer :<\/strong> Cette peinture est facile \u00e0 nettoyer et conserve son apparence esth\u00e9tique.<\/li>\n<li><strong>Tr\u00e8s joli aspect final esth\u00e9tique :<\/strong> La peinture offre une belle finition brillante de soie qui donne un aspect professionnel.<\/li>\n<li><strong>Sans ar\u00f4me :<\/strong> Le satin Sigma Tigron est sans ar\u00f4me, ce qui en fait un choix plus sain tant pour l\u2019utilisateur que pour l\u2019environnement.<\/li>\n<\/ul>\n<h3><strong>Quelle quantit\u00e9 de Sigma Tigron Satin dois-je utiliser ?<\/strong><\/h3>\n<p>Le rendement du satin Sigma Tigron est d\u2019environ 16 m\u00b2 par litre. L\u2019efficacit\u00e9 r\u00e9elle peut varier en fonction de facteurs tels que l\u2019\u00e9tat de surface et les conditions de travail.<\/p>\n<details>\n<summary>Plus d'informations<br \/><\/summary>\n<section>\n<h3><strong>Satin Sigma Tigron par couleur<\/strong><\/h3>\n<p>Le Sigma Tigron Satin est disponible en blanc et presque toutes les couleurs selon la gamme Sigma Color System (C21.3) et la gamme PPG Voice of Colour.  De plus, nous pouvons cr\u00e9er presque n\u2019importe quelle couleur pour vous, tant que vous fournissez le code couleur souhait\u00e9, comme RAL 9010 (blanc pur) ou RAL 9016 (blanc trafic)<\/p>\n<h3><strong>Comment utiliser le satin Sigma Tigron ?<\/strong><\/h3>\n<p>Le satin Sigma Tigron peut \u00eatre appliqu\u00e9 avec un rouleau, un pinceau ou un pulv\u00e9risateur, selon la taille des surfaces \u00e0 peindre et le r\u00e9sultat souhait\u00e9. Assurez-vous que le substrat est bien pr\u00e9par\u00e9 pour obtenir le meilleur r\u00e9sultat final. Pour un usage ext\u00e9rieur, il est recommand\u00e9 d\u2019appliquer le satin Sigma Tigron dans des conditions s\u00e8ches et \u00e0 une temp\u00e9rature de 5\u00b0C ou plus.<\/p>\n<h3><strong>Temps de s\u00e9chage et peinture du satin Sigma Tigron<\/strong><\/h3>\n<p>Les temps de s\u00e9chage \u00e0 23\u00b0C et une humidit\u00e9 relative de 50 % sont les suivants :<\/p>\n<ul>\n<li><strong>S\u00e9chage apr\u00e8s :<\/strong> environ 2 heures<\/li>\n<li><strong>Sans sellerie apr\u00e8s :<\/strong> environ 4 heures<\/li>\n<li><strong>Peut \u00eatre repeint apr\u00e8s :<\/strong> environ 16 heures<\/li>\n<\/ul>\n<p>\u00c0 des temp\u00e9ratures plus basses (par exemple 5\u00b0C), les temps de s\u00e9chage peuvent \u00eatre plus longs selon les conditions m\u00e9t\u00e9orologiques.<\/p>\n<h3><strong>Pourquoi acheter du Sigma Tigron Satin sur Paintstore.be ?<\/strong><\/h3>\n<p>Chez Paintstore.be, nous proposons le Sigma Tigron Satin \u00e0 un prix attractif, avec une livraison rapide et des conseils d\u2019experts. Que vous ayez un petit projet ou une r\u00e9novation plus importante, Sigma Tigron Satin offre l\u2019\u00e9quilibre parfait entre qualit\u00e9, durabilit\u00e9 et esth\u00e9tique.<\/p>\n<\/section>\n<\/details>\n<p><a href=\"https:\/\/paintstore.be\/wp-content\/uploads\/2025\/10\/Sigma-Tigron-Satin-technische-fiche.pdf\" target=\"_blank\" rel=\"noopener\">Cliquez ici pour t\u00e9l\u00e9charger la fiche technique<\/a><\/p>","protected":false},"excerpt":{"rendered":"<p>Bekijk hier de verschillende kleurenkaarten Waarom kiezen voor Sigma Tigron Satin? Sigma Tigron Satin is een hoogwaardige zijdeglanzende, kras- en slijtvast lak op basis van polyurethaan-alkyd en is voorzien van de innovatieve White Shield Technology. Deze lak is geschikt voor zowel binnen- als buitentoepassingen en biedt uitstekende bescherming voor houten en metalen oppervlakken, evenals andere [&hellip;]<\/p>\n","protected":false},"featured_media":1002,"comment_status":"open","ping_status":"closed","template":"","meta":[],"product_brand":[90],"product_cat":[143,139,31],"product_tag":[],"class_list":{"0":"post-799","1":"product","2":"type-product","3":"status-publish","4":"has-post-thumbnail","6":"product_brand-sigma-coatings","7":"product_cat-verf-lakverf-deurverf","8":"product_cat-verf-lakverf-lakverf-buiten","9":"product_cat-verf","10":"pa_basis-solventbasis","11":"pa_binnen-buiten-buiten","12":"pa_eigenschappen-goed-reinigbaar","13":"pa_glansgraad-zijdeglans","14":"pa_inhoud-0-5l","15":"pa_inhoud-1l","16":"pa_inhoud-2-5l","17":"pa_kleur-gekleurd","18":"pa_kleur-wit","19":"pa_merk-sigma-coatings","20":"pa_ondergrond-metaal","21":"pa_overschilderbaar-vanaf-16-uur","22":"pa_upc-670","24":"first","25":"instock","26":"shipping-taxable","27":"purchasable","28":"product-type-variable"},"_links":{"self":[{"href":"https:\/\/medv-design.org\/fr\/wp-json\/wp\/v2\/product\/799","targetHints":{"allow":["GET"]}}],"collection":[{"href":"https:\/\/medv-design.org\/fr\/wp-json\/wp\/v2\/product"}],"about":[{"href":"https:\/\/medv-design.org\/fr\/wp-json\/wp\/v2\/types\/product"}],"replies":[{"embeddable":true,"href":"https:\/\/medv-design.org\/fr\/wp-json\/wp\/v2\/comments?post=799"}],"wp:featuredmedia":[{"embeddable":true,"href":"https:\/\/medv-design.org\/fr\/wp-json\/wp\/v2\/media\/1002"}],"wp:attachment":[{"href":"https:\/\/medv-design.org\/fr\/wp-json\/wp\/v2\/media?parent=799"}],"wp:term":[{"taxonomy":"product_brand","embeddable":true,"href":"https:\/\/medv-design.org\/fr\/wp-json\/wp\/v2\/product_brand?post=799"},{"taxonomy":"product_cat","embeddable":true,"href":"https:\/\/medv-design.org\/fr\/wp-json\/wp\/v2\/product_cat?post=799"},{"taxonomy":"product_tag","embeddable":true,"href":"https:\/\/medv-design.org\/fr\/wp-json\/wp\/v2\/product_tag?post=799"}],"curies":[{"name":"wp","href":"https:\/\/api.w.org\/{rel}","templated":true}]}}