{"id":798,"date":"2025-12-08T20:01:10","date_gmt":"2025-12-08T20:01:10","guid":{"rendered":"https:\/\/medv-design.org\/product\/sigma-tigron-primer\/"},"modified":"2026-02-07T15:42:00","modified_gmt":"2026-02-07T15:42:00","slug":"sigma-tigron-primer","status":"publish","type":"product","link":"https:\/\/medv-design.org\/fr\/produit\/sigma-tigron-primer\/","title":{"rendered":"Sigma Tigron Primer"},"content":{"rendered":"<p><a href=\"https:\/\/paintstore.be\/kleuren\/\" target=\"_blank\" rel=\"noopener\">Voir les diff\u00e9rentes cartes de couleurs ici<br \/><\/a><\/p>\n<h3 data-start=\"330\" data-end=\"375\">Pourquoi choisir l\u2019appr\u00eat Sigma Tigron ?<\/h3>\n<p data-start=\"376\" data-end=\"864\"><strong data-start=\"376\" data-end=\"399\">Sigma Tigron Primer<\/strong> est un appr\u00eat \u00e0 base de solvant pour usage int\u00e9rieur et ext\u00e9rieur, \u00e0 base de r\u00e9sine polyur\u00e9thane-alkyde. Cet appr\u00eat a \u00e9t\u00e9 sp\u00e9cialement d\u00e9velopp\u00e9 comme appr\u00eat et couche interm\u00e9diaire pour les constructions en bois et la menuiserie de fa\u00e7ade, mais peut aussi \u00eatre utilis\u00e9 pour l\u2019acier et les m\u00e9taux non ferreux qui ont \u00e9t\u00e9 fournis avec un appr\u00eat appropri\u00e9. Gr\u00e2ce \u00e0 son excellente adh\u00e9rence et \u00e0 sa grande opacit\u00e9, le primer Sigma Tigron constitue la base id\u00e9ale pour une finition durable avec des produits de la gamme Tigron.<\/p>\n<p data-start=\"866\" data-end=\"896\"><strong data-start=\"866\" data-end=\"894\">Principaux avantages :<\/strong><\/p>\n<ul data-start=\"897\" data-end=\"1485\">\n<li data-start=\"897\" data-end=\"980\"> Agr\u00e9able \u00e0 appliquer : facile \u00e0 appliquer, avec un r\u00e9sultat bien \u00e9quilibr\u00e9. <\/li>\n<li data-start=\"981\" data-end=\"1060\"> Facile \u00e0 poncer : facile \u00e0 poncer apr\u00e8s s\u00e9chage pour une finition lisse. <\/li>\n<li data-start=\"1061\" data-end=\"1137\"> Couverture \u00e9lev\u00e9e : inclut une bonne couverture des bords pour une protection optimale. <\/li>\n<li data-start=\"1138\" data-end=\"1207\"> Excellente adh\u00e9rence : adh\u00e8re fortement au bois et aux anciennes couches de peinture alkyd\u00e9e. <\/li>\n<li data-start=\"1208\" data-end=\"1280\"> R\u00e9sistant \u00e0 l\u2019usure : r\u00e9sistant aux contraintes m\u00e9caniques et \u00e0 une utilisation prolong\u00e9e. <\/li>\n<li data-start=\"1281\" data-end=\"1344\"> De beaux papiers \u00e0 rouler : garantissent un r\u00e9sultat lisse sans traces. <\/li>\n<li data-start=\"1345\" data-end=\"1409\"> Traitable jusqu\u2019\u00e0 0\u00b0C : \u00e9galement applicable \u00e0 des temp\u00e9ratures plus basses. <\/li>\n<li data-start=\"1410\" data-end=\"1485\"> \u00c9tanche : une couche peut \u00eatre expos\u00e9e au vent et aux intemp\u00e9ries jusqu\u2019\u00e0 1 an. <\/li>\n<\/ul>\n<hr data-start=\"1487\" data-end=\"1490\">\n<h3 data-start=\"1492\" data-end=\"1539\">De combien de sous-couche Sigma Tigron dois-je avoir besoin ?<\/h3>\n<p data-start=\"1540\" data-end=\"1794\">Le retour th\u00e9orique est <strong data-start=\"1570\" data-end=\"1593\">environ 16 m\u00b2 par litre<\/strong> avec une \u00e9paisseur de film sec de 40 microm\u00e8tres. L\u2019efficacit\u00e9 pratique peut varier selon la forme de l\u2019objet, l\u2019\u00e9tat du substrat, la m\u00e9thode d\u2019application et les conditions m\u00e9t\u00e9orologiques.<\/p>\n<details>\n<summary>Plus d'informations<\/summary>\n<section>\n<h3>Quelle couleur et quelle brillance poss\u00e8de le primer Sigma Tigron ?<\/h3>\n<p>L\u2019appr\u00eat Sigma Tigron est disponible en <strong>Blanc<\/strong> et presque toutes les couleurs de la <strong>Impeller du syst\u00e8me de couleur Sigma (C21.3)<\/strong> et le <strong>Tableau des couleurs de la Voix des couleurs PPG<\/strong>. D\u2019autres couleurs peuvent \u00e9galement \u00eatre m\u00e9lang\u00e9es sur demande. Le produit poss\u00e8de un <strong>Finition satin\u00e9e<\/strong>, ce qui lui donne un aspect professionnel.<\/p>\n<hr>\n<h3>Comment utiliser l\u2019appr\u00eat Sigma Tigron ?<\/h3>\n<ol>\n<li> Assurez-vous que la surface est propre, s\u00e8che et bien pr\u00e9par\u00e9e.<\/li>\n<li> Appliquez l\u2019appr\u00eat avec <strong>Rouleau, brosse ou seringue<\/strong>.<\/li>\n<li> Pour le bois nu : retirer les parties alt\u00e9r\u00e9es, impr\u00e9gner <strong>Madurox Bi Activ I<\/strong> of <strong>Madurox Sanio 3<\/strong>, puis appr\u00eater et appliquer un overcouche d\u2019appr\u00eat Tigren.<\/li>\n<li> Par exemple, finir avec un vernis adapt\u00e9 <strong>Sigma Tigron Gloss, Satin, Satin Doux<\/strong> of <strong>Satin extr\u00eame<\/strong>.<\/li>\n<\/ol>\n<hr>\n<h3>Temps de s\u00e9chage de l\u2019appr\u00eat Sigma Tigron<\/h3>\n<p>\u00c0 23\u00b0C et 50 % d\u2019humidit\u00e9 relative :<\/p>\n<ul>\n<li> S\u00e8che \u00e0 la poussi\u00e8re : environ 2 heures<\/li>\n<li> Sans sellerie : environ 3,5 heures<\/li>\n<li> Recoottable : environ 16 heures<\/li>\n<\/ul>\n<p>\u00c0 5\u00b0C et 90 % d\u2019humidit\u00e9 relative :<\/p>\n<ul>\n<li> S\u00e8che \u00e0 la poussi\u00e8re : environ 3 heures<\/li>\n<li> Sans seller : environ 9 heures<\/li>\n<li> Peut \u00eatre peint : environ 24 heures sur 24<\/li>\n<\/ul>\n<p><em>Note : les couleurs fonc\u00e9es s\u00e8chent plus lentement \u00e0 basse temp\u00e9rature que les couleurs blanches et claires.<\/em><\/p>\n<hr>\n<h3>Profitez des offres pour l\u2019appr\u00eat Sigma Tigron<\/h3>\n<p>Au <strong>Paintstore.be<\/strong>  Commandez votre primer Sigma Tigron aux meilleurs prix. Profitez de nos offres et obtenez une qualit\u00e9 de qualit\u00e9 dans des conditions comp\u00e9titives.<\/p>\n<hr>\n<h3>Pourquoi acheter l\u2019appr\u00eat Sigma Tigron chez Paintstore.be ?<\/h3>\n<ul>\n<li> Produits premium : uniquement de la peinture Sigma d\u2019origine.<\/li>\n<li> Conseil d\u2019expert : nous vous aidons \u00e0 choisir et \u00e0 postuler.<\/li>\n<li> Livraison rapide : directement depuis le stock.<\/li>\n<li> Service de premier plan : de la commande au r\u00e9sultat final.<\/li>\n<\/ul>\n<\/section>\n<\/details>\n<hr data-start=\"1796\" data-end=\"1799\"><a href=\"https:\/\/paintstore.be\/wp-content\/uploads\/2025\/10\/Sigma-Tigron-Primer-technische-fiche.pdf\" target=\"_blank\" rel=\"noopener\">Cliquez ici pour t\u00e9l\u00e9charger la fiche technique<\/a><\/p>\n<div> <\/div>","protected":false},"excerpt":{"rendered":"<p>Bekijk hier de verschillende kleurenkaarten Waarom kiezen voor Sigma Tigron Primer? Sigma Tigron Primer is een oplosmiddelgedragen grondverf voor binnen en buiten, op basis van polyurethaan-alkydhars. Deze primer is speciaal ontwikkeld als grond- en tussenlaag voor houten constructies en geveltimmerwerk, maar kan ook gebruikt worden voor staal en non-ferrometalen die voorzien zijn van een geschikte [&hellip;]<\/p>\n","protected":false},"featured_media":1021,"comment_status":"open","ping_status":"closed","template":"","meta":[],"product_brand":[90],"product_cat":[47,118,31],"product_tag":[159],"class_list":{"0":"post-798","1":"product","2":"type-product","3":"status-publish","4":"has-post-thumbnail","6":"product_brand-sigma-coatings","7":"product_cat-grondverf-primers","8":"product_cat-verf-grondverf-primers-primer-voor-mdf","9":"product_cat-verf","10":"product_tag-popular","11":"pa_basis-solventbasis","12":"pa_binnen-buiten-buiten","13":"pa_eigenschappen-weerbestendig","14":"pa_glansgraad-zijdeglans","15":"pa_inhoud-1l","16":"pa_inhoud-2-5l","17":"pa_kleur-gekleurd","18":"pa_kleur-wit","19":"pa_merk-sigma-coatings","20":"pa_ondergrond-oude-verflagen","21":"pa_overschilderbaar-vanaf-16-uur","22":"pa_upc-668","24":"first","25":"instock","26":"featured","27":"shipping-taxable","28":"purchasable","29":"product-type-variable"},"_links":{"self":[{"href":"https:\/\/medv-design.org\/fr\/wp-json\/wp\/v2\/product\/798","targetHints":{"allow":["GET"]}}],"collection":[{"href":"https:\/\/medv-design.org\/fr\/wp-json\/wp\/v2\/product"}],"about":[{"href":"https:\/\/medv-design.org\/fr\/wp-json\/wp\/v2\/types\/product"}],"replies":[{"embeddable":true,"href":"https:\/\/medv-design.org\/fr\/wp-json\/wp\/v2\/comments?post=798"}],"wp:featuredmedia":[{"embeddable":true,"href":"https:\/\/medv-design.org\/fr\/wp-json\/wp\/v2\/media\/1021"}],"wp:attachment":[{"href":"https:\/\/medv-design.org\/fr\/wp-json\/wp\/v2\/media?parent=798"}],"wp:term":[{"taxonomy":"product_brand","embeddable":true,"href":"https:\/\/medv-design.org\/fr\/wp-json\/wp\/v2\/product_brand?post=798"},{"taxonomy":"product_cat","embeddable":true,"href":"https:\/\/medv-design.org\/fr\/wp-json\/wp\/v2\/product_cat?post=798"},{"taxonomy":"product_tag","embeddable":true,"href":"https:\/\/medv-design.org\/fr\/wp-json\/wp\/v2\/product_tag?post=798"}],"curies":[{"name":"wp","href":"https:\/\/api.w.org\/{rel}","templated":true}]}}