{"id":797,"date":"2025-12-08T20:01:10","date_gmt":"2025-12-08T20:01:10","guid":{"rendered":"https:\/\/medv-design.org\/product\/sigma-tigron-gloss\/"},"modified":"2026-02-07T15:42:04","modified_gmt":"2026-02-07T15:42:04","slug":"sigma-tigron-gloss","status":"publish","type":"product","link":"https:\/\/medv-design.org\/fr\/produit\/sigma-tigron-gloss\/","title":{"rendered":"Sigma Tigron Gloss"},"content":{"rendered":"<p><a href=\"https:\/\/paintstore.be\/kleuren\/\" target=\"_blank\" rel=\"noopener\">Voir les diff\u00e9rentes cartes de couleurs ici<\/a><\/p>\n<h3><strong>Pourquoi choisir Sigma Tigron Gloss ?<\/strong><\/h3>\n<p>Le Sigma Tigron Gloss est un vernis \u00e0 base de solvant \u00e0 haute brillance, r\u00e9sistant aux rayures et \u00e0 l\u2019usure, adapt\u00e9 aussi bien aux applications int\u00e9rieures qu\u2019ext\u00e9rieures. Cette peinture \u00e0 base de r\u00e9sine polyur\u00e9thane-alkyde offre une excellente protection et durabilit\u00e9 pour une grande vari\u00e9t\u00e9 de surfaces. Il est id\u00e9al pour finir le bois, les m\u00e9taux et d\u2019autres mat\u00e9riaux qui poss\u00e8dent un appr\u00eat et une couche interm\u00e9diaire adapt\u00e9s. Le Sigma Tigron Gloss garantit une brillance et une r\u00e9tention optimales de la brillance, m\u00eame dans des conditions difficiles.<\/p>\n<h3><strong>Principaux avantages :<\/strong><\/h3>\n<ul>\n<li><strong>Optimale glans en glansbehoud:<\/strong> La peinture conserve son \u00e9clat longtemps, m\u00eame avec une utilisation intensive.<\/li>\n<li><strong>Excellente durabilit\u00e9 en ext\u00e9rieur :<\/strong> Le Sigma Tigron Gloss r\u00e9siste aux intemp\u00e9ries et offre une protection durable, \u00e0 l\u2019int\u00e9rieur comme \u00e0 l\u2019ext\u00e9rieur.<\/li>\n<li><strong>R\u00e9sistance bact\u00e9rienne :<\/strong> Test\u00e9 pour la r\u00e9sistance bact\u00e9rienne par l\u2019Universit\u00e9 de Gand, ce qui le rend adapt\u00e9 \u00e0 une utilisation dans des environnements n\u00e9cessitant une hygi\u00e8ne.<\/li>\n<li><strong>R\u00e9sistants aux rayures et \u00e0 l\u2019usure :<\/strong> La peinture est particuli\u00e8rement r\u00e9sistante aux rayures et \u00e0 l\u2019usure, offrant une protection durable.<\/li>\n<li><strong>Opacit\u00e9 \u00e9lev\u00e9e :<\/strong> Le Sigma Tigron Gloss offre une excellente couverture, ce qui permet une application efficace.<\/li>\n<li><strong>Un excellent travail :<\/strong> Cette peinture est facile \u00e0 travailler, ce qui garantit un r\u00e9sultat beau et uniforme.<\/li>\n<li><strong>Traitable jusqu\u2019\u00e0 0\u00b0C :<\/strong> Le Sigma Tigron Gloss convient \u00e0 une utilisation \u00e0 basse temp\u00e9rature, ce qui facilite l\u2019application.<\/li>\n<li><strong>Tr\u00e8s facile \u00e0 nettoyer :<\/strong> La peinture est facile \u00e0 nettoyer, ce qui facilite l\u2019entretien.<\/li>\n<li><strong>Applicables sur des peintures \u00e0 r\u00e9sine alkyde :<\/strong> Elle peut \u00e9galement \u00eatre appliqu\u00e9e sur des peintures \u00e0 r\u00e9sine alkyde existantes.<\/li>\n<\/ul>\n<h3><strong>De quelle quantit\u00e9 de Sigma Tigron Gloss ai-je besoin ?<\/strong><\/h3>\n<p>Avec une efficacit\u00e9 th\u00e9orique de 16,6 m\u00b2 par litre, vous pouvez facilement calculer la quantit\u00e9 de peinture n\u00e9cessaire. Par exemple, pour une surface de 16 m\u00b2, vous aurez besoin de :<\/p>\n<ul>\n<li><strong>1 litre :<\/strong> Couvre environ 16 m\u00b2, selon le type de surface et la m\u00e9thode d\u2019application.<\/li>\n<\/ul>\n<details>\n<summary>Plus d'informations<\/summary>\n<section>\n<h3><strong>Sigma Tigron Gloss personnalis\u00e9<\/strong><\/h3>\n<p>Le Sigma Tigron Gloss peut \u00eatre m\u00e9lang\u00e9 en diff\u00e9rentes couleurs. Choisissez parmi les couleurs du ventilateur Sigma Color System (C21.3) ou du ventilateur PPG Voice ou Colour, ou faites m\u00e9langer la peinture dans une couleur de votre choix.<\/p>\n<h3><strong>Comment utiliser le gloss Sigma Tigron ?<\/strong><\/h3>\n<p>Pour des r\u00e9sultats optimaux, nous recommandons d\u2019appliquer le Sigma Tigron Gloss avec un rouleau \u00e0 peinture, un pinceau ou un pulv\u00e9risateur, selon la taille du projet et le substrat. Assurez-vous que la surface est bien pr\u00e9par\u00e9e, en la nettoyant et, si n\u00e9cessaire, en pon\u00e7ant.<\/p>\n<h3><strong>Temps de s\u00e9chage pour le Sigma Tigron Gloss<\/strong><\/h3>\n<p>Les temps de s\u00e9chage du Sigma Tigron Gloss sont les suivants :<\/p>\n<ul>\n<li><strong>\u00c0 23\u00b0C et 50 % d\u2019humidit\u00e9 :<\/strong>\n<ul>\n<li>S\u00e8che poussi\u00e8re : environ 2,5 heures<\/li>\n<li>Sans sellerie : environ 3,5 heures<\/li>\n<li>Recoottable : environ 16 heures<\/li>\n<\/ul>\n<\/li>\n<li><strong>\u00c0 5\u00b0C et 90 % d\u2019humidit\u00e9 :<\/strong>\n<ul>\n<li>S\u00e9chage poussi\u00e9reux : environ 4,5 heures<\/li>\n<li>Sans seller : environ 7 heures<\/li>\n<li>Peut \u00eatre peint : environ 24 heures sur 24<\/li>\n<\/ul>\n<\/li>\n<\/ul>\n<h3><strong>Profitez des offres sur Sigma Tigron Gloss<\/strong><\/h3>\n<p>Chez Paintstore.be, nous proposons des r\u00e9ductions attrayantes sur le gloss Sigma Tigron.  Cela vous permet d\u2019acheter de la peinture haut de gamme \u00e0 un prix tr\u00e8s abordable.<\/p>\n<h3><strong>Pourquoi acheter le gloss Sigma Tigron chez Paintstore.be ?<\/strong><\/h3>\n<p>\u00c0 Paintstore.be, vous b\u00e9n\u00e9ficiez non seulement d\u2019une peinture de haute qualit\u00e9, mais aussi d\u2019une livraison rapide, de conseils d\u2019experts et d\u2019un excellent service client. Nous veillons \u00e0 ce que votre projet soit ex\u00e9cut\u00e9 rapidement et efficacement, de la commande \u00e0 la finition.<\/p>\n<\/section>\n<\/details>\n<p><a title=\"Brillance Tigron\" target=\"_blank\" rel=\"noopener\" href=\"https:\/\/paintstore.be\/wp-content\/uploads\/2025\/10\/Sigma-Tigron-Gloss-technische-fiche.pdf\">Cliquez ici pour t\u00e9l\u00e9charger la fiche technique<\/a><\/p>","protected":false},"excerpt":{"rendered":"<p>Bekijk hier de verschillende kleurenkaarten Waarom kiezen voor Sigma Tigron Gloss ? Sigma Tigron Gloss is een hoogglanzende, kras- en slijtvaste lak op solventbasis, geschikt voor zowel binnen- als buitentoepassingen. Deze verf op basis van polyurethaan-alkydhars biedt uitstekende bescherming en duurzaamheid voor verschillende oppervlakken. Het is ideaal voor het aflakken van hout, metalen en andere [&hellip;]<\/p>\n","protected":false},"featured_media":850,"comment_status":"open","ping_status":"closed","template":"","meta":[],"product_brand":[90],"product_cat":[143,139,31],"product_tag":[],"class_list":{"0":"post-797","1":"product","2":"type-product","3":"status-publish","4":"has-post-thumbnail","6":"product_brand-sigma-coatings","7":"product_cat-verf-lakverf-deurverf","8":"product_cat-verf-lakverf-lakverf-buiten","9":"product_cat-verf","10":"pa_basis-solventbasis","11":"pa_binnen-buiten-buiten","12":"pa_certificering-getest-op-bacteriele-resistentie","13":"pa_eigenschappen-vochtregulerend","14":"pa_glansgraad-hoogglans","15":"pa_inhoud-1l","16":"pa_inhoud-2-5l","17":"pa_kleur-gekleurd","18":"pa_kleur-wit","19":"pa_merk-sigma-coatings","20":"pa_ondergrond-metaal","21":"pa_overschilderbaar-vanaf-16-uur","22":"pa_upc-669","24":"first","25":"instock","26":"shipping-taxable","27":"purchasable","28":"product-type-variable"},"_links":{"self":[{"href":"https:\/\/medv-design.org\/fr\/wp-json\/wp\/v2\/product\/797","targetHints":{"allow":["GET"]}}],"collection":[{"href":"https:\/\/medv-design.org\/fr\/wp-json\/wp\/v2\/product"}],"about":[{"href":"https:\/\/medv-design.org\/fr\/wp-json\/wp\/v2\/types\/product"}],"replies":[{"embeddable":true,"href":"https:\/\/medv-design.org\/fr\/wp-json\/wp\/v2\/comments?post=797"}],"wp:featuredmedia":[{"embeddable":true,"href":"https:\/\/medv-design.org\/fr\/wp-json\/wp\/v2\/media\/850"}],"wp:attachment":[{"href":"https:\/\/medv-design.org\/fr\/wp-json\/wp\/v2\/media?parent=797"}],"wp:term":[{"taxonomy":"product_brand","embeddable":true,"href":"https:\/\/medv-design.org\/fr\/wp-json\/wp\/v2\/product_brand?post=797"},{"taxonomy":"product_cat","embeddable":true,"href":"https:\/\/medv-design.org\/fr\/wp-json\/wp\/v2\/product_cat?post=797"},{"taxonomy":"product_tag","embeddable":true,"href":"https:\/\/medv-design.org\/fr\/wp-json\/wp\/v2\/product_tag?post=797"}],"curies":[{"name":"wp","href":"https:\/\/api.w.org\/{rel}","templated":true}]}}