{"id":796,"date":"2025-12-08T20:01:10","date_gmt":"2025-12-08T20:01:10","guid":{"rendered":"https:\/\/medv-design.org\/product\/sigma-tigron-extreme-satin\/"},"modified":"2026-02-07T15:42:07","modified_gmt":"2026-02-07T15:42:07","slug":"sigma-tigron-extreme-satin","status":"publish","type":"product","link":"https:\/\/medv-design.org\/fr\/produit\/sigma-tigron-extreme-satin\/","title":{"rendered":"Sigma Tigron Extreme Satin"},"content":{"rendered":"<p><a href=\"https:\/\/paintstore.be\/kleuren\/\" target=\"_blank\" rel=\"noopener\">Voir les diff\u00e9rentes cartes de couleurs ici<\/a><\/p>\n<h3><strong>Pourquoi choisir le Sigma Tigron Extreme Satin ?<\/strong><\/h3>\n<p>Sigma Tigron Extreme Satin est une laque de haute qualit\u00e9, \u00e0 base de solvant, destin\u00e9e \u00e0 l\u2019ext\u00e9rieur, \u00e0 base de r\u00e9sine polyur\u00e9thane-alkyd avec la technologie Extreme Protection\u2122. Cette peinture a \u00e9t\u00e9 sp\u00e9cialement d\u00e9velopp\u00e9e pour la finition du bois, des m\u00e9taux et d\u2019autres mat\u00e9riaux qui poss\u00e8dent un appr\u00eat et une couche interm\u00e9diaire appropri\u00e9s. Gr\u00e2ce \u00e0 la technologie\u2122 Extreme Protection, cette peinture offre une excellente protection contre les \u00e9l\u00e9ments, maintenant la peinture sans peinture pendant jusqu\u2019\u00e0 10 ans. La peinture offre un r\u00e9sultat brillant et soyeux durable et id\u00e9ale pour les projets n\u00e9cessitant une protection durable.<\/p>\n<h3><strong>Principaux avantages :<\/strong><\/h3>\n<ul>\n<li><strong>Jusqu\u2019\u00e0 10 ans sans peinture :<\/strong> Gr\u00e2ce \u00e0 la technologie\u2122 de protection extr\u00eame, la peinture offre jusqu\u2019\u00e0 10 ans de protection sans besoin de repeindre.<\/li>\n<li><strong>Excellente r\u00e9tention du brillant :<\/strong> Plus de 50 % de l\u2019\u00e9clat d\u2019origine est conserv\u00e9 apr\u00e8s 10 ans, m\u00eame expos\u00e9 aux conditions m\u00e9t\u00e9orologiques.<\/li>\n<li><strong>Poudre limit\u00e9e :<\/strong> La peinture a une faible poudre, ce qui permet un r\u00e9sultat durable sans d\u00e9colorer.<\/li>\n<li><strong>Certificat de garantie possible :<\/strong> Vous pouvez demander un certificat de garantie afin d\u2019\u00eatre assur\u00e9 de la qualit\u00e9 et de la durabilit\u00e9 du produit.<\/li>\n<li><strong>Facile \u00e0 traiter de 0\u00b0C \u00e0 30\u00b0C :<\/strong> La peinture est facile \u00e0 appliquer \u00e0 diff\u00e9rentes temp\u00e9ratures, ce qui facilite l\u2019application.<\/li>\n<li><strong>Un bon s\u00e9chage m\u00eame \u00e0 basse temp\u00e9rature :<\/strong> S\u00e8che bien m\u00eame par temps froid, donc le projet avance plus vite.<\/li>\n<li><strong>Tr\u00e8s bonne couverture :<\/strong> La peinture offre une excellente couverture, ce qui signifie qu\u2019il faut moins de couches pour un r\u00e9sultat totalement opaque.<\/li>\n<\/ul>\n<h3><strong>Combien de Sigma Tigron Extreme Satin ai-je besoin ?<\/strong><\/h3>\n<p>Avec une efficacit\u00e9 th\u00e9orique de 16 m\u00b2 par litre, vous pouvez facilement calculer la quantit\u00e9 de peinture n\u00e9cessaire. Par exemple, pour une surface de 16 m\u00b2, il vous faudra :<\/p>\n<ul>\n<li><strong>1 litre :<\/strong> Couvre environ 16 m\u00b2, selon le substrat et la m\u00e9thode d\u2019application.<\/li>\n<\/ul>\n<details>\n<summary>Plus d'informations<br \/><\/summary>\n<section>\n<h3><strong>Sigma Tigron Extreme Satin par m\u00e9lange de couleurs<\/strong><\/h3>\n<p>Le Sigma Tigron Extreme Satin peut \u00eatre m\u00e9lang\u00e9 par couleur sp\u00e9cialement pour vous. Vous pouvez choisir parmi presque toutes les couleurs du ventilateur Sigma C21.3 ou du ventilateur PPG Voice ou Colour Color. D\u2019autres couleurs peuvent aussi \u00eatre m\u00e9lang\u00e9es \u00e0 la bonne taille, tant que vous fournissez le code couleur ou le nom.<\/p>\n<h3><strong>Comment utiliser le Sigma Tigron Extreme Satin\u00a0?<\/strong><\/h3>\n<p>Pour de meilleurs r\u00e9sultats, nous recommandons l\u2019utilisation d\u2019accessoires de peinture de haute qualit\u00e9. Appliquez la peinture avec un pinceau, un rouleau ou un pulv\u00e9risateur, selon la surface et la taille du projet. Assurez-vous que la surface est bien pr\u00e9par\u00e9e avant d\u2019appliquer la peinture, par exemple en la nettoyant et en pon\u00e7ant.<\/p>\n<h3><strong>Volumes disponibles de Sigma Tigron Extreme Satin<\/strong><\/h3>\n<p>Sigma Tigron Extreme Satin est disponible dans les volumes suivants :<\/p>\n<ul>\n<li><strong>1 litre et 2,5 litres<\/strong>: Id\u00e9al pour des projets de petite \u00e0 moyenne taille tels que portes et cadres.<\/li>\n<\/ul>\n<h3><strong>Temps de s\u00e9chage du Sigma Tigron Extreme Satin<\/strong><\/h3>\n<p>Le Sigma Tigron Extreme Satin comporte les temps de s\u00e9chage suivants :<\/p>\n<ul>\n<li><strong>\u00c0 23\u00b0C et 50 % d\u2019humidit\u00e9 relative :<\/strong>\n<ul>\n<li>S\u00e8che \u00e0 la poussi\u00e8re : environ 2 heures<\/li>\n<li>Sans sellerie : environ 3,5 heures<\/li>\n<li>Recoottable : environ 16 heures<\/li>\n<\/ul>\n<\/li>\n<li><strong>\u00c0 5\u00b0C et 90 % d\u2019humidit\u00e9 relative :<\/strong>\n<ul>\n<li>S\u00e8che \u00e0 la poussi\u00e8re : environ 3 heures<\/li>\n<li>Sans sellerie : environ 5 heures<\/li>\n<li>Recoottable : environ 20 heures<\/li>\n<\/ul>\n<\/li>\n<\/ul>\n<h3><strong>Profitez de nos offres Sigma Tigron Extreme Satin<\/strong><\/h3>\n<p>\u00c0 Paintstore.be vous pouvez profiter de r\u00e9ductions attrayantes sur le satin extr\u00eame Sigma Tigron. Cela vous permet d\u2019acheter de la peinture de haute qualit\u00e9 \u00e0 un prix tr\u00e8s attractif.<\/p>\n<h3><strong>Pourquoi acheter le Sigma Tigron Extreme Satin chez Paintstore.be ?<\/strong><\/h3>\n<p>Avec Paintstore.be, vous b\u00e9n\u00e9ficiez d\u2019une livraison rapide, de conseils d\u2019experts et d\u2019un excellent service client. Nous veillons \u00e0 ce que votre projet se d\u00e9roule sans encombre, de la commande \u00e0 la finition.<\/p>\n<\/section>\n<\/details>\n<p><a title=\"Tigron Extreme Satin \" target=\"_blank\" rel=\"noopener\" href=\"https:\/\/sigmatech.be\/download?kind=default&#038;file=\/assets_be\/TF\/NL\/Sigma\/Sigma%20Tigron%20Extreme%20Satin_TF_NL_2023BE.pdf\"><br \/><\/a><\/p>\n<p><a title=\"Tigron Extreme Satin \" target=\"_blank\" rel=\"noopener\" href=\"https:\/\/paintstore.be\/wp-content\/uploads\/2025\/10\/Sigma-Tigron-Extreme-Satin-Technische-fiche.pdf\">Cliquez ici pour t\u00e9l\u00e9charger la fiche technique<\/a><\/p>","protected":false},"excerpt":{"rendered":"<p>Bekijk hier de verschillende kleurenkaarten Waarom kiezen voor Sigma Tigron Extreme Satin? Sigma Tigron Extreme Satin is een hoogwaardige, solventgedragen lak voor buitengebruik, op basis van polyurethaan-alkydhars met Extreme Protection Technology\u2122. Deze verf is speciaal ontwikkeld voor het aflakken van hout, metalen en andere materialen die voorzien zijn van een geschikte grond- en tussenlaag. Dankzij [&hellip;]<\/p>\n","protected":false},"featured_media":832,"comment_status":"open","ping_status":"closed","template":"","meta":[],"product_brand":[90],"product_cat":[143,139,31],"product_tag":[159],"class_list":{"0":"post-796","1":"product","2":"type-product","3":"status-publish","4":"has-post-thumbnail","6":"product_brand-sigma-coatings","7":"product_cat-verf-lakverf-deurverf","8":"product_cat-verf-lakverf-lakverf-buiten","9":"product_cat-verf","10":"product_tag-popular","11":"pa_basis-solventbasis","12":"pa_binnen-buiten-buiten","13":"pa_eigenschappen-vochtregulerend","14":"pa_glansgraad-zijdeglans","15":"pa_inhoud-1l","16":"pa_inhoud-2-5l","17":"pa_kleur-gekleurd","18":"pa_kleur-wit","19":"pa_merk-sigma-coatings","20":"pa_ondergrond-metaal","21":"pa_overschilderbaar-vanaf-16-uur","22":"pa_upc-689","24":"first","25":"instock","26":"featured","27":"shipping-taxable","28":"purchasable","29":"product-type-variable"},"_links":{"self":[{"href":"https:\/\/medv-design.org\/fr\/wp-json\/wp\/v2\/product\/796","targetHints":{"allow":["GET"]}}],"collection":[{"href":"https:\/\/medv-design.org\/fr\/wp-json\/wp\/v2\/product"}],"about":[{"href":"https:\/\/medv-design.org\/fr\/wp-json\/wp\/v2\/types\/product"}],"replies":[{"embeddable":true,"href":"https:\/\/medv-design.org\/fr\/wp-json\/wp\/v2\/comments?post=796"}],"wp:featuredmedia":[{"embeddable":true,"href":"https:\/\/medv-design.org\/fr\/wp-json\/wp\/v2\/media\/832"}],"wp:attachment":[{"href":"https:\/\/medv-design.org\/fr\/wp-json\/wp\/v2\/media?parent=796"}],"wp:term":[{"taxonomy":"product_brand","embeddable":true,"href":"https:\/\/medv-design.org\/fr\/wp-json\/wp\/v2\/product_brand?post=796"},{"taxonomy":"product_cat","embeddable":true,"href":"https:\/\/medv-design.org\/fr\/wp-json\/wp\/v2\/product_cat?post=796"},{"taxonomy":"product_tag","embeddable":true,"href":"https:\/\/medv-design.org\/fr\/wp-json\/wp\/v2\/product_tag?post=796"}],"curies":[{"name":"wp","href":"https:\/\/api.w.org\/{rel}","templated":true}]}}