{"id":795,"date":"2025-12-08T20:01:10","date_gmt":"2025-12-08T20:01:10","guid":{"rendered":"https:\/\/medv-design.org\/product\/sigma-tigron-aqua-spray-satin\/"},"modified":"2026-02-07T15:42:10","modified_gmt":"2026-02-07T15:42:10","slug":"sigma-tigron-aqua-spray-satin","status":"publish","type":"product","link":"https:\/\/medv-design.org\/fr\/produit\/sigma-tigron-aqua-spray-satin\/","title":{"rendered":"Sigma Tigron Aqua Spray Satin"},"content":{"rendered":"<p><a href=\"https:\/\/paintstore.be\/kleuren\/\" target=\"_blank\" rel=\"noopener\">Voir les diff\u00e9rentes cartes de couleurs ici<\/a><\/p>\n<h3><strong>Pourquoi choisir le spray Sigma Tigron Aqua Spray Satin\u00e9 ?<\/strong><\/h3>\n<p>Le Sigma Tigron Aqua Spray Satin est une peinture en spray \u00e0 base d\u2019eau de haute qualit\u00e9, soie-brillante, d\u00e9velopp\u00e9e \u00e0 partir de polyur\u00e9thane-acrylique avec la technologie LTA+. Cette peinture est parfaite pour finir les nouveaux \u00e9l\u00e9ments de construction sur le chantier par pulv\u00e9risation. De plus, il est extr\u00eamement adapt\u00e9 aux projets d\u2019entretien, comme la remise \u00e0 neuf des couches de peinture existantes. Gr\u00e2ce \u00e0 son excellente r\u00e9sistance aux rayures et \u00e0 l\u2019abrasion, cette peinture est id\u00e9ale pour les projets n\u00e9cessitant beaucoup de travail r\u00e9p\u00e9titif et offre une finition durable et professionnelle pour les surfaces tr\u00e8s utilis\u00e9es.<\/p>\n<h3><strong>Principaux avantages :<\/strong><\/h3>\n<ul>\n<li><strong>Traitement facile :<\/strong> La peinture est facile \u00e0 appliquer par pulv\u00e9risation, ce qui assure un traitement efficace et rapide.<\/li>\n<li><strong>Adapt\u00e9 \u00e0 la pulv\u00e9risation chauffante :<\/strong> La peinture est excellente pour l\u2019utilisation avec des \u00e9quipements de pulv\u00e9risation chauffants, ce qui simplifie l\u2019application.<\/li>\n<li><strong>Uitstekend kras- en slijtvast:<\/strong> Offre une protection durable contre l\u2019usure, id\u00e9ale pour les zones \u00e0 forte utilisation.<\/li>\n<li><strong>Haute r\u00e9sistance \u00e0 la graisse (\u00e0 mains), \u00e0 la salet\u00e9 et aux agents nettoyants :<\/strong> Gr\u00e2ce \u00e0 la technologie LTA+, la peinture reste belle plus longtemps, m\u00eame avec un nettoyage fr\u00e9quent.<\/li>\n<li><strong>Arrondi excellent :<\/strong> La peinture coule parfaitement et offre une finition belle et uniforme.<\/li>\n<li><strong>S\u00e9chage rapide :<\/strong> Le spray Sigma Tigron Aqua Spray Satin s\u00e8che rapidement, vous permettant de reprendre le travail rapidement.<\/li>\n<li><strong>Opaque \u00e0 une seule couche :<\/strong> La peinture offre une excellente couverture en une seule couche, assurant une finition rapide et efficace.<\/li>\n<li><strong>Faible odeur :<\/strong> Il a une odeur agr\u00e9able et faible, ce qui le rend agr\u00e9able \u00e0 utiliser \u00e0 l\u2019int\u00e9rieur.<\/li>\n<li><strong>Colorfixation :<\/strong> La peinture conserve sa couleur m\u00eame apr\u00e8s une utilisation prolong\u00e9e.<\/li>\n<li><strong>Apparence uniforme :<\/strong> La peinture offre une finition lisse et uniforme.<\/li>\n<\/ul>\n<h3><strong>Combien de Sigma Tigron Aqua Spray Satin dois-je utiliser ?<\/strong><\/h3>\n<p>Avec un rendement th\u00e9orique de 5 \u00e0 6 m\u00b2 par litre, vous pouvez facilement calculer la quantit\u00e9 de peinture n\u00e9cessaire. Par exemple, pour une surface de 5,4 m\u00b2, vous avez :<\/p>\n<ul>\n<li><strong>2,5 litres :<\/strong> Couvre environ 13,5 m\u00b2, selon le substrat et la m\u00e9thode d\u2019application.<\/li>\n<\/ul>\n<details>\n<summary>Plus d'informations<\/summary>\n<section>\n<h3><strong>Sigma Tigron Aqua Spray Satin sur m\u00e9lange color\u00e9<\/strong><\/h3>\n<p>Le Sigma Tigron Aqua Spray Satin peut \u00eatre m\u00e9lang\u00e9 par couleur, sp\u00e9cialement pour vous.  Cela peut \u00eatre presque n\u2019importe quelle couleur de la gamme Sigma Color System (C21.3) ou de la gamme PPG Voice of Colour. D\u2019autres couleurs peuvent aussi \u00eatre m\u00e9lang\u00e9es \u00e0 la bonne taille, tant que vous fournissez le code couleur ou le nom. RAL 9010 et RAL 9016 sont des choix populaires pour une finition soign\u00e9e et professionnelle. Cette peinture m\u00e9lang\u00e9e vous garantit de choisir la teinte parfaite pour votre projet.<\/p>\n<h3><strong>Comment utiliser le spray Sigma Tigron Aqua Spray Satin\u00e9 ?<\/strong><\/h3>\n<p>Pour de meilleurs r\u00e9sultats, nous recommandons d\u2019utiliser des accessoires de peinture professionnels. Utilisez un applicateur en spray pour un traitement optimal et une couverture bien uniforme. Assurez-vous que la surface est bien pr\u00e9par\u00e9e avant d\u2019appliquer la peinture.<\/p>\n<h3><strong>Volumes disponibles de Sigma Tigron Aqua Spray Satin<\/strong><\/h3>\n<p>Le spray Sigma Tigron Aqua Spray Satin est disponible dans le volume suivant :<\/p>\n<ul>\n<li><strong>2,5 litres :<\/strong> Parfait pour les surfaces de taille moyenne, comme les portes et les cadres.<\/li>\n<\/ul>\n<h3><strong>Temps de s\u00e9chage du spray Sigma Tigron Aqua Spray Satin<\/strong><\/h3>\n<p>Le Sigma Tigron Aqua Spray Satin est compl\u00e8tement sec apr\u00e8s environ 1 \u00e0 2 heures, sans adh\u00e9rence apr\u00e8s 1,5 heure et peut \u00eatre vaporis\u00e9 apr\u00e8s 6 heures, selon la temp\u00e9rature et l\u2019humidit\u00e9.<\/p>\n<h3><strong>Profitez de nos offres de spray Sigma Tigron Aqua Spray Satin\u00e9<\/strong><\/h3>\n<p>Profitez de r\u00e9ductions attractives sur le spray Sigma Tigron Aqua Satin chez Paintstore.be. Ainsi, vous pouvez acheter de la peinture de haute qualit\u00e9 \u00e0 un prix encore meilleur.<\/p>\n<h3><strong>Pourquoi acheter le Sigma Tigron Aqua Spray Satin chez Paintstore.be ?<\/strong><\/h3>\n<p>Chez Paintstore.be, vous b\u00e9n\u00e9ficiez d\u2019une livraison rapide, de conseils d\u2019experts et d\u2019un excellent service client. Nous veillons \u00e0 ce que votre projet se d\u00e9roule sans encombre, de la commande \u00e0 la fin.<\/p>\n<\/section>\n<\/details>\n<p><a title=\"Tigron aqua spray satin \" target=\"_blank\" rel=\"noopener\" href=\"https:\/\/paintstore.be\/wp-content\/uploads\/2025\/10\/Sigma-Tigron-Aqua-Spray-Satin-technische-fiche.pdf\">Cliquez ici pour t\u00e9l\u00e9charger la fiche technique<\/a><\/p>","protected":false},"excerpt":{"rendered":"<p>Bekijk hier de verschillende kleurenkaarten Waarom kiezen voor Sigma Tigron Aqua Spray Satin? Sigma Tigron Aqua Spray Satin is een hoogwaardige, zijdeglanzende watergedragen spuitlakverf, ontwikkeld op basis van polyurethaan-acrylaat met LTA+-Technology. Deze verf is perfect voor het afwerken van nieuwbouwelementen op de bouwplaats door middel van spuitapplicatie. Daarnaast is het uitermate geschikt voor onderhoudsprojecten, zoals [&hellip;]<\/p>\n","protected":false},"featured_media":834,"comment_status":"open","ping_status":"closed","template":"","meta":[],"product_brand":[90],"product_cat":[143,121,31],"product_tag":[],"class_list":{"0":"post-795","1":"product","2":"type-product","3":"status-publish","4":"has-post-thumbnail","6":"product_brand-sigma-coatings","7":"product_cat-verf-lakverf-deurverf","8":"product_cat-verf-lakverf-lakverf-binnen","9":"product_cat-verf","10":"pa_basis-waterbasis","11":"pa_binnen-buiten-binnen","12":"pa_eigenschappen-goed-reinigbaar","13":"pa_glansgraad-zijdeglans","14":"pa_inhoud-2-5l","15":"pa_kleur-gekleurd","16":"pa_kleur-wit","17":"pa_merk-sigma-coatings","18":"pa_ondergrond-radiatoren","19":"pa_overschilderbaar-vanaf-6-uur","20":"pa_upc-708","22":"first","23":"instock","24":"shipping-taxable","25":"purchasable","26":"product-type-variable"},"_links":{"self":[{"href":"https:\/\/medv-design.org\/fr\/wp-json\/wp\/v2\/product\/795","targetHints":{"allow":["GET"]}}],"collection":[{"href":"https:\/\/medv-design.org\/fr\/wp-json\/wp\/v2\/product"}],"about":[{"href":"https:\/\/medv-design.org\/fr\/wp-json\/wp\/v2\/types\/product"}],"replies":[{"embeddable":true,"href":"https:\/\/medv-design.org\/fr\/wp-json\/wp\/v2\/comments?post=795"}],"wp:featuredmedia":[{"embeddable":true,"href":"https:\/\/medv-design.org\/fr\/wp-json\/wp\/v2\/media\/834"}],"wp:attachment":[{"href":"https:\/\/medv-design.org\/fr\/wp-json\/wp\/v2\/media?parent=795"}],"wp:term":[{"taxonomy":"product_brand","embeddable":true,"href":"https:\/\/medv-design.org\/fr\/wp-json\/wp\/v2\/product_brand?post=795"},{"taxonomy":"product_cat","embeddable":true,"href":"https:\/\/medv-design.org\/fr\/wp-json\/wp\/v2\/product_cat?post=795"},{"taxonomy":"product_tag","embeddable":true,"href":"https:\/\/medv-design.org\/fr\/wp-json\/wp\/v2\/product_tag?post=795"}],"curies":[{"name":"wp","href":"https:\/\/api.w.org\/{rel}","templated":true}]}}