{"id":794,"date":"2025-12-08T20:01:10","date_gmt":"2025-12-08T20:01:10","guid":{"rendered":"https:\/\/medv-design.org\/product\/sigma-tigron-aqua-spray-primer\/"},"modified":"2026-02-07T15:42:13","modified_gmt":"2026-02-07T15:42:13","slug":"sigma-tigron-aqua-spray-primer","status":"publish","type":"product","link":"https:\/\/medv-design.org\/fr\/produit\/sigma-tigron-aqua-spray-primer\/","title":{"rendered":"Sigma Tigron Aqua Spray Primer"},"content":{"rendered":"<p><a href=\"https:\/\/paintstore.be\/kleuren\/\" target=\"_blank\" rel=\"noopener\">Voir les diff\u00e9rentes cartes de couleurs ici<\/a><\/p>\n<h3>Pourquoi choisir la base spray Sigma Tigron Aqua ?<\/h3>\n<p>Le Sigma Tigron Aqua Spray Primer est un appr\u00eat vaporisateur de haute qualit\u00e9 \u00e0 base d\u2019eau pour un usage int\u00e9rieur, bas\u00e9 sur une \u00e9mulsion alkyde modifi\u00e9e. Cette appr\u00eat a \u00e9t\u00e9 sp\u00e9cialement d\u00e9velopp\u00e9e pour appliquer de nouveaux \u00e9l\u00e9ments de construction sur le chantier par pulv\u00e9risation. Il est \u00e9galement excellent pour l\u2019appr\u00eatage du bois non trait\u00e9 et la remise \u00e0 neuf des couches de peinture existantes lors de projets d\u2019entretien. Le primer spray Sigma Tigron Aqua est id\u00e9al pour les projets n\u00e9cessitant beaucoup de travail r\u00e9p\u00e9titif, offrant une adh\u00e9rence parfaite et une base uniforme pour la peinture finale.<\/p>\n<h3>Principaux avantages<\/h3>\n<ul>\n<li><strong>Traitement facile<\/strong>: La peinture est facile \u00e0 appliquer par pulv\u00e9risation, ce qui permet de la faire agir rapidement et efficacement.<\/li>\n<li><strong>Excellent \u00e9coulement<\/strong>: Assure un flux parfait, \u00e9vitant les traces et les imperfections.<\/li>\n<li><strong>Bonne couverture des bords et sur le grain du bois<\/strong>: Offre une excellente couverture m\u00eame dans les coins difficiles et les surfaces en bois.<\/li>\n<li><strong>Mauvaise odeur<\/strong>: La peinture a une odeur faible, id\u00e9ale pour une utilisation en int\u00e9rieur.<\/li>\n<li><strong>R\u00e9sistant \u00e0 la lumi\u00e8re<\/strong>: L\u2019appr\u00eat conserve sa couleur m\u00eame avec une utilisation prolong\u00e9e.<\/li>\n<li><strong>Apparence uniforme<\/strong>: Offre une surface lisse et uniforme, pr\u00eate \u00e0 \u00eatre finie.<\/li>\n<\/ul>\n<h3>De combien de primer Sigma Tigron Aqua Spray dois-je mettre ?<\/h3>\n<p>Avec un <strong>rendement th\u00e9orique de 5,8 m\u00b2 par litre<\/strong> Vous pouvez facilement calculer la quantit\u00e9 de peinture dont vous avez besoin. Par exemple, pour une surface de 5,8 m\u00b2, vous aurez besoin de :<\/p>\n<ul>\n<li><strong>2,5 litres<\/strong> : Couvre environ <strong>14,5 m\u00b2<\/strong>, selon le substrat et la m\u00e9thode d\u2019application.<\/li>\n<\/ul>\n<details>\n<summary>Plus d'informations<\/summary>\n<section>\n<h4><span style=\"font-size: 20px;\">Primer spray Sigma Tigron Aqua sur m\u00e9lange color\u00e9<\/span><\/h4>\n<p>Le primer spray Sigma Tigron Aqua peut \u00eatre m\u00e9lang\u00e9 par couleur \u00e0 partir du <strong>Gamme Sigma C21.3<\/strong>  ou d\u2019autres couleurs de votre choix. La peinture est disponible en blanc et peut \u00eatre m\u00e9lang\u00e9e en diff\u00e9rentes nuances selon la taille. Cela garantira que l\u2019appr\u00eat s\u2019harmonise parfaitement avec le reste de votre projet de peinture.<\/p>\n<h4><span style=\"font-size: 20px;\">Comment utiliser le primer Sigma Tigron Aqua Spray ?<\/span><\/h4>\n<p>Pour de meilleurs r\u00e9sultats, nous recommandons d\u2019utiliser des accessoires de peinture professionnels, tels que des \u00e9quipements de pulv\u00e9risation de haute qualit\u00e9. Assurez-vous que la surface est bien pr\u00e9par\u00e9e et que la peinture est appliqu\u00e9e de mani\u00e8re uniforme pour une couverture et une adh\u00e9rence optimales.<\/p>\n<h3>Volumes disponibles de Sigma Tigron Aqua Spray Primer<\/h3>\n<p>Le primer Sigma Tigron Aqua Spray est disponible en volumes suivants :<\/p>\n<ul>\n<li><strong>2,5 litres<\/strong> : Id\u00e9al pour les surfaces de taille moyenne telles que les cadres de portes et les plinthes.<\/li>\n<\/ul>\n<h3>Temps de s\u00e9chage de l\u2019appr\u00eat Sigma Tigron Aqua Spray<\/h3>\n<p>Le primer spray Sigma Tigron Aqua s\u00e8che apr\u00e8s environ <strong>1 heure<\/strong>sans collage apr\u00e8s l'application de la <strong>3 heures<\/strong>, et peuvent \u00eatre repeints apr\u00e8s <strong>5 heures<\/strong>, selon la temp\u00e9rature et l\u2019humidit\u00e9.<\/p>\n<h3>Profitez de nos offres de primers Sigma Tigron Aqua Spray<\/h3>\n<p>Profitez de grandes r\u00e9ductions sur <strong>Sigma Tigron Aqua Spray Primer<\/strong> Au <strong>Paintstore.be<\/strong> Et obtenez de la peinture de haute qualit\u00e9 \u00e0 un prix attractif.<\/p>\n<h3>Pourquoi acheter la sous-couche Sigma Tigron Aqua Spray chez Paintstore.be ?<\/h3>\n<p>Au <strong>Paintstore.be<\/strong>  Vous b\u00e9n\u00e9ficierez d\u2019une livraison rapide, de conseils d\u2019experts et d\u2019un excellent service client. Nous veillons \u00e0 ce que votre projet fonctionne efficacement et sans souci, de la commande \u00e0 la finition finale.<\/p>\n<\/section>\n<\/details>\n<p><a title=\"Primer spray aqua Tigron\" target=\"_blank\" rel=\"noopener\" href=\"https:\/\/sigmatech.be\/download?kind=default&#038;file=\/assets_be\/TF\/NL\/Sigma\/Sigma%20Tigron%20Aqua%20Spray%20Primer_TF_NL_8008n.pdf\"><br \/><\/a><\/p>\n<p><a title=\"Primer spray aqua Tigron\" target=\"_blank\" rel=\"noopener\" href=\"https:\/\/paintstore.be\/wp-content\/uploads\/2025\/10\/Sigma-Tigron-Aqua-Spray-Primer-Technische-fiche.pdf\">Cliquez ici pour t\u00e9l\u00e9charger la fiche technique<\/a><\/p>","protected":false},"excerpt":{"rendered":"<p>Bekijk hier de verschillende kleurenkaarten Waarom kiezen voor Sigma Tigron Aqua Spray Primer? Sigma Tigron Aqua Spray Primer is een hoogwaardige, watergedragen spuitgrondverf voor binnen, op basis van gemodificeerde alkydemulsie. Deze primer is speciaal ontwikkeld voor het gronden van nieuwbouwelementen op de bouwplaats door middel van spuiten. Hij is ook uitstekend geschikt voor het gronden [&hellip;]<\/p>\n","protected":false},"featured_media":1018,"comment_status":"open","ping_status":"closed","template":"","meta":[],"product_brand":[90],"product_cat":[47,118,31],"product_tag":[],"class_list":{"0":"post-794","1":"product","2":"type-product","3":"status-publish","4":"has-post-thumbnail","6":"product_brand-sigma-coatings","7":"product_cat-grondverf-primers","8":"product_cat-verf-grondverf-primers-primer-voor-mdf","9":"product_cat-verf","10":"pa_basis-waterbasis","11":"pa_binnen-buiten-binnen","12":"pa_eigenschappen-spuitapplicatie","13":"pa_glansgraad-mat","14":"pa_inhoud-2-5l","15":"pa_kleur-gekleurd","16":"pa_kleur-wit","17":"pa_merk-sigma-coatings","18":"pa_ondergrond-metaal","19":"pa_overschilderbaar-vanaf-5-uur","20":"pa_upc-707","22":"first","23":"instock","24":"shipping-taxable","25":"purchasable","26":"product-type-variable"},"_links":{"self":[{"href":"https:\/\/medv-design.org\/fr\/wp-json\/wp\/v2\/product\/794","targetHints":{"allow":["GET"]}}],"collection":[{"href":"https:\/\/medv-design.org\/fr\/wp-json\/wp\/v2\/product"}],"about":[{"href":"https:\/\/medv-design.org\/fr\/wp-json\/wp\/v2\/types\/product"}],"replies":[{"embeddable":true,"href":"https:\/\/medv-design.org\/fr\/wp-json\/wp\/v2\/comments?post=794"}],"wp:featuredmedia":[{"embeddable":true,"href":"https:\/\/medv-design.org\/fr\/wp-json\/wp\/v2\/media\/1018"}],"wp:attachment":[{"href":"https:\/\/medv-design.org\/fr\/wp-json\/wp\/v2\/media?parent=794"}],"wp:term":[{"taxonomy":"product_brand","embeddable":true,"href":"https:\/\/medv-design.org\/fr\/wp-json\/wp\/v2\/product_brand?post=794"},{"taxonomy":"product_cat","embeddable":true,"href":"https:\/\/medv-design.org\/fr\/wp-json\/wp\/v2\/product_cat?post=794"},{"taxonomy":"product_tag","embeddable":true,"href":"https:\/\/medv-design.org\/fr\/wp-json\/wp\/v2\/product_tag?post=794"}],"curies":[{"name":"wp","href":"https:\/\/api.w.org\/{rel}","templated":true}]}}