{"id":793,"date":"2025-12-08T20:01:09","date_gmt":"2025-12-08T20:01:09","guid":{"rendered":"https:\/\/medv-design.org\/product\/sigma-tigron-aqua-spray-matt\/"},"modified":"2026-02-07T15:42:15","modified_gmt":"2026-02-07T15:42:15","slug":"sigma-tigron-aqua-spray-matt","status":"publish","type":"product","link":"https:\/\/medv-design.org\/fr\/produit\/sigma-tigron-aqua-spray-matt\/","title":{"rendered":"Sigma Tigron Aqua Spray Matt"},"content":{"rendered":"<p><a href=\"https:\/\/paintstore.be\/kleuren\/\" target=\"_blank\" rel=\"noopener\">Voir les diff\u00e9rentes cartes de couleurs ici<br \/><\/a><\/p>\n<h3><strong>Pourquoi choisir le Sigma Tigron Aqua Spray Matt ?<\/strong><\/h3>\n<p>Sigma Tigron Aqua Spray Matt est une peinture en spray m\u00e8re de haute qualit\u00e9, \u00e0 base d\u2019eau, \u00e0 base de polyur\u00e9thane-acrylique avec la technologie LTA+. Cette peinture a \u00e9t\u00e9 sp\u00e9cialement d\u00e9velopp\u00e9e pour finir les nouveaux \u00e9l\u00e9ments de construction sur le chantier et pour la restauration des couches de peinture existantes lors de projets d\u2019entretien. La peinture convient particuli\u00e8rement aux projets n\u00e9cessitant beaucoup de travail r\u00e9p\u00e9titeur, car elle offre une excellente r\u00e9sistance aux rayures et \u00e0 l\u2019abrasion et offre une finition uniforme et mate qui dure longtemps.<\/p>\n<h3><strong>Principaux avantages :<\/strong><\/h3>\n<ul>\n<li><strong>Traitement facile :<\/strong> La peinture est facile \u00e0 appliquer par pulv\u00e9risation, id\u00e9ale pour un traitement rapide et efficace sur de grandes surfaces.<\/li>\n<li><strong>Adapt\u00e9 \u00e0 la pulv\u00e9risation chauffante :<\/strong> Parfait pour un \u00e9quipement de pulv\u00e9risation chauffante pour un meilleur traitement.<\/li>\n<li><strong>Uitstekend kras- en slijtvast:<\/strong> Offre une excellente protection contre l\u2019usure, id\u00e9ale pour les surfaces tr\u00e8s fr\u00e9quent\u00e9es.<\/li>\n<li><strong>Haute r\u00e9sistance \u00e0 la graisse (\u00e0 mains), \u00e0 la salet\u00e9 et aux agents nettoyants :<\/strong> Gr\u00e2ce \u00e0 la technologie LTA+, la peinture reste belle longtemps, m\u00eame avec un nettoyage r\u00e9gulier.<\/li>\n<li><strong>Excellents papiers \u00e0 rouler :<\/strong> Offre une finition belle, uniforme et professionnelle.<\/li>\n<li><strong>S\u00e9chage rapide :<\/strong> \u00c7a s\u00e8che rapidement, donc vous pouvez rapidement avancer dans votre projet.<\/li>\n<li><strong>Couvrance en une seule couche :<\/strong> La peinture offre une excellente couverture en une seule couche.<\/li>\n<li><strong>Faible odeur :<\/strong> La peinture d\u00e9gage une odeur agr\u00e9able et faible qui facilite l\u2019utilisation \u00e0 l\u2019int\u00e9rieur.<\/li>\n<li><strong>Colorfixation :<\/strong> La peinture conserve sa couleur et continue d\u2019avoir un aspect frais m\u00eame apr\u00e8s longtemps.<\/li>\n<li><strong>Finition uniforme :<\/strong> Offre une finition lisse et uniforme, sans traces ni taches.<\/li>\n<\/ul>\n<details>\n<summary>Plus d'informations<\/summary>\n<section>\n<h3><strong>De combien de Sigma Tigron Aqua Spray Matt dois-je utiliser ?<\/strong><\/h3>\n<p>Avec un rendement th\u00e9orique de 5,4 m\u00b2 par litre, vous pouvez facilement calculer la quantit\u00e9 de peinture n\u00e9cessaire. Par exemple, pour une surface de 5,4 m\u00b2, vous aurez besoin de :<\/p>\n<ul>\n<li><strong>2,5 litres :<\/strong> Couvre environ 13,5 m\u00b2, selon le substrat et la m\u00e9thode d\u2019application.<\/li>\n<\/ul>\n<h3><strong>Sigma Tigron Aqua Spray mat sur m\u00e9lange color\u00e9<\/strong><\/h3>\n<p>Le Sigma Tigron Aqua Spray Matt peut \u00eatre m\u00e9lang\u00e9 sp\u00e9cialement pour vous. Vous pouvez choisir parmi une large gamme de couleurs du Sigma Color System Fan (C21.3) ou du PPG Voice ou Colour Color Fan Deck. D\u2019autres couleurs peuvent aussi \u00eatre m\u00e9lang\u00e9es \u00e0 la bonne taille, tant que vous fournissez le code couleur ou le nom. RAL 9010 et RAL 9016 sont des options populaires pour une finition soign\u00e9e et professionnelle.<\/p>\n<h3><strong>Comment utiliser le Sigma Tigron Aqua Spray Matt ?<\/strong><\/h3>\n<p>Pour de meilleurs r\u00e9sultats, nous recommandons l\u2019utilisation d\u2019accessoires de pulv\u00e9risation de haute qualit\u00e9. Utilisez un applicateur en spray professionnel pour une couvrance optimale et une finition belle et uniforme. Assurez-vous que la surface est bien pr\u00e9par\u00e9e avant d\u2019appliquer la peinture.<\/p>\n<h3><strong>Volumes disponibles de Sigma Tigron Aqua Spray Matt<\/strong><\/h3>\n<p>Le Sigma Tigron Aqua Spray Matt est disponible dans le volume suivant :<\/p>\n<ul>\n<li><strong>2,5 litres :<\/strong> Id\u00e9al pour les surfaces de taille moyenne telles que les portes et les cadres.<\/li>\n<\/ul>\n<h3><strong>Temps de s\u00e9chage du Sigma Tigron Aqua Spray Matt<\/strong><\/h3>\n<p>Le Sigma Tigron Aqua Spray Matt est s\u00e8che apr\u00e8s environ une heure, ne se serre plus apr\u00e8s 1,5 heure et peut \u00eatre repeint par-dessus apr\u00e8s 6 heures, selon la temp\u00e9rature et l\u2019humidit\u00e9.<\/p>\n<h3><strong>Profitez de nos offres de Sigma Tigron Aqua Spray Matt<\/strong><\/h3>\n<p>Profitez de r\u00e9ductions attractives sur le Sigma Tigron Aqua Spray Matt chez Paintstore.be. Ainsi, vous pouvez acheter de la peinture de haute qualit\u00e9 \u00e0 un prix encore meilleur.<\/p>\n<h3><strong>Pourquoi acheter le Sigma Tigron Aqua Spray Matt chez Paintstore.be ?<\/strong><\/h3>\n<p>Avec Paintstore.be, vous b\u00e9n\u00e9ficiez d\u2019une livraison rapide, de conseils d\u2019experts et d\u2019un excellent service client. Nous veillons \u00e0 ce que votre projet se d\u00e9roule sans encombre, de la commande \u00e0 la finition.<\/p>\n<\/section>\n<\/details>\n<p><a title=\"Spray matelas Tigron Aqua\" target=\"_blank\" rel=\"noopener\" href=\"https:\/\/paintstore.be\/wp-content\/uploads\/2025\/10\/Sigma-Tigron-Aqua-Spray-Matt-technische-fiche.pdf\">Cliquez ici pour t\u00e9l\u00e9charger la fiche technique &gt;&gt; <br \/><\/a><\/p>","protected":false},"excerpt":{"rendered":"<p>Bekijk hier de verschillende kleurenkaarten Waarom kiezen voor Sigma Tigron Aqua Spray Matt? Sigma Tigron Aqua Spray Matt is een hoogwaardige, watergedragen matte spuitlakverf op basis van polyurethaan-acrylaat met LTA+-Technology. Deze verf is speciaal ontwikkeld voor het afwerken van nieuwbouwelementen op de bouwplaats en voor het overspuiten van bestaande verflagen in onderhoudsprojecten. De verf is [&hellip;]<\/p>\n","protected":false},"featured_media":855,"comment_status":"open","ping_status":"closed","template":"","meta":[],"product_brand":[90],"product_cat":[143,121,31],"product_tag":[],"class_list":{"0":"post-793","1":"product","2":"type-product","3":"status-publish","4":"has-post-thumbnail","6":"product_brand-sigma-coatings","7":"product_cat-verf-lakverf-deurverf","8":"product_cat-verf-lakverf-lakverf-binnen","9":"product_cat-verf","10":"pa_basis-waterbasis","11":"pa_binnen-buiten-binnen","12":"pa_eigenschappen-sneldrogend","13":"pa_glansgraad-mat","14":"pa_inhoud-2-5l","15":"pa_kleur-gekleurd","16":"pa_kleur-wit","17":"pa_merk-sigma-coatings","18":"pa_ondergrond-radiatoren","19":"pa_overschilderbaar-vanaf-6-uur","20":"pa_upc-709","22":"first","23":"instock","24":"shipping-taxable","25":"purchasable","26":"product-type-variable"},"_links":{"self":[{"href":"https:\/\/medv-design.org\/fr\/wp-json\/wp\/v2\/product\/793","targetHints":{"allow":["GET"]}}],"collection":[{"href":"https:\/\/medv-design.org\/fr\/wp-json\/wp\/v2\/product"}],"about":[{"href":"https:\/\/medv-design.org\/fr\/wp-json\/wp\/v2\/types\/product"}],"replies":[{"embeddable":true,"href":"https:\/\/medv-design.org\/fr\/wp-json\/wp\/v2\/comments?post=793"}],"wp:featuredmedia":[{"embeddable":true,"href":"https:\/\/medv-design.org\/fr\/wp-json\/wp\/v2\/media\/855"}],"wp:attachment":[{"href":"https:\/\/medv-design.org\/fr\/wp-json\/wp\/v2\/media?parent=793"}],"wp:term":[{"taxonomy":"product_brand","embeddable":true,"href":"https:\/\/medv-design.org\/fr\/wp-json\/wp\/v2\/product_brand?post=793"},{"taxonomy":"product_cat","embeddable":true,"href":"https:\/\/medv-design.org\/fr\/wp-json\/wp\/v2\/product_cat?post=793"},{"taxonomy":"product_tag","embeddable":true,"href":"https:\/\/medv-design.org\/fr\/wp-json\/wp\/v2\/product_tag?post=793"}],"curies":[{"name":"wp","href":"https:\/\/api.w.org\/{rel}","templated":true}]}}