{"id":792,"date":"2025-12-08T20:01:09","date_gmt":"2025-12-08T20:01:09","guid":{"rendered":"https:\/\/medv-design.org\/product\/sigma-tigron-aqua-satin\/"},"modified":"2026-02-07T15:42:18","modified_gmt":"2026-02-07T15:42:18","slug":"sigma-tigron-aqua-satin","status":"publish","type":"product","link":"https:\/\/medv-design.org\/fr\/produit\/sigma-tigron-aqua-satin\/","title":{"rendered":"Sigma Tigron Aqua Satin"},"content":{"rendered":"<p><a href=\"https:\/\/paintstore.be\/kleuren\/\" target=\"_blank\" rel=\"noopener\">Voir les diff\u00e9rentes cartes de couleurs ici<\/a><\/p>\n<h3>Pourquoi choisir Sigma Tigron Aqua Satin ?<\/h3>\n<p>Sigma Tigron Aqua Satin est une peinture laque \u00e0 base d\u2019eau \u00e0 base d\u2019eau soie-brillante, r\u00e9sistante aux rayures et \u00e0 l\u2019usure, destin\u00e9e \u00e0 un usage int\u00e9rieur, bas\u00e9e sur une formule acrylique en polyur\u00e9thane avec la technologie LTA+. Cette peinture offre une protection et une finition de haute qualit\u00e9 pour le bois, les m\u00e9taux et d\u2019autres mat\u00e9riaux. Il convient aussi bien pour la pr\u00e9- qu\u2019\u00e0 la finition de couches de peinture existantes, intactes et ponc\u00e9es, y compris les peintures \u00e0 dispersion acrylique et \u00e0 la r\u00e9sine alkyde. Le Sigma Tigron Aqua Satin est le choix id\u00e9al pour une finition durable et esth\u00e9tique capable de r\u00e9sister \u00e0 une utilisation quotidienne.<\/p>\n<h3>Principaux avantages :<\/h3>\n<ul>\n<li><strong>Excellente r\u00e9sistance aux rayures et \u00e0 l\u2019abrasion<\/strong> : Offre une excellente protection contre l\u2019usure, m\u00eame dans les zones tr\u00e8s fr\u00e9quent\u00e9es.<\/li>\n<li><strong>Haute r\u00e9sistance \u00e0 la graisse (\u00e0 mains), \u00e0 la salet\u00e9 et aux agents nettoyants<\/strong> : Gr\u00e2ce \u00e0 la technologie LTA+, la peinture est tr\u00e8s r\u00e9sistante aux taches de graisse, \u00e0 la salet\u00e9 et \u00e0 la plupart des nettoyants m\u00e9nagers.<\/li>\n<li><strong>R\u00e9sultat esth\u00e9tique<\/strong> : Assure un beau r\u00e9sultat final avec une finition satin\u00e9e.<\/li>\n<li><strong>Papier \u00e0 rouler serr\u00e9<\/strong> : La peinture coule parfaitement, sans traces ni irr\u00e9gularit\u00e9s.<\/li>\n<li><strong>Dur\u00e9e d\u2019ouverture exceptionnellement longue<\/strong> : La peinture a une longue ouverture, ce qui vous donne plus de temps pour appliquer et retoucher la peinture.<\/li>\n<li><strong>Traitement facile<\/strong> : La peinture est facile \u00e0 appliquer pour un traitement efficace et facile.<\/li>\n<li><strong>Bonne couverture<\/strong> : Offre une excellente couverture m\u00eame sur la premi\u00e8re couche.<\/li>\n<li><strong>R\u00e9sistant aux couleurs et sans jaunissement<\/strong> : La peinture conserve sa couleur m\u00eame apr\u00e8s une utilisation prolong\u00e9e.<\/li>\n<li><strong>Bonne \u00e9lasticit\u00e9<\/strong> : La peinture reste flexible et r\u00e9sistante aux d\u00e9chirures.<\/li>\n<li><strong>Tr\u00e8s facile \u00e0 poncer<\/strong> : Apr\u00e8s s\u00e9chage, la peinture est parfaitement pon\u00e7able pour une finition lisse.<\/li>\n<li><strong>Mauvaise odeur<\/strong> : La peinture a une odeur agr\u00e9able, id\u00e9ale pour un usage int\u00e9rieur.<\/li>\n<li><strong>Sans danger pour les jouets d\u2019enfants<\/strong> : Conforme \u00e0 la norme EN 71-3 pour une utilisation s\u00fbre sur les jouets d\u2019enfants.<\/li>\n<li><strong>Certifi\u00e9 avec le label Eurofins \u00ab Indoor Air Comfort Gold \u00bb<\/strong> : Ce certificat garantit une excellente qualit\u00e9 de l\u2019air int\u00e9rieur.<\/li>\n<\/ul>\n<h3>Combien de Sigma Tigron Aqua Satin ai-je besoin ?<\/h3>\n<p>Avec un rendement th\u00e9orique de 12 m\u00b2 par litre, vous pouvez facilement calculer la quantit\u00e9 de peinture n\u00e9cessaire. Par exemple, pour un mur de 12 m\u00b2, il vous faudra :<\/p>\n<ul>\n<li><strong>1 litre<\/strong> : Couvre environ 12 m\u00b2.<\/li>\n<li><strong>2,5 litres<\/strong> : Couvre environ 30 m\u00b2 selon le substrat et la m\u00e9thode d\u2019application.<\/li>\n<\/ul>\n<details>\n<summary>Plus d'informations<\/summary>\n<section>\n<h3>Sigma Tigron Aqua Satin sur m\u00e9lange de couleurs<\/h3>\n<p>Le Sigma Tigron Aqua Satin peut \u00eatre un m\u00e9lange de couleurs sp\u00e9cialement pour vous. Cela peut \u00eatre presque n\u2019importe quelle couleur issue du Sigma Color System Chart (C21.3) ou du PPG Voice of Color Chart. D\u2019autres couleurs peuvent aussi \u00eatre m\u00e9lang\u00e9es \u00e0 la bonne taille, tant que vous fournissez le code couleur ou le nom. <strong>RAL 9010<\/strong> en <strong>RAL 9016<\/strong>  sont des couleurs populaires et offrent une finition soign\u00e9e et professionnelle. Cette peinture m\u00e9lang\u00e9e vous garantit de choisir la teinte parfaite pour votre projet.<\/p>\n<h3>Comment utiliser le Sigma Tigron Aqua Satin\u00e9 ?<\/h3>\n<p>Pour un meilleur r\u00e9sultat, nous recommandons l\u2019utilisation d\u2019accessoires de peinture professionnels. Utilisez un rouleau en microfibre pour les zones plus grandes et un pinceau de qualit\u00e9 pour les coins et les bords. Assurez-vous que la surface est correctement pr\u00e9par\u00e9e pour obtenir la meilleure adh\u00e9rence et la meilleure finition.<\/p>\n<h3>Volumes disponibles de Sigma Tigron Aqua Satin<\/h3>\n<p>Sigma Tigron Aqua Satin est disponible dans les volumes suivants :<\/p>\n<ul>\n<li><strong>1 litre<\/strong> : Adapt\u00e9 aux petites zones ou \u00e0 la retouche de petites zones.<\/li>\n<li><strong>2,5 litres<\/strong> : Id\u00e9al pour les surfaces de taille moyenne telles que les portes et les cadres.<\/li>\n<\/ul>\n<h3>Temps de s\u00e9chage du Sigma Tigron Aqua Satin<\/h3>\n<p>Le Sigma Tigron Aqua Satin est compl\u00e8tement sec apr\u00e8s environ une heure, sans adh\u00e9rence apr\u00e8s 3 heures et peut \u00eatre repeint apr\u00e8s 5 heures, selon la temp\u00e9rature et l\u2019humidit\u00e9.<\/p>\n<h3>Profitez de nos offres Sigma Tigron Aqua Satin<\/h3>\n<p>Profitez de r\u00e9ductions attractives sur le Sigma Tigron Aqua Satin chez Paintstore.be. Ainsi, vous pouvez acheter de la peinture de haute qualit\u00e9 \u00e0 un prix encore meilleur.<\/p>\n<h3>Pourquoi acheter du Sigma Tigron Aqua Satin chez Paintstore.be ?<\/h3>\n<p>Avec Paintstore.be, vous b\u00e9n\u00e9ficiez d\u2019une livraison rapide, de conseils d\u2019experts et d\u2019un excellent service client. Nous veillons \u00e0 ce que votre projet se d\u00e9roule sans encombre, de la commande \u00e0 la finition.<\/p>\n<\/section>\n<\/details>\n<p><a href=\"https:\/\/paintstore.be\/wp-content\/uploads\/2025\/10\/Sigma-Tigron-Aqua-Satin-technische-fiche.pdf\" title=\"Tigron Aqua Satin \" target=\"_blank\" rel=\"noopener\">Cliquez ici pour t\u00e9l\u00e9charger la fiche technique &gt;&gt;<br \/><\/a><\/p>","protected":false},"excerpt":{"rendered":"<p>Bekijk hier de verschillende kleurenkaarten Waarom kiezen voor Sigma Tigron Aqua Satin ? Sigma Tigron Aqua Satin is een zijdeglanzende, kras- en slijtvaste watergedragen lakverf voor binnen, gebaseerd op een acrylaatpolyurethaanformule met LTA+-Technology. Deze verf biedt een hoogwaardige bescherming en afwerking voor hout, metalen en andere materialen. Het is geschikt voor zowel het voor- als [&hellip;]<\/p>\n","protected":false},"featured_media":875,"comment_status":"open","ping_status":"closed","template":"","meta":[],"product_brand":[90],"product_cat":[145,121,31],"product_tag":[],"class_list":{"0":"post-792","1":"product","2":"type-product","3":"status-publish","4":"has-post-thumbnail","6":"product_brand-sigma-coatings","7":"product_cat-verf-lakverf","8":"product_cat-verf-lakverf-lakverf-binnen","9":"product_cat-verf","10":"pa_basis-waterbasis","11":"pa_binnen-buiten-binnen","12":"pa_certificering-indoor-air-comfort-gold","13":"pa_eigenschappen-goed-reinigbaar","14":"pa_glansgraad-zijdeglans","15":"pa_inhoud-0-5l","16":"pa_inhoud-1l","17":"pa_inhoud-2-5l","18":"pa_inhoud-5l","19":"pa_kleur-gekleurd","20":"pa_kleur-wit","21":"pa_merk-sigma-coatings","22":"pa_ondergrond-radiatoren","23":"pa_overschilderbaar-vanaf-5-uur","24":"pa_upc-703","26":"first","27":"instock","28":"shipping-taxable","29":"purchasable","30":"product-type-variable"},"_links":{"self":[{"href":"https:\/\/medv-design.org\/fr\/wp-json\/wp\/v2\/product\/792","targetHints":{"allow":["GET"]}}],"collection":[{"href":"https:\/\/medv-design.org\/fr\/wp-json\/wp\/v2\/product"}],"about":[{"href":"https:\/\/medv-design.org\/fr\/wp-json\/wp\/v2\/types\/product"}],"replies":[{"embeddable":true,"href":"https:\/\/medv-design.org\/fr\/wp-json\/wp\/v2\/comments?post=792"}],"wp:featuredmedia":[{"embeddable":true,"href":"https:\/\/medv-design.org\/fr\/wp-json\/wp\/v2\/media\/875"}],"wp:attachment":[{"href":"https:\/\/medv-design.org\/fr\/wp-json\/wp\/v2\/media?parent=792"}],"wp:term":[{"taxonomy":"product_brand","embeddable":true,"href":"https:\/\/medv-design.org\/fr\/wp-json\/wp\/v2\/product_brand?post=792"},{"taxonomy":"product_cat","embeddable":true,"href":"https:\/\/medv-design.org\/fr\/wp-json\/wp\/v2\/product_cat?post=792"},{"taxonomy":"product_tag","embeddable":true,"href":"https:\/\/medv-design.org\/fr\/wp-json\/wp\/v2\/product_tag?post=792"}],"curies":[{"name":"wp","href":"https:\/\/api.w.org\/{rel}","templated":true}]}}