{"id":791,"date":"2025-12-08T20:01:09","date_gmt":"2025-12-08T20:01:09","guid":{"rendered":"https:\/\/medv-design.org\/product\/sigma-tigron-aqua-primer\/"},"modified":"2026-02-07T15:42:21","modified_gmt":"2026-02-07T15:42:21","slug":"sigma-tigron-aqua-primer","status":"publish","type":"product","link":"https:\/\/medv-design.org\/fr\/produit\/sigma-tigron-aqua-primer\/","title":{"rendered":"Sigma Tigron Aqua Primer"},"content":{"rendered":"<p><a href=\"https:\/\/paintstore.be\/kleuren\/\" target=\"_blank\" rel=\"noopener\">Voir les diff\u00e9rentes cartes de couleurs ici<\/a><\/p>\n<h3>Pourquoi choisir le primer Sigma Tigron Aqua ?<\/h3>\n<p>Le Sigma Tigron Aqua Primer est une peinture d\u2019appr\u00eat \u00e0 base d\u2019eau pour un usage int\u00e9rieur, bas\u00e9e sur la technologie hybride acrylique-polyur\u00e9thane. Cette appr\u00eat est id\u00e9ale pour l\u2019appr\u00eat et le rev\u00eatement du bois et peut \u00e9galement \u00eatre appliqu\u00e9e sur des couches de peinture existantes, intactes et ponc\u00e9es, ainsi que sur des plastiques. La peinture offre d\u2019excellentes propri\u00e9t\u00e9s isolantes sur les types de bois avec des ingr\u00e9dients solubles dans l\u2019eau gr\u00e2ce \u00e0 la technologie de blocage des taches, et offre une finition durable et professionnelle.<\/p>\n<h3>Principaux avantages :<\/h3>\n<ul>\n<li><strong>Facile \u00e0 traiter<\/strong>: La peinture est facile \u00e0 appliquer pour une finition lisse.<\/li>\n<li><strong>Technologie de blocage des taches<\/strong>: Excellentes propri\u00e9t\u00e9s isolantes sur les esp\u00e8ces de bois aux ingr\u00e9dients solubles dans l\u2019eau.<\/li>\n<li><strong>Bon remplissage<\/strong>: Offre une surface lisse pour la couche finale.<\/li>\n<li><strong>Tr\u00e8s facile \u00e0 poncer<\/strong>: Id\u00e9al pour une finition parfaite apr\u00e8s s\u00e9chage.<\/li>\n<li><strong>Bon flux<\/strong>: Offre une couverture uniforme sans s\u00e9ries.<\/li>\n<li><strong>Excellente adh\u00e9rence<\/strong>: Adh\u00e9re bien \u00e0 diff\u00e9rentes surfaces.<\/li>\n<li><strong>Bonne couverture<\/strong>: Offre une excellente couverture m\u00eame sur la premi\u00e8re couche.<\/li>\n<li><strong>S\u00e9chage rapide<\/strong>: S\u00e8che vite, donc vous pouvez rapidement avancer dans votre projet.<\/li>\n<li><strong>Faible odeur<\/strong>: La peinture d\u00e9gage une odeur agr\u00e9able et faible, ce qui rend l\u2019utilisation \u00e0 l\u2019int\u00e9rieur confortable.<\/li>\n<li><strong>Eurofins Indoor Air Comfort Gold<\/strong>: Cette peinture est certifi\u00e9e avec le label Eurofins Indoor Air Comfort Gold pour une qualit\u00e9 optimale de l\u2019air int\u00e9rieur.<\/li>\n<\/ul>\n<h3>De combien de primer Sigma Tigron Aqua dois-je avoir besoin ?<\/h3>\n<p>Avec un rendement th\u00e9orique de 12 m\u00b2 par litre, vous pouvez facilement calculer la quantit\u00e9 de peinture n\u00e9cessaire. Par exemple, pour un mur de 12 m\u00b2, vous avez :<\/p>\n<ul>\n<li><strong>1 litre<\/strong>: Couvre environ 12 m\u00b2.<\/li>\n<li><strong>2,5 litres<\/strong>: Couvre environ 30 m\u00b2 selon le substrat et la m\u00e9thode d\u2019application.<\/li>\n<\/ul>\n<details>\n<summary>Plus d'informations<\/summary>\n<section>\n<h3>Primer Sigma Tigron Aqua m\u00e9lang\u00e9 par couleur<\/h3>\n<p>Le primer Sigma Tigron Aqua peut \u00eatre m\u00e9lang\u00e9 par couleur sp\u00e9cialement pour vous. Cela peut \u00eatre presque n\u2019importe quelle couleur de la gamme Sigma Color System (C21.3) ou de la gamme PPG Voice of Colour. D\u2019autres couleurs peuvent aussi \u00eatre m\u00e9lang\u00e9es \u00e0 la bonne taille, tant que vous fournissez le code couleur ou le nom. <strong>RAL 9010<\/strong> en <strong>RAL 9016<\/strong>  sont des options populaires pour l\u2019estomage des couleurs, offrant une finition \u00e9l\u00e9gante et professionnelle. Cette peinture m\u00e9lang\u00e9e vous garantit de choisir la teinte parfaite pour votre projet.<\/p>\n<h3>Comment utiliser le primer Sigma Tigron Aqua ?<\/h3>\n<p>Pour de meilleurs r\u00e9sultats, nous recommandons d\u2019utiliser des accessoires de peinture professionnels. Utilisez un rouleau en microfibre pour les grandes surfaces et un pinceau de qualit\u00e9 pour peindre les coins et les bords. Assurez-vous de bien pr\u00e9parer la surface avant d\u2019appliquer la peinture.<\/p>\n<h3>Volumes disponibles de Sigma Tigron Aqua Primer<\/h3>\n<p>Le Sigma Tigron Aqua Primer est disponible dans les volumes suivants :<\/p>\n<ul>\n<li><strong>1 litre<\/strong>: Adapt\u00e9 aux petites surfaces ou aux retouches de petites zones.<\/li>\n<li><strong>2,5 litres<\/strong>: Id\u00e9al pour les surfaces de taille moyenne telles que les portes et les cadres.<\/li>\n<\/ul>\n<h3>Temps de s\u00e9chage de l\u2019appr\u00eat Sigma Tigron Aqua<\/h3>\n<p>Le primer Sigma Tigron Aqua s\u00e8che apr\u00e8s environ 1 heure, ne se serre plus apr\u00e8s 3 heures et peut \u00eatre repeint apr\u00e8s 4 heures, selon la temp\u00e9rature et l\u2019humidit\u00e9.<\/p>\n<h3>Profitez de nos offres de sous-couches Sigma Tigron Aqua<\/h3>\n<p>Profitez des r\u00e9ductions attrayantes sur le primer aquatique Sigma Tigron chez Paintstore.be. Ainsi, vous pouvez acheter de la peinture de haute qualit\u00e9 \u00e0 un prix encore meilleur.<\/p>\n<h3>Pourquoi acheter le primer Sigma Tigron Aqua chez Paintstore.be ?<\/h3>\n<p>Chez Paintstore.be, vous b\u00e9n\u00e9ficiez d\u2019une livraison rapide, de conseils d\u2019experts et d\u2019un excellent service client. Nous veillons \u00e0 ce que votre projet se d\u00e9roule sans encombre, de la commande \u00e0 la fin.<\/p>\n<\/section>\n<\/details>\n<p><a href=\"https:\/\/paintstore.be\/wp-content\/uploads\/2025\/10\/Sigma-Tigron-Aqua-Primer-Technische-fiche.pdf\" title=\"Tigron Aqua Primer\" target=\"_blank\" rel=\"noopener\">Cliquez ici pour t\u00e9l\u00e9charger la fiche technique &gt;&gt;<br \/><\/a><\/p>","protected":false},"excerpt":{"rendered":"<p>Bekijk hier de verschillende kleurenkaarten Waarom kiezen voor Sigma Tigron Aqua Primer? Sigma Tigron Aqua Primer is een watergedragen grondlakverf voor binnengebruik, op basis van acrylaat-polyurethaan hybride technologie. Deze primer is ideaal voor het grondverven en overgronden van hout en kan ook toegepast worden op bestaande, intacte en geschuurde verflagen, evenals kunststoffen. De verf biedt [&hellip;]<\/p>\n","protected":false},"featured_media":853,"comment_status":"open","ping_status":"closed","template":"","meta":[],"product_brand":[90],"product_cat":[767,70,118,31],"product_tag":[],"class_list":{"0":"post-791","1":"product","2":"type-product","3":"status-publish","4":"has-post-thumbnail","6":"product_brand-sigma-coatings","7":"product_cat-767","8":"product_cat-primer-voor-hout","9":"product_cat-verf-grondverf-primers-primer-voor-mdf","10":"product_cat-verf","11":"pa_basis-waterbasis","12":"pa_binnen-buiten-binnen","13":"pa_eigenschappen-sneldrogend","14":"pa_glansgraad-mat","15":"pa_inhoud-0-5l","16":"pa_inhoud-1l","17":"pa_inhoud-2-5l","18":"pa_kleur-gekleurd","19":"pa_kleur-wit","20":"pa_merk-sigma-coatings","21":"pa_ondergrond-oude-verflagen","22":"pa_overschilderbaar-vanaf-4-uur","23":"pa_upc-700","25":"first","26":"instock","27":"shipping-taxable","28":"purchasable","29":"product-type-variable"},"_links":{"self":[{"href":"https:\/\/medv-design.org\/fr\/wp-json\/wp\/v2\/product\/791","targetHints":{"allow":["GET"]}}],"collection":[{"href":"https:\/\/medv-design.org\/fr\/wp-json\/wp\/v2\/product"}],"about":[{"href":"https:\/\/medv-design.org\/fr\/wp-json\/wp\/v2\/types\/product"}],"replies":[{"embeddable":true,"href":"https:\/\/medv-design.org\/fr\/wp-json\/wp\/v2\/comments?post=791"}],"wp:featuredmedia":[{"embeddable":true,"href":"https:\/\/medv-design.org\/fr\/wp-json\/wp\/v2\/media\/853"}],"wp:attachment":[{"href":"https:\/\/medv-design.org\/fr\/wp-json\/wp\/v2\/media?parent=791"}],"wp:term":[{"taxonomy":"product_brand","embeddable":true,"href":"https:\/\/medv-design.org\/fr\/wp-json\/wp\/v2\/product_brand?post=791"},{"taxonomy":"product_cat","embeddable":true,"href":"https:\/\/medv-design.org\/fr\/wp-json\/wp\/v2\/product_cat?post=791"},{"taxonomy":"product_tag","embeddable":true,"href":"https:\/\/medv-design.org\/fr\/wp-json\/wp\/v2\/product_tag?post=791"}],"curies":[{"name":"wp","href":"https:\/\/api.w.org\/{rel}","templated":true}]}}