{"id":790,"date":"2025-12-08T20:01:09","date_gmt":"2025-12-08T20:01:09","guid":{"rendered":"https:\/\/medv-design.org\/product\/sigma-tigron-aqua-matt\/"},"modified":"2026-02-07T15:42:25","modified_gmt":"2026-02-07T15:42:25","slug":"sigma-tigron-aqua-matt","status":"publish","type":"product","link":"https:\/\/medv-design.org\/fr\/produit\/sigma-tigron-aqua-matt\/","title":{"rendered":"Sigma Tigron Aqua Matt"},"content":{"rendered":"<p><a href=\"https:\/\/paintstore.be\/kleuren\/\" target=\"_blank\" rel=\"noopener\">Voir les diff\u00e9rentes cartes de couleurs ici<\/a><\/p>\n<h3><strong>Pourquoi choisir Sigma Tigron Aqua Matt ?<\/strong><\/h3>\n<p>La Sigma Tigron Aqua Matt est une peinture laque mate, r\u00e9sistante \u00e0 l\u2019usure, destin\u00e9e \u00e0 l\u2019int\u00e9rieur des usages, bas\u00e9e sur du polyur\u00e9thane acrylique et de la technologie LTA+. Cette peinture offre une protection et un embellissement de haute qualit\u00e9 pour le bois, les m\u00e9taux, le pl\u00e2tre et d\u2019autres mat\u00e9riaux. Id\u00e9ale pour la finition des couches de peinture intacte et ponc\u00e9e existantes, \u00e0 la fois \u00e0 base de dispersion acrylique et de r\u00e9sine alkyde, cette peinture offre d\u2019excellentes performances et une longue durabilit\u00e9.<\/p>\n<h3><strong>Principaux avantages :<\/strong><\/h3>\n<ul>\n<li><strong>Apparence tr\u00e8s mate :<\/strong> La peinture offre un r\u00e9sultat final \u00e9l\u00e9gant et mat, id\u00e9al pour ceux qui souhaitent une finition subtile.<\/li>\n<li><strong>Abrasion, r\u00e9sistance aux impacts et aux impacts :<\/strong> Id\u00e9al pour les surfaces tr\u00e8s us\u00e9es.<\/li>\n<li><strong>Excellente r\u00e9sistance \u00e0 la graisse (des mains), \u00e0 la salet\u00e9 et aux agents nettoyants :<\/strong> Gr\u00e2ce \u00e0 la technologie LTA+, la peinture reste propre longtemps et r\u00e9siste \u00e0 une utilisation quotidienne.<\/li>\n<li><strong>De bons papiers \u00e0 rouler :<\/strong> La peinture coule facilement, sans traces ni irr\u00e9gularit\u00e9s.<\/li>\n<li><strong>S\u00e9chage rapide :<\/strong> Le Sigma Tigron Aqua Matt s\u00e8che rapidement, vous pouvez donc avancer rapidement sur votre projet.<\/li>\n<li><strong>Mauvaise odeur :<\/strong> La peinture a une odeur faible, ce qui rend une utilisation \u00e0 l\u2019int\u00e9rieur confortable.<\/li>\n<li><strong>Un excellent travail :<\/strong> La peinture est facile \u00e0 appliquer et offre un r\u00e9sultat lisse.<\/li>\n<li><strong>Tr\u00e8s blanc et sans jaunissement :<\/strong> La peinture conserve sa couleur et son apparence d\u2019origine, m\u00eame apr\u00e8s une utilisation prolong\u00e9e.<\/li>\n<li><strong>Longue ouverture :<\/strong> Gr\u00e2ce \u00e0 la longue p\u00e9riode d\u2019ouverture, vous pouvez traiter la peinture confortablement.<\/li>\n<li><strong>Bonne couverture :<\/strong> La peinture offre une excellente couvrance, m\u00eame avec la premi\u00e8re couche.<\/li>\n<li><strong>Insaponible :<\/strong> Id\u00e9al pour les jouets pour enfants (EN 71-3).<\/li>\n<li><strong>Label Eurofins Indoor Air Comfort Gold :<\/strong> Indique que la peinture r\u00e9pond aux normes les plus \u00e9lev\u00e9es en mati\u00e8re de qualit\u00e9 de l\u2019air int\u00e9rieur.<\/li>\n<\/ul>\n<h3><strong>De combien de Sigma Tigron Aqua Matt ai-je besoin ?<\/strong><\/h3>\n<p>Avec un rendement th\u00e9orique de 14 m\u00b2 par litre, vous pouvez facilement calculer la quantit\u00e9 de peinture n\u00e9cessaire. Par exemple, pour un mur de 14 m\u00b2, vous avez :<\/p>\n<ul>\n<li><strong>1 litre :<\/strong> Couvre environ 14 m\u00b2.<\/li>\n<li><strong>2,5 litres :<\/strong> Couvre environ 35 m\u00b2, selon le substrat et la m\u00e9thode d\u2019application.<\/li>\n<li><strong>5 litres :<\/strong> Couvre environ 70 m\u00b2, id\u00e9al pour des surfaces plus grandes ou plusieurs pi\u00e8ces.<\/li>\n<\/ul>\n<details>\n<summary>Plus d'informations<\/summary>\n<section>\n<h3><strong>Sigma Tigron Aqua Matt sur m\u00e9lange color\u00e9<\/strong><\/h3>\n<p>Le Sigma Tigron Aqua Matt peut \u00eatre m\u00e9lang\u00e9 par couleur sp\u00e9cialement pour vous. Cela peut \u00eatre presque n\u2019importe quelle couleur de la gamme Sigma Color System (C21.3) ou de la gamme PPG Voice of Colour. D\u2019autres couleurs peuvent aussi \u00eatre m\u00e9lang\u00e9es \u00e0 la bonne taille, tant que vous fournissez le code couleur ou le nom. <strong>RAL 9010<\/strong> en <strong>RAL 9016<\/strong>  sont des options populaires pour l\u2019estomage des couleurs, offrant une finition \u00e9l\u00e9gante et professionnelle. Cette peinture m\u00e9lang\u00e9e vous garantit de choisir la teinte parfaite pour votre projet.<\/p>\n<h3><strong>Comment utiliser le Sigma Tigron Aqua Matt :<\/strong><\/h3>\n<p>Pour de meilleurs r\u00e9sultats, nous recommandons d\u2019utiliser des accessoires de peinture professionnels. Utilisez un rouleau en microfibre pour les grandes surfaces et un pinceau de qualit\u00e9 pour peindre les coins et les bords. Assurez-vous de bien pr\u00e9parer la surface avant d\u2019appliquer la peinture.<\/p>\n<h3><strong>Volumes disponibles de Sigma Tigron Aqua Matt<\/strong><\/h3>\n<p>Sigma Tigron Aqua Matt est disponible dans les volumes suivants :<\/p>\n<ul>\n<li><strong>1 litre :<\/strong> Adapt\u00e9 aux surfaces plus petites ou aux retouches de petites surfaces.<\/li>\n<li><strong>2,5 litres :<\/strong> Id\u00e9al pour les surfaces de taille moyenne telles que les portes et les cadres.<\/li>\n<li><strong>5 litres :<\/strong> Parfait pour de grandes surfaces ou des projets plus ambitieux, comme peindre plusieurs pi\u00e8ces ou des fa\u00e7ades plus larges.<\/li>\n<\/ul>\n<h3><strong>Temps de s\u00e9chage du Sigma Tigron Aqua Matt<\/strong><\/h3>\n<p>Le Sigma Tigron Aqua Matt est sec en poussi\u00e8re apr\u00e8s environ une heure, sans adh\u00e9rence apr\u00e8s 2 heures et peut \u00eatre repeint par-dessus apr\u00e8s 5 heures, selon la temp\u00e9rature et l\u2019humidit\u00e9.<\/p>\n<h3><strong>Profitez de nos offres Sigma Tigron Aqua Matt<\/strong><\/h3>\n<p>Profitez de r\u00e9ductions attractives sur Sigma Tigron Aqua Matt chez Paintstore.be. Ainsi, vous pouvez acheter de la peinture de haute qualit\u00e9 \u00e0 un prix encore meilleur.<\/p>\n<h3><strong>Pourquoi acheter Sigma Tigron Aqua Matt chez Paintstore.be ?<\/strong><\/h3>\n<p>Chez Paintstore.be, vous b\u00e9n\u00e9ficiez d\u2019une livraison rapide, de conseils d\u2019experts et d\u2019un excellent service client. Nous veillons \u00e0 ce que votre projet se d\u00e9roule sans encombre, de la commande \u00e0 la fin.<\/p>\n<\/section>\n<\/details>\n<p><a href=\"https:\/\/paintstore.be\/wp-content\/uploads\/2025\/10\/Sigma-Tigron-Aqua-Matt-technische-fiche.pdf\" title=\"Fiche technique\" target=\"_blank\" rel=\"noopener\">Cliquez ici pour t\u00e9l\u00e9charger la fiche technique &gt;&gt;<br \/><\/a><\/p>","protected":false},"excerpt":{"rendered":"<p>Bekijk hier de verschillende kleurenkaarten Waarom kiezen voor Sigma Tigron Aqua Matt? Sigma Tigron Aqua Matt is een matte, slijtvaste watergedragen lakverf voor binnengebruik, op basis van acrylaatpolyurethaan en LTA+-Technology. Deze verf biedt een hoogwaardige bescherming en verfraaiing voor hout, metalen, pleisterwerk en andere materialen. Ideaal voor het voor- en aflakken van bestaande, intacte en [&hellip;]<\/p>\n","protected":false},"featured_media":835,"comment_status":"open","ping_status":"closed","template":"","meta":[],"product_brand":[90],"product_cat":[143,121,31],"product_tag":[],"class_list":{"0":"post-790","1":"product","2":"type-product","3":"status-publish","4":"has-post-thumbnail","6":"product_brand-sigma-coatings","7":"product_cat-verf-lakverf-deurverf","8":"product_cat-verf-lakverf-lakverf-binnen","9":"product_cat-verf","10":"pa_basis-waterbasis","11":"pa_binnen-buiten-binnen","12":"pa_certificering-indoor-air-comfort-gold","13":"pa_eigenschappen-uitstekende-verwerking","14":"pa_glansgraad-mat","15":"pa_inhoud-0-5l","16":"pa_inhoud-1l","17":"pa_inhoud-2-5l","18":"pa_inhoud-5l","19":"pa_kleur-gekleurd","20":"pa_kleur-wit","21":"pa_merk-sigma-coatings","22":"pa_ondergrond-radiatoren","23":"pa_overschilderbaar-vanaf-5-uur","24":"pa_upc-702","26":"first","27":"instock","28":"shipping-taxable","29":"purchasable","30":"product-type-variable"},"_links":{"self":[{"href":"https:\/\/medv-design.org\/fr\/wp-json\/wp\/v2\/product\/790","targetHints":{"allow":["GET"]}}],"collection":[{"href":"https:\/\/medv-design.org\/fr\/wp-json\/wp\/v2\/product"}],"about":[{"href":"https:\/\/medv-design.org\/fr\/wp-json\/wp\/v2\/types\/product"}],"replies":[{"embeddable":true,"href":"https:\/\/medv-design.org\/fr\/wp-json\/wp\/v2\/comments?post=790"}],"wp:featuredmedia":[{"embeddable":true,"href":"https:\/\/medv-design.org\/fr\/wp-json\/wp\/v2\/media\/835"}],"wp:attachment":[{"href":"https:\/\/medv-design.org\/fr\/wp-json\/wp\/v2\/media?parent=790"}],"wp:term":[{"taxonomy":"product_brand","embeddable":true,"href":"https:\/\/medv-design.org\/fr\/wp-json\/wp\/v2\/product_brand?post=790"},{"taxonomy":"product_cat","embeddable":true,"href":"https:\/\/medv-design.org\/fr\/wp-json\/wp\/v2\/product_cat?post=790"},{"taxonomy":"product_tag","embeddable":true,"href":"https:\/\/medv-design.org\/fr\/wp-json\/wp\/v2\/product_tag?post=790"}],"curies":[{"name":"wp","href":"https:\/\/api.w.org\/{rel}","templated":true}]}}