{"id":789,"date":"2025-12-08T20:01:09","date_gmt":"2025-12-08T20:01:09","guid":{"rendered":"https:\/\/medv-design.org\/product\/sigma-tigron-aqua-gloss\/"},"modified":"2026-02-07T15:42:28","modified_gmt":"2026-02-07T15:42:28","slug":"sigma-tigron-aqua-gloss","status":"publish","type":"product","link":"https:\/\/medv-design.org\/fr\/produit\/sigma-tigron-aqua-gloss\/","title":{"rendered":"Sigma Tigron Aqua Gloss"},"content":{"rendered":"<p><a href=\"https:\/\/paintstore.be\/kleuren\/\" target=\"_blank\" rel=\"noopener\">Voir les diff\u00e9rentes cartes de couleurs ici<\/a><\/p>\n<h3><strong>Waarom kiezen voor Sigma Tigron Aqua Gloss?<\/strong><\/h3>\n<p>Sigma Tigron Aqua Gloss is een hoogwaardige, watergedragen hoogglans lakverf op basis van polyurethaan-alkydemulsie. Deze verf biedt uitstekende bescherming tegen krassen en slijtage, ideaal voor zowel binnen- als buitentoepassingen. Het is geschikt voor het voor- en aflakken van hout, metalen en andere materialen, en biedt langdurige glans en duurzaamheid.<\/p>\n<h3><strong>Principaux avantages :<\/strong><\/h3>\n<ul>\n<li><strong>Uitstekend kras- en slijtvast:<\/strong> Ideaal voor intensief gebruikte oppervlakken.<\/li>\n<li><strong>Zeer hoge bestandheid tegen vet, vuil en schoonmaakmiddelen:<\/strong> Blijft er lang als nieuw uitzien.<\/li>\n<li><strong>Optimale glans en glansbehoud:<\/strong> Offre une finition radieuse qui dure longtemps.<\/li>\n<li><strong>Excellent flux :<\/strong> Pour une finition uniforme et lisse.<\/li>\n<li><strong>Mauvaise odeur :<\/strong> Id\u00e9al pour les espaces de vie.<\/li>\n<li><strong>Traitement facile :<\/strong> Application rapide et facile.<\/li>\n<li><strong>Longue ouverture :<\/strong> Cela garantit un bon temps de traitement.<\/li>\n<li><strong>Bonne couverture :<\/strong> Pour des r\u00e9sultats efficaces.<\/li>\n<li><strong>Apparence uniforme :<\/strong> Obtenez une finition uniforme sur toute la surface.<\/li>\n<li><strong>Tr\u00e8s esth\u00e9tique :<\/strong> Am\u00e9liore l\u2019apparence de toute surface.<\/li>\n<li><strong>Bonne pon\u00e7abilit\u00e9 :<\/strong> Pour une finition lisse et durable.<\/li>\n<\/ul>\n<h3><strong>De combien de Sigma Tigron Aqua Gloss ai-je besoin ?<\/strong><\/h3>\n<p>Avec un rendement de 13 m\u00b2 par litre, vous pouvez calculer la quantit\u00e9 de peinture n\u00e9cessaire. Pour une surface de 100 m\u00b2, vous avez, par exemple :<\/p>\n<ul>\n<li>1 litre : Couvre environ 13 m\u00b2.<\/li>\n<li>2,5 litres : Couvre environ 33 m\u00b2, selon le substrat et la m\u00e9thode d\u2019application.<\/li>\n<\/ul>\n<details>\n<summary>Plus d'informations<\/summary>\n<section>\n<h3><strong>Sigma Tigron Aqua Gloss m\u00e9lang\u00e9 par couleur<\/strong><\/h3>\n<p>Le Sigma Tigron Aqua Gloss peut \u00eatre estomp\u00e9 en couleurs sp\u00e9cialement pour vous, afin que vous puissiez choisir la teinte parfaite pour votre projet. Cela s\u2019applique \u00e0 presque toutes les couleurs, tant que le code couleur ou le nom est transmis. Que vous choisissiez une couleur populaire comme RAL 9010 (blanc pur) ou RAL 9016 (blanc Traffic), la peinture est pr\u00e9cis\u00e9ment adapt\u00e9e \u00e0 votre projet. Avec cette palette de couleurs \u00e9tendue, vous pouvez cr\u00e9er l\u2019atmosph\u00e8re d\u00e9sir\u00e9e qui convient \u00e0 votre int\u00e9rieur.<\/p>\n<h3><strong>Comment utiliser le gloss Sigma Tigron Aqua :<\/strong><\/h3>\n<p>Pour une finition parfaite, nous recommandons l\u2019utilisation d\u2019accessoires de peinture professionnels. Utilisez un rouleau en microfibre pour les surfaces plus grandes et un pinceau de qualit\u00e9 pour une finition pr\u00e9cise des coins et des bords.<\/p>\n<h3><strong>Volumes disponibles de Sigma Tigron Aqua Gloss<\/strong><\/h3>\n<p>Sigma Tigron Aqua Gloss est disponible en volumes suivants :<\/p>\n<ul>\n<li>1 litre \u2013 Pour les surfaces plus petites comme les portes ou les meubles.<\/li>\n<li>2,5 litres \u2013 Id\u00e9al pour des surfaces de taille moyenne telles que les fen\u00eatres ou les cadres.<\/li>\n<\/ul>\n<h3><strong>Temps de s\u00e9chage du Sigma Tigron Aqua Gloss<\/strong><\/h3>\n<p>La peinture s\u00e8che apr\u00e8s environ une heure, ne retient plus de plaque apr\u00e8s 2 heures et peut \u00eatre repeinte apr\u00e8s 16 heures, selon l\u2019\u00e9paisseur de la couche et la temp\u00e9rature ambiante. Pour les couleurs fonc\u00e9es, le temps de s\u00e9chage peut \u00eatre l\u00e9g\u00e8rement plus long.<\/p>\n<h3><strong>Profitez de nos offres Sigma Tigron Aqua Gloss<\/strong><\/h3>\n<p>Avec des r\u00e9ductions attractives, vous pouvez d\u00e9sormais profiter de prix suppl\u00e9mentaires pour le Sigma Tigron Aqua Gloss. Ainsi, vous pouvez acheter de la peinture de haute qualit\u00e9 \u00e0 un prix encore meilleur.<\/p>\n<h3><strong>Pourquoi acheter le Sigma Tigron Aqua Gloss chez Paintstore.be ?<\/strong><\/h3>\n<p>Nous offrons une livraison rapide, la satisfaction client et un service fiable.  Avec Paintstore.be, vous \u00eates assur\u00e9 d\u2019une exp\u00e9rience d\u2019achat sans souci, d\u2019une livraison rapide et de conseils d\u2019experts.<\/p>\n<\/section>\n<\/details>\n<p><a href=\"https:\/\/paintstore.be\/wp-content\/uploads\/2025\/10\/Sigma-Tigron-Aqua-Gloss-Technische-fiche.pdf\" target=\"_blank\" rel=\"noopener\">Cliquez ici pour t\u00e9l\u00e9charger la fiche technique<br \/><\/a><\/p>","protected":false},"excerpt":{"rendered":"<p>Bekijk hier de verschillende kleurenkaarten Waarom kiezen voor Sigma Tigron Aqua Gloss? Sigma Tigron Aqua Gloss is een hoogwaardige, watergedragen hoogglans lakverf op basis van polyurethaan-alkydemulsie. Deze verf biedt uitstekende bescherming tegen krassen en slijtage, ideaal voor zowel binnen- als buitentoepassingen. Het is geschikt voor het voor- en aflakken van hout, metalen en andere materialen, [&hellip;]<\/p>\n","protected":false},"featured_media":878,"comment_status":"open","ping_status":"closed","template":"","meta":[],"product_brand":[90],"product_cat":[143,121,31],"product_tag":[],"class_list":{"0":"post-789","1":"product","2":"type-product","3":"status-publish","4":"has-post-thumbnail","6":"product_brand-sigma-coatings","7":"product_cat-verf-lakverf-deurverf","8":"product_cat-verf-lakverf-lakverf-binnen","9":"product_cat-verf","10":"pa_basis-waterbasis","11":"pa_binnen-buiten-binnen","12":"pa_eigenschappen-sneldrogend","13":"pa_glansgraad-hoogglans","14":"pa_inhoud-1l","15":"pa_inhoud-2-5l","16":"pa_kleur-gekleurd","17":"pa_kleur-wit","18":"pa_merk-sigma-coatings","19":"pa_ondergrond-radiatoren","20":"pa_overschilderbaar-vanaf-16-uur","21":"pa_upc-701","23":"first","24":"instock","25":"shipping-taxable","26":"purchasable","27":"product-type-variable"},"_links":{"self":[{"href":"https:\/\/medv-design.org\/fr\/wp-json\/wp\/v2\/product\/789","targetHints":{"allow":["GET"]}}],"collection":[{"href":"https:\/\/medv-design.org\/fr\/wp-json\/wp\/v2\/product"}],"about":[{"href":"https:\/\/medv-design.org\/fr\/wp-json\/wp\/v2\/types\/product"}],"replies":[{"embeddable":true,"href":"https:\/\/medv-design.org\/fr\/wp-json\/wp\/v2\/comments?post=789"}],"wp:featuredmedia":[{"embeddable":true,"href":"https:\/\/medv-design.org\/fr\/wp-json\/wp\/v2\/media\/878"}],"wp:attachment":[{"href":"https:\/\/medv-design.org\/fr\/wp-json\/wp\/v2\/media?parent=789"}],"wp:term":[{"taxonomy":"product_brand","embeddable":true,"href":"https:\/\/medv-design.org\/fr\/wp-json\/wp\/v2\/product_brand?post=789"},{"taxonomy":"product_cat","embeddable":true,"href":"https:\/\/medv-design.org\/fr\/wp-json\/wp\/v2\/product_cat?post=789"},{"taxonomy":"product_tag","embeddable":true,"href":"https:\/\/medv-design.org\/fr\/wp-json\/wp\/v2\/product_tag?post=789"}],"curies":[{"name":"wp","href":"https:\/\/api.w.org\/{rel}","templated":true}]}}