{"id":788,"date":"2025-12-08T20:01:09","date_gmt":"2025-12-08T20:01:09","guid":{"rendered":"https:\/\/medv-design.org\/product\/sigma-stucco-beton\/"},"modified":"2026-02-07T15:42:31","modified_gmt":"2026-02-07T15:42:31","slug":"sigma-stucco-beton","status":"publish","type":"product","link":"https:\/\/medv-design.org\/fr\/produit\/sigma-stucco-beton\/","title":{"rendered":"Sigma Stuc B\u00e9ton"},"content":{"rendered":"<h3>Pourquoi choisir Sigma Stucco Concrete ?<\/h3>\n<p>Le Sigma Stucco Beton est un enduit robuste et d\u00e9coratif destin\u00e9 \u00e0 l\u2019int\u00e9rieur qui donne un aspect naturel en b\u00e9ton. Id\u00e9al pour am\u00e9nager des murs dans des espaces o\u00f9 esth\u00e9tique et durabilit\u00e9 se rejoignent, comme les h\u00f4tels, les boutiques et les maisons. Avec sa composition conviviale et ses effets vari\u00e9s, ce pl\u00e2tre offre une finition polyvalente et de haute qualit\u00e9 pour tout espace int\u00e9rieur.<\/p>\n<h3>Principaux avantages du b\u00e9ton en stuc Sigma<\/h3>\n<ul>\n<li><strong>Robustes et durables :<\/strong> Avec son aspect b\u00e9ton naturel, Sigma Stucco Beton offre une finition robuste et \u00e9l\u00e9gante qui durera dans la vie.<\/li>\n<li><strong>Pr\u00eat \u00e0 l\u2019emploi et facile \u00e0 traiter :<\/strong> Le pl\u00e2tre est pr\u00eat \u00e0 \u00eatre utilis\u00e9 et facile \u00e0 appliquer, m\u00eame pour les surfaces plus grandes.<\/li>\n<li><strong>Effets multiples possibles :<\/strong> Gr\u00e2ce \u00e0 la composition flexible, vous pouvez obtenir diff\u00e9rents effets d\u00e9coratifs adapt\u00e9s \u00e0 votre style int\u00e9rieur.<\/li>\n<li><strong>Options de couleurs :<\/strong> Disponible en blanc et presque toutes les couleurs gr\u00e2ce au Sigma Voice of Colour et au Sigma Colour System C21.3, vous pouvez donc choisir la couleur parfaite.<\/li>\n<\/ul>\n<h3>De combien de b\u00e9ton Sigma Stucco dois-je avoir besoin ?<\/h3>\n<p>Avec un rendement de 1 \u00e0 2 m\u00b2 par litre, vous pouvez calculer la quantit\u00e9 requise. Par exemple, pour une surface de 10 m\u00b2, il faut 5 \u00e0 10 litres, selon la surface et la technique.<\/p>\n<details>\n<summary>Plus d'informations<\/summary>\n<section>\n<h3>B\u00e9ton Sigma Stucco par couleur m\u00e9lang\u00e9e<\/h3>\n<p>Le b\u00e9ton Sigma Stucco peut \u00eatre m\u00e9lang\u00e9 sp\u00e9cialement pour votre projet, afin de choisir la teinte id\u00e9ale. Que vous choisissiez une couleur populaire comme RAL 9010 (blanc pur) ou RAL 9016 (blanc Traffic), ce pl\u00e2tre est soigneusement adapt\u00e9 \u00e0 vos souhaits. Avec la palette de couleurs \u00e9tendue de Sigma, vous pouvez cr\u00e9er une finition atmosph\u00e9rique qui correspond parfaitement \u00e0 votre int\u00e9rieur.<\/p>\n<h3>Comment utiliser le b\u00e9ton Sigma Stucco ?<\/h3>\n<p>Pour obtenir le meilleur r\u00e9sultat, commencez par une surface propre et nivel\u00e9e.  Enlever les impuret\u00e9s, toute brume de ciment dans le b\u00e9ton et r\u00e9parer si n\u00e9cessaire. Appliquez du b\u00e9ton stucco Sigma avec une truelle en stuc pour cr\u00e9er un l\u00e9ger d\u00e9tachement. Pour une finition lisse, utilisez une \u00ab couche de grattage \u00bb apr\u00e8s s\u00e9chage, en aplatissant les bords du relief.<\/p>\n<h3>Volumes disponibles de Sigma Stucco Beton<\/h3>\n<p>Sigma Stucco Beton est disponible en bo\u00eetiers 10 litres, id\u00e9al pour des projets plus volumineux et pour cr\u00e9er des surfaces impressionnantes et sans couture.<\/p>\n<h3>Profitez de nos offres Sigma Stucco Beton<\/h3>\n<p>D\u00e9couvrez les r\u00e9ductions attractives pour Sigma Stucco Beton sur Paintstore.be.  Ainsi, vous pouvez terminer votre projet avec des mat\u00e9riaux de haute qualit\u00e9 \u00e0 un prix abordable.<\/p>\n<h3>Pourquoi acheter du Sigma Stucco Beton chez Paintstore.be ?<\/h3>\n<p>Chez Paintstore.be, vous b\u00e9n\u00e9ficierez d\u2019une livraison rapide, de la satisfaction client et d\u2019un service fiable. Nous offrons une exp\u00e9rience d\u2019achat insouciante avec des conseils d\u2019experts et un excellent rapport qualit\u00e9-prix.<\/p>\n<\/section>\n<\/details>\n<p><a href=\"https:\/\/max.ppg.com\/adaptivemedia\/rendition?id=2c201e789bf90039eb9c3d69009a1a5fb2eedd77\" target=\"_blank\" rel=\"noopener\"><br \/><\/a><\/p>\n<p><a href=\"https:\/\/paintstore.be\/wp-content\/uploads\/2025\/10\/sigma-stucco-beton-technische-fiche.pdf\" target=\"_blank\" rel=\"noopener\">Cliquez ici pour t\u00e9l\u00e9charger la fiche technique<\/a><\/p>","protected":false},"excerpt":{"rendered":"<p>Waarom kiezen voor Sigma Stucco Beton? Sigma Stucco Beton is een robuuste, decoratieve pleister voor binnen die een natuurlijke betonlook cre\u00ebert. Ideaal voor het afwerken van wanden in ruimtes waar esthetiek en duurzaamheid samenkomen, zoals hotels, winkels en woningen. Met zijn gebruiksvriendelijke samenstelling en diverse effecten biedt deze pleister een veelzijdige en hoogwaardige afwerking voor [&hellip;]<\/p>\n","protected":false},"featured_media":1019,"comment_status":"open","ping_status":"closed","template":"","meta":[],"product_brand":[90],"product_cat":[102,125,31],"product_tag":[],"class_list":{"0":"post-788","1":"product","2":"type-product","3":"status-publish","4":"has-post-thumbnail","6":"product_brand-sigma-coatings","7":"product_cat-verf-decoratieve-verf","8":"product_cat-verf-muurverf-binnen","9":"product_cat-verf","10":"pa_basis-waterbasis","11":"pa_binnen-buiten-binnen","12":"pa_eigenschappen-uitstekende-verwerking","13":"pa_glansgraad-mat","14":"pa_inhoud-10l","15":"pa_merk-sigma-coatings","16":"pa_ondergrond-gipsplaten","17":"pa_overschilderbaar-vanaf-6-uur","18":"pa_upc-665","20":"first","21":"instock","22":"shipping-taxable","23":"product-type-variable"},"_links":{"self":[{"href":"https:\/\/medv-design.org\/fr\/wp-json\/wp\/v2\/product\/788","targetHints":{"allow":["GET"]}}],"collection":[{"href":"https:\/\/medv-design.org\/fr\/wp-json\/wp\/v2\/product"}],"about":[{"href":"https:\/\/medv-design.org\/fr\/wp-json\/wp\/v2\/types\/product"}],"replies":[{"embeddable":true,"href":"https:\/\/medv-design.org\/fr\/wp-json\/wp\/v2\/comments?post=788"}],"wp:featuredmedia":[{"embeddable":true,"href":"https:\/\/medv-design.org\/fr\/wp-json\/wp\/v2\/media\/1019"}],"wp:attachment":[{"href":"https:\/\/medv-design.org\/fr\/wp-json\/wp\/v2\/media?parent=788"}],"wp:term":[{"taxonomy":"product_brand","embeddable":true,"href":"https:\/\/medv-design.org\/fr\/wp-json\/wp\/v2\/product_brand?post=788"},{"taxonomy":"product_cat","embeddable":true,"href":"https:\/\/medv-design.org\/fr\/wp-json\/wp\/v2\/product_cat?post=788"},{"taxonomy":"product_tag","embeddable":true,"href":"https:\/\/medv-design.org\/fr\/wp-json\/wp\/v2\/product_tag?post=788"}],"curies":[{"name":"wp","href":"https:\/\/api.w.org\/{rel}","templated":true}]}}