{"id":787,"date":"2025-12-08T20:01:08","date_gmt":"2025-12-08T20:01:08","guid":{"rendered":"https:\/\/medv-design.org\/product\/sigma-stainaway-matt\/"},"modified":"2026-02-07T15:42:34","modified_gmt":"2026-02-07T15:42:34","slug":"sigma-stainaway-matt","status":"publish","type":"product","link":"https:\/\/medv-design.org\/fr\/produit\/sigma-stainaway-matt\/","title":{"rendered":"Sigma StainAway Matt"},"content":{"rendered":"<p><a href=\"https:\/\/paintstore.be\/kleuren\/\" target=\"_blank\" rel=\"noopener\">Voir les diff\u00e9rentes cartes de couleurs ici<br \/><\/a><\/p>\n<h3>Pourquoi choisir Sigma StainAway Matt ?<\/h3>\n<p><strong>Sigma StainAway Matt<\/strong> est une excellente peinture isolante, peu odorante et tr\u00e8s bien couvrante pour un usage int\u00e9rieur, bas\u00e9e sur une dispersion 100 % acrylique. Cette peinture a \u00e9t\u00e9 sp\u00e9cialement con\u00e7ue pour isoler et \u00e9liminer les contaminations, telles que la nicotine, les d\u00e9p\u00f4ts de fum\u00e9e et de suie, les anneaux d\u2019eau, les taches de caf\u00e9 et de th\u00e9. Gr\u00e2ce \u00e0 sa technologie innovante, cette peinture offre une excellente solution pour restaurer les substrats affect\u00e9s par ces taches, tout en offrant une finition propre et uniforme.<\/p>\n<h4>Principaux avantages :<\/h4>\n<ul>\n<li><strong>Excellente isolation<\/strong> : Gr\u00e2ce \u00e0 la <strong>Technologie de blocage des taches<\/strong> La peinture est capable d\u2019isoler efficacement m\u00eame les taches tenaces.<\/li>\n<li><strong>Isolant en une seule couche<\/strong> : Dans la plupart des cas, une couche suffit \u00e0 bloquer la pollution.<\/li>\n<li><strong>Classe de nettoyage 1 (NEN EN 13300)<\/strong> : Tr\u00e8s r\u00e9sistant au frottement, r\u00e9sistant au nettoyage intensif.<\/li>\n<li><strong>Classe de couverture 2<\/strong> : Offre une excellente couverture m\u00eame sur la premi\u00e8re couche.<\/li>\n<li><strong>Facile \u00e0 nettoyer<\/strong> : Facile \u00e0 entretenir et adapt\u00e9 aux pi\u00e8ces n\u00e9cessitant un nettoyage r\u00e9gulier.<\/li>\n<li><strong>Facile \u00e0 pulv\u00e9riser<\/strong> : Parfait pour les zones plus vastes ou les applications professionnelles.<\/li>\n<li><strong>R\u00e9sultat final mat uniforme<\/strong> : Pour un look \u00e9l\u00e9gant et professionnel sans \u00e9clat.<\/li>\n<li><strong>Faible odeur<\/strong> : Id\u00e9al pour un usage int\u00e9rieur, sans odeurs g\u00eanantes.<\/li>\n<li><strong>Peut \u00eatre repeint en une journ\u00e9e<\/strong> : Traitement rapide, ce qui vous permet de continuer \u00e0 travailler sur votre projet plus rapidement.<\/li>\n<li><strong>Polyvalent<\/strong> : Peut \u00eatre fini avec diverses peintures murales, ce qui offre une flexibilit\u00e9 dans les options de finition.<\/li>\n<li><strong>Cr\u00e9ation d\u2019emplois limit\u00e9e<\/strong> : Gr\u00e2ce au long \u00ab temps d\u2019ouverture \u00bb, la formation d\u2019emplois est minimis\u00e9e.<\/li>\n<li><strong>Traitement tr\u00e8s l\u00e9ger<\/strong> : La peinture est facile \u00e0 appliquer, \u00e0 la fois avec un rouleau et un pinceau.<\/li>\n<li><strong>Ne jaunit pas<\/strong> : La peinture conserve sa couleur m\u00eame apr\u00e8s une utilisation prolong\u00e9e.<\/li>\n<\/ul>\n<h3><strong>Efficacit\u00e9<\/strong><\/h3>\n<p>Le retour pratique de <strong>Sigma StainAway Matt<\/strong> se trouve entre les <strong>7 et 9 m\u00b2 par litre<\/strong>, selon le substrat, la structure du mur et la m\u00e9thode d\u2019application.<\/p>\n<details>\n<summary>Plus d'informations<\/summary>\n<section>\n<h3><strong>Sigma StainAway Matt en couleur<\/strong><\/h3>\n<p><strong>Sigma StainAway Matt<\/strong> est disponible en blanc et en couleurs claires. Il a une finition mate (environ 1 GU), ce qui lui conf\u00e8re un aspect \u00e9l\u00e9gant et moderne. De l\u00e9g\u00e8res variations de couleur par rapport aux ventilateurs peuvent survenir.<\/p>\n<h3><strong>Comment utiliser Sigma StainAway Matt ?<\/strong><\/h3>\n<p>Cette peinture est id\u00e9ale pour les substrats min\u00e9raux tels que le b\u00e9ton, le stuc, le pon\u00e7age, le placopl\u00e2tre et la ma\u00e7onnerie. De plus, elle peut aussi \u00eatre appliqu\u00e9e sur des couches de peinture murale bien adh\u00e9rentes, des enduitures textur\u00e9es et des finitions avec du tissu de verre ou de la toison de verre. Le tapis Sigma StainAway convient aussi bien aux projets de r\u00e9novation qu\u2019aux projets de construction neuve et offre une excellente solution pour restaurer les surfaces contamin\u00e9es.<\/p>\n<h3><strong>Volumes disponibles de Sigma StainAway Matt<\/strong><\/h3>\n<p>Sigma StainAway Matt est disponible dans les packs suivants :<\/p>\n<ul>\n<li><strong>1 litre<\/strong> : Id\u00e9al pour des projets plus petits ou des peintures test.<\/li>\n<li><strong>5 litres<\/strong> : Adapt\u00e9 aux projets de taille moyenne.<\/li>\n<li><strong>10 litres<\/strong> : Parfait pour des projets plus importants ou un usage professionnel.<\/li>\n<\/ul>\n<h3><strong>De combien de mat Sigma StainAway dois-je avoir besoin ?<\/strong><\/h3>\n<p>Avec un retour de <strong>7 \u00e0 9 m\u00b2 par litre<\/strong> Vous pouvez facilement calculer la quantit\u00e9 de peinture n\u00e9cessaire pour votre projet :<\/p>\n<ul>\n<li><strong>1 litre<\/strong> : Covoeren approximativement <strong>7-9 m\u00b2<\/strong>, id\u00e9al pour les surfaces plus petites ou pour essayer la peinture.<\/li>\n<li><strong>5 litres<\/strong> : Covoeren approximativement <strong>35-45 m\u00b2<\/strong>, adapt\u00e9 aux pi\u00e8ces de taille moyenne ou \u00e0 plusieurs pi\u00e8ces.<\/li>\n<li><strong>10 litres<\/strong> : Covoeren approximativement <strong>70-90 m\u00b2<\/strong>, id\u00e9al pour les espaces plus grands ou les applications professionnelles.<\/li>\n<\/ul>\n<h3><strong>Temps de s\u00e9chage du mat Sigma StainAway<\/strong><\/h3>\n<p>La peinture est <strong>S\u00e8che comme la poussi\u00e8re<\/strong> apr\u00e8s environ <strong>1 heure<\/strong> en <strong>A peindre<\/strong> na <strong>environ 4 heures<\/strong>, selon l\u2019\u00e9paisseur de la couche, la temp\u00e9rature et l\u2019humidit\u00e9 de la pi\u00e8ce.<\/p>\n<h3><strong>Profitez de nos offres Sigma StainAway Matt<\/strong><\/h3>\n<p>Avec des prix \u00e9lev\u00e9s, vous pouvez b\u00e9n\u00e9ficier d\u2019une peinture murale d\u2019excellente qualit\u00e9 \u00e0 un prix attractif.<\/p>\n<h3><strong>Pourquoi acheter Sigma StainAway Matt \u00e0 Paintstore.be ?<\/strong><\/h3>\n<p>Au <strong>Paintstore.be<\/strong> Vous \u00eates assur\u00e9 d\u2019une livraison rapide, de la satisfaction client et d\u2019un service fiable. Notre \u00e9quipe experte est toujours pr\u00eate \u00e0 vous conseiller et \u00e0 vous aider \u00e0 trouver la peinture adapt\u00e9e \u00e0 votre projet.<\/p>\n<p><a href=\"https:\/\/paintstore.be\/wp-content\/uploads\/2025\/10\/Sigma-Stainaway-Matt-Technische-fiche.pdf\" target=\"_blank\" rel=\"noopener\">Cliquez ici pour t\u00e9l\u00e9charger la fiche technique<\/a><\/p>\n<\/section>\n<\/details>","protected":false},"excerpt":{"rendered":"<p>Bekijk hier de verschillende kleurenkaarten Waarom kiezen voor Sigma StainAway Matt? Sigma StainAway Matt is een uitstekend isolerende, geurarme en zeer goed dekkende muurverf voor binnengebruik, op basis van 100% acrylaatdispersie. Deze verf is speciaal ontwikkeld om vervuiling, zoals nicotine-, rook- en roetaanslag, waterkringen, koffie- en theevlekken, te isoleren en tegelijkertijd af te werken. Dankzij [&hellip;]<\/p>\n","protected":false},"featured_media":833,"comment_status":"open","ping_status":"closed","template":"","meta":[],"product_brand":[90],"product_cat":[117,116,31],"product_tag":[],"class_list":{"0":"post-787","1":"product","2":"type-product","3":"status-publish","4":"has-post-thumbnail","6":"product_brand-sigma-coatings","7":"product_cat-verf-muurverf-binnen-muurverf","8":"product_cat-verf-muurverf-binnen-plafondverf","9":"product_cat-verf","10":"pa_basis-waterbasis","11":"pa_binnen-buiten-binnen","12":"pa_eigenschappen-grond-en-afwerkingslaag-in-een","13":"pa_glansgraad-mat","14":"pa_inhoud-10l","15":"pa_inhoud-1l","16":"pa_inhoud-5l","17":"pa_kleur-gekleurd","18":"pa_kleur-wit","19":"pa_merk-sigma-coatings","20":"pa_ondergrond-oude-verflagen","21":"pa_overschilderbaar-vanaf-4-uur","22":"pa_schrobklasse-klasse-1-hoogste-schrobvastheid-2","23":"pa_upc-693","25":"first","26":"instock","27":"shipping-taxable","28":"purchasable","29":"product-type-variable"},"_links":{"self":[{"href":"https:\/\/medv-design.org\/fr\/wp-json\/wp\/v2\/product\/787","targetHints":{"allow":["GET"]}}],"collection":[{"href":"https:\/\/medv-design.org\/fr\/wp-json\/wp\/v2\/product"}],"about":[{"href":"https:\/\/medv-design.org\/fr\/wp-json\/wp\/v2\/types\/product"}],"replies":[{"embeddable":true,"href":"https:\/\/medv-design.org\/fr\/wp-json\/wp\/v2\/comments?post=787"}],"wp:featuredmedia":[{"embeddable":true,"href":"https:\/\/medv-design.org\/fr\/wp-json\/wp\/v2\/media\/833"}],"wp:attachment":[{"href":"https:\/\/medv-design.org\/fr\/wp-json\/wp\/v2\/media?parent=787"}],"wp:term":[{"taxonomy":"product_brand","embeddable":true,"href":"https:\/\/medv-design.org\/fr\/wp-json\/wp\/v2\/product_brand?post=787"},{"taxonomy":"product_cat","embeddable":true,"href":"https:\/\/medv-design.org\/fr\/wp-json\/wp\/v2\/product_cat?post=787"},{"taxonomy":"product_tag","embeddable":true,"href":"https:\/\/medv-design.org\/fr\/wp-json\/wp\/v2\/product_tag?post=787"}],"curies":[{"name":"wp","href":"https:\/\/api.w.org\/{rel}","templated":true}]}}