{"id":785,"date":"2025-12-08T20:01:08","date_gmt":"2025-12-08T20:01:08","guid":{"rendered":"https:\/\/medv-design.org\/product\/sigma-siloxan-prim-aqua\/"},"modified":"2026-02-07T15:42:40","modified_gmt":"2026-02-07T15:42:40","slug":"sigma-siloxan-prim-aqua","status":"publish","type":"product","link":"https:\/\/medv-design.org\/fr\/produit\/sigma-siloxan-prim-aqua\/","title":{"rendered":"Sigma Siloxan Prim Aqua"},"content":{"rendered":"<p><a href=\"https:\/\/sigmatech.be\/download?kind=default&#038;file=\/assets_be\/TF\/NL\/Sigma\/Sigma%20Siloxan%20Prim%20Aqua_TF_NL_7145BE.pdf\" target=\"_blank\" rel=\"noopener\">Cliquez ici pour t\u00e9l\u00e9charger la fiche technique<br \/><\/a><\/p>\n<h3>Pourquoi choisir Sigma Siloxan Prim Aqua ?<\/h3>\n<p><strong>Sigma Siloxan Prim Aqua<\/strong> est un recouvrement <strong>Introduction<\/strong> qui a \u00e9t\u00e9 sp\u00e9cialement d\u00e9velopp\u00e9e pour \u00eatre utilis\u00e9e dans les syst\u00e8mes de peinture de fa\u00e7ade Sigma Siloxan. Le produit est id\u00e9al pour <strong>substrats min\u00e9raux l\u00e9gers \u00e0 mod\u00e9r\u00e9ment absorbants et porteurs<\/strong>  et offre une excellente adh\u00e9rence et protection pour la finition de la fa\u00e7ade. Il est applicable \u00e0 divers types de substrats, notamment <strong>Dispersion existante en silicone et acrylique<\/strong> en <strong>Peintures de fa\u00e7ade en silicate<\/strong>.<\/p>\n<h3>Caract\u00e9ristiques cl\u00e9s de Sigma Siloxan Prim Aqua<\/h3>\n<ul>\n<li><strong>Haute perm\u00e9abilit\u00e9 \u00e0 la vapeur d\u2019eau<\/strong> : Permet \u00e0 la fa\u00e7ade de respirer, tout en restant prot\u00e9g\u00e9e de l\u2019humidit\u00e9.<\/li>\n<li><strong>Efficace et \u00e9conomique<\/strong> : Gr\u00e2ce \u00e0 l\u2019excellente couverture du produit, son utilisation est tr\u00e8s efficace et contribue \u00e0 r\u00e9duire les co\u00fbts.<\/li>\n<li><strong>Excellente couverture<\/strong> : Le primer offre une excellente couverture et une surface uniforme.<\/li>\n<li><strong>Capacit\u00e9 de remplissage \u00e9lev\u00e9e<\/strong> : Le produit a une bonne capacit\u00e9 de remplissage, ce qui assure une surface lisse.<\/li>\n<li><strong>R\u00e9duit les diff\u00e9rences d\u2019aspiration<\/strong> : Cela uniformise la succion du substrat, contribuant \u00e0 une finition plus belle.<\/li>\n<li><strong>L\u00e9ger \u00e0 traiter<\/strong> : Le produit est facile \u00e0 appliquer, ce qui facilite son traitement.<\/li>\n<li><strong>Favorise l\u2019adh\u00e9rence<\/strong> : Il am\u00e9liore l\u2019adh\u00e9rence de la couche de finition, offrant une protection durable.<\/li>\n<li><strong>Peut \u00eatre repeint avec des peintures de fa\u00e7ade coll\u00e9es \u00e0 la r\u00e9sine silicone<\/strong> : Apr\u00e8s transformation, il peut \u00eatre repeint avec des peintures de fa\u00e7ade appropri\u00e9es.<\/li>\n<li><strong>R\u00e9sistant aux alcalins<\/strong> : Le produit est r\u00e9sistant aux alcalis, ce qui assure une action durable sur les substrats min\u00e9raux.<\/li>\n<li><strong>R\u00e9sistant \u00e0 un l\u00e9ger saignement de sel<\/strong> : Il est r\u00e9sistant \u00e0 l\u2019\u00e9pflorescence du sel, ce qui rend le produit adapt\u00e9 \u00e0 une utilisation dans divers environnements.<\/li>\n<\/ul>\n<h3>De combien de Sigma Siloxan Prim Aqua ai-je besoin ?<\/h3>\n<p>Le <strong>Rendement pratique<\/strong> de <strong>Sigma Siloxan Prim Aqua<\/strong> Varie entre <strong>5-7 m\u00b2\/litre<\/strong>. Cela d\u00e9pend de la forme, de l\u2019\u00e9tat et du profil de la surface, de la m\u00e9thode d\u2019application utilis\u00e9e ainsi que des conditions m\u00e9t\u00e9orologiques.<\/p>\n<details>\n<summary>Plus d'informations<\/summary>\n<section>\n<h3>Sigma Siloxan Prim Aqua en couleur<\/h3>\n<p><strong>Sigma Siloxan Prim Aqua<\/strong> est disponible en <strong>Blanc<\/strong> en <strong>Couleurs claires du blanc<\/strong>, et poss\u00e8de un <strong>mat<\/strong> Finir. Cela offre une belle surface pour une finition ult\u00e9rieure.<\/p>\n<h3>Disponibilit\u00e9 du Sigma Siloxan Prim Aqua<\/h3>\n<p><strong>Sigma Siloxan Prim Aqua<\/strong>   est disponible en <strong>10 litres<\/strong>. La m\u00e9thode de traitement recommand\u00e9e est une couche de Sigma Siloxan Prim Aqua, adapt\u00e9e \u00e0 la couleur de la finition, suivie d\u2019une finition avec <strong>Sigma Siloxan Topcoat Matt<\/strong>.<\/p>\n<h3>Profitez des offres sur Sigma Siloxan Prim Aqua<\/h3>\n<p>Ordre <strong>Sigma Siloxan Prim Aqua<\/strong> Maintenant \u00e0 <strong>Paintstore.be<\/strong> et b\u00e9n\u00e9ficient de prix comp\u00e9titifs et d\u2019une livraison rapide.<\/p>\n<h3>Pourquoi acheter du Sigma Siloxan Prim Aqua chez Paintstore.be ?<\/h3>\n<p>Au <strong>Paintstore.be<\/strong> Nous proposons uniquement des produits de la meilleure qualit\u00e9, tels que <strong>Sigma Siloxan Prim Aqua<\/strong>, et nous offrons un excellent service client. Commandez chez nous et assurez-vous d\u2019une finition durable et de haute qualit\u00e9 pour vos fa\u00e7ades !<\/p>\n<\/section>\n<\/details>","protected":false},"excerpt":{"rendered":"<p>Klik hier om de technische fiche te downloaden Waarom kiezen voor Sigma Siloxan Prim Aqua? Sigma Siloxan Prim Aqua is een dekkende grondlaag die speciaal ontwikkeld is voor gebruik in Sigma Siloxan gevelverfsystemen. Het product is ideaal voor licht tot matig zuigende en draagkrachtige minerale ondergronden en biedt uitstekende hechting en bescherming voor het afwerken [&hellip;]<\/p>\n","protected":false},"featured_media":854,"comment_status":"open","ping_status":"closed","template":"","meta":[],"product_brand":[90],"product_cat":[47,131,31],"product_tag":[],"class_list":{"0":"post-785","1":"product","2":"type-product","3":"status-publish","4":"has-post-thumbnail","6":"product_brand-sigma-coatings","7":"product_cat-grondverf-primers","8":"product_cat-verf-grondverf-primers-primer-buitenmuren","9":"product_cat-verf","10":"pa_basis-waterbasis","11":"pa_binnen-buiten-buiten","12":"pa_eigenschappen-waterdampdoorlatend","13":"pa_inhoud-10l","14":"pa_kleur-gekleurd","15":"pa_kleur-wit","16":"pa_merk-sigma-coatings","17":"pa_ondergrond-buitenmuren","19":"first","20":"instock","21":"shipping-taxable","22":"purchasable","23":"product-type-variable"},"_links":{"self":[{"href":"https:\/\/medv-design.org\/fr\/wp-json\/wp\/v2\/product\/785","targetHints":{"allow":["GET"]}}],"collection":[{"href":"https:\/\/medv-design.org\/fr\/wp-json\/wp\/v2\/product"}],"about":[{"href":"https:\/\/medv-design.org\/fr\/wp-json\/wp\/v2\/types\/product"}],"replies":[{"embeddable":true,"href":"https:\/\/medv-design.org\/fr\/wp-json\/wp\/v2\/comments?post=785"}],"wp:featuredmedia":[{"embeddable":true,"href":"https:\/\/medv-design.org\/fr\/wp-json\/wp\/v2\/media\/854"}],"wp:attachment":[{"href":"https:\/\/medv-design.org\/fr\/wp-json\/wp\/v2\/media?parent=785"}],"wp:term":[{"taxonomy":"product_brand","embeddable":true,"href":"https:\/\/medv-design.org\/fr\/wp-json\/wp\/v2\/product_brand?post=785"},{"taxonomy":"product_cat","embeddable":true,"href":"https:\/\/medv-design.org\/fr\/wp-json\/wp\/v2\/product_cat?post=785"},{"taxonomy":"product_tag","embeddable":true,"href":"https:\/\/medv-design.org\/fr\/wp-json\/wp\/v2\/product_tag?post=785"}],"curies":[{"name":"wp","href":"https:\/\/api.w.org\/{rel}","templated":true}]}}