{"id":784,"date":"2025-12-08T20:01:08","date_gmt":"2025-12-08T20:01:08","guid":{"rendered":"https:\/\/medv-design.org\/product\/sigma-siloxan-matt\/"},"modified":"2026-02-07T15:42:42","modified_gmt":"2026-02-07T15:42:42","slug":"sigma-siloxan-matt","status":"publish","type":"product","link":"https:\/\/medv-design.org\/fr\/produit\/sigma-siloxan-matt\/","title":{"rendered":"Sigma Siloxan Matt"},"content":{"rendered":"<p><a href=\"https:\/\/paintstore.be\/kleuren\/\" target=\"_blank\" rel=\"noopener\">Voir les diff\u00e9rentes cartes de couleurs ici<\/a><\/p>\n<h3>Pourquoi choisir Sigma Siloxan Matt ?<\/h3>\n<p><strong>Sigma Siloxan Matt<\/strong> est une peinture de fa\u00e7ade mate \u00e0 base d\u2019eau, offrant une excellente r\u00e9sistance \u00e0 la pluie et des propri\u00e9t\u00e9s de traitement parfaites gr\u00e2ce \u00e0 <strong>L\u00e9ger &amp; Facile<\/strong> en <strong>Technologie de r\u00e9sistance rapide \u00e0 la pluie<\/strong>. Ce produit est id\u00e9al pour finir les fa\u00e7ades de b\u00e2timents anciens et repr\u00e9sentatifs, ainsi que pour les habitations et b\u00e2timents industriels o\u00f9 une forte perm\u00e9abilit\u00e9 \u00e0 la vapeur d\u2019eau est souhait\u00e9e. Il convient \u00e9galement particuli\u00e8rement aux fa\u00e7ades de b\u00e2timents class\u00e9s. <strong>Sigma Siloxan Matt<\/strong> Peut \u00eatre appliqu\u00e9 sur des substrats min\u00e9raux tels que la brique, la brique sable-calcaire, les enduitures \u00e0 base de ciment, ainsi que sur des syst\u00e8mes de finition existants \u00e0 base de silicate ou de r\u00e9sine synth\u00e9tique \u00e0 dispersion. Il convient \u00e9galement comme couche de finition pour les syst\u00e8mes d\u2019isolation des murs ext\u00e9rieurs.<\/p>\n<h3>Principaux avantages de Sigma Siloxan Matt<\/h3>\n<ul>\n<li><strong>Haute perm\u00e9abilit\u00e9 \u00e0 la vapeur d\u2019eau<\/strong>: Classe V1 selon la norme EN 1062-2, qui assure une fa\u00e7ade respirante.<\/li>\n<li><strong>Excellente imperm\u00e9abilit\u00e9 \u00e0 la pluie<\/strong>: La classe W3 selon la norme EN 1062-3 offre une protection fiable contre la pluie.<\/li>\n<li><strong>Caract\u00e8re min\u00e9ral<\/strong>: Contient environ 50 % de liant siloxan, ce qui donne un aspect authentique.<\/li>\n<li><strong>Diminution de la croissance des micro-organismes<\/strong>: Aide \u00e0 garder la fa\u00e7ade propre et emp\u00eache la formation de moisissure.<\/li>\n<li><strong>Excellente conservation des couleurs<\/strong>: La peinture conserve sa couleur m\u00eame par mauvais temps.<\/li>\n<li><strong>Plus l\u00e9ger et plus facile \u00e0 appliquer<\/strong>: Gr\u00e2ce \u00e0 la <strong>L\u00e9ger &amp; Facile<\/strong> la peinture est 30 % plus claire que les peintures classiques Siloxan, ce qui facilite son traitement.<\/li>\n<li><strong>R\u00e9sistance rapide \u00e0 la pluie<\/strong>: <strong>Sigma Siloxan Matt<\/strong> est \u00e9tanche apr\u00e8s 20 minutes (\u00e0 23\u00b0C), gr\u00e2ce \u00e0 <strong>Technologie de r\u00e9sistance rapide \u00e0 la pluie<\/strong>.<\/li>\n<li><strong>Aucun substrat silicifi\u00e9 n\u2019est n\u00e9cessaire<\/strong>: Ne n\u00e9cessite aucune pr\u00e9paration particuli\u00e8re du substrat, ce qui fait gagner du temps.<\/li>\n<li><strong>Insolvable<\/strong>: Assure une longue dur\u00e9e de vie et une protection contre les intemp\u00e9ries.<\/li>\n<li><strong>Adapt\u00e9 au pl\u00e2tre \u00e0 la chaux<\/strong>: En raison de sa forte perm\u00e9abilit\u00e9 au CO2, il est \u00e9galement id\u00e9al pour peindre le pl\u00e2tre \u00e0 la chaux.<\/li>\n<\/ul>\n<h3>Combien de Sigma Siloxan Matt ai-je besoin ?<\/h3>\n<p>L\u2019efficacit\u00e9 de <strong>Sigma Siloxan Matt<\/strong> cela varie selon la nature et la structure du sous-sol. Le rendement moyen se situe entre les <strong>5 \u2013 7 m\u00b2\/litre<\/strong>.<\/p>\n<details>\n<summary>Plus d'informations<\/summary>\n<section>\n<h3>Sigma Siloxan Matt en couleur<\/h3>\n<p><strong>Sigma Siloxan Matt<\/strong> est disponible en <strong>Blanc<\/strong> et en couleurs selon le <strong>Sigma Fa\u00e7ade Collection Siloxan<\/strong> et le <strong>PPG Voice of Colour Fa\u00e7ade<\/strong> Tableau des couleurs. Il poss\u00e8de un <strong>Mat\u00e9riau min\u00e9ral<\/strong> finition et convient aux syst\u00e8mes d\u2019isolation de fa\u00e7ade avec une valeur de r\u00e9flexion de 20 % ou plus. Contactez notre <strong>Services d'assistance technique<\/strong> Pour plus d\u2019informations sur les applications des couleurs dans les syst\u00e8mes d\u2019isolation de fa\u00e7ade.<\/p>\n<h3>Application de Sigma Siloxan Matt<\/h3>\n<p><strong>Sigma Siloxan Matt<\/strong>  est id\u00e9al pour finir les fa\u00e7ades des b\u00e2timents anciens et r\u00e9cents, en particulier ceux class\u00e9s monuments historiques. Il peut \u00eatre utilis\u00e9 sur des substrats min\u00e9raux tels que la brique, la brique sable-chaux, les enduit cimenteux, mais aussi sur les syst\u00e8mes existants de finition \u00e0 dispersion \u00e0 base de silicates et de r\u00e9sine synth\u00e9tique. De plus, il peut \u00eatre appliqu\u00e9 comme couche finale sur les syst\u00e8mes d\u2019isolation des murs ext\u00e9rieurs.<\/p>\n<h3>Temps de s\u00e9chage du Sigma Siloxan Matt<\/h3>\n<ul>\n<li><strong>Pluie<\/strong> apr\u00e8s environ <strong>20 minutes<\/strong> (\u00e0 23\u00b0C).<\/li>\n<li><strong>A peindre<\/strong> apr\u00e8s environ <strong>5 heures<\/strong>.<\/li>\n<\/ul>\n<h3>Emballage du mat Sigma Siloxan<\/h3>\n<p><strong>Sigma Siloxan Matt<\/strong><strong> est disponible en formats de 1, 5 et 10 litres<\/strong>.<\/p>\n<h3>Dur\u00e9e de vie de Sigma Siloxan Matt<\/h3>\n<p><strong>Sigma Siloxan Matt<\/strong> A une dur\u00e9e de conservation d\u2019au moins <strong>2 ans<\/strong> lorsqu\u2019il est sec et stock\u00e9 dans l\u2019emballage ferm\u00e9 d\u2019origine \u00e0 une temp\u00e9rature interm\u00e9diaire <strong>5\u00b0C et 30\u00b0C<\/strong>, et prot\u00e9g\u00e9 du soleil direct.<\/p>\n<h3>Profitez des offres sur Sigma Siloxan Matt<\/h3>\n<p>Au <strong>Paintstore.be<\/strong> vous pouvez <strong>Sigma Siloxan Matt<\/strong> \u00e0 un prix comp\u00e9titif. Il vous suffit de commander en ligne et de profiter de notre livraison rapide et de notre excellent service client.<\/p>\n<h3>Pourquoi acheter Sigma Siloxan Matt chez Paintstore.be ?<\/h3>\n<p>Au <strong>Paintstore.be<\/strong>  Nous proposons non seulement des produits de qualit\u00e9, mais aussi des conseils d\u2019experts pour tous vos projets de peinture. Commandez rapidement en ligne et profitez de notre livraison rapide et de notre service client !<\/p>\n<\/section>\n<\/details>\n<p><a id=\"p_lt_ctl10_pageplaceholder_p_lt_ctl04_ProductDownloadLinks_lnkTechnicalInfo1\" class=\"pdfK\" data-t=\"engage\" data-d1=\"pdf download\" data-d2=\"https:\/\/sigmatech.be\/download?kind=default&#038;file=\/assets_be\/TF\/NL\/Sigma\/Sigma%20Siloxan%20Matt_TF_NL_3268BE.pdf\" href=\"https:\/\/paintstore.be\/wp-content\/uploads\/2025\/10\/Sigma-Siloxan-Matt-Technische-fiche.pdf\" target=\"_blank\" rel=\"noopener\">Cliquez ici pour t\u00e9l\u00e9charger la fiche technique<\/a><\/p>","protected":false},"excerpt":{"rendered":"<p>Bekijk hier de verschillende kleurenkaarten Waarom kiezen voor Sigma Siloxan Matt? Sigma Siloxan Matt is een watergedragen, matte gevelverf met een uitstekende regenbestendigheid en een perfecte verwerkingseigenschap dankzij de Light &#038; Easy en Quick Rain Resistance Technology. Dit product is ideaal voor het afwerken van gevels van oude en representatieve gebouwen, evenals woningen en industri\u00eble [&hellip;]<\/p>\n","protected":false},"featured_media":919,"comment_status":"open","ping_status":"closed","template":"","meta":[],"product_brand":[90],"product_cat":[127,141,53],"product_tag":[],"class_list":{"0":"post-784","1":"product","2":"type-product","3":"status-publish","4":"has-post-thumbnail","6":"product_brand-sigma-coatings","7":"product_cat-verf-muurverf-buiten-buitenmuur-verf","8":"product_cat-verf-muurverf-buiten-minerale-verf","9":"product_cat-muurverf-buiten","10":"pa_basis-waterbasis","11":"pa_binnen-buiten-buiten","12":"pa_eigenschappen-vuilafstotend","13":"pa_glansgraad-mat","14":"pa_inhoud-10l","15":"pa_inhoud-1l","16":"pa_inhoud-5l","17":"pa_kleur-gekleurd","18":"pa_kleur-wit","19":"pa_merk-sigma-coatings","20":"pa_ondergrond-oude-verflagen","21":"pa_overschilderbaar-vanaf-5-uur","22":"pa_upc-583","24":"first","25":"instock","26":"shipping-taxable","27":"purchasable","28":"product-type-variable"},"_links":{"self":[{"href":"https:\/\/medv-design.org\/fr\/wp-json\/wp\/v2\/product\/784","targetHints":{"allow":["GET"]}}],"collection":[{"href":"https:\/\/medv-design.org\/fr\/wp-json\/wp\/v2\/product"}],"about":[{"href":"https:\/\/medv-design.org\/fr\/wp-json\/wp\/v2\/types\/product"}],"replies":[{"embeddable":true,"href":"https:\/\/medv-design.org\/fr\/wp-json\/wp\/v2\/comments?post=784"}],"wp:featuredmedia":[{"embeddable":true,"href":"https:\/\/medv-design.org\/fr\/wp-json\/wp\/v2\/media\/919"}],"wp:attachment":[{"href":"https:\/\/medv-design.org\/fr\/wp-json\/wp\/v2\/media?parent=784"}],"wp:term":[{"taxonomy":"product_brand","embeddable":true,"href":"https:\/\/medv-design.org\/fr\/wp-json\/wp\/v2\/product_brand?post=784"},{"taxonomy":"product_cat","embeddable":true,"href":"https:\/\/medv-design.org\/fr\/wp-json\/wp\/v2\/product_cat?post=784"},{"taxonomy":"product_tag","embeddable":true,"href":"https:\/\/medv-design.org\/fr\/wp-json\/wp\/v2\/product_tag?post=784"}],"curies":[{"name":"wp","href":"https:\/\/api.w.org\/{rel}","templated":true}]}}