{"id":783,"date":"2025-12-08T20:01:08","date_gmt":"2025-12-08T20:01:08","guid":{"rendered":"https:\/\/medv-design.org\/product\/sigma-siloxan-hydrophob-syn-10l\/"},"modified":"2026-02-07T15:42:46","modified_gmt":"2026-02-07T15:42:46","slug":"sigma-siloxan-hydrophob-syn-10l","status":"publish","type":"product","link":"https:\/\/medv-design.org\/fr\/produit\/sigma-siloxan-hydrophob-syn-10l\/","title":{"rendered":"Sigma Siloxan Hydrophob Syn 10L"},"content":{"rendered":"<h3>Description<\/h3>\n<p>Sigma Siloxan Hydrophobe de <a href=\"https:\/\/paintstore.be\/sigma-coatings\/\" target=\"_blank\" rel=\"noopener\">Sigma Coatings<\/a> est un agent hydrophobe \u00e0 base de solvants \u00e0 base d\u2019oligom\u00e8re-siloxan.<\/p>\n<h3>Description<\/h3>\n<p> Pour la lubrification hydrophobe des substrats min\u00e9raux absorbants, tels que la brique, la brique de sable et de chaux, le b\u00e9ton, le b\u00e9ton a\u00e9r\u00e9 et la pierre naturelle, ainsi que les fa\u00e7ades recouvertes de pl\u00e2tre ciment.<\/p>\n<h3>Principales caract\u00e9ristiques<\/h3>\n<p style=\"margin-left: 20px;\">\u2022 \u00c9limine l\u2019action capillaire des mat\u00e9riaux de construction min\u00e9raux poreux<br \/>\u2022 Rend les mat\u00e9riaux de construction rocheux r\u00e9sistants \u00e0 l\u2019eau en surface, donc<br \/>   L\u2019eau de pluie ne peut pas p\u00e9n\u00e9trer et les murs ext\u00e9rieurs conservent leur valeur isolante<br \/>\u2022 Pr\u00e9vient les d\u00e9g\u00e2ts caus\u00e9s par le gel, la pollution, les \u00e9ruptions du sel, la formation d\u2019algues et de moisissures<br \/>\u2022 Ne donne pas de couleur aux mat\u00e9riaux de construction<br \/>\u2022 Perm\u00e9abilit\u00e9 des barrages en haute mer<\/p>\n<p>Efficacit\u00e9 : ne peut \u00eatre d\u00e9termin\u00e9e que sur la base d\u2019un test, car le substrat doit \u00eatre trait\u00e9 jusqu\u2019\u00e0 ce que la saturation soit atteinte.<\/p>\n<p><a href=\"https:\/\/sigmatech.be\/download?kind=default&#038;file=\/assets_be\/TF\/NL\/Sigma\/Sigma%20Siloxan%20Hydrophob%20Syn_TF_NL_6285.pdf\" target=\"_blank\" rel=\"noopener\">Cliquez ici pour t\u00e9l\u00e9charger la fiche technique<\/a><\/p>","protected":false},"excerpt":{"rendered":"<p>Omschrijving Sigma Siloxan Hydrophob van Sigma Coatings is een oplosmiddelhoudend hydrofobeermiddel op basis van oligomeren organo-siloxan. Omschrijving voor het hydrofoberen van zuigende minerale ondergronden, zoals baksteen, kalkzandsteen, beton, cellenbeton en natuursteen, alsmede gevels die met cementpleister zijn afgewerkt. Voornaamste kenmerken \u2022 Heft de capillaire werking van poreuze minerale bouwmaterialen op\u2022 Maakt steenachtige bouwmaterialen aan het [&hellip;]<\/p>\n","protected":false},"featured_media":990,"comment_status":"open","ping_status":"closed","template":"","meta":[],"product_brand":[90],"product_cat":[47,142,31],"product_tag":[],"class_list":{"0":"post-783","1":"product","2":"type-product","3":"status-publish","4":"has-post-thumbnail","6":"product_brand-sigma-coatings","7":"product_cat-grondverf-primers","8":"product_cat-verf-grondverf-primers-hydrofobeermiddel","9":"product_cat-verf","10":"pa_basis-solventbasis","11":"pa_binnen-buiten-buiten","12":"pa_eigenschappen-waterafstotend","13":"pa_merk-sigma-coatings","14":"pa_ondergrond-buitenmuren","16":"first","17":"instock","18":"shipping-taxable","19":"purchasable","20":"product-type-simple"},"_links":{"self":[{"href":"https:\/\/medv-design.org\/fr\/wp-json\/wp\/v2\/product\/783","targetHints":{"allow":["GET"]}}],"collection":[{"href":"https:\/\/medv-design.org\/fr\/wp-json\/wp\/v2\/product"}],"about":[{"href":"https:\/\/medv-design.org\/fr\/wp-json\/wp\/v2\/types\/product"}],"replies":[{"embeddable":true,"href":"https:\/\/medv-design.org\/fr\/wp-json\/wp\/v2\/comments?post=783"}],"wp:featuredmedia":[{"embeddable":true,"href":"https:\/\/medv-design.org\/fr\/wp-json\/wp\/v2\/media\/990"}],"wp:attachment":[{"href":"https:\/\/medv-design.org\/fr\/wp-json\/wp\/v2\/media?parent=783"}],"wp:term":[{"taxonomy":"product_brand","embeddable":true,"href":"https:\/\/medv-design.org\/fr\/wp-json\/wp\/v2\/product_brand?post=783"},{"taxonomy":"product_cat","embeddable":true,"href":"https:\/\/medv-design.org\/fr\/wp-json\/wp\/v2\/product_cat?post=783"},{"taxonomy":"product_tag","embeddable":true,"href":"https:\/\/medv-design.org\/fr\/wp-json\/wp\/v2\/product_tag?post=783"}],"curies":[{"name":"wp","href":"https:\/\/api.w.org\/{rel}","templated":true}]}}