{"id":782,"date":"2025-12-08T20:01:08","date_gmt":"2025-12-08T20:01:08","guid":{"rendered":"https:\/\/medv-design.org\/product\/sigma-siloxan-hydrophob-aqua\/"},"modified":"2026-02-07T15:42:49","modified_gmt":"2026-02-07T15:42:49","slug":"sigma-siloxan-hydrophob-aqua","status":"publish","type":"product","link":"https:\/\/medv-design.org\/fr\/produit\/sigma-siloxan-hydrophob-aqua\/","title":{"rendered":"Sigma Siloxan Hydrophob Aqua"},"content":{"rendered":"<h3>Pourquoi choisir Sigma Siloxan Hydrophob Aqua ?<\/h3>\n<p><strong>Sigma Siloxan Hydrophob Aqua<\/strong> est un agent hydrophobe \u00e0 base d\u2019eau, sp\u00e9cialement d\u00e9velopp\u00e9 pour prot\u00e9ger les substrats min\u00e9raux contre la p\u00e9n\u00e9tration de l\u2019eau et de la salet\u00e9. Le produit repose sur une combinaison unique de <strong>Compos\u00e9s siloxane amino-fonctionnels<\/strong> en <strong>Composants du fluor<\/strong>, qui offrent une protection \u00e0 long terme \u00e0 votre fa\u00e7ade. Ce produit est id\u00e9al pour <strong>Brique<\/strong>, <strong>B\u00e9ton<\/strong>, <strong>Pierre naturelle<\/strong> en <strong>B\u00e9ton a\u00e9r\u00e9<\/strong>.<\/p>\n<h3>Caract\u00e9ristiques cl\u00e9s de Sigma Siloxan Hydrophob Aqua<\/h3>\n<ul>\n<li><strong>Annule l\u2019action capillaire<\/strong> : Emp\u00eache l\u2019absorption de l\u2019eau par des mat\u00e9riaux min\u00e9raux poreux tels que la brique et le b\u00e9ton.<\/li>\n<li><strong>Hydrofuge<\/strong> : Rend la fa\u00e7ade hydrofuge, de sorte que l\u2019eau de pluie ne peut pas p\u00e9n\u00e9trer et que la valeur isolante soit pr\u00e9serv\u00e9e.<\/li>\n<li><strong>Protection contre les contaminants huileux<\/strong> : Emp\u00eache les contaminants, tels que les gaz d\u2019\u00e9chappement et les \u00e9missions industrielles, d\u2019adh\u00e9rer \u00e0 la fa\u00e7ade.<\/li>\n<li><strong>Pr\u00e9vient les d\u00e9g\u00e2ts caus\u00e9s par le gel et la moisissure<\/strong> : Aide \u00e0 pr\u00e9venir les dommages caus\u00e9s par le froid et l\u2019humidit\u00e9, et inhibe la croissance des algues et de la moisissure.<\/li>\n<li><strong>Aucun changement de couleur<\/strong> : Le produit est incolore et conserve l\u2019aspect naturel du mat\u00e9riau.<\/li>\n<li><strong>Haute perm\u00e9abilit\u00e9 \u00e0 la vapeur d\u2019eau<\/strong> : Permet \u00e0 la fa\u00e7ade de respirer et emp\u00eache l\u2019humidit\u00e9 de s\u2019emprisonner dans le mur.<\/li>\n<\/ul>\n<h3>De combien de Sigma Siloxan Hydrophob Aqua dois-je avoir besoin ?<\/h3>\n<p>Le <strong>Consommation<\/strong> de <strong>Sigma Siloxan Hydrophob Aqua<\/strong> cela varie selon la surface et le mat\u00e9riau. Les directives sont les suivantes :<\/p>\n<ul>\n<li><strong>Brique<\/strong>0,25-0,75 l\/m\u00b2.<\/li>\n<li><strong>Briques de chaux de sable<\/strong>0,50-0,80 l\/m\u00b2.<\/li>\n<li><strong>B\u00e9ton a\u00e9r\u00e9<\/strong>0,50-1,00 l\/m\u00b2 : 0,50-1,00 l\/m\u00b2<\/li>\n<li><strong>Pierre naturelle<\/strong>0,25-1,00 l\/m\u00b2 : 0,25-1,00 l\/m\u00b2<\/li>\n<li><strong>B\u00e9ton<\/strong>0,25-1,00 l\/m\u00b2 : 0,25-1,00 l\/m\u00b2<\/li>\n<\/ul>\n<p>Comme la capacit\u00e9 d\u2019absorption peut varier consid\u00e9rablement d\u2019un substrat \u00e0 l\u2019autre, il est conseill\u00e9 d\u2019utiliser une zone d\u2019essai \u00e0 l\u2019avance pour d\u00e9terminer la consommation exacte.<\/p>\n<details>\n<summary>Plus d'informations<\/summary>\n<section>\n<h3>Sigma Siloxan Hydrophob Aqua en couleur<\/h3>\n<p><strong>Sigma Siloxan Hydrophob Aqua<\/strong> is <strong>Incolore<\/strong> (blanc) et a un <strong>mat<\/strong>  Finition, ce qui signifie qu\u2019elle n\u2019affecte pas l\u2019esth\u00e9tique de la fa\u00e7ade. Il offre une excellente protection sans modifier l\u2019apparence de la surface.<\/p>\n<h3>Disponibilit\u00e9 de Sigma Siloxan Hydrophob Aqua<\/h3>\n<p><strong>Sigma Siloxan Hydrophob Aqua<\/strong> est disponible en paquet de <strong>10 litres<\/strong>, id\u00e9al pour les projets de traitement de fa\u00e7ade de plus grande envergure.<\/p>\n<h3>Profitez des offres sur Sigma Siloxan Hydrophob Aqua<\/h3>\n<p>Ordre <strong>Sigma Siloxan Hydrophob Aqua<\/strong> Maintenant \u00e0 <strong>Paintstore.be<\/strong> et b\u00e9n\u00e9ficient de prix comp\u00e9titifs et d\u2019une livraison rapide.<\/p>\n<h3>Pourquoi acheter Sigma Siloxan Hydrophob Aqua chez Paintstore.be ?<\/h3>\n<p>Au <strong>Paintstore.be<\/strong> bieden wij alleen producten van de hoogste kwaliteit, zoals <strong>Sigma Siloxan Hydrophob Aqua<\/strong>,  en zorgen we voor een uitstekende klantenservice. Bestel bij ons en  zorg voor langdurige bescherming van je gevels tegen vocht en  vervuiling!<\/p>\n<\/section>\n<\/details>\n<p><a href=\"https:\/\/paintstore.be\/wp-content\/uploads\/2025\/10\/Sigma-Siloxan-Hydrophob-Aqua-technische-fiche.pdf\" title=\"Fiche technique\" target=\"_blank\" rel=\"noopener\">Cliquez ici pour t\u00e9l\u00e9charger la fiche technique<\/a><\/p>","protected":false},"excerpt":{"rendered":"<p>Waarom kiezen voor Sigma Siloxan Hydrophob Aqua? Sigma Siloxan Hydrophob Aqua is een watergedragen hydrofobeermiddel dat speciaal is ontwikkeld voor het beschermen van minerale ondergronden tegen water- en vuilindringing. Het product is gebaseerd op een unieke combinatie van amino-functionele siloxaanverbindingen en fluorcomponenten, die zorgen voor een langdurige bescherming van uw gevel. Dit product is ideaal [&hellip;]<\/p>\n","protected":false},"featured_media":1040,"comment_status":"open","ping_status":"closed","template":"","meta":[],"product_brand":[90],"product_cat":[47,142,31],"product_tag":[],"class_list":{"0":"post-782","1":"product","2":"type-product","3":"status-publish","4":"has-post-thumbnail","6":"product_brand-sigma-coatings","7":"product_cat-grondverf-primers","8":"product_cat-verf-grondverf-primers-hydrofobeermiddel","9":"product_cat-verf","10":"pa_basis-waterbasis","11":"pa_binnen-buiten-buiten","12":"pa_eigenschappen-zeer-waterdampdoorlatend","13":"pa_glansgraad-mat","14":"pa_inhoud-10l","15":"pa_merk-sigma-coatings","16":"pa_ondergrond-buitenmuren","17":"pa_upc-687","19":"first","20":"instock","21":"shipping-taxable","22":"product-type-variable"},"_links":{"self":[{"href":"https:\/\/medv-design.org\/fr\/wp-json\/wp\/v2\/product\/782","targetHints":{"allow":["GET"]}}],"collection":[{"href":"https:\/\/medv-design.org\/fr\/wp-json\/wp\/v2\/product"}],"about":[{"href":"https:\/\/medv-design.org\/fr\/wp-json\/wp\/v2\/types\/product"}],"replies":[{"embeddable":true,"href":"https:\/\/medv-design.org\/fr\/wp-json\/wp\/v2\/comments?post=782"}],"wp:featuredmedia":[{"embeddable":true,"href":"https:\/\/medv-design.org\/fr\/wp-json\/wp\/v2\/media\/1040"}],"wp:attachment":[{"href":"https:\/\/medv-design.org\/fr\/wp-json\/wp\/v2\/media?parent=782"}],"wp:term":[{"taxonomy":"product_brand","embeddable":true,"href":"https:\/\/medv-design.org\/fr\/wp-json\/wp\/v2\/product_brand?post=782"},{"taxonomy":"product_cat","embeddable":true,"href":"https:\/\/medv-design.org\/fr\/wp-json\/wp\/v2\/product_cat?post=782"},{"taxonomy":"product_tag","embeddable":true,"href":"https:\/\/medv-design.org\/fr\/wp-json\/wp\/v2\/product_tag?post=782"}],"curies":[{"name":"wp","href":"https:\/\/api.w.org\/{rel}","templated":true}]}}