{"id":781,"date":"2025-12-08T20:01:07","date_gmt":"2025-12-08T20:01:07","guid":{"rendered":"https:\/\/medv-design.org\/product\/sigma-siloxan-flex-matt\/"},"modified":"2026-02-07T15:42:52","modified_gmt":"2026-02-07T15:42:52","slug":"sigma-siloxan-flex-matt","status":"publish","type":"product","link":"https:\/\/medv-design.org\/fr\/produit\/sigma-siloxan-flex-matt\/","title":{"rendered":"Sigma Siloxan Flex Matt"},"content":{"rendered":"<h3>Pourquoi choisir Sigma Siloxan Flex ?<\/h3>\n<p><strong>Sigma Siloxan Flex<\/strong> est une peinture de fa\u00e7ade \u00e0 base d\u2019eau, qui fait des ponts de fissures, \u00e0 base d\u2019une \u00e9mulsion de r\u00e9sine siliconeuse, sp\u00e9cialement d\u00e9velopp\u00e9e pour les fa\u00e7ades de b\u00e2timents anciens et repr\u00e9sentatifs, tels que les b\u00e2timents r\u00e9sidentiels et industriels. Id\u00e9al pour les fa\u00e7ades class\u00e9es, ce produit offre une excellente perm\u00e9abilit\u00e9 \u00e0 la vapeur d\u2019eau, permettant \u00e0 la fa\u00e7ade de respirer et comblant les fissures de la ligne de cheveux et de la r\u00e9traction allant jusqu\u2019\u00e0 0,5 mm. <strong>Sigma Siloxan Flex<\/strong> offre un effet min\u00e9ral et convient \u00e0 une utilisation sur des substrats min\u00e9raux tels que la brique, la brique de chaux et les enduitures cimentaires.<\/p>\n<h3>Avantages du Sigma Siloxan Flex<\/h3>\n<ul>\n<li><strong>Pontage de fissures<\/strong>: Selon NEN EN 1062-7, classification A1 \u00e0 A3, pour le pontage des cheveux et les fissures de r\u00e9tr\u00e9cissement jusqu\u2019\u00e0 0,5 mm.<\/li>\n<li><strong>Bonne perm\u00e9abilit\u00e9 \u00e0 la vapeur d\u2019eau<\/strong>: Classe V2 selon la norme EN 1062-2, qui permet \u00e0 la fa\u00e7ade de respirer.<\/li>\n<li><strong>Marquage CE<\/strong>: Conforme aux normes europ\u00e9ennes pour les peintures de fa\u00e7ade.<\/li>\n<li><strong>Excellente imperm\u00e9abilit\u00e9 \u00e0 la pluie<\/strong>: La classe W3 selon la norme EN 1062-3 offre une bonne protection contre la pluie.<\/li>\n<li><strong>Diminution de la croissance des micro-organismes<\/strong>: \u00c7a aide \u00e0 garder la fa\u00e7ade propre.<\/li>\n<li><strong>Effet min\u00e9ral<\/strong>: Donne un aspect authentique qui s\u2019accorde bien avec les fa\u00e7ades historiques.<\/li>\n<li><strong>Aucun substrat silicifi\u00e9 n\u2019est n\u00e9cessaire<\/strong>: Ne n\u00e9cessite pas de pr\u00e9paration suppl\u00e9mentaire du substrat pour l\u2019application.<\/li>\n<li><strong>Inhibant la carbonatation<\/strong>: La classe C1 selon la norme EN 1062-6, prot\u00e8ge contre la carbonatation.<\/li>\n<li><strong>Excellente conservation des couleurs<\/strong>: La peinture conserve bien sa couleur, m\u00eame par mauvais temps.<\/li>\n<li><strong>\u00c9lastique permanent<\/strong>: Reste \u00e9lastique m\u00eame \u00e0 basse temp\u00e9rature.<\/li>\n<li><strong>Faible adh\u00e9rence \u00e0 la terre<\/strong>: Rend plus difficile l\u2019adh\u00e9rence de la salet\u00e9 et des d\u00e9bris \u00e0 la fa\u00e7ade.<\/li>\n<li><strong>Insolvable<\/strong>: Durabilit\u00e9 et r\u00e9sistance am\u00e9lior\u00e9es aux intemp\u00e9ries.<\/li>\n<\/ul>\n<h3>De combien de Sigma Siloxan Flex ai-je besoin ?<\/h3>\n<p>La consommation recommand\u00e9e pour <strong>Sigma Siloxan Flex<\/strong> is <strong>300 g\/m\u00b2 par couche<\/strong>.<\/p>\n<details>\n<summary>Plus d'informations<\/summary>\n<section>\n<h3>Sigma Siloxan Flex en couleur<\/h3>\n<p><strong>Sigma Siloxan Flex<\/strong> est disponible dans <strong>Blanc<\/strong> en <strong>couleurs selon le fan de Sigma Siloxan<\/strong>, avec un <strong>tilleul mat<\/strong> Finir.<\/p>\n<h3>Application du Sigma Siloxan Flex<\/h3>\n<p><strong>Sigma Siloxan Flex<\/strong>  est id\u00e9al pour agrandir les fa\u00e7ades de b\u00e2timents anciens, en particulier les fa\u00e7ades class\u00e9es. Il peut \u00eatre appliqu\u00e9 sur des substrats min\u00e9raux tels que la brique, la brique de sable et de chaux et les enduitures \u00e0 base de ciment. Il convient \u00e9galement aux syst\u00e8mes existants de dispersion de r\u00e9sine ou de peinture murale \u00e0 base de silicates.<\/p>\n<h3>Temps de s\u00e9chage du Sigma Siloxan Flex<\/h3>\n<ul>\n<li><strong>Pluie<\/strong> apr\u00e8s environ <strong>3 heures<\/strong>.<\/li>\n<li><strong>A peindre<\/strong> apr\u00e8s environ <strong>14 heures<\/strong>.<\/li>\n<\/ul>\n<h3>Emballage du Sigma Siloxan Flex<\/h3>\n<p><strong>Sigma Siloxan Flex<\/strong> est disponible en paquets de <strong>Seaux en plastique de 10 litres<\/strong>.<\/p>\n<h3>Durabilit\u00e9 du Sigma Siloxan Flex<\/h3>\n<p><strong>Sigma Siloxan Flex<\/strong> A une dur\u00e9e de conservation d\u2019au moins <strong>2 ans<\/strong> lorsqu\u2019elle est stock\u00e9e s\u00e8che dans un emballage ferm\u00e9 d\u2019origine \u00e0 une temp\u00e9rature interm\u00e9diaire <strong>5\u00b0C et 30\u00b0C<\/strong>, prot\u00e9g\u00e9 du soleil direct.<\/p>\n<h3>Performance du Sigma Siloxan Flex<\/h3>\n<p>L\u2019efficacit\u00e9 de <strong>Sigma Siloxan Flex<\/strong> is <strong>300 g\/m\u00b2 par couche<\/strong>, ce qui correspond approximativement <strong>3,3 m\u00b2\/litre<\/strong> Cela d\u00e9pend du substrat et de la m\u00e9thode d\u2019application.<\/p>\n<h3>Profitez des offres sur Sigma Siloxan Flex<\/h3>\n<p>Op <strong>Paintstore.be<\/strong> vous pouvez <strong>Sigma Siloxan Flex<\/strong> Achetez \u00e0 des prix comp\u00e9titifs. Il vous suffit de commander en ligne et de profiter de notre livraison rapide et de notre excellent service client.<\/p>\n<h3>Pourquoi acheter du Sigma Siloxan Flex chez Paintstore.be ?<\/h3>\n<p>Au <strong>Paintstore.be<\/strong>  Nous proposons non seulement des produits de qualit\u00e9, mais aussi des conseils d\u2019experts pour tous vos projets de peinture. Commandez rapidement en ligne et profitez de notre livraison rapide et de notre service orient\u00e9 client !<\/p>\n<\/section>\n<\/details>\n<p><a href=\"https:\/\/paintstore.be\/wp-content\/uploads\/2025\/10\/Sigma-Siloxan-Flex-Matt-Technische-fiche.pdf\" title=\"Fiche technique\" target=\"_blank\" rel=\"noopener\">Cliquez ici pour t\u00e9l\u00e9charger la fiche technique<\/a><\/p>","protected":false},"excerpt":{"rendered":"<p>Waarom kiezen voor Sigma Siloxan Flex? Sigma Siloxan Flex is een watergedragen, scheuroverbruggende gevelverf op basis van siliconenhars-emulsie, die speciaal is ontwikkeld voor gevels van oude en representatieve bouwwerken, zoals woon- en industri\u00eble gebouwen. Dit product is ideaal voor gevels die onder monumentenzorg vallen en zorgt voor een uitstekende waterdampdoorlatendheid, waardoor de gevel kan ademen [&hellip;]<\/p>\n","protected":false},"featured_media":937,"comment_status":"open","ping_status":"closed","template":"","meta":[],"product_brand":[90],"product_cat":[127,141,53],"product_tag":[],"class_list":{"0":"post-781","1":"product","2":"type-product","3":"status-publish","4":"has-post-thumbnail","6":"product_brand-sigma-coatings","7":"product_cat-verf-muurverf-buiten-buitenmuur-verf","8":"product_cat-verf-muurverf-buiten-minerale-verf","9":"product_cat-muurverf-buiten","10":"pa_basis-waterbasis","11":"pa_binnen-buiten-buiten","12":"pa_eigenschappen-elastisch","13":"pa_glansgraad-mat","14":"pa_inhoud-10l","15":"pa_kleur-gekleurd","16":"pa_kleur-wit","17":"pa_merk-sigma-coatings","18":"pa_ondergrond-oude-verflagen","19":"pa_overschilderbaar-vanaf-14-uur","20":"pa_upc-711","22":"first","23":"instock","24":"shipping-taxable","25":"product-type-variable"},"_links":{"self":[{"href":"https:\/\/medv-design.org\/fr\/wp-json\/wp\/v2\/product\/781","targetHints":{"allow":["GET"]}}],"collection":[{"href":"https:\/\/medv-design.org\/fr\/wp-json\/wp\/v2\/product"}],"about":[{"href":"https:\/\/medv-design.org\/fr\/wp-json\/wp\/v2\/types\/product"}],"replies":[{"embeddable":true,"href":"https:\/\/medv-design.org\/fr\/wp-json\/wp\/v2\/comments?post=781"}],"wp:featuredmedia":[{"embeddable":true,"href":"https:\/\/medv-design.org\/fr\/wp-json\/wp\/v2\/media\/937"}],"wp:attachment":[{"href":"https:\/\/medv-design.org\/fr\/wp-json\/wp\/v2\/media?parent=781"}],"wp:term":[{"taxonomy":"product_brand","embeddable":true,"href":"https:\/\/medv-design.org\/fr\/wp-json\/wp\/v2\/product_brand?post=781"},{"taxonomy":"product_cat","embeddable":true,"href":"https:\/\/medv-design.org\/fr\/wp-json\/wp\/v2\/product_cat?post=781"},{"taxonomy":"product_tag","embeddable":true,"href":"https:\/\/medv-design.org\/fr\/wp-json\/wp\/v2\/product_tag?post=781"}],"curies":[{"name":"wp","href":"https:\/\/api.w.org\/{rel}","templated":true}]}}