{"id":780,"date":"2025-12-08T20:01:07","date_gmt":"2025-12-08T20:01:07","guid":{"rendered":"https:\/\/medv-design.org\/product\/sigma-siloxan-fix-syn-10l\/"},"modified":"2026-02-07T15:42:55","modified_gmt":"2026-02-07T15:42:55","slug":"sigma-siloxan-fix-syn-10l","status":"publish","type":"product","link":"https:\/\/medv-design.org\/fr\/produit\/sigma-siloxan-fix-syn-10l\/","title":{"rendered":"Sigma Siloxan Fix Syn 10L"},"content":{"rendered":"<h3>Waarom kiezen voor Sigma Siloxan Fix Syn?<\/h3>\n<p><strong>Sigma Siloxan Fix Syn<\/strong> is een oplosmiddelhoudend fixeermiddel dat speciaal is ontwikkeld voor het gebruik in <strong>Syst\u00e8mes de fa\u00e7ade Sigma Siloxan<\/strong> Bas\u00e9 sur une r\u00e9sine silicone, et est id\u00e9al pour des applications ext\u00e9rieures. Ce produit est utilis\u00e9 pour fixer des substrats l\u00e9g\u00e8rement poudreux et fournit une base solide pour l\u2019application de la peinture de fa\u00e7ade.<\/p>\n<h3>Caract\u00e9ristiques cl\u00e9s de la syn\u00e9tique Sigma Siloxan Fix<\/h3>\n<ul>\n<li><strong>Excellentes propri\u00e9t\u00e9s d\u2019adh\u00e9rence<\/strong> : Assure une connexion forte entre le substrat et la couche de finition.<\/li>\n<li><strong>Puissance de p\u00e9n\u00e9tration \u00e9lev\u00e9e<\/strong> : P\u00e9n\u00e8tre profond\u00e9ment dans le sous-sol pour une meilleure stabilisation.<\/li>\n<li><strong>Propri\u00e9t\u00e9s de raffermissement<\/strong> : Renforce le substrat, le rendant plus r\u00e9sistant aux influences ext\u00e9rieures.<\/li>\n<li><strong>Insolvable<\/strong> : A un effet durable sans affecter le produit par les savons ou autres substances.<\/li>\n<li><strong>Haute perm\u00e9abilit\u00e9 \u00e0 la vapeur d\u2019eau<\/strong> : Laisser respirer le substrat, ce qui est essentiel pour maintenir la structure de la fa\u00e7ade.<\/li>\n<\/ul>\n<h3>Combien de Sigma Siloxan Fix Syn ai-je besoin ?<\/h3>\n<p>Le <strong>Rendement pratique<\/strong> de <strong>Sigma Siloxan Fix Syn<\/strong> se trouve entre les <strong>5 et 6 m\u00b2 par litre<\/strong>, selon l\u2019aspiration et la structure du substrat.<\/p>\n<details>\n<summary>Plus d'informations<\/summary>\n<section>\n<h3>Sigma Siloxan Fix Syn en couleur<\/h3>\n<p><strong>Sigma Siloxan Fix Syn<\/strong> is <strong>Incolore<\/strong>, de sorte qu\u2019elle n\u2019affecte pas l\u2019esth\u00e9tique du substrat. Il peut \u00eatre utilis\u00e9 sur divers mat\u00e9riaux de fa\u00e7ade sans changer la couleur du support.<\/p>\n<h3>Disponibilit\u00e9 de Sigma Siloxan Fix Syn<\/h3>\n<p><strong>Sigma Siloxan Fix Syn<\/strong> Livr\u00e9 dans un paquet de <strong>10 litres<\/strong>. Cela vous permet d\u2019utiliser le produit efficacement pour des projets de fa\u00e7ade plus importants.<\/p>\n<h3>Profitez des offres sur Sigma Siloxan Fix Syn<\/h3>\n<p>Ordre <strong>Sigma Siloxan Fix Syn<\/strong> aujourd\u2019hui \u00e0 <strong>Paintstore.be<\/strong> et b\u00e9n\u00e9ficient de prix comp\u00e9titifs et d\u2019une livraison rapide.<\/p>\n<h3>Pourquoi acheter Sigma Siloxan Fix Syn chez Paintstore.be ?<\/h3>\n<p>Au <strong>Paintstore.be<\/strong> Nous ne proposons que des produits de haute qualit\u00e9, tels que <strong>Sigma Siloxan Fix Syn<\/strong>, et nous offrons un excellent service client. Commandez chez nous et fournissez une base durable et solide pour vos projets de peinture de fa\u00e7ade !<\/p>\n<\/section>\n<\/details>\n<p><a href=\"http:\/\/max.ppg.com\/adaptivemedia\/rendition?id=4485f518022d41036fc430880295a53d81849437\" target=\"_blank\" rel=\"noopener\">Cliquez ici pour t\u00e9l\u00e9charger la fiche technique &gt;&gt;<\/a><\/p>","protected":false},"excerpt":{"rendered":"<p>Waarom kiezen voor Sigma Siloxan Fix Syn? Sigma Siloxan Fix Syn is een oplosmiddelhoudend fixeermiddel dat speciaal is ontwikkeld voor het gebruik in Sigma Siloxan gevelsystemen op basis van siliconenhars, en is ideaal voor buitentoepassingen. Dit product wordt gebruikt om licht poederende ondergronden te fixeren en zorgt voor een solide basis voor het aanbrengen van [&hellip;]<\/p>\n","protected":false},"featured_media":839,"comment_status":"open","ping_status":"closed","template":"","meta":[],"product_brand":[90],"product_cat":[47],"product_tag":[],"class_list":{"0":"post-780","1":"product","2":"type-product","3":"status-publish","4":"has-post-thumbnail","6":"product_brand-sigma-coatings","7":"product_cat-grondverf-primers","8":"pa_basis-waterbasis","9":"pa_binnen-buiten-buiten","10":"pa_eigenschappen-waterdampdoorlatend","11":"pa_merk-sigma-coatings","12":"pa_ondergrond-buitenmuren","13":"pa_upc-686","15":"first","16":"instock","17":"shipping-taxable","18":"purchasable","19":"product-type-simple"},"_links":{"self":[{"href":"https:\/\/medv-design.org\/fr\/wp-json\/wp\/v2\/product\/780","targetHints":{"allow":["GET"]}}],"collection":[{"href":"https:\/\/medv-design.org\/fr\/wp-json\/wp\/v2\/product"}],"about":[{"href":"https:\/\/medv-design.org\/fr\/wp-json\/wp\/v2\/types\/product"}],"replies":[{"embeddable":true,"href":"https:\/\/medv-design.org\/fr\/wp-json\/wp\/v2\/comments?post=780"}],"wp:featuredmedia":[{"embeddable":true,"href":"https:\/\/medv-design.org\/fr\/wp-json\/wp\/v2\/media\/839"}],"wp:attachment":[{"href":"https:\/\/medv-design.org\/fr\/wp-json\/wp\/v2\/media?parent=780"}],"wp:term":[{"taxonomy":"product_brand","embeddable":true,"href":"https:\/\/medv-design.org\/fr\/wp-json\/wp\/v2\/product_brand?post=780"},{"taxonomy":"product_cat","embeddable":true,"href":"https:\/\/medv-design.org\/fr\/wp-json\/wp\/v2\/product_cat?post=780"},{"taxonomy":"product_tag","embeddable":true,"href":"https:\/\/medv-design.org\/fr\/wp-json\/wp\/v2\/product_tag?post=780"}],"curies":[{"name":"wp","href":"https:\/\/api.w.org\/{rel}","templated":true}]}}