{"id":779,"date":"2025-12-08T20:01:07","date_gmt":"2025-12-08T20:01:07","guid":{"rendered":"https:\/\/medv-design.org\/product\/sigma-siloxan-filler\/"},"modified":"2026-02-07T15:42:58","modified_gmt":"2026-02-07T15:42:58","slug":"sigma-siloxan-filler","status":"publish","type":"product","link":"https:\/\/medv-design.org\/fr\/produit\/sigma-siloxan-filler\/","title":{"rendered":"Sigma Siloxan Filler"},"content":{"rendered":"<h3>Pourquoi choisir le remplissage Sigma Siloxan ?<\/h3>\n<p><strong>Sigma Siloxan Filler<\/strong> est une couche d\u2019appr\u00eat \u00e0 base d\u2019eau, remplissante, et interm\u00e9diaire \u00e0 base d\u2019\u00e9mulsion de r\u00e9sine siliconique, sp\u00e9cialement d\u00e9velopp\u00e9e pour les syst\u00e8mes de fa\u00e7ade Sigma Siloxan. Ce produit de remplissage est id\u00e9al pour camoufler des substrats min\u00e9raux structur\u00e9s tels que la brique, la brique sable-calcaire et les end\u00e2tres \u00e0 base de ciment. <strong>Sigma Siloxan Filler<\/strong> offre d\u2019excellentes propri\u00e9t\u00e9s d\u2019adh\u00e9rence et constitue une base solide pour une finition ult\u00e9rieure des syst\u00e8mes de fa\u00e7ade.<\/p>\n<h3>Principaux avantages<\/h3>\n<ul>\n<li><strong>Haute perm\u00e9abilit\u00e9 \u00e0 la vapeur d\u2019eau<\/strong> : Permet au substrat de respirer, ce qui contribue \u00e0 la protection de la fa\u00e7ade contre les probl\u00e8mes d\u2019humidit\u00e9.<\/li>\n<li><strong>Remplissage<\/strong> : Camouflage les irr\u00e9gularit\u00e9s dans les substrats min\u00e9raux structur\u00e9s, tels que la brique et la brique sable-chaux.<\/li>\n<li><strong>Excellentes propri\u00e9t\u00e9s d\u2019adh\u00e9rence<\/strong> : Assure une connexion solide au substrat, ce qui est essentiel pour une finition durable.<\/li>\n<li><strong>Insolvable<\/strong> : La peinture r\u00e9siste aux effets nocifs de la formation de savon, ce qui am\u00e9liore la durabilit\u00e9 de la finition.<\/li>\n<li><strong>Inhibiteur non carbonatant<\/strong> : Adapt\u00e9 \u00e0 une utilisation sur des substrats min\u00e9raux, mais ne prot\u00e8ge pas contre la carbonatation.<\/li>\n<\/ul>\n<h3>De combien de comblement Sigma Siloxan ai-je besoin ?<\/h3>\n<p>La consommation de <strong>Sigma Siloxan Filler<\/strong> d\u00e9pend de la nature et de la structure du sous-sol ainsi que de la structure souhait\u00e9e. La consommation est :<\/p>\n<ul>\n<li><strong>200-400 ml\/m\u00b2<\/strong> (environ. <strong>2,5-5 m\u00b2\/l<\/strong>).<\/li>\n<\/ul>\n<details>\n<summary>Plus d'informations<\/summary>\n<section>\n<h3>Sigma Siloxan filler en couleur<\/h3>\n<p><strong>Sigma Siloxan Filler<\/strong> est disponible en <strong>Blanc<\/strong> en <strong>Couleurs claires<\/strong> et poss\u00e8de un <strong>mat<\/strong> Finir.<\/p>\n<h3>Application du remplissage Sigma Siloxan<\/h3>\n<p><strong>Sigma Siloxan Filler<\/strong>  convient \u00e0 une utilisation sur des substrats min\u00e9raux tels que la brique, la brique sable-chaux et les enduit \u00e0 base de ciment. Elle peut \u00e9galement \u00eatre appliqu\u00e9e aux syst\u00e8mes existants de peinture de fa\u00e7ade \u00e0 dispersion de r\u00e9sine ou \u00e0 silicate. Ce remplissage offre une excellente pr\u00e9paration pour une finition ult\u00e9rieure des syst\u00e8mes de fa\u00e7ade.<\/p>\n<h3>Temps de s\u00e9chage du remplissage Sigma Siloxan<\/h3>\n<ul>\n<li><strong>Sans adh\u00e9sif<\/strong> apr\u00e8s environ <strong>2 heures<\/strong>.<\/li>\n<li><strong>A peindre<\/strong> apr\u00e8s environ <strong>6 heures<\/strong>.<\/li>\n<\/ul>\n<h3>Emballage du remplissage Sigma Siloxan<\/h3>\n<p><strong>Sigma Siloxan Filler<\/strong> est disponible dans un <strong>Seau en plastique de 10 litres<\/strong>.<\/p>\n<h3>Durabilit\u00e9 du comblement Sigma Siloxan<\/h3>\n<p><strong>Sigma Siloxan Filler<\/strong> A une dur\u00e9e de conservation d\u2019au moins <strong>1 an<\/strong> lorsqu\u2019il est stock\u00e9 \u00e0 sec et dans le contenant d\u2019origine ferm\u00e9, \u00e0 une temp\u00e9rature interm\u00e9diaire <strong>5\u00b0C et 30\u00b0C<\/strong>. Le produit ne doit pas \u00eatre expos\u00e9 directement au soleil.<\/p>\n<h3>Le retour du filler Sigma Siloxan<\/h3>\n<p>L\u2019efficacit\u00e9 de <strong>Sigma Siloxan Filler<\/strong> Cela d\u00e9pend de la nature et de la structure du sous-sol. La consommation est d\u2019environ <strong>200-400 ml\/m\u00b2<\/strong>, ce qui \u00e9quivaut \u00e0 un retour th\u00e9orique de <strong>2,5-5 m\u00b2\/l<\/strong>.<\/p>\n<h3>Profitez des offres pour le remplissage Sigma Siloxan<\/h3>\n<p>Op <strong>Paintstore.be<\/strong> vous pouvez <strong>Sigma Siloxan Filler<\/strong> Achetez \u00e0 des prix comp\u00e9titifs. Il vous suffit de commander en ligne et de profiter de notre livraison rapide et de notre excellent service client.<\/p>\n<h3>Pourquoi acheter le remplissage Sigma Siloxan chez Paintstore.be ?<\/h3>\n<p>Au <strong>Paintstore.be<\/strong>  Nous proposons non seulement des produits de qualit\u00e9, mais aussi des conseils d\u2019experts pour tous vos projets de peinture. Commandez rapidement en ligne et profitez de notre livraison rapide et de notre excellent service client !<\/p>\n<\/section>\n<\/details>\n<p><a href=\"https:\/\/paintstore.be\/wp-content\/uploads\/2025\/10\/Sigma-Siloxan-Filler-technische-fiche.pdf\" title=\"Fiche technique\" target=\"_blank\" rel=\"noopener\">Cliquez ici pour t\u00e9l\u00e9charger la fiche technique<\/a><\/p>","protected":false},"excerpt":{"rendered":"<p>Waarom kiezen voor Sigma Siloxan Filler ? Sigma Siloxan Filler is een watergedragen, vullende grond- en tussenlaag op basis van siliconenhars-emulsie, die speciaal is ontwikkeld voor gebruik in Sigma Siloxan gevelsystemen. Deze vuller is ideaal voor het camoufleren van gestructureerde minerale ondergronden zoals baksteen, kalkzandsteen en cementgebonden pleisters. Sigma Siloxan Filler biedt uitstekende hechtingseigenschappen en [&hellip;]<\/p>\n","protected":false},"featured_media":939,"comment_status":"open","ping_status":"closed","template":"","meta":[],"product_brand":[90],"product_cat":[127,141,53],"product_tag":[],"class_list":{"0":"post-779","1":"product","2":"type-product","3":"status-publish","4":"has-post-thumbnail","6":"product_brand-sigma-coatings","7":"product_cat-verf-muurverf-buiten-buitenmuur-verf","8":"product_cat-verf-muurverf-buiten-minerale-verf","9":"product_cat-muurverf-buiten","10":"pa_basis-waterbasis","11":"pa_binnen-buiten-buiten","12":"pa_eigenschappen-uitstekende-hechting","13":"pa_glansgraad-mat","14":"pa_inhoud-10l","15":"pa_kleur-gekleurd","16":"pa_kleur-wit","17":"pa_merk-sigma-coatings","18":"pa_ondergrond-oude-verflagen","19":"pa_overschilderbaar-vanaf-12-uur","20":"pa_upc-685","22":"first","23":"instock","24":"shipping-taxable","25":"product-type-variable"},"_links":{"self":[{"href":"https:\/\/medv-design.org\/fr\/wp-json\/wp\/v2\/product\/779","targetHints":{"allow":["GET"]}}],"collection":[{"href":"https:\/\/medv-design.org\/fr\/wp-json\/wp\/v2\/product"}],"about":[{"href":"https:\/\/medv-design.org\/fr\/wp-json\/wp\/v2\/types\/product"}],"replies":[{"embeddable":true,"href":"https:\/\/medv-design.org\/fr\/wp-json\/wp\/v2\/comments?post=779"}],"wp:featuredmedia":[{"embeddable":true,"href":"https:\/\/medv-design.org\/fr\/wp-json\/wp\/v2\/media\/939"}],"wp:attachment":[{"href":"https:\/\/medv-design.org\/fr\/wp-json\/wp\/v2\/media?parent=779"}],"wp:term":[{"taxonomy":"product_brand","embeddable":true,"href":"https:\/\/medv-design.org\/fr\/wp-json\/wp\/v2\/product_brand?post=779"},{"taxonomy":"product_cat","embeddable":true,"href":"https:\/\/medv-design.org\/fr\/wp-json\/wp\/v2\/product_cat?post=779"},{"taxonomy":"product_tag","embeddable":true,"href":"https:\/\/medv-design.org\/fr\/wp-json\/wp\/v2\/product_tag?post=779"}],"curies":[{"name":"wp","href":"https:\/\/api.w.org\/{rel}","templated":true}]}}