{"id":778,"date":"2025-12-08T20:01:03","date_gmt":"2025-12-08T20:01:03","guid":{"rendered":"https:\/\/medv-design.org\/product\/sigma-silicat-matt\/"},"modified":"2026-02-07T15:43:01","modified_gmt":"2026-02-07T15:43:01","slug":"sigma-silicat-matt","status":"publish","type":"product","link":"https:\/\/medv-design.org\/fr\/produit\/sigma-silicat-matt\/","title":{"rendered":"Sigma Silicat Matt"},"content":{"rendered":"<p><a href=\"https:\/\/paintstore.be\/kleuren\/\" target=\"_blank\" rel=\"noopener\">Voir les diff\u00e9rentes cartes de couleurs ici<\/a><\/p>\n<h3>Pourquoi choisir Sigma Silicate Matt ?<\/h3>\n<p><strong>Sigma Silicat Matt<\/strong> est une peinture de fa\u00e7ade de haute qualit\u00e9 \u00e0 base d\u2019eau \u00e0 base de sol-silicate, adapt\u00e9e aussi bien aux applications int\u00e9rieures qu\u2019ext\u00e9rieures. Cette peinture offre une excellente perm\u00e9abilit\u00e9 \u00e0 la vapeur d\u2019eau et est id\u00e9ale pour la finition de b\u00e2timents anciens et repr\u00e9sentatifs, ainsi que pour les b\u00e2timents r\u00e9sidentiels et industriels o\u00f9 une haute perm\u00e9abilit\u00e9 \u00e0 la vapeur d\u2019eau est souhait\u00e9e. Il convient particuli\u00e8rement aux fa\u00e7ades de b\u00e2timents class\u00e9s et aux substrats min\u00e9raux tels que la brique, la brique de chaux et de sable et les enduitures \u00e0 base de ciment.<\/p>\n<h4>Principaux avantages :<\/h4>\n<ul>\n<li><strong>Se silifique insoluble avec le substrat<\/strong>: La peinture adh\u00e8re fermement sans besoin d\u2019une surface silicifi\u00e9e.<\/li>\n<li><strong>Haute perm\u00e9abilit\u00e9 \u00e0 la vapeur d\u2019eau<\/strong>: Classe <strong>V1<\/strong> Selon <strong>EN 1062-2<\/strong>, ce qui contribue \u00e0 la respirabilit\u00e9 du b\u00e2timent.<\/li>\n<li><strong>Excellente imperm\u00e9abilit\u00e9 \u00e0 la pluie<\/strong>: Classe <strong>W2<\/strong> Selon <strong>EN 1062-3<\/strong>, offre une protection contre la pluie et l\u2019humidit\u00e9.<\/li>\n<li><strong>Apparence min\u00e9rale<\/strong>: Offre une finition authentique et mate qui s\u2019harmonise bien avec des b\u00e2timents historiques et repr\u00e9sentatifs.<\/li>\n<li><strong>Qualit\u00e9 de l\u2019air int\u00e9rieur A+<\/strong>: Conforme \u00e0 la l\u00e9gislation fran\u00e7aise sur la qualit\u00e9 de l\u2019air int\u00e9rieur.<\/li>\n<li><strong>Contient moins de 5 % de composants organiques<\/strong>: Adapt\u00e9 aux b\u00e2timents et monuments historiques.<\/li>\n<li><strong>Faible adh\u00e9rence \u00e0 la terre<\/strong>: Plus facile \u00e0 entretenir gr\u00e2ce \u00e0 une moindre absorption de salet\u00e9.<\/li>\n<li><strong>Diminution de la croissance des micro-organismes<\/strong>: Limite la croissance de moisissures et d\u2019algues.<\/li>\n<li><strong>Excellente r\u00e9sistance aux UV<\/strong>: La peinture conserve sa couleur et ses propri\u00e9t\u00e9s m\u00eame sous exposition au soleil.<\/li>\n<\/ul>\n<h3><strong>Efficacit\u00e9<\/strong><\/h3>\n<p>Le retour pratique de <strong>Sigma Silicat Matt<\/strong> se situe entre <strong>6 et 9 m\u00b2 par litre<\/strong>, selon le substrat, la m\u00e9thode d\u2019application et les facteurs environnementaux.<\/p>\n<details>\n<summary>Plus d'informations<br \/><\/summary>\n<section>\n<h3><strong>Couleur et brillance<\/strong><\/h3>\n<p><strong>Sigma Silicat Matt<\/strong> est disponible en blanc et en couleurs chez le <strong>Fa\u00e7ade Sigma Siloxan<\/strong>  Fan. En raison de la nature min\u00e9rale de la peinture, la d\u00e9coloration n\u2019est possible qu\u2019avec des pigments min\u00e9raux. Des diff\u00e9rences de couleur et des taches peuvent survenir, ce qui est normal pour ce type de peinture min\u00e9rale, sans d\u00e9fauts techniques.<\/p>\n<ul>\n<li><strong>Couleur<\/strong>: Blanc et couleurs selon le ventilateur Sigma Fa\u00e7ade Siloxan.<\/li>\n<li><strong>Brille<\/strong>: Finition mate.<\/li>\n<li><strong>Note<\/strong>: Pour les syst\u00e8mes d\u2019isolation des murs ext\u00e9rieurs, il est important de choisir des couleurs avec une valeur de r\u00e9flectance de 20 % ou plus.<\/li>\n<\/ul>\n<h3><strong>Volumes disponibles de Sigma Silicat Matt<\/strong><\/h3>\n<p>Sigma Silicate Matt est disponible dans les volumes suivants :<\/p>\n<ul>\n<li><strong>2,5 litres<\/strong>: Adapt\u00e9 aux projets de taille moyenne ou \u00e0 plusieurs pi\u00e8ces.<\/li>\n<li><strong>10 litres<\/strong>: Id\u00e9al pour des projets plus importants ou un usage professionnel.<\/li>\n<\/ul>\n<h3><strong>Comment utiliser le mat Silicat Sigma ?<\/strong><\/h3>\n<p>Le matelot silicat\u00e9 Sigma peut \u00eatre appliqu\u00e9 avec un rouleau, un pinceau ou un pulv\u00e9risateur, selon la taille et la complexit\u00e9 de la surface. Il convient aux fa\u00e7ades de substrats min\u00e9raux tels que la brique, la brique de chaux et de sable et les enduitures \u00e0 base de ciment. Id\u00e9al \u00e9galement pour l\u2019entretien des syst\u00e8mes de finition existants \u00e0 base de dispersion silicate et de r\u00e9sine.<\/p>\n<h3><strong>De combien de mat Sigma Silicat ai-je besoin ?<\/strong><\/h3>\n<p>Avec un retour de <strong>6 \u00e0 9 m\u00b2 par litre<\/strong> Vous pouvez facilement calculer la quantit\u00e9 de peinture n\u00e9cessaire :<\/p>\n<ul>\n<li><strong>2,5 litres<\/strong>: Couvre approximativement <strong>15-22,5 m\u00b2<\/strong>, adapt\u00e9 aux projets de taille moyenne ou \u00e0 plusieurs pi\u00e8ces.<\/li>\n<li><strong>10 litres<\/strong>: Couvre approximativement <strong>60-90 m\u00b2<\/strong>, id\u00e9al pour les grandes fa\u00e7ades ou les applications professionnelles.<\/li>\n<\/ul>\n<h3><strong>Temps de s\u00e9chage du mat Sigma Silicat<\/strong><\/h3>\n<p>La peinture est s\u00e8che \u00e0 la poussi\u00e8re apr\u00e8s environ <strong>4 heures<\/strong> et peut \u00eatre repeint apr\u00e8s <strong>8 heures<\/strong>, selon l\u2019\u00e9paisseur de la couche, la temp\u00e9rature et l\u2019humidit\u00e9 de la pi\u00e8ce.<\/p>\n<h3><strong>Profitez de nos offres Sigma Silicat Matt<\/strong><\/h3>\n<p>Gr\u00e2ce \u00e0 nos prix comp\u00e9titifs, vous pouvez b\u00e9n\u00e9ficier d\u2019une peinture de fa\u00e7ade de haute qualit\u00e9 \u00e0 un prix attractif.<\/p>\n<h3><strong>Pourquoi acheter du mateau Sigma Silicat chez Paintstore.be ?<\/strong><\/h3>\n<p>Au <strong>Paintstore.be<\/strong>  Vous \u00eates assur\u00e9 d\u2019une livraison rapide, de la satisfaction client et d\u2019un service fiable. Notre \u00e9quipe experte est toujours pr\u00eate \u00e0 vous conseiller et \u00e0 vous aider \u00e0 trouver la peinture adapt\u00e9e \u00e0 votre projet.<\/p>\n<\/section>\n<\/details>\n<p><a href=\"https:\/\/sigmatech.be\/download?kind=default&#038;file=\/assets_be\/TF\/NL\/Sigma\/Sigma%20Silicat%20Matt_TF_NL_9436BE.pdf\" title=\"Fiche technique\" target=\"_blank\" rel=\"noopener\"><br \/><\/a><\/p>\n<p><a href=\"https:\/\/paintstore.be\/wp-content\/uploads\/2025\/10\/Sigma-Silicat-Matt-technische-fiche.pdf\" title=\"Fiche technique\" target=\"_blank\" rel=\"noopener\">Cliquez ici pour t\u00e9l\u00e9charger la fiche technique<\/a><\/p>","protected":false},"excerpt":{"rendered":"<p>Bekijk hier de verschillende kleurenkaarten Waarom kiezen voor Sigma Silicat Matt? Sigma Silicat Matt is een hoogwaardige watergedragen gevelverf op basis van sol-silicaat, geschikt voor zowel binnen- als buitentoepassingen. Deze verf biedt uitstekende waterdampdoorlatendheid en is ideaal voor de afwerking van oude en representatieve bouwwerken, evenals voor woon- en industri\u00eble gebouwen waar een hoge waterdampdoorlaatbaarheid [&hellip;]<\/p>\n","protected":false},"featured_media":920,"comment_status":"open","ping_status":"closed","template":"","meta":[],"product_brand":[90],"product_cat":[127,141,53],"product_tag":[],"class_list":{"0":"post-778","1":"product","2":"type-product","3":"status-publish","4":"has-post-thumbnail","6":"product_brand-sigma-coatings","7":"product_cat-verf-muurverf-buiten-buitenmuur-verf","8":"product_cat-verf-muurverf-buiten-minerale-verf","9":"product_cat-muurverf-buiten","10":"pa_basis-waterbasis","11":"pa_binnen-buiten-binnen","12":"pa_certificering-a-binnenluchtkwaliteit","13":"pa_eigenschappen-vuilafstotend","14":"pa_glansgraad-mat","15":"pa_inhoud-10l","16":"pa_inhoud-2-5l","17":"pa_kleur-gekleurd","18":"pa_kleur-wit","19":"pa_merk-sigma-coatings","20":"pa_ondergrond-muren-plafonds","21":"pa_overschilderbaar-vanaf-8-uur","22":"pa_upc-662","24":"first","25":"instock","26":"shipping-taxable","27":"purchasable","28":"product-type-variable"},"_links":{"self":[{"href":"https:\/\/medv-design.org\/fr\/wp-json\/wp\/v2\/product\/778","targetHints":{"allow":["GET"]}}],"collection":[{"href":"https:\/\/medv-design.org\/fr\/wp-json\/wp\/v2\/product"}],"about":[{"href":"https:\/\/medv-design.org\/fr\/wp-json\/wp\/v2\/types\/product"}],"replies":[{"embeddable":true,"href":"https:\/\/medv-design.org\/fr\/wp-json\/wp\/v2\/comments?post=778"}],"wp:featuredmedia":[{"embeddable":true,"href":"https:\/\/medv-design.org\/fr\/wp-json\/wp\/v2\/media\/920"}],"wp:attachment":[{"href":"https:\/\/medv-design.org\/fr\/wp-json\/wp\/v2\/media?parent=778"}],"wp:term":[{"taxonomy":"product_brand","embeddable":true,"href":"https:\/\/medv-design.org\/fr\/wp-json\/wp\/v2\/product_brand?post=778"},{"taxonomy":"product_cat","embeddable":true,"href":"https:\/\/medv-design.org\/fr\/wp-json\/wp\/v2\/product_cat?post=778"},{"taxonomy":"product_tag","embeddable":true,"href":"https:\/\/medv-design.org\/fr\/wp-json\/wp\/v2\/product_tag?post=778"}],"curies":[{"name":"wp","href":"https:\/\/api.w.org\/{rel}","templated":true}]}}