{"id":777,"date":"2025-12-08T20:01:03","date_gmt":"2025-12-08T20:01:03","guid":{"rendered":"https:\/\/medv-design.org\/product\/sigma-silicat-fix-aqua\/"},"modified":"2026-02-07T15:43:05","modified_gmt":"2026-02-07T15:43:05","slug":"sigma-silicat-fix-aqua","status":"publish","type":"product","link":"https:\/\/medv-design.org\/fr\/produit\/sigma-silicat-fix-aqua\/","title":{"rendered":"Sigma Silicat Fix Aqua"},"content":{"rendered":"<h3>Pourquoi choisir Sigma Silicate Fix Aqua ?<\/h3>\n<p><strong>Sigma Silicat Fix Aqua<\/strong> est un fixateur \u00e0 base d\u2019eau \u00e0 base de sol-silicate, sp\u00e9cialement d\u00e9velopp\u00e9 pour un usage ext\u00e9rieur. Il est utilis\u00e9 pour fixer des substrats min\u00e9raux tr\u00e8s absorbants ou irr\u00e9guli\u00e8rement et l\u00e9g\u00e8rement poudreux. Ce produit est parfait pour traiter les syst\u00e8mes de finition existants \u00e0 base de silicate et de dispersion de r\u00e9sine synth\u00e9tique en poudre l\u00e9g\u00e8re et\/ou absorbante.<\/p>\n<h3>Caract\u00e9ristiques cl\u00e9s de Sigma Silicat Fix Aqua<\/h3>\n<ul>\n<li><strong>Puissance de p\u00e9n\u00e9tration \u00e9lev\u00e9e<\/strong> : Renforce efficacement le substrat pour une meilleure adh\u00e9rence.<\/li>\n<li><strong>Silicifi\u00e9<\/strong> : Le produit forme des liaisons insolubles avec le substrat. Cependant, une surface silicifi\u00e9e n\u2019est pas requise pour l\u2019application.<\/li>\n<li><strong>Haute perm\u00e9abilit\u00e9 \u00e0 la vapeur d\u2019eau<\/strong> : Laisser le substrat respirer, ce qui est important pour une paroi saine.<\/li>\n<li><strong>Pas de formation de film<\/strong> : Pr\u00e9serve les propri\u00e9t\u00e9s naturelles de la surface.<\/li>\n<li><strong>Excellente adh\u00e9rence<\/strong> : Assure une connexion ferme au substrat, ce qui permet \u00e0 la finition d\u2019adh\u00e9rer mieux.<\/li>\n<li><strong>Nivelle l\u2019aspiration<\/strong> : Assure une absorption uniforme de la peinture, ce qui donne un r\u00e9sultat final plus beau.<\/li>\n<li><strong>Insolvable<\/strong> : Donne une finition durable et durable.<\/li>\n<\/ul>\n<h3>De combien de Sigma Silicate Fix Aqua dois-je avoir besoin ?<\/h3>\n<p>Le <strong>Rendement pratique<\/strong> de <strong>Sigma Silicat Fix Aqua<\/strong> est entre les <strong>5 et 8 m\u00b2 par litre<\/strong>, selon la nature du substrat, la m\u00e9thode d\u2019application et les conditions environnementales.<\/p>\n<details>\n<summary>Plus d'informations<\/summary>\n<section>\n<p>Entrez la description du bloc. Le texte de la description est cach\u00e9 sous le titre pour \u00e9conomiser de l\u2019espace et faciliter la consultation de la page produit. Pour lire le texte, vos clients doivent d\u00e9plier le bloc effondr\u00e9.<\/p>\n<\/section>\n<\/details>\n<h3>Sigma Silicat Fix Aqua en couleur<\/h3>\n<p><strong>Sigma Silicat Fix Aqua<\/strong> is <strong>Incolore<\/strong>, de sorte qu\u2019elle n\u2019affecte pas la couleur existante du substrat et se pr\u00eate bien aussi bien aux substrats clairs qu\u2019\u00e0 fonc\u00e9s.<\/p>\n<h3>Disponibilit\u00e9 du Sigma Silicat Fix Aqua<\/h3>\n<p><strong>Sigma Silicat Fix Aqua<\/strong> est disponible en <strong>5 litres.<\/strong><\/p>\n<h3>Profitez des offres sur Sigma Silicat Fix Aqua<\/h3>\n<p>Ordre <strong>Sigma Silicat Fix Aqua<\/strong> aujourd\u2019hui \u00e0 <strong>Paintstore.be<\/strong> et b\u00e9n\u00e9ficient de prix comp\u00e9titifs et d\u2019une livraison rapide.<\/p>\n<h3>Pourquoi acheter le Sigma Silicat Fix Aqua chez Paintstore.be ?<\/h3>\n<p>Au <strong>Paintstore.be<\/strong> Nous proposons des produits de la plus haute qualit\u00e9 et un excellent service client. Ordre <strong>Sigma Silicat Fix Aqua<\/strong> Avec nous et offrez une surface solide et fiable pour tous vos projets de peinture ext\u00e9rieure !<\/p>\n<p><a href=\"https:\/\/paintstore.be\/wp-content\/uploads\/2025\/10\/sigma-silicat-fix-aqua-primer-technische-fiche.pdf\" target=\"_blank\" rel=\"noopener\">Cliquez ici pour t\u00e9l\u00e9charger la fiche technique<\/a><\/p>","protected":false},"excerpt":{"rendered":"<p>Waarom kiezen voor Sigma Silicat Fix Aqua? Sigma Silicat Fix Aqua is een watergedragen fixeermiddel op basis van sol-silicaat, speciaal ontwikkeld voor buitengebruik. Het wordt gebruikt om sterk of onregelmatig zuigende en licht poederende minerale ondergronden te fixeren. Dit product is perfect voor het behandelen van bestaande licht poederende en\/of zuigende afwerkingssystemen op basis van [&hellip;]<\/p>\n","protected":false},"featured_media":1039,"comment_status":"open","ping_status":"closed","template":"","meta":[],"product_brand":[90],"product_cat":[130,47,131],"product_tag":[],"class_list":{"0":"post-777","1":"product","2":"type-product","3":"status-publish","4":"has-post-thumbnail","6":"product_brand-sigma-coatings","7":"product_cat-verf-grondverf-primers-fixeermiddelen","8":"product_cat-grondverf-primers","9":"product_cat-verf-grondverf-primers-primer-buitenmuren","10":"pa_basis-waterbasis","11":"pa_binnen-buiten-buiten","12":"pa_eigenschappen-zeer-waterdampdoorlatend","13":"pa_glansgraad-mat","14":"pa_inhoud-5l","15":"pa_merk-sigma-coatings","16":"pa_ondergrond-oude-verflagen","17":"pa_overschilderbaar-vanaf-12-uur","18":"pa_upc-659","20":"first","21":"instock","22":"shipping-taxable","23":"product-type-variable"},"_links":{"self":[{"href":"https:\/\/medv-design.org\/fr\/wp-json\/wp\/v2\/product\/777","targetHints":{"allow":["GET"]}}],"collection":[{"href":"https:\/\/medv-design.org\/fr\/wp-json\/wp\/v2\/product"}],"about":[{"href":"https:\/\/medv-design.org\/fr\/wp-json\/wp\/v2\/types\/product"}],"replies":[{"embeddable":true,"href":"https:\/\/medv-design.org\/fr\/wp-json\/wp\/v2\/comments?post=777"}],"wp:featuredmedia":[{"embeddable":true,"href":"https:\/\/medv-design.org\/fr\/wp-json\/wp\/v2\/media\/1039"}],"wp:attachment":[{"href":"https:\/\/medv-design.org\/fr\/wp-json\/wp\/v2\/media?parent=777"}],"wp:term":[{"taxonomy":"product_brand","embeddable":true,"href":"https:\/\/medv-design.org\/fr\/wp-json\/wp\/v2\/product_brand?post=777"},{"taxonomy":"product_cat","embeddable":true,"href":"https:\/\/medv-design.org\/fr\/wp-json\/wp\/v2\/product_cat?post=777"},{"taxonomy":"product_tag","embeddable":true,"href":"https:\/\/medv-design.org\/fr\/wp-json\/wp\/v2\/product_tag?post=777"}],"curies":[{"name":"wp","href":"https:\/\/api.w.org\/{rel}","templated":true}]}}