{"id":776,"date":"2025-12-08T20:01:03","date_gmt":"2025-12-08T20:01:03","guid":{"rendered":"https:\/\/medv-design.org\/product\/sigma-sigmatex-superlatex-matt\/"},"modified":"2026-02-07T15:43:08","modified_gmt":"2026-02-07T15:43:08","slug":"sigma-sigmatex-superlatex-matt","status":"publish","type":"product","link":"https:\/\/medv-design.org\/fr\/produit\/sigma-sigmatex-superlatex-matt\/","title":{"rendered":"Sigma Sigmatex Superlatex Matt"},"content":{"rendered":"<h3>Pourquoi choisir Sigmatex Superlatex Matt ?<\/h3>\n<p>Sigmatex Superlatex Matt est une peinture murale polyvalente et conviviale, adapt\u00e9e \u00e0 la finition des murs int\u00e9rieurs et des plafonds. Cette peinture \u00e0 base de r\u00e9sine synth\u00e9tique \u00e0 dispersion offre une excellente couverture et convient \u00e9galement aux travaux ext\u00e9rieurs abrit\u00e9s. Gr\u00e2ce \u00e0 sa perm\u00e9abilit\u00e9 \u00e0 la vapeur d\u2019eau et \u00e0 sa faible sensibilit\u00e9 \u00e0 la salet\u00e9 et aux taches, cette peinture est id\u00e9ale pour diverses applications, aussi bien en vie que dans les environnements de travail.<\/p>\n<h3>Principaux avantages :<\/h3>\n<ul>\n<li><strong>Universellement applicable<\/strong>: Adapt\u00e9 \u00e0 une utilisation sur divers substrats tels que b\u00e9ton, plaques de pl\u00e2tre, tissu de verre et anciennes couches de peinture ou de pl\u00e2tre bien adh\u00e9rentes.<\/li>\n<li><strong>Facile \u00e0 nettoyer<\/strong>: Facile \u00e0 entretenir, parfait pour les zones n\u00e9cessitant un nettoyage r\u00e9gulier.<\/li>\n<li><strong>Classe de nettoyage 1 (NEN EN 13300)<\/strong>: La peinture est tr\u00e8s r\u00e9sistante au frottement et aux nettoyages intensifs.<\/li>\n<li><strong>Classe de couverture 2<\/strong>: Offre une excellente couverture m\u00eame sur la premi\u00e8re couche.<\/li>\n<li><strong>Tr\u00e8s facile \u00e0 traiter<\/strong>: Que ce soit avec un rouleau, un pinceau ou une pulv\u00e9risation, cette peinture peut \u00eatre appliqu\u00e9e sans effort.<\/li>\n<li><strong>Excellente pulv\u00e9risation<\/strong>: Parfait pour les zones plus vastes ou les applications professionnelles.<\/li>\n<li><strong>Sans solvant et sans \u00e9missions (COV) &lt; 1 g\/l)<\/strong>: Cette peinture contient moins de 1 g\/l de COV, ce qui assure un air int\u00e9rieur plus sain.<\/li>\n<li><strong>Perm\u00e9able \u00e0 la vapeur d'eau<\/strong>: Permet aux murs de respirer et contribue \u00e0 un climat int\u00e9rieur sain.<\/li>\n<li><strong>Ne jaunit pas<\/strong>: La peinture conserve sa couleur m\u00eame apr\u00e8s une utilisation prolong\u00e9e.<\/li>\n<li><strong>Certifi\u00e9 : Dubokeur et rencontre classe de tir B-s1, d0<\/strong>: Il offre \u00e0 la fois la s\u00e9curit\u00e9 incendie et les normes de qualit\u00e9 les plus \u00e9lev\u00e9es.<\/li>\n<\/ul>\n<h3>Efficacit\u00e9<\/h3>\n<p>L\u2019efficacit\u00e9 pratique du Sigmatex Superlatex Matt se situe entre les <strong>7 et 10 m\u00b2 par litre<\/strong>, selon le substrat, la m\u00e9thode d\u2019application et les facteurs environnementaux.<\/p>\n<details>\n<summary>Plus d'informations<\/summary>\n<section>\n<h3>Sigmatex Superlatex Matt en couleur<\/h3>\n<p>Le Sigmatex Superlatex Matt est disponible en blanc et dans presque toutes les autres couleurs. La peinture a une finition mate (environ 1,9 GU) et offre un aspect \u00e9l\u00e9gant et professionnel. De l\u00e9g\u00e8res variations de couleur par rapport aux ventilateurs peuvent survenir.<\/p>\n<p><strong>RAL 9010 (blanc pur)<\/strong> en <strong>RAL 9016 (blanc trafic)<\/strong> On peut aussi m\u00e9langer pour un large \u00e9ventail de possibilit\u00e9s, parfait pour s\u2019harmoniser avec votre int\u00e9rieur.<\/p>\n<h3>Comment utiliser le mat Sigmatex Superlatex :<\/h3>\n<p>Utilisez un rouleau de haute qualit\u00e9 pour les grandes surfaces et un pinceau pour les coins et les bords. La peinture convient \u00e0 une large gamme de substrats, tels que le pl\u00e2tre, le pl\u00e2tre, la ma\u00e7onnerie, le b\u00e9ton, le tissu en verre, la toison de verre et les couches de peinture anciennes bien adh\u00e9rentes. Il est parfait aussi bien pour les espaces r\u00e9sidentiels que pour les applications commerciales.<\/p>\n<h3>De combien de Sigmatex Superlatex Matt ai-je besoin ?<\/h3>\n<p>Avec un retour de <strong>7 \u00e0 10 m\u00b2 par litre<\/strong> Vous pouvez facilement calculer la quantit\u00e9 de peinture n\u00e9cessaire :<\/p>\n<ul>\n<li><strong>1 litre<\/strong>: Couvre environ 7 \u00e0 10 m\u00b2, id\u00e9al pour des surfaces plus petites ou pour tester la peinture.<\/li>\n<li><strong>2,5 litres<\/strong>: Couvre environ 17,5 \u00e0 25 m\u00b2, adapt\u00e9 \u00e0 des projets de taille moyenne ou \u00e0 plusieurs pi\u00e8ces.<\/li>\n<li><strong>5 litres<\/strong>: Couvre environ 35 \u00e0 50 m\u00b2, parfait pour des espaces plus vastes ou pour des applications commerciales.<\/li>\n<li><strong>10 litres<\/strong>: Couvre environ 70 \u00e0 100 m\u00b2, id\u00e9al pour des projets plus importants ou un usage professionnel.<\/li>\n<\/ul>\n<h3>Volumes disponibles de Sigmatex Superlatex Matt<\/h3>\n<p>Sigmatex Superlatex Matt est disponible dans les volumes suivants :<\/p>\n<ul>\n<li><strong>1 litre<\/strong>: Id\u00e9al pour des projets plus petits ou des peintures test.<\/li>\n<li><strong>2,5 litres<\/strong>: Adapt\u00e9 aux projets de taille moyenne.<\/li>\n<li><strong>5 litres<\/strong>: Parfait pour des applications plus larges.<\/li>\n<li><strong>10 litres<\/strong>: Id\u00e9al pour un usage professionnel ou pour des espaces plus grands.<\/li>\n<\/ul>\n<h3>Temps de s\u00e9chage du mat Sigmatex Superlatex<\/h3>\n<p>La peinture est <strong>S\u00e8che comme la poussi\u00e8re<\/strong> apr\u00e8s environ <strong>1 heure<\/strong> en <strong>A peindre<\/strong> na <strong>4 heures<\/strong>, selon l\u2019\u00e9paisseur de la couche, la temp\u00e9rature et l\u2019humidit\u00e9 de la pi\u00e8ce.<\/p>\n<h3>Profitez de nos offres Sigmatex Superlatex Matt<\/h3>\n<p>Avec nos prix comp\u00e9titifs, vous pouvez b\u00e9n\u00e9ficier de peintures murales de haute qualit\u00e9 \u00e0 un prix attractif.<\/p>\n<h3>Pourquoi acheter du Sigmatex Superlatex Matt chez Paintstore.be ?<\/h3>\n<p>Au <strong>Paintstore.be<\/strong> Vous \u00eates assur\u00e9 d\u2019une livraison rapide, de la satisfaction client et d\u2019un service fiable. Notre \u00e9quipe experte est toujours pr\u00eate \u00e0 vous conseiller et \u00e0 vous aider \u00e0 trouver la peinture adapt\u00e9e \u00e0 votre projet.<\/p>\n<\/section>\n<\/details>\n<p><a href=\"https:\/\/paintstore.be\/wp-content\/uploads\/2025\/10\/Sigma-Sigmatex-Superlatex-Matt-technische-fiche.pdf\" target=\"_blank\" rel=\"noopener\">Cliquez ici pour t\u00e9l\u00e9charger la fiche technique &gt;&gt;<br \/><\/a><\/p>","protected":false},"excerpt":{"rendered":"<p>Waarom kiezen voor Sigmatex Superlatex Matt? Sigmatex Superlatex Matt is een veelzijdige en gebruiksvriendelijke muurverf die geschikt is voor het afwerken van binnenwanden en plafonds. Deze verf op basis van kunstharsdispersie biedt uitstekende dekking en is ook geschikt voor beschut buitenwerk. Dankzij zijn waterdampdoorlatende eigenschappen en de lage gevoeligheid voor vuil en vlekken, is deze [&hellip;]<\/p>\n","protected":false},"featured_media":1041,"comment_status":"open","ping_status":"closed","template":"","meta":[],"product_brand":[90],"product_cat":[53,116,138],"product_tag":[],"class_list":{"0":"post-776","1":"product","2":"type-product","3":"status-publish","4":"has-post-thumbnail","6":"product_brand-sigma-coatings","7":"product_cat-muurverf-buiten","8":"product_cat-verf-muurverf-binnen-plafondverf","9":"product_cat-verf-muurverf-binnen-reinigbare-verf","10":"pa_basis-waterbasis","11":"pa_binnen-buiten-binnen","12":"pa_certificering-dubokeur","13":"pa_eigenschappen-universeel-toepasbaar","14":"pa_glansgraad-mat","15":"pa_inhoud-10l","16":"pa_inhoud-1l","17":"pa_inhoud-2-5l","18":"pa_inhoud-5l","19":"pa_kleur-gekleurd","20":"pa_kleur-wit","21":"pa_merk-sigma-coatings","22":"pa_ondergrond-oude-verflagen","23":"pa_overschilderbaar-vanaf-4-uur","24":"pa_upc-666","26":"first","27":"instock","28":"shipping-taxable","29":"purchasable","30":"product-type-variable"},"_links":{"self":[{"href":"https:\/\/medv-design.org\/fr\/wp-json\/wp\/v2\/product\/776","targetHints":{"allow":["GET"]}}],"collection":[{"href":"https:\/\/medv-design.org\/fr\/wp-json\/wp\/v2\/product"}],"about":[{"href":"https:\/\/medv-design.org\/fr\/wp-json\/wp\/v2\/types\/product"}],"replies":[{"embeddable":true,"href":"https:\/\/medv-design.org\/fr\/wp-json\/wp\/v2\/comments?post=776"}],"wp:featuredmedia":[{"embeddable":true,"href":"https:\/\/medv-design.org\/fr\/wp-json\/wp\/v2\/media\/1041"}],"wp:attachment":[{"href":"https:\/\/medv-design.org\/fr\/wp-json\/wp\/v2\/media?parent=776"}],"wp:term":[{"taxonomy":"product_brand","embeddable":true,"href":"https:\/\/medv-design.org\/fr\/wp-json\/wp\/v2\/product_brand?post=776"},{"taxonomy":"product_cat","embeddable":true,"href":"https:\/\/medv-design.org\/fr\/wp-json\/wp\/v2\/product_cat?post=776"},{"taxonomy":"product_tag","embeddable":true,"href":"https:\/\/medv-design.org\/fr\/wp-json\/wp\/v2\/product_tag?post=776"}],"curies":[{"name":"wp","href":"https:\/\/api.w.org\/{rel}","templated":true}]}}