{"id":775,"date":"2025-12-08T20:01:03","date_gmt":"2025-12-08T20:01:03","guid":{"rendered":"https:\/\/medv-design.org\/product\/sigma-sigmaresist-immun-matt\/"},"modified":"2026-02-07T15:43:11","modified_gmt":"2026-02-07T15:43:11","slug":"sigma-sigmaresist-immun-matt","status":"publish","type":"product","link":"https:\/\/medv-design.org\/fr\/produit\/sigma-sigmaresist-immun-matt\/","title":{"rendered":"Sigma Sigmaresist Immun Matt"},"content":{"rendered":"<h3>Pourquoi choisir Sigmaresist Immun Matt ?<\/h3>\n<p>Sigmaresist Immun Matt est une peinture int\u00e9rieure mate tr\u00e8s facile \u00e0 nettoyer qui utilise la technologie \u00e0 ions argent. Gr\u00e2ce \u00e0 son caract\u00e8re hydrophobe et lipophobe, cette peinture offre une excellente protection contre l\u2019humidit\u00e9 et la salet\u00e9. La peinture est totalement sans solvant, sans plastifiant et sans \u00e9missions, ce qui en fait un choix id\u00e9al pour les zones n\u00e9cessitant une hygi\u00e8ne \u00e9lev\u00e9e.<\/p>\n<h3>Principaux avantages :<\/h3>\n<ul>\n<li><strong>R\u00e9pulsif \u00e0 l\u2019eau et \u00e0 la graisse<\/strong>: Minimise l\u2019absorption de salet\u00e9, ce qui rend la peinture id\u00e9ale pour les zones tr\u00e8s fr\u00e9quent\u00e9es.<\/li>\n<li><strong>Excellente facilit\u00e9 de nettoyage<\/strong>: Ne laisse aucune trace de sang, d\u2019iso b\u00e9tadine et d\u2019autres d\u00e9sinfectants, pour un r\u00e9sultat propre et durable.<\/li>\n<li><strong>Faible sensibilit\u00e9 \u00e0 l\u2019\u00e9clat.<\/strong>: Aussi bien humide que sec, la surface reste belle et uniformement mat\u00e9e.<\/li>\n<li><strong>Perm\u00e9able \u00e0 la vapeur d'eau<\/strong>: Aide les murs \u00e0 respirer, contribuant \u00e0 un climat int\u00e9rieur sain.<\/li>\n<li><strong>Tr\u00e8s r\u00e9sistant au frottage apr\u00e8s s\u00e9chage (classe 1, EN13300)<\/strong>: Id\u00e9al pour les zones n\u00e9cessitant un nettoyage intensif.<\/li>\n<li><strong>R\u00e9sistant aux bact\u00e9ries et \u00e0 la plupart des d\u00e9sinfectants<\/strong>: Le film de peinture est durable et hygi\u00e9nique, parfait pour les h\u00f4pitaux et autres \u00e9tablissements de sant\u00e9.<\/li>\n<li><strong>Convivial comme couche de base et finale<\/strong>: La peinture peut \u00eatre utilis\u00e9e \u00e0 la fois comme appr\u00eat et comme couche de finition.<\/li>\n<li><strong>Sans solvants ni plastifiants<\/strong>: Contient moins de 1 g\/l de COV, ce qui garantit un air int\u00e9rieur plus sain.<\/li>\n<\/ul>\n<h3>Efficacit\u00e9<\/h3>\n<p>Le rendement pratique du Sigmaresist Immun Matt se situe entre 9 et 11 m\u00b2 par litre, selon le substrat, la m\u00e9thode d\u2019application et les facteurs environnementaux.<\/p>\n<details>\n<summary>Plus d'informations<\/summary>\n<section>\n<h3>Sigmaresist Immun Matt par m\u00e9lange de couleur<\/h3>\n<p>Sigmaresist Immun Matt est disponible en blanc et en couleurs claires, y compris les populaires couleurs RAL 9010 (blanc pur) et RAL 9016 (blanc trafic). La peinture offre une finition mate, offrant un aspect \u00e9l\u00e9gant et \u00e9l\u00e9gant qui correspond \u00e0 divers styles int\u00e9rieurs.<\/p>\n<h3>Comment utiliser Sigmaresist Immun Matt :<\/h3>\n<p>Pour de meilleurs r\u00e9sultats, il est recommand\u00e9 d\u2019utiliser un rouleau de haute qualit\u00e9 pour les grandes surfaces et un pinceau pour les coins et les bords.  Cette peinture est extr\u00eamement adapt\u00e9e pour l\u2019utilisation sur le pl\u00e2tre, le pl\u00e2tre, la ma\u00e7onnerie, le b\u00e9ton, le papier peint, les pl\u00e2tres textur\u00e9s, le tissu en verre et les couches de peinture anciennes bien adh\u00e9rentes. Gr\u00e2ce \u00e0 ses propri\u00e9t\u00e9s hydrophobes, cette peinture est id\u00e9ale pour des applications dans les h\u00f4pitaux, les \u00e9coles et les \u00e9tablissements de restauration.<\/p>\n<h3>De combien de Sigmaresist Immun Matt ai-je besoin ?<\/h3>\n<p>Avec un rendement de 9 \u00e0 11 m\u00b2 par litre, vous pouvez facilement calculer la quantit\u00e9 de peinture n\u00e9cessaire :<\/p>\n<ul>\n<li><strong>10 litres<\/strong>: Couvre environ 90 \u00e0 110 m\u00b2, selon le substrat et la m\u00e9thode d\u2019application.<\/li>\n<\/ul>\n<h3>Volumes disponibles de Sigmaresist Immun Matt<\/h3>\n<p>Sigmaresist Immun Matt est disponible dans les volumes suivants :<\/p>\n<ul>\n<li><strong>10 litres<\/strong>: Id\u00e9al pour des projets de plus grande envergure ou des applications commerciales.<\/li>\n<\/ul>\n<h3>Temps de s\u00e9chage du Sigmaresist Immun Matt<\/h3>\n<p>La peinture s\u00e8che en poussi\u00e8re apr\u00e8s environ une heure et peut \u00eatre repeinte apr\u00e8s 4 heures, selon l\u2019\u00e9paisseur de la couche, la temp\u00e9rature et l\u2019humidit\u00e9 de la pi\u00e8ce. Les propri\u00e9t\u00e9s de la peinture sont optimales apr\u00e8s un temps de durcissement d\u2019un mois.<\/p>\n<h3>Profitez de nos offres Sigmaresist Immun Matt<\/h3>\n<p>Gr\u00e2ce \u00e0 nos prix comp\u00e9titifs, vous pouvez acheter Sigmaresist Immun Matt \u00e0 un prix abordable et b\u00e9n\u00e9ficier d\u2019une peinture murale de haute qualit\u00e9.<\/p>\n<h3>Pourquoi acheter Sigmaresist Immun Matt chez Paintstore.be ?<\/h3>\n<p>Avec Paintstore.be vous \u00eates assur\u00e9 d\u2019une livraison rapide, d\u2019une satisfaction client et d\u2019un service fiable. Notre \u00e9quipe experte est toujours pr\u00eate \u00e0 vous conseiller et \u00e0 vous aider \u00e0 trouver la peinture adapt\u00e9e \u00e0 votre projet.<\/p>\n<\/section>\n<\/details>\n<p><a title=\"Sigmaresist Immun\" target=\"_blank\" rel=\"noopener\" href=\"https:\/\/paintstore.be\/wp-content\/uploads\/2025\/10\/Sigma-Sigmaresist-Immun-Matt-Technische-fiche.pdf\">Cliquez ici pour t\u00e9l\u00e9charger la fiche technique<br \/><\/a><\/p>","protected":false},"excerpt":{"rendered":"<p>Waarom kiezen voor Sigmaresist Immun Matt? Sigmaresist Immun Matt is een zeer goed reinigbare, matte binnenmuurverf die gebruikmaakt van zilverionen-technologie. Dankzij het hydrofobe en lipofobe karakter biedt deze verf een uitstekende bescherming tegen vocht en vuil. De verf is volledig oplosmiddel-, weekmakers- en emissievrij, wat het een perfecte keuze maakt voor ruimtes met hoge hygi\u00ebnische [&hellip;]<\/p>\n","protected":false},"featured_media":914,"comment_status":"open","ping_status":"closed","template":"","meta":[],"product_brand":[90],"product_cat":[137,117,116],"product_tag":[],"class_list":{"0":"post-775","1":"product","2":"type-product","3":"status-publish","4":"has-post-thumbnail","6":"product_brand-sigma-coatings","7":"product_cat-verf-muurverf-binnen-badkamer-verf","8":"product_cat-verf-muurverf-binnen-muurverf","9":"product_cat-verf-muurverf-binnen-plafondverf","10":"pa_basis-waterbasis","11":"pa_binnen-buiten-binnen","12":"pa_eigenschappen-waterdampdoorlatend","13":"pa_glansgraad-mat","14":"pa_inhoud-10l","15":"pa_kleur-gekleurd","16":"pa_kleur-wit","17":"pa_merk-sigma-coatings","18":"pa_ondergrond-oude-verflagen","19":"pa_overschilderbaar-vanaf-4-uur","20":"pa_schrobklasse-klasse-1-hoogste-schrobvastheid-2","21":"pa_upc-678","23":"first","24":"instock","25":"shipping-taxable","26":"product-type-variable"},"_links":{"self":[{"href":"https:\/\/medv-design.org\/fr\/wp-json\/wp\/v2\/product\/775","targetHints":{"allow":["GET"]}}],"collection":[{"href":"https:\/\/medv-design.org\/fr\/wp-json\/wp\/v2\/product"}],"about":[{"href":"https:\/\/medv-design.org\/fr\/wp-json\/wp\/v2\/types\/product"}],"replies":[{"embeddable":true,"href":"https:\/\/medv-design.org\/fr\/wp-json\/wp\/v2\/comments?post=775"}],"wp:featuredmedia":[{"embeddable":true,"href":"https:\/\/medv-design.org\/fr\/wp-json\/wp\/v2\/media\/914"}],"wp:attachment":[{"href":"https:\/\/medv-design.org\/fr\/wp-json\/wp\/v2\/media?parent=775"}],"wp:term":[{"taxonomy":"product_brand","embeddable":true,"href":"https:\/\/medv-design.org\/fr\/wp-json\/wp\/v2\/product_brand?post=775"},{"taxonomy":"product_cat","embeddable":true,"href":"https:\/\/medv-design.org\/fr\/wp-json\/wp\/v2\/product_cat?post=775"},{"taxonomy":"product_tag","embeddable":true,"href":"https:\/\/medv-design.org\/fr\/wp-json\/wp\/v2\/product_tag?post=775"}],"curies":[{"name":"wp","href":"https:\/\/api.w.org\/{rel}","templated":true}]}}