{"id":774,"date":"2025-12-08T20:01:03","date_gmt":"2025-12-08T20:01:03","guid":{"rendered":"https:\/\/medv-design.org\/product\/sigma-sigmaresist-fungi-matt\/"},"modified":"2026-02-07T15:43:15","modified_gmt":"2026-02-07T15:43:15","slug":"sigma-sigmaresist-fungi-matt","status":"publish","type":"product","link":"https:\/\/medv-design.org\/fr\/produit\/sigma-sigmaresist-fungi-matt\/","title":{"rendered":"Sigma Sigmaresist Champignons Matt"},"content":{"rendered":"<p><a href=\"https:\/\/paintstore.be\/kleuren\/\" target=\"_blank\" rel=\"noopener\">Voir les diff\u00e9rentes cartes de couleurs ici<\/a><\/p>\n<h3>Pourquoi choisir Sigmaresist Fungi Matt ?<\/h3>\n<p>Sigmaresist Fungi Matt est une peinture d\u2019int\u00e9rieur mate de haute qualit\u00e9, sp\u00e9cialement con\u00e7ue pour prot\u00e9ger les murs et plafonds int\u00e9rieurs contre la moisissure et la prolif\u00e9ration d\u2019algues. Cette peinture est totalement sans solvant, sans plastifiant et sans \u00e9missions, ce qui en fait un choix durable et s\u00fbr pour les zones humides.<\/p>\n<h3>Principaux avantages :<\/h3>\n<ul>\n<li><strong>R\u00e9sistance \u00e0 la moisissure et aux algues<\/strong>: Offre une protection durable contre la moisissure et les algues, id\u00e9ale pour les zones humides telles que les salles de bains, les cuisines et les environnements industriels.<\/li>\n<li><strong>Sans solvant, sans plastifiant et sans \u00e9missions<\/strong>: Exempt de substances nocives (COV &lt; 1g\/l) pour un climat int\u00e9rieur plus sain.<\/li>\n<li><strong>Classe 2 de r\u00e9sistance au frottement (DIN EN 13300)<\/strong>: R\u00e9sistant au nettoyage, adapt\u00e9 aux zones o\u00f9 l\u2019hygi\u00e8ne est importante.<\/li>\n<li><strong>Classe de couverture 1 (DIN EN 13300)<\/strong>: Une couverture \u00e9lev\u00e9e offre une couverture efficace m\u00eame sur des surfaces plus difficiles.<\/li>\n<li><strong>Perm\u00e9able \u00e0 la vapeur d'eau<\/strong>: Permet au mur de respirer et contribue ainsi \u00e0 maintenir le climat int\u00e9rieur sain.<\/li>\n<li><strong>Facile \u00e0 appliquer<\/strong>: Gr\u00e2ce \u00e0 la fluidit\u00e9 du traitement, la peinture peut \u00eatre appliqu\u00e9e rapidement et uniform\u00e9ment.<\/li>\n<\/ul>\n<h3>Efficacit\u00e9<\/h3>\n<p>Le Sigmaresist Fungi Matt offre un rendement pratique de 7 \u00e0 8 m\u00b2 par litre, selon le substrat, la m\u00e9thode d\u2019application et les facteurs environnementaux.<\/p>\n<details>\n<summary>Plus d'informations<\/summary>\n<section>\n<h3>Sigmaresist Fungi Matt en couleur<\/h3>\n<p>Sigmaresist Fungi Matt est disponible en blancs et teintes claires, y compris des choix populaires comme RAL 9010 (Pure White) et RAL 9016 (Traffic White). Gr\u00e2ce au r\u00e9sultat mat, les couleurs prennent leur apparence calmement et styl\u00e9, id\u00e9ales pour un look discret.<\/p>\n<h3>Comment utiliser Sigmaresist Fungi Matt :<\/h3>\n<p>Pour de meilleurs r\u00e9sultats, utilisez un rouleau de qualit\u00e9 pour les surfaces plus grandes et un pinceau pour les coins et les bords. Cette peinture convient aux murs int\u00e9rieurs et aux plafonds de pi\u00e8ces telles que les salles de bains, cuisines, boulangeries et autres endroits \u00e0 forte humidit\u00e9. Il peut \u00eatre utilis\u00e9 sur des surfaces telles que le pl\u00e2tre, le placopl\u00e2tre, la ma\u00e7onnerie, le b\u00e9ton et les anciennes couches de peinture bien adh\u00e9rentes.<\/p>\n<h3>De combien de Sigmaresist Fungi Matt ai-je besoin ?<\/h3>\n<p>Avec un rendement de 7 \u00e0 8 m\u00b2 par litre, vous pouvez facilement calculer la quantit\u00e9 de peinture n\u00e9cessaire :<\/p>\n<ul>\n<li><strong>2,5 litres<\/strong>: Couvre environ 17-20 m\u00b2.<\/li>\n<li><strong>10 litres<\/strong>: Couvre environ 70 \u00e0 80 m\u00b2, selon le substrat.<\/li>\n<\/ul>\n<h3>Volumes disponibles de Sigmaresist Fungi Matt<\/h3>\n<p>Cette peinture est disponible dans les volumes suivants :<\/p>\n<ul>\n<li><strong>2,5 litres<\/strong>: Pour des espaces plus petits comme une salle de bain.<\/li>\n<li><strong>10 litres<\/strong>: Pour de grands projets et des usages industriels.<\/li>\n<\/ul>\n<h3>Temps de s\u00e9chage du Matt du champignon Sigmaresist<\/h3>\n<p>La peinture s\u00e8che apr\u00e8s environ une heure et peut \u00eatre repeinte apr\u00e8s 4 heures, selon la temp\u00e9rature et l\u2019humidit\u00e9.<\/p>\n<h3>Profitez de nos offres de champignons Sigmaresist Matt<\/h3>\n<p>Profitez de r\u00e9ductions attrayantes et profitez du mat Sigmaresist Fungi de haute qualit\u00e9 \u00e0 un prix comp\u00e9titif.<\/p>\n<h3>Pourquoi acheter Sigmaresist Fungi Matt chez Paintstore.be ?<\/h3>\n<p>Chez Paintstore.be, vous pouvez compter sur une livraison rapide et un service fiable. Notre \u00e9quipe d\u2019experts se fera un moment pour vous aider \u00e0 choisir la peinture adapt\u00e9e \u00e0 votre projet.<\/p>\n<\/section>\n<\/details>\n<p><a title=\"Champignons Sigmaresist\" target=\"_blank\" rel=\"noopener\" href=\"https:\/\/paintstore.be\/wp-content\/uploads\/2025\/10\/Sigma-Sigmaresist-Fungi-Matt-technische-fiche.pdf\">Cliquez ici pour t\u00e9l\u00e9charger la fiche technique<\/a><\/p>","protected":false},"excerpt":{"rendered":"<p>Bekijk hier de verschillende kleurenkaarten Waarom kiezen voor Sigmaresist Fungi Matt? Sigmaresist Fungi Matt is een hoogwaardige, matte binnenverf, speciaal ontwikkeld voor het beschermen van binnenmuren en plafonds tegen schimmel- en algengroei. Deze verf is volledig oplosmiddel-, weekmakers- en emissievrij, waardoor het een duurzame en veilige keuze is voor vochtige ruimtes. Belangrijkste voordelen: Schimmel- en [&hellip;]<\/p>\n","protected":false},"featured_media":938,"comment_status":"open","ping_status":"closed","template":"","meta":[],"product_brand":[90],"product_cat":[117,116,31],"product_tag":[],"class_list":{"0":"post-774","1":"product","2":"type-product","3":"status-publish","4":"has-post-thumbnail","6":"product_brand-sigma-coatings","7":"product_cat-verf-muurverf-binnen-muurverf","8":"product_cat-verf-muurverf-binnen-plafondverf","9":"product_cat-verf","10":"pa_basis-waterbasis","11":"pa_binnen-buiten-binnen","12":"pa_eigenschappen-waterdampdoorlatend","13":"pa_glansgraad-mat","14":"pa_inhoud-10l","15":"pa_inhoud-2-5l","16":"pa_kleur-gekleurd","17":"pa_kleur-wit","18":"pa_merk-sigma-coatings","19":"pa_ondergrond-oude-verflagen","20":"pa_overschilderbaar-vanaf-4-uur","21":"pa_schrobklasse-klasse-2-goede-schrobvastheid-2","22":"pa_upc-679","24":"first","25":"instock","26":"shipping-taxable","27":"purchasable","28":"product-type-variable"},"_links":{"self":[{"href":"https:\/\/medv-design.org\/fr\/wp-json\/wp\/v2\/product\/774","targetHints":{"allow":["GET"]}}],"collection":[{"href":"https:\/\/medv-design.org\/fr\/wp-json\/wp\/v2\/product"}],"about":[{"href":"https:\/\/medv-design.org\/fr\/wp-json\/wp\/v2\/types\/product"}],"replies":[{"embeddable":true,"href":"https:\/\/medv-design.org\/fr\/wp-json\/wp\/v2\/comments?post=774"}],"wp:featuredmedia":[{"embeddable":true,"href":"https:\/\/medv-design.org\/fr\/wp-json\/wp\/v2\/media\/938"}],"wp:attachment":[{"href":"https:\/\/medv-design.org\/fr\/wp-json\/wp\/v2\/media?parent=774"}],"wp:term":[{"taxonomy":"product_brand","embeddable":true,"href":"https:\/\/medv-design.org\/fr\/wp-json\/wp\/v2\/product_brand?post=774"},{"taxonomy":"product_cat","embeddable":true,"href":"https:\/\/medv-design.org\/fr\/wp-json\/wp\/v2\/product_cat?post=774"},{"taxonomy":"product_tag","embeddable":true,"href":"https:\/\/medv-design.org\/fr\/wp-json\/wp\/v2\/product_tag?post=774"}],"curies":[{"name":"wp","href":"https:\/\/api.w.org\/{rel}","templated":true}]}}