{"id":773,"date":"2025-12-08T20:01:03","date_gmt":"2025-12-08T20:01:03","guid":{"rendered":"https:\/\/medv-design.org\/product\/sigma-sigmacryl-prim-opaque\/"},"modified":"2026-02-07T15:43:18","modified_gmt":"2026-02-07T15:43:18","slug":"sigma-sigmacryl-prim-opaque","status":"publish","type":"product","link":"https:\/\/medv-design.org\/fr\/produit\/sigma-sigmacryl-prim-opaque\/","title":{"rendered":"Sigma Sigma Sigma Prim Opaque"},"content":{"rendered":"<p><a href=\"https:\/\/paintstore.be\/kleuren\/\" target=\"_blank\" rel=\"noopener\">Voir les diff\u00e9rentes cartes de couleurs ici<\/a><\/p>\n<h3>Pourquoi choisir Sigma Sigmacryl Prim Opaque ?<\/h3>\n<p><strong>Sigma Sigma Sigma Prim Opaque<\/strong> est un appr\u00eat opaque \u00e0 base d\u2019eau pour les murs int\u00e9rieurs qui neutralise l\u2019absorption. Il repose sur une technologie avanc\u00e9e de dispersion acrylique et offre une excellente base pour une finition de haute qualit\u00e9 et opaque. Cet appr\u00eat est id\u00e9al pour le pr\u00e9traitement des murs int\u00e9rieurs et des plafonds de divers substrats, tels que le pl\u00e2tre, le pl\u00e2tre, le b\u00e9ton a\u00e9r\u00e9, la ma\u00e7onnerie et le b\u00e9ton, et convient aussi bien aux surfaces non peintes qu\u2019aux surfaces d\u00e9j\u00e0 peintes.<\/p>\n<h3>Caract\u00e9ristiques cl\u00e9s de Sigma Sigmacryl Prim Opaque<\/h3>\n<ul>\n<li><strong>Couverture \u00e9lev\u00e9e<\/strong> : Offre une excellente couverture et une finition \u00e9l\u00e9gante.<\/li>\n<li><strong>Neutralise les diff\u00e9rences d\u2019absorption<\/strong> : Emp\u00eache la brillance (taches ternes et brillantes) dans la finition.<\/li>\n<li><strong>Augmente le temps d\u2019ouverture de la couche de finition<\/strong> : R\u00e9duit le risque de s\u2019affaissement et de stries.<\/li>\n<li><strong>Tr\u00e8s bon d\u00e9bit<\/strong> : \u00c9value la finition avec un r\u00e9sultat lisse et fluide.<\/li>\n<li><strong>Id\u00e9al pour la construction neuve<\/strong> : Parfait pour de nouveaux murs et plafonds.<\/li>\n<li><strong>Capacit\u00e9 d\u2019isolation<\/strong> : Neutralise les contaminants solubles dans l\u2019eau tels que les d\u00e9p\u00f4ts de fum\u00e9e, la rouille ou les marques de crayon.<\/li>\n<li><strong>A peindre<\/strong> : Adapt\u00e9 aux peintures murales alkydes et \u00e0 dispersion.<\/li>\n<li><strong>Insolvable<\/strong> : Assure une liaison durable sans se dess\u00e9cher ni s\u2019affaiblir.<\/li>\n<li><strong>Excellente efficacit\u00e9<\/strong> : Couverture \u00e9lev\u00e9e par litre, donc vous consommez moins.<\/li>\n<li><strong>Mauvaise odeur<\/strong> : \u00c7a rend le travail avec la peinture plus confortable.<\/li>\n<li><strong>Contient moins de 1 g\/l de COV<\/strong> : \u00c9cologique et convivial.<\/li>\n<\/ul>\n<h3>De combien de Sigma Sigmacryl Prim Opaque dois-je avoir besoin ?<\/h3>\n<p>Le <strong>Rendement pratique<\/strong> de <strong>Sigma Sigma Sigma Prim Opaque<\/strong> se situe entre <strong>9 et 11 m\u00b2 par litre<\/strong>, selon le type de surface, la m\u00e9thode d\u2019application, l\u2019exp\u00e9rience du peintre et les conditions m\u00e9t\u00e9orologiques.<\/p>\n<details>\n<summary>Plus d'informations<\/summary>\n<section>\n<h3>Sigma Sigmacryl Prim Opaque et couleurs m\u00e9lang\u00e9es<\/h3>\n<p><strong>Sigma Sigma Sigma Prim Opaque<\/strong> est disponible dans <strong>Blanc<\/strong> et pratiquement toutes les couleurs de la <strong>Gamme Sigma C21.3<\/strong> et le <strong>PPG Voice of Colour (La voix de la couleur)<\/strong> Collection. Cela signifie que vous pouvez faire m\u00e9langer l\u2019appr\u00eat dans des couleurs qui correspondent \u00e0 votre finition. Il est \u00e9galement disponible dans <strong>RAL 9010<\/strong> (blanc pur) et <strong>RAL 9016<\/strong> (blanc trafic), deux couleurs populaires pour un look neutre et professionnel, id\u00e9ales pour les murs int\u00e9rieurs et les plafonds.<\/p>\n<h3>Disponibilit\u00e9 du Sigma Sigmacryl Prim Opaque<\/h3>\n<p><strong>Sigma Sigma Sigma Prim Opaque<\/strong> est disponible en <strong>1, 2,5, 5 et 10 litres<\/strong>, afin de pouvoir choisir le montant qui convient le mieux \u00e0 votre projet.<\/p>\n<h3>Profitez des offres sur Sigma Sigmacryl Prim Opaque<\/h3>\n<p>Ordre <strong>Sigma Sigma Sigma Prim Opaque<\/strong> Maintenant \u00e0 <strong>Paintstore.be<\/strong> et b\u00e9n\u00e9ficient de prix comp\u00e9titifs et d\u2019une livraison rapide.<\/p>\n<h3>Pourquoi acheter Sigma Sigmacryl Prim Opaque chez Paintstore.be ?<\/h3>\n<p>Au <strong>Paintstore.be<\/strong> Vous pouvez compter sur des produits de qualit\u00e9 et un excellent service client. Ordre <strong>Sigma Sigma Sigma Prim Opaque<\/strong> D\u00e8s aujourd\u2019hui et commencez votre projet de peinture avec la meilleure couche de base !<\/p>\n<\/section>\n<\/details>\n<p><a id=\"p_lt_ctl10_pageplaceholder_p_lt_ctl04_ProductDownloadLinks_lnkTechnicalInfo1\" class=\"pdfK\" data-t=\"engage\" data-d1=\"pdf download\" data-d2=\"https:\/\/sigmatech.be\/download?kind=default&#038;file=\/assets_be\/TF\/NL\/Sigma\/Sigmacryl Prim Opaque_TF_NL_6031BE.pdf\" href=\"https:\/\/paintstore.be\/wp-content\/uploads\/2025\/10\/Sigma-Sigmacryl-Prim-opaque-technische-fiche.pdf\" target=\"_blank\" rel=\"noopener\">Cliquez ici pour t\u00e9l\u00e9charger la fiche technique<br \/><\/a><\/p>","protected":false},"excerpt":{"rendered":"<p>Bekijk hier de verschillende kleurenkaarten Waarom kiezen voor Sigma Sigmacryl Prim Opaque? Sigma Sigmacryl Prim Opaque is een absorptieneutraliserende, dekkende watergedragen grondlaag voor binnenmuren. Het is gebaseerd op een geavanceerde acrylaatdispersietechnologie en biedt een uitstekende basis voor een hoogwaardige en dekkende afwerking. Deze primer is ideaal voor het voorbehandelen van binnenmuren en plafonds van diverse [&hellip;]<\/p>\n","protected":false},"featured_media":986,"comment_status":"open","ping_status":"closed","template":"","meta":[],"product_brand":[90],"product_cat":[47,140,31],"product_tag":[],"class_list":{"0":"post-773","1":"product","2":"type-product","3":"status-publish","4":"has-post-thumbnail","6":"product_brand-sigma-coatings","7":"product_cat-grondverf-primers","8":"product_cat-verf-grondverf-primers-primer-binnenmuren-plafonds","9":"product_cat-verf","10":"pa_basis-waterbasis","11":"pa_binnen-buiten-binnen","12":"pa_eigenschappen-uitstekende-verwerking","13":"pa_glansgraad-mat","14":"pa_inhoud-10l","15":"pa_inhoud-1l","16":"pa_inhoud-2-5l","17":"pa_inhoud-5l","18":"pa_kleur-gekleurd","19":"pa_kleur-wit","20":"pa_merk-sigma-coatings","21":"pa_ondergrond-behang","22":"pa_overschilderbaar-vanaf-4-uur","23":"pa_upc-672","25":"first","26":"instock","27":"shipping-taxable","28":"purchasable","29":"product-type-variable"},"_links":{"self":[{"href":"https:\/\/medv-design.org\/fr\/wp-json\/wp\/v2\/product\/773","targetHints":{"allow":["GET"]}}],"collection":[{"href":"https:\/\/medv-design.org\/fr\/wp-json\/wp\/v2\/product"}],"about":[{"href":"https:\/\/medv-design.org\/fr\/wp-json\/wp\/v2\/types\/product"}],"replies":[{"embeddable":true,"href":"https:\/\/medv-design.org\/fr\/wp-json\/wp\/v2\/comments?post=773"}],"wp:featuredmedia":[{"embeddable":true,"href":"https:\/\/medv-design.org\/fr\/wp-json\/wp\/v2\/media\/986"}],"wp:attachment":[{"href":"https:\/\/medv-design.org\/fr\/wp-json\/wp\/v2\/media?parent=773"}],"wp:term":[{"taxonomy":"product_brand","embeddable":true,"href":"https:\/\/medv-design.org\/fr\/wp-json\/wp\/v2\/product_brand?post=773"},{"taxonomy":"product_cat","embeddable":true,"href":"https:\/\/medv-design.org\/fr\/wp-json\/wp\/v2\/product_cat?post=773"},{"taxonomy":"product_tag","embeddable":true,"href":"https:\/\/medv-design.org\/fr\/wp-json\/wp\/v2\/product_tag?post=773"}],"curies":[{"name":"wp","href":"https:\/\/api.w.org\/{rel}","templated":true}]}}