{"id":772,"date":"2025-12-08T20:01:02","date_gmt":"2025-12-08T20:01:02","guid":{"rendered":"https:\/\/medv-design.org\/product\/sigma-sigmacryl-decor-soft-satin\/"},"modified":"2026-02-07T15:43:21","modified_gmt":"2026-02-07T15:43:21","slug":"sigma-sigmacryl-decor-soft-satin","status":"publish","type":"product","link":"https:\/\/medv-design.org\/fr\/produit\/sigma-sigmacryl-decor-soft-satin\/","title":{"rendered":"Sigma Sigma Sigmacryl Decor Soft Satin"},"content":{"rendered":"<h3><strong>Pourquoi choisir Sigma Sigmacryl Decor Soft Satin ?<\/strong><\/h3>\n<p>Sigma Sigma Sigmacryl Decor Soft Satin est une peinture murale de haute qualit\u00e9, l\u00e9g\u00e8rement satin\u00e9e, destin\u00e9e \u00e0 un usage int\u00e9rieur, bas\u00e9e sur une dispersion acrylique \u00e0 base d\u2019eau. Cette peinture est <strong>Certifi\u00e9 \u00e9colabel<\/strong>, ce qui signifie que c\u2019est un choix \u00e9cologique pour votre d\u00e9coration int\u00e9rieure, sans sacrifier qualit\u00e9 ni performance.<\/p>\n<h3><strong>Principaux avantages :<\/strong><\/h3>\n<ul>\n<li><strong>Inodore, solvant et sans \u00e9missions<\/strong>: Offre une exp\u00e9rience de peinture agr\u00e9able sans odeurs g\u00eanantes et avec un impact minimal sur la qualit\u00e9 de l\u2019air dans votre maison.<\/li>\n<li><strong>Fluide \u00e0 traiter<\/strong>: Facile \u00e0 appliquer, m\u00eame sur de grandes surfaces, pour une finition \u00e9l\u00e9gante.<\/li>\n<li><strong>Puissance de camouflage \u00e9lev\u00e9e<\/strong>: Pour une couverture excellente et durable en une ou deux couches, m\u00eame sur des surfaces difficiles.<\/li>\n<li><strong>Tr\u00e8s r\u00e9sistant au frottage apr\u00e8s s\u00e9chage complet (classe 1, EN 13300)<\/strong>: Id\u00e9al pour les zones tr\u00e8s fr\u00e9quent\u00e9es comme les couloirs et les cuisines, o\u00f9 un niveau de nettoyage \u00e9lev\u00e9 est requis.<\/li>\n<li><strong>Perm\u00e9able \u00e0 la vapeur d'eau<\/strong>: Aide \u00e0 maintenir un climat int\u00e9rieur sain en permettant aux murs de respirer.<\/li>\n<li><strong>Il a un aspect d\u00e9coratif<\/strong>: La peinture offre une belle finition l\u00e9g\u00e8rement soyeuse qui donne \u00e0 l\u2019espace un aspect luxueux.<\/li>\n<li><strong>Contient moins de 1 g\/l de COV<\/strong>: Tr\u00e8s faibles \u00e9missions de substances volatiles pour un climat int\u00e9rieur plus propre et plus sain.<\/li>\n<\/ul>\n<h3><strong>Efficacit\u00e9<\/strong><\/h3>\n<p>Le retour pratique de <strong>Sigma Sigma Sigmacryl Decor Soft Satin<\/strong> is <strong>8 \u2013 9 m\u00b2 par litre<\/strong>, selon le substrat, la m\u00e9thode d\u2019application et les conditions m\u00e9t\u00e9orologiques.<\/p>\n<details>\n<summary>Plus d'informations<\/summary>\n<section>\n<h3><span style=\"font-size: 24px;\"><strong><span style=\"font-size: 20px;\">Sigmacryl Decor Soft Satin par m\u00e9lange de couleurs<\/span><\/strong><\/span><\/h3>\n<p>Le Sigma Sigmacryl Decor Satin peut \u00eatre m\u00e9lang\u00e9 selon vos souhaits sp\u00e9cifiques. Presque toutes les couleurs sont possibles, tant que le code couleur ou le nom est fourni. Les choix populaires incluent <strong>RAL 9010 (blanc pur)<\/strong> en <strong>RAL 9016 (blanc trafic)<\/strong>. La peinture offre un <strong>Brillant satin<\/strong> Finition pour un \u00e9clat subtil qui met en valeur l\u2019int\u00e9rieur.<\/p>\n<h3><strong>Comment utiliser Sigma Sigmacryl Decor Soft Satin\u00a0?<\/strong><\/h3>\n<p>Pour un meilleur r\u00e9sultat, nous recommandons d\u2019utiliser des accessoires de peinture adapt\u00e9s. Utilisez un rouleau en polyamide pour les surfaces plus grandes et un pinceau de qualit\u00e9 pour les coins et les bords. La peinture convient parfaitement \u00e0 la peinture de substrats min\u00e9raux tels que le pl\u00e2tre, la ma\u00e7onnerie, le b\u00e9ton et le rev\u00eatement de ciment, mais aussi pour le pl\u00e2tre, le tissu en verre et les enduits.<\/p>\n<h3><strong>Combien de Sigma Sigma Sigmacryl Decor Soft Satin doux me faut-il ?<\/strong><\/h3>\n<p>Avec un rendement de 8 \u00e0 9 m\u00b2 par litre, vous pouvez facilement calculer la quantit\u00e9 de peinture n\u00e9cessaire :<\/p>\n<ul>\n<li><strong>1 litre<\/strong>: Couvre environ 8 \u00e0 9 m\u00b2, id\u00e9al pour de petits projets ou des pi\u00e8ces d\u2019essai.<\/li>\n<li><strong>2,5 litres<\/strong>: Couvre environ 20 \u00e0 22 m\u00b2.<\/li>\n<li><strong>5 litres<\/strong>: Couvre environ 40 \u00e0 45 m\u00b2.<\/li>\n<li><strong>10 litres<\/strong>: Couvre environ 80 \u00e0 90 m\u00b2, selon le substrat et la m\u00e9thode d\u2019application.<\/li>\n<\/ul>\n<h3><strong>Volumes disponibles de Sigma Sigmacryl Decor Soft Satin<\/strong><\/h3>\n<p>Sigma Sigmacryl Decor Soft Satin est disponible dans les volumes suivants :<\/p>\n<ul>\n<li><strong>1 litre<\/strong>: Adapt\u00e9 aux petites surfaces ou aux pi\u00e8ces d\u2019essai.<\/li>\n<li><strong>2,5 litres<\/strong>: Id\u00e9al pour les petits espaces comme une chambre ou un couloir.<\/li>\n<li><strong>5 litres<\/strong>: Pour des espaces plus vastes, comme un salon ou plusieurs murs.<\/li>\n<li><strong>10 litres<\/strong>: Parfait pour de grands espaces ou pour peindre plusieurs pi\u00e8ces.<\/li>\n<\/ul>\n<h3><strong>Temps de s\u00e9chage de Sigma Sigmacryl Decor Soft Satin<\/strong><\/h3>\n<p>La peinture est <strong>S\u00e8che comme la poussi\u00e8re<\/strong> apr\u00e8s environ <strong>1 heure<\/strong> en <strong>A peindre<\/strong> na <strong>4 heures<\/strong>, selon l\u2019\u00e9paisseur de la couche et la temp\u00e9rature de la pi\u00e8ce.<\/p>\n<h3><strong>Profitez de nos offres Sigma Sigmacryl Decor Soft Satin<\/strong><\/h3>\n<p>Avec des r\u00e9ductions attractives, vous pouvez d\u00e9sormais profiter de prix suppl\u00e9mentaires avantageux pour <strong>Sigma Sigma Sigmacryl Decor Soft Satin<\/strong>. Ainsi, vous pouvez acheter de la peinture de haute qualit\u00e9 \u00e0 un prix encore meilleur.<\/p>\n<h3><strong>Pourquoi acheter Sigma Sigmacryl Decor Soft Satin chez Paintstore.be ?<\/strong><\/h3>\n<p>Avec Paintstore.be vous \u00eates assur\u00e9 <strong>Livraison rapide<\/strong>, <strong>Satisfaction client<\/strong> en <strong>Service fiable<\/strong>.  Notre \u00e9quipe experte est toujours disponible pour vous conseiller et s\u2019assurer que vous choisissez la peinture parfaite pour votre projet.<\/p>\n<\/section>\n<\/details>\n<p><a href=\"https:\/\/paintstore.be\/wp-content\/uploads\/2025\/10\/Sigma-Sigmacryl-Decor-Soft-Satin-Technische-fiche.pdf\" target=\"_blank\" rel=\"noopener\">Cliquez ici pour t\u00e9l\u00e9charger la fiche technique<\/a><\/p>","protected":false},"excerpt":{"rendered":"<p>Waarom kiezen voor Sigma Sigmacryl Decor Soft Satin ? Sigma Sigmacryl Decor Soft Satin is een hoogwaardige, licht zijdeglanzende muurverf voor binnen op basis van watergedragen acrylaatdispersie. Deze verf is Ecolabel-gecertificeerd, wat betekent dat het een milieuvriendelijke keuze is voor je interieur, zonder in te boeten op kwaliteit of prestaties. Belangrijkste voordelen: Reukloos, oplosmiddel- en [&hellip;]<\/p>\n","protected":false},"featured_media":965,"comment_status":"open","ping_status":"closed","template":"","meta":[],"product_brand":[90],"product_cat":[117,125,31],"product_tag":[],"class_list":{"0":"post-772","1":"product","2":"type-product","3":"status-publish","4":"has-post-thumbnail","6":"product_brand-sigma-coatings","7":"product_cat-verf-muurverf-binnen-muurverf","8":"product_cat-verf-muurverf-binnen","9":"product_cat-verf","10":"pa_basis-waterbasis","11":"pa_binnen-buiten-binnen","12":"pa_certificering-ecolabel","13":"pa_eigenschappen-waterdampdoorlatend","14":"pa_glansgraad-semi-mat","15":"pa_inhoud-10l","16":"pa_inhoud-1l","17":"pa_inhoud-2-5l","18":"pa_inhoud-5l","19":"pa_kleur-gekleurd","20":"pa_kleur-wit","21":"pa_merk-sigma-coatings","22":"pa_ondergrond-oude-verflagen","23":"pa_overschilderbaar-vanaf-4-uur","24":"pa_schrobklasse-klasse-1-hoogste-schrobvastheid-2","25":"pa_upc-598","27":"first","28":"instock","29":"shipping-taxable","30":"purchasable","31":"product-type-variable"},"_links":{"self":[{"href":"https:\/\/medv-design.org\/fr\/wp-json\/wp\/v2\/product\/772","targetHints":{"allow":["GET"]}}],"collection":[{"href":"https:\/\/medv-design.org\/fr\/wp-json\/wp\/v2\/product"}],"about":[{"href":"https:\/\/medv-design.org\/fr\/wp-json\/wp\/v2\/types\/product"}],"replies":[{"embeddable":true,"href":"https:\/\/medv-design.org\/fr\/wp-json\/wp\/v2\/comments?post=772"}],"wp:featuredmedia":[{"embeddable":true,"href":"https:\/\/medv-design.org\/fr\/wp-json\/wp\/v2\/media\/965"}],"wp:attachment":[{"href":"https:\/\/medv-design.org\/fr\/wp-json\/wp\/v2\/media?parent=772"}],"wp:term":[{"taxonomy":"product_brand","embeddable":true,"href":"https:\/\/medv-design.org\/fr\/wp-json\/wp\/v2\/product_brand?post=772"},{"taxonomy":"product_cat","embeddable":true,"href":"https:\/\/medv-design.org\/fr\/wp-json\/wp\/v2\/product_cat?post=772"},{"taxonomy":"product_tag","embeddable":true,"href":"https:\/\/medv-design.org\/fr\/wp-json\/wp\/v2\/product_tag?post=772"}],"curies":[{"name":"wp","href":"https:\/\/api.w.org\/{rel}","templated":true}]}}