{"id":771,"date":"2025-12-08T20:01:02","date_gmt":"2025-12-08T20:01:02","guid":{"rendered":"https:\/\/medv-design.org\/product\/sigma-sigmacryl-decor-satin\/"},"modified":"2026-02-07T15:43:25","modified_gmt":"2026-02-07T15:43:25","slug":"sigma-sigmacryl-decor-satin","status":"publish","type":"product","link":"https:\/\/medv-design.org\/fr\/produit\/sigma-sigmacryl-decor-satin\/","title":{"rendered":"Sigma Sigma Sigmaacryl Decor Satin"},"content":{"rendered":"<p><a href=\"https:\/\/paintstore.be\/kleuren\/\" target=\"_blank\" rel=\"noopener\">Voir les diff\u00e9rentes cartes de couleurs ici<br \/><\/a><\/p>\n<h3><strong>Pourquoi choisir Sigma Sigmacryl Decor Satin\u00a0?<\/strong><\/h3>\n<p>Sigma Sigma Sigmacryl Decor Satin est une peinture murale semi-brillante de haute qualit\u00e9 pour int\u00e9rieur, d\u00e9velopp\u00e9e sur la base de la dispersion acrylique. Cette peinture offre une finition propre et esth\u00e9tique aux murs et aux plafonds, et convient \u00e0 une large gamme de substrats, y compris les substrats min\u00e9raux, le pl\u00e2tre et le tissu en verre. De plus, la peinture est certifi\u00e9e avec le <strong>\u00c9colabel europ\u00e9en<\/strong>, ce qui garantit un choix responsable de l\u2019environnement.<\/p>\n<h3><strong>Principaux avantages :<\/strong><\/h3>\n<ul>\n<li><strong>Inodore, solvant et sans \u00e9missions :<\/strong> Offre une exp\u00e9rience de peinture agr\u00e9able sans odeurs g\u00eanantes. Imm\u00e9diatement apr\u00e8s la peinture, les pi\u00e8ces peuvent \u00eatre remis en service.<\/li>\n<li><strong>Tr\u00e8s r\u00e9sistants aux broussailles (classe 1, EN13300) :<\/strong> Pour une durabilit\u00e9 durable et une facilit\u00e9 d\u2019entretien, m\u00eame dans les zones tr\u00e8s fr\u00e9quent\u00e9es.<\/li>\n<li><strong>L\u00e9ger et lisse \u00e0 traiter :<\/strong> La peinture est facile \u00e0 appliquer pour une finition uniforme, m\u00eame sur de grandes surfaces.<\/li>\n<li><strong>Faible stress et microporeux :<\/strong> Cela emp\u00eache les fissures et les d\u00e9chirures, tandis que la peinture permet au mur de \u00ab respirer \u00bb pour un climat int\u00e9rieur plus sain.<\/li>\n<li><strong>Excellente couverture et capacit\u00e9 de remplissage :<\/strong> Id\u00e9al pour obtenir une finition uniforme et opaque, m\u00eame sur des surfaces difficiles.<\/li>\n<li><strong>R\u00e9sistants aux \u00e9claboussures :<\/strong> Cela garantit un espace de travail propre, sans trop de gouttes ni d\u2019\u00e9claboussures.<\/li>\n<li><strong>Contient moins de 1 g\/l de COV :<\/strong> Un choix plus sain pour les espaces int\u00e9rieurs, avec un impact minimal sur la qualit\u00e9 de l\u2019air.<\/li>\n<\/ul>\n<h3><strong>Efficacit\u00e9<\/strong><\/h3>\n<p>Le retour pratique de <strong>Sigma Sigma Sigmaacryl Decor Satin<\/strong> is <strong>8 \u2013 9 m\u00b2 par litre<\/strong>, selon le substrat, la m\u00e9thode d\u2019application et les conditions m\u00e9t\u00e9orologiques.<\/p>\n<details>\n<summary>Plus d'informations<\/summary>\n<section>\n<h3><span style=\"font-size: 24px;\"><strong><span style=\"font-size: 20px;\">Sigmacryl Decor Satin par m\u00e9lange de couleurs<\/span><\/strong><\/span><\/h3>\n<p>Le Sigma Sigmacryl Decor Satin peut \u00eatre m\u00e9lang\u00e9 selon vos souhaits sp\u00e9cifiques. Presque toutes les couleurs sont possibles, tant que le code couleur ou le nom est fourni. Les choix populaires incluent <strong>RAL 9010 (blanc pur)<\/strong> en <strong>RAL 9016 (blanc trafic)<\/strong>. La peinture offre un <strong>Brillant satin<\/strong> Finition pour un \u00e9clat subtil qui met en valeur l\u2019int\u00e9rieur.<\/p>\n<h3><strong>Comment utiliser Sigma Sigmacryl Decor Satin\u00a0?<\/strong><\/h3>\n<p>Pour des r\u00e9sultats optimaux, utilisez un rouleau en polyamide pour les surfaces plus grandes et un pinceau pour une finition pr\u00e9cise des coins et des bords. Il convient \u00e0 la peinture de substrats min\u00e9raux (pl\u00e2tre, ma\u00e7onnerie, b\u00e9ton) ainsi que de plaques de pl\u00e2tre, de tissu en verre et de papiers peins. Id\u00e9al aussi pour peindre par-dessus de vieilles couches de peinture murale bien adh\u00e9rentes.<\/p>\n<h3><strong>Volumes disponibles de Sigma Sigmacryl Decor Satin<\/strong><\/h3>\n<p>Sigma Sigmacryl Decor Satin est disponible dans les volumes suivants :<\/p>\n<ul>\n<li><strong>1 litre :<\/strong> Parfait pour les petites surfaces ou les pi\u00e8ces d\u2019essai.<\/li>\n<li><strong>2,5 litres :<\/strong> Adapt\u00e9 aux surfaces de taille petite \u00e0 moyenne comme un salon ou une chambre.<\/li>\n<li><strong>5 litres :<\/strong> Id\u00e9al pour des pi\u00e8ces de taille moyenne ou des murs multiples.<\/li>\n<li><strong>10 litres :<\/strong> Adapt\u00e9 aux surfaces plus grandes comme plusieurs pi\u00e8ces ou un grand espace.<\/li>\n<\/ul>\n<h3><strong>Temps de s\u00e9chage du satin Sigma Sigmacryl Decor<\/strong><\/h3>\n<p>La peinture est <strong>S\u00e8che comme la poussi\u00e8re<\/strong> apr\u00e8s environ <strong>1 heure<\/strong> en <strong>A peindre<\/strong> na <strong>4 heures<\/strong>, selon l\u2019\u00e9paisseur de la couche et la temp\u00e9rature ambiante.<\/p>\n<h3><strong>Profitez de nos offres Sigma Sigmacryl D\u00e9cor Satin<\/strong><\/h3>\n<p>Avec des r\u00e9ductions attractives, vous pouvez d\u00e9sormais profiter de prix suppl\u00e9mentaires avantageux pour <strong>Sigma Sigma Sigmaacryl Decor Satin<\/strong>. Ainsi, vous pouvez acheter de la peinture de haute qualit\u00e9 \u00e0 un prix encore meilleur.<\/p>\n<h3><strong>Pourquoi acheter Sigma Sigmacryl Decor Satin chez Paintstore.be ?<\/strong><\/h3>\n<p>Avec Paintstore.be vous \u00eates assur\u00e9 <strong>Livraison rapide<\/strong>, <strong>Satisfaction client<\/strong> en <strong>Service fiable<\/strong>. Notre \u00e9quipe experte est pr\u00eate \u00e0 vous conseiller et \u00e0 vous fournir la meilleure peinture pour votre projet.<\/p>\n<\/section>\n<\/details>\n<p><a href=\"https:\/\/paintstore.be\/wp-content\/uploads\/2025\/10\/Sigma-Sigmacryl-Decor-Satin-technische-fiche.pdf\" target=\"_blank\" rel=\"noopener\">Cliquez ici pour t\u00e9l\u00e9charger la fiche technique &gt;&gt;<br \/><\/a><\/p>","protected":false},"excerpt":{"rendered":"<p>Bekijk hier de verschillende kleurenkaarten Waarom kiezen voor Sigma Sigmacryl Decor Satin? Sigma Sigmacryl Decor Satin is een hoogwaardige, zijdeglanzende muurverf voor binnen, ontwikkeld op basis van acrylaatdispersie. Deze verf zorgt voor een strakke, esthetische afwerking van wanden en plafonds en is geschikt voor een breed scala aan ondergronden, waaronder minerale ondergronden, gipskarton en glasweefsel. [&hellip;]<\/p>\n","protected":false},"featured_media":902,"comment_status":"open","ping_status":"closed","template":"","meta":[],"product_brand":[90],"product_cat":[117,125,31],"product_tag":[],"class_list":{"0":"post-771","1":"product","2":"type-product","3":"status-publish","4":"has-post-thumbnail","6":"product_brand-sigma-coatings","7":"product_cat-verf-muurverf-binnen-muurverf","8":"product_cat-verf-muurverf-binnen","9":"product_cat-verf","10":"pa_basis-waterbasis","11":"pa_binnen-buiten-binnen","12":"pa_certificering-ecolabel","13":"pa_eigenschappen-waterdampdoorlatend","14":"pa_glansgraad-zijdeglans","15":"pa_inhoud-10l","16":"pa_inhoud-1l","17":"pa_inhoud-2-5l","18":"pa_inhoud-5l","19":"pa_kleur-gekleurd","20":"pa_kleur-wit","21":"pa_merk-sigma-coatings","22":"pa_ondergrond-oude-verflagen","23":"pa_overschilderbaar-vanaf-4-uur","24":"pa_schrobklasse-klasse-1-hoogste-schrobvastheid-2","25":"pa_upc-599","27":"first","28":"instock","29":"shipping-taxable","30":"purchasable","31":"product-type-variable"},"_links":{"self":[{"href":"https:\/\/medv-design.org\/fr\/wp-json\/wp\/v2\/product\/771","targetHints":{"allow":["GET"]}}],"collection":[{"href":"https:\/\/medv-design.org\/fr\/wp-json\/wp\/v2\/product"}],"about":[{"href":"https:\/\/medv-design.org\/fr\/wp-json\/wp\/v2\/types\/product"}],"replies":[{"embeddable":true,"href":"https:\/\/medv-design.org\/fr\/wp-json\/wp\/v2\/comments?post=771"}],"wp:featuredmedia":[{"embeddable":true,"href":"https:\/\/medv-design.org\/fr\/wp-json\/wp\/v2\/media\/902"}],"wp:attachment":[{"href":"https:\/\/medv-design.org\/fr\/wp-json\/wp\/v2\/media?parent=771"}],"wp:term":[{"taxonomy":"product_brand","embeddable":true,"href":"https:\/\/medv-design.org\/fr\/wp-json\/wp\/v2\/product_brand?post=771"},{"taxonomy":"product_cat","embeddable":true,"href":"https:\/\/medv-design.org\/fr\/wp-json\/wp\/v2\/product_cat?post=771"},{"taxonomy":"product_tag","embeddable":true,"href":"https:\/\/medv-design.org\/fr\/wp-json\/wp\/v2\/product_tag?post=771"}],"curies":[{"name":"wp","href":"https:\/\/api.w.org\/{rel}","templated":true}]}}