{"id":770,"date":"2025-12-08T20:01:02","date_gmt":"2025-12-08T20:01:02","guid":{"rendered":"https:\/\/medv-design.org\/product\/sigma-sigmacryl-decor-matt\/"},"modified":"2026-02-07T15:43:28","modified_gmt":"2026-02-07T15:43:28","slug":"sigma-sigmacryl-decor-matt","status":"publish","type":"product","link":"https:\/\/medv-design.org\/fr\/produit\/sigma-sigmacryl-decor-matt\/","title":{"rendered":"Sigma Sigma Sigmaacryl Decor Matt"},"content":{"rendered":"<p><a href=\"https:\/\/paintstore.be\/kleuren\/\" target=\"_blank\" rel=\"noopener\">Voir les diff\u00e9rentes cartes de couleurs ici<\/a><\/p>\n<h3><strong>Pourquoi choisir Sigmacryl Decor Matt ?<\/strong><\/h3>\n<p>Sigmacryl Decor Matt est une peinture murale mate et de haute qualit\u00e9 pour int\u00e9rieur, bas\u00e9e sur une dispersion acrylique sans solvants ni plastifiants. Cette peinture est id\u00e9ale pour peindre des substrats min\u00e9raux l\u00e9g\u00e8rement poreux, tels que le pl\u00e2tre, la ma\u00e7onnerie et le b\u00e9ton. Il offre une finition esth\u00e9tique excellente avec un aspect mat magnifique, parfait pour divers espaces int\u00e9rieurs.<\/p>\n<h3><strong>Principaux avantages :<\/strong><\/h3>\n<ul>\n<li><strong>Traitement fluide :<\/strong> Sigmacryl Decor Matt offre une excellente facilit\u00e9 de travail, ce qui facilite l\u2019application, m\u00eame sur de grandes surfaces.<\/li>\n<li><strong>R\u00e9sistant aux frottements apr\u00e8s s\u00e9chage complet :<\/strong> La peinture est r\u00e9sistante aux frottements apr\u00e8s s\u00e9chage complet (classe 2 selon EN13300), donc la peinture reste belle pendant longtemps, m\u00eame avec une utilisation intensive.<\/li>\n<li><strong>Pas d\u2019odeur d\u00e9sagr\u00e9able :<\/strong> Lorsqu\u2019elle est utilis\u00e9e \u00e0 l\u2019int\u00e9rieur, la pi\u00e8ce peut \u00eatre remise en service imm\u00e9diatement apr\u00e8s la peinture, car la peinture ne d\u00e9gage pas une forte odeur.<\/li>\n<li><strong>Perm\u00e9abilit\u00e9 \u00e0 la vapeur d\u2019eau :<\/strong> Sigmacryl Decor Matt est perm\u00e9able \u00e0 la vapeur d\u2019eau, ce qui contribue \u00e0 un climat int\u00e9rieur sain en emp\u00eachant l\u2019humidit\u00e9 de s\u2019emprisonner dans les murs.<\/li>\n<li><strong>R\u00e9action \u00e0 la classe de tir B-s1,d0 :<\/strong> La peinture respecte des normes strictes de s\u00e9curit\u00e9 incendie, pr\u00e9sente un faible d\u00e9veloppement de fum\u00e9e et aucune propagation des flammes.<\/li>\n<li><strong>Sans solvants ni plastifiants :<\/strong> Cette peinture est respectueuse de l\u2019environnement, car elle ne contient ni solvants ni plastifiants nocifs, et a une \u00e9mission de COV inf\u00e9rieure \u00e0 1 g\/l.<\/li>\n<li><strong>Un tr\u00e8s bon d\u00e9bit et une tr\u00e8s bonne finition :<\/strong> Sigmacryl Decor Matt offre une finition magnifique et uniforme sans irr\u00e9gularit\u00e9s.<\/li>\n<\/ul>\n<details>\n<summary>Plus d'informations<\/summary>\n<section>\n<h3><strong>Sigmacryl D\u00e9cor Matt par Color Mixed<\/strong><\/h3>\n<p>Sigmacryl Decor Matt peut \u00eatre m\u00e9lang\u00e9 dans presque toutes les couleurs que vous souhaitez, afin de trouver le choix parfait pour votre projet. Que vous choisissiez les couleurs populaires RAL 9010 (Blanc Pur) ou RAL 9016 (Blanc Trafic), la peinture est con\u00e7ue sur mesure pour cr\u00e9er l\u2019atmosph\u00e8re d\u00e9sir\u00e9e dans votre espace.<\/p>\n<h3><strong>Comment utiliser Sigmacryl Decor Matt ?<\/strong><\/h3>\n<p>Pour une finition optimale, utilisez des accessoires de peinture professionnels. Pour les surfaces plus grandes, vous pouvez utiliser un rouleau en polyamide, et pour les coins et les bords, un pinceau de haute qualit\u00e9 pour une finition pr\u00e9cise.<\/p>\n<h3><strong>De combien de Sigmacryl Decor Matt ai-je besoin ?<\/strong><\/h3>\n<p>Avec un rendement de 7 \u00e0 9 m\u00b2 par litre, vous pouvez facilement calculer la quantit\u00e9 de peinture n\u00e9cessaire. Par exemple, pour un mur de 100 m\u00b2, vous avez :<\/p>\n<ul>\n<li><strong>1 litre :<\/strong> Couvre environ 7 \u00e0 9 m\u00b2, id\u00e9al pour des zones plus petites ou des pi\u00e8ces d\u2019essai.<\/li>\n<li><strong>2,5 litres :<\/strong> Couvre environ 17 \u00e0 22 m\u00b2.<\/li>\n<li><strong>5 litres :<\/strong> Couvre environ 35 \u00e0 45 m\u00b2.<\/li>\n<li><strong>10 litres :<\/strong> Couvre environ 70 \u00e0 90 m\u00b2, selon le substrat et la m\u00e9thode d\u2019application.<\/li>\n<\/ul>\n<h3><strong>Volumes disponibles de Sigmacryl Decor Matt<\/strong><\/h3>\n<p>Sigmacryl Decor Matt est disponible en volumes suivants :<\/p>\n<ul>\n<li><strong>1 litre :<\/strong> Adapt\u00e9 aux surfaces plus petites ou aux pi\u00e8ces d\u2019essai.<\/li>\n<li><strong>2,5 litres :<\/strong> Id\u00e9al pour les espaces de petite \u00e0 moyenne taille, comme un salon ou une chambre.<\/li>\n<li><strong>5 litres :<\/strong> Pour les espaces plus grands, comme une pi\u00e8ce de taille moyenne ou plusieurs murs.<\/li>\n<li><strong>10 litres :<\/strong> Parfait pour de grands espaces, comme plusieurs pi\u00e8ces ou un grand espace.<\/li>\n<\/ul>\n<h3><strong>Temps de s\u00e9chage de Sigmacryl Decor Matt<\/strong><\/h3>\n<p>La peinture s\u00e8che apr\u00e8s environ une heure et peut \u00eatre repeinte apr\u00e8s 4 heures, selon l\u2019\u00e9paisseur de la couche et la temp\u00e9rature ambiante.<\/p>\n<h3><strong>Profitez de nos offres Sigmacryl Decor Matt<\/strong><\/h3>\n<p>Avec des r\u00e9ductions attractives, vous pouvez d\u00e9sormais profiter de prix suppl\u00e9mentaires pour Sigmacryl Decor Matt. Ainsi, vous pouvez acheter de la peinture de haute qualit\u00e9 \u00e0 un prix encore meilleur.<\/p>\n<h3><strong>Pourquoi acheter Sigmacryl Decor Matt chez Paintstore.be ?<\/strong><\/h3>\n<p>Avec Paintstore.be vous \u00eates assur\u00e9 d\u2019une livraison rapide, d\u2019une satisfaction client et d\u2019un service fiable. Vous pouvez compter sur des conseils d\u2019experts et une exp\u00e9rience d\u2019achat sans souci.<\/p>\n<\/section>\n<\/details>\n<p><a href=\"https:\/\/paintstore.be\/wp-content\/uploads\/2025\/10\/Sigma-Sigmacryl-Decor-Matt-technische-fiche.pdf\" title=\"Fiche technique \" target=\"_blank\" rel=\"noopener\">Cliquez ici pour t\u00e9l\u00e9charger la fiche technique \u00bb<\/a><\/p>","protected":false},"excerpt":{"rendered":"<p>Bekijk hier de verschillende kleurenkaarten Waarom kiezen voor Sigmacryl Decor Matt? Sigmacryl Decor Matt is een matte, hoogwaardige muurverf voor binnen, op basis van oplosmiddelvrije en weekmakervrije acrylaatdispersie. Deze verf is ideaal voor het schilderen van enigszins poreuze minerale ondergronden, zoals pleisterwerk, metselwerk en beton. Ze biedt een uitstekende esthetische afwerking met een mooie, matte [&hellip;]<\/p>\n","protected":false},"featured_media":873,"comment_status":"open","ping_status":"closed","template":"","meta":[],"product_brand":[90],"product_cat":[117,125,31],"product_tag":[],"class_list":{"0":"post-770","1":"product","2":"type-product","3":"status-publish","4":"has-post-thumbnail","6":"product_brand-sigma-coatings","7":"product_cat-verf-muurverf-binnen-muurverf","8":"product_cat-verf-muurverf-binnen","9":"product_cat-verf","10":"pa_basis-waterbasis","11":"pa_binnen-buiten-binnen","12":"pa_eigenschappen-waterdampdoorlatend","13":"pa_glansgraad-mat","14":"pa_inhoud-10l","15":"pa_inhoud-1l","16":"pa_inhoud-2-5l","17":"pa_inhoud-5l","18":"pa_kleur-gekleurd","19":"pa_kleur-wit","20":"pa_merk-sigma-coatings","21":"pa_ondergrond-oude-verflagen","22":"pa_overschilderbaar-vanaf-4-uur","23":"pa_schrobklasse-klasse-2-goede-schrobvastheid-2","24":"pa_upc-667","26":"first","27":"instock","28":"shipping-taxable","29":"purchasable","30":"product-type-variable"},"_links":{"self":[{"href":"https:\/\/medv-design.org\/fr\/wp-json\/wp\/v2\/product\/770","targetHints":{"allow":["GET"]}}],"collection":[{"href":"https:\/\/medv-design.org\/fr\/wp-json\/wp\/v2\/product"}],"about":[{"href":"https:\/\/medv-design.org\/fr\/wp-json\/wp\/v2\/types\/product"}],"replies":[{"embeddable":true,"href":"https:\/\/medv-design.org\/fr\/wp-json\/wp\/v2\/comments?post=770"}],"wp:featuredmedia":[{"embeddable":true,"href":"https:\/\/medv-design.org\/fr\/wp-json\/wp\/v2\/media\/873"}],"wp:attachment":[{"href":"https:\/\/medv-design.org\/fr\/wp-json\/wp\/v2\/media?parent=770"}],"wp:term":[{"taxonomy":"product_brand","embeddable":true,"href":"https:\/\/medv-design.org\/fr\/wp-json\/wp\/v2\/product_brand?post=770"},{"taxonomy":"product_cat","embeddable":true,"href":"https:\/\/medv-design.org\/fr\/wp-json\/wp\/v2\/product_cat?post=770"},{"taxonomy":"product_tag","embeddable":true,"href":"https:\/\/medv-design.org\/fr\/wp-json\/wp\/v2\/product_tag?post=770"}],"curies":[{"name":"wp","href":"https:\/\/api.w.org\/{rel}","templated":true}]}}